{"id":139811,"date":"2023-09-26T13:07:26","date_gmt":"2023-09-26T11:07:26","guid":{"rendered":"https:\/\/secureus.se\/elslutbleck-step-28e-vanster-rattvand-24v-12mm-regel\/"},"modified":"2026-03-26T09:49:50","modified_gmt":"2026-03-26T08:49:50","slug":"elslutbleck-step-28e-vanster-rattvand-24v-12mm-regel","status":"publish","type":"product","link":"https:\/\/secureus.se\/es\/elslutbleck-step-28e-vanster-rattvand-24v-12mm-regel\/","title":{"rendered":"Cerradura el\u00e9ctrica STEP 28E Izquierda Derecha 24V Regla de 12 mm"},"content":{"rendered":"<h1>Cerradura el\u00e9ctrica STEP 28E Izquierda Derecha 24V Regla de 12 mm<\/h1>\n<p>Abrepuertas el\u00e9ctrico STEP 28E Secure con funci\u00f3n derecha para puertas de apertura izquierda y pist\u00f3n de 12 mm de la serie Modul. Clasificaci\u00f3n contra incendios E\/EI 60. Incl. Cable libre de hal\u00f3genos de 5 m.<\/p>\n<p>STEP 28E Secure es una cerradura el\u00e9ctrica potente y vers\u00e1til que permite combinar protecci\u00f3n contra intrusiones, clasificaci\u00f3n de incendios y requisitos de evacuaci\u00f3n, ideal para entornos de puertas con sistemas de puertas autom\u00e1ticos o manijas de tracci\u00f3n.<\/p>\n<p>Este modelo est\u00e1 especialmente adaptado para puertas de apertura izquierda y se utiliza junto con el pist\u00f3n de 12 mm de la serie Modul, que proporciona una alta seguridad contra la manipulaci\u00f3n y el impacto f\u00edsico.<\/p>\n<p class=\"\" data-start=\"662\" data-end=\"968\">Con la funci\u00f3n para diestros, la cerradura el\u00e9ctrica permanece bloqueada en caso de un corte de energ\u00eda, creando una capa adicional de protecci\u00f3n.<\/p>\n<p class=\"\" data-start=\"662\" data-end=\"968\">El producto est\u00e1 homologado seg\u00fan la clase de protecci\u00f3n contra incendios E\/EI 60 y, gracias al pist\u00f3n y al contacto de pestillo integrados, el estado de la puerta (abierta\/cerrada y bloqueada\/desbloqueada) se puede controlar en tiempo real a trav\u00e9s del control de acceso o alarmas.<\/p>\n<p class=\"\" data-start=\"970\" data-end=\"1308\">STEP 28E Secure es a prueba de manipulaciones, tiene una resistencia a la rotura muy alta (m\u00e1s de 15 kN) y garantiza una apertura segura incluso con una presi\u00f3n de tira de hasta 500 kg.<\/p>\n<p class=\"\" data-start=\"970\" data-end=\"1308\">El dise\u00f1o compacto y robusto de acero inoxidable lo convierte en una excelente opci\u00f3n en entornos donde la confiabilidad y la durabilidad son cruciales. Se suministra completo con 5 metros de cable de conexi\u00f3n libre de hal\u00f3genos.<\/p>\n<p class=\"\" data-start=\"1310\" data-end=\"1338\"><strong data-start=\"1310\" data-end=\"1336\">Caracter\u00edsticas y beneficios:<\/strong><\/p>\n<ul data-start=\"1339\" data-end=\"1608\">\n<li class=\"\" data-start=\"1339\" data-end=\"1375\">\n<p class=\"\" data-start=\"1341\" data-end=\"1375\">Se adapta a pistones de 12 mm de la serie Modul<\/p>\n<\/li>\n<li class=\"\" data-start=\"1376\" data-end=\"1415\">\n<p class=\"\" data-start=\"1378\" data-end=\"1415\">Funci\u00f3n correcta: bloqueado sin energ\u00eda<\/p>\n<\/li>\n<li class=\"\" data-start=\"1416\" data-end=\"1453\">\n<p class=\"\" data-start=\"1418\" data-end=\"1453\">Adaptado para puertas de apertura izquierda<\/p>\n<\/li>\n<li class=\"\" data-start=\"1454\" data-end=\"1485\">\n<p class=\"\" data-start=\"1456\" data-end=\"1485\">Clasificaci\u00f3n contra incendios seg\u00fan E\/EI 60<\/p>\n<\/li>\n<li class=\"\" data-start=\"1486\" data-end=\"1520\">\n<p class=\"\" data-start=\"1488\" data-end=\"1520\">Interruptor de pist\u00f3n y pestillo incorporado<\/p>\n<\/li>\n<li class=\"\" data-start=\"1521\" data-end=\"1551\">\n<p class=\"\" data-start=\"1523\" data-end=\"1551\">Resistencia a la rotura superior a 15 kN<\/p>\n<\/li>\n<li class=\"\" data-start=\"1552\" data-end=\"1579\">\n<p class=\"\" data-start=\"1554\" data-end=\"1579\">Soporta una presi\u00f3n de tira de 500 kg.<\/p>\n<\/li>\n<li class=\"\" data-start=\"1580\" data-end=\"1608\">\n<p class=\"\" data-start=\"1582\" data-end=\"1608\">Incluido. Cable libre de hal\u00f3genos de 5 m<\/p>\n<\/li>\n<\/ul>","protected":false},"excerpt":{"rendered":"<p>Aqu\u00ed podr\u00e1s ver qu\u00e9 postes y modelos encajan entre s\u00ed de la gama de placas de cierre el\u00e9ctricas STEP.<\/p>\n<h5><strong><a href=\"https:\/\/steplock.com\/sv\/stolpguide\/#!?lang=sv&amp;blog_id=1&amp;paged=1&amp;number=50\" target=\"_blank\" rel=\"noopener\">Gu\u00eda de publicaciones STEP\u00a0<\/a><\/strong><\/h5>\n<h5><strong><a href=\"https:\/\/steplock.com\/sv\/projekteringsguide\/#!?lang=sv&amp;blog_id=1&amp;paged=1&amp;number=999\" target=\"_blank\" rel=\"noopener\">Gu\u00eda de dise\u00f1o STEP<\/a><\/strong><\/h5>","protected":false},"featured_media":139809,"template":"","meta":{"_acf_changed":false},"product_brand":[],"product_cat":[3355],"product_tag":[4197,4200],"class_list":{"0":"post-139811","1":"product","2":"type-product","3":"status-publish","4":"has-post-thumbnail","6":"product_cat-elslutbleck","7":"product_tag-24v","8":"product_tag-rattvand","9":"product_shipping_class-tunga-paket","10":"pa_brands-step","11":"tm-no-options","13":"first","14":"instock","15":"sale","16":"taxable","17":"shipping-taxable","18":"purchasable","19":"product-type-simple"},"acf":[],"_links":{"self":[{"href":"https:\/\/secureus.se\/es\/wp-json\/wp\/v2\/product\/139811","targetHints":{"allow":["GET"]}}],"collection":[{"href":"https:\/\/secureus.se\/es\/wp-json\/wp\/v2\/product"}],"about":[{"href":"https:\/\/secureus.se\/es\/wp-json\/wp\/v2\/types\/product"}],"wp:featuredmedia":[{"embeddable":true,"href":"https:\/\/secureus.se\/es\/wp-json\/wp\/v2\/media\/139809"}],"wp:attachment":[{"href":"https:\/\/secureus.se\/es\/wp-json\/wp\/v2\/media?parent=139811"}],"wp:term":[{"taxonomy":"product_brand","embeddable":true,"href":"https:\/\/secureus.se\/es\/wp-json\/wp\/v2\/product_brand?post=139811"},{"taxonomy":"product_cat","embeddable":true,"href":"https:\/\/secureus.se\/es\/wp-json\/wp\/v2\/product_cat?post=139811"},{"taxonomy":"product_tag","embeddable":true,"href":"https:\/\/secureus.se\/es\/wp-json\/wp\/v2\/product_tag?post=139811"}],"curies":[{"name":"wp","href":"https:\/\/api.w.org\/{rel}","templated":true}]}}