{"id":139832,"date":"2023-09-26T13:06:48","date_gmt":"2023-09-26T11:06:48","guid":{"rendered":"https:\/\/secureus.se\/elslutbleck-step-30-rattvand-12v\/"},"modified":"2026-03-26T09:54:16","modified_gmt":"2026-03-26T08:54:16","slug":"elslutbleck-step-30-rattvand-12v","status":"publish","type":"product","link":"https:\/\/secureus.se\/es\/elslutbleck-step-30-rattvand-12v\/","title":{"rendered":"Cerradero el\u00e9ctrico PASO 30 Orientado a la derecha 12V"},"content":{"rendered":"<h1>Cerradero el\u00e9ctrico PASO 30 Orientado a la derecha 12V<\/h1>\n<p>La cerradura el\u00e9ctrica STEP 30 Preload es una cerradura el\u00e9ctrica compacta dise\u00f1ada para reemplazar modelos m\u00e1s antiguos y crear un entorno de puerta confiable, incluso en secciones de puertas m\u00e1s antiguas.<\/p>\n<p>Equipado con tecnolog\u00eda HPR\u00ae y resistencia a la rotura de 500 kg.<\/p>\n<p class=\"\" data-start=\"372\" data-end=\"812\">La cerradura el\u00e9ctrica STEP 30 Preload ofrece una soluci\u00f3n fiable para sustituir las cerraduras el\u00e9ctricas sencillas existentes y garantizar un entorno de puerta seguro, incluso en secciones de puertas y huecos m\u00e1s antiguos.<\/p>\n<p class=\"\" data-start=\"372\" data-end=\"812\">Esta cerradura el\u00e9ctrica forma parte de la serie Preload de STEP, que combina dimensiones m\u00ednimas con alta calidad y flexibilidad.<\/p>\n<p class=\"\" data-start=\"372\" data-end=\"812\">Equipado con la tecnolog\u00eda de presi\u00f3n de tira patentada de STEP, garantiza que la puerta siempre se pueda abrir, incluso cuando est\u00e9 sometida a presi\u00f3n.<\/p>\n<p class=\"\" data-start=\"814\" data-end=\"1314\">La funci\u00f3n orientada hacia la derecha significa que la puerta se desbloquea en una posici\u00f3n desenergizada, lo que hace posible abrir la puerta r\u00e1pidamente si es necesario.<\/p>\n<p class=\"\" data-start=\"814\" data-end=\"1314\">Sin contacto de pist\u00f3n, esta cerradura el\u00e9ctrica es ideal para instalaciones donde no se requiere contacto de pist\u00f3n.<\/p>\n<p class=\"\" data-start=\"814\" data-end=\"1314\">El diodo de protecci\u00f3n incorporado aumenta la seguridad y lo convierte en una soluci\u00f3n confiable tanto para sistemas de puertas nuevos como antiguos.<\/p>\n<p class=\"\" data-start=\"814\" data-end=\"1314\">Con una resistencia a la rotura de 5 kN (aprox. 500 kg) y la capacidad de abrirse a pesar de una presi\u00f3n de la tira de hasta 40 kg, STEP 30 Preload ofrece seguridad y fiabilidad.<\/p>\n<p class=\"\" data-start=\"1316\" data-end=\"1331\"><strong data-start=\"1316\" data-end=\"1331\">Caracter\u00edsticas:<\/strong><\/p>\n<ul data-start=\"1332\" data-end=\"1696\">\n<li class=\"\" data-start=\"1332\" data-end=\"1376\">\n<p class=\"\" data-start=\"1334\" data-end=\"1376\">Funci\u00f3n orientada hacia la derecha (desbloqueada en posici\u00f3n desenergizada)<\/p>\n<\/li>\n<li class=\"\" data-start=\"1377\" data-end=\"1396\">\n<p class=\"\" data-start=\"1379\" data-end=\"1396\">Sin contacto del pist\u00f3n<\/p>\n<\/li>\n<li class=\"\" data-start=\"1397\" data-end=\"1435\">\n<p class=\"\" data-start=\"1399\" data-end=\"1435\">Diodo de protecci\u00f3n incorporado para mayor seguridad.<\/p>\n<\/li>\n<li class=\"\" data-start=\"1436\" data-end=\"1473\">\n<p class=\"\" data-start=\"1438\" data-end=\"1473\">Resistencia a la rotura de 5 kN (aprox. 500 kg)<\/p>\n<\/li>\n<li class=\"\" data-start=\"1474\" data-end=\"1576\">\n<p class=\"\" data-start=\"1476\" data-end=\"1576\">Garantiza la apertura a pesar de una presi\u00f3n de la banda de hasta 0,4 kN (aprox. 40 kg) tanto en funci\u00f3n de avance como de retroceso.<\/p>\n<\/li>\n<li class=\"\" data-start=\"1577\" data-end=\"1636\">\n<p class=\"\" data-start=\"1579\" data-end=\"1636\">A prueba de golpes y reversible para puertas de apertura derecha e izquierda.<\/p>\n<\/li>\n<li class=\"\" data-start=\"1637\" data-end=\"1679\">\n<p class=\"\" data-start=\"1639\" data-end=\"1679\">Adecuado para cerraduras de una y dos hojas.<\/p>\n<\/li>\n<li class=\"\" data-start=\"1680\" data-end=\"1696\">\n<p class=\"\" data-start=\"1682\" data-end=\"1696\">Cable no incluido<\/p>\n<\/li>\n<\/ul>\n<p class=\"\" data-start=\"1698\" data-end=\"1727\"><strong data-start=\"1698\" data-end=\"1727\">Especificaciones t\u00e9cnicas:<\/strong><\/p>\n<ul data-start=\"1728\" data-end=\"2315\">\n<li class=\"\" data-start=\"1728\" data-end=\"1835\">\n<p class=\"\" data-start=\"1730\" data-end=\"1835\">Alimentaci\u00f3n: 24 V CC (+15% -10%) 110 mAh \/ m\u00e1x. 300 mA o 12 V CC (+15% -10%) 220 mAh \/ m\u00e1x. 600 mA<\/p>\n<\/li>\n<li class=\"\" data-start=\"1836\" data-end=\"1876\">\n<p class=\"\" data-start=\"1838\" data-end=\"1876\">Durabilidad: Grado X seg\u00fan SS-EN 14846<\/p>\n<\/li>\n<li class=\"\" data-start=\"1877\" data-end=\"1916\">\n<p class=\"\" data-start=\"1879\" data-end=\"1916\">Corrosi\u00f3n: Grado M seg\u00fan SS-EN 14846<\/p>\n<\/li>\n<li class=\"\" data-start=\"1917\" data-end=\"1955\">\n<p class=\"\" data-start=\"1919\" data-end=\"1955\">Seguridad: Grado 3 seg\u00fan SS-EN 14846<\/p>\n<\/li>\n<li class=\"\" data-start=\"1956\" data-end=\"1981\">\n<p class=\"\" data-start=\"1958\" data-end=\"1981\">Resistencia a la rotura: 500 kg<\/p>\n<\/li>\n<li class=\"\" data-start=\"1982\" data-end=\"2012\">\n<p class=\"\" data-start=\"1984\" data-end=\"2012\">Bisagra de la puerta: derecha, izquierda<\/p>\n<\/li>\n<li class=\"\" data-start=\"2013\" data-end=\"2031\">\n<p class=\"\" data-start=\"2015\" data-end=\"2031\">Presi\u00f3n de la tira: 40 kg<\/p>\n<\/li>\n<li class=\"\" data-start=\"2032\" data-end=\"2067\">\n<p class=\"\" data-start=\"2034\" data-end=\"2067\">Tipo de cerradura: Cerradura de pestillo simple, Cerradura de pestillo doble<\/p>\n<\/li>\n<li class=\"\" data-start=\"2068\" data-end=\"2123\">\n<p class=\"\" data-start=\"2070\" data-end=\"2123\">Dimensiones del producto: Ancho: 20,5 mm, Profundidad: 28 mm, Altura: 99 mm<\/p>\n<\/li>\n<li class=\"\" data-start=\"2124\" data-end=\"2142\">\n<p class=\"\" data-start=\"2126\" data-end=\"2142\">Contacto del pist\u00f3n: No<\/p>\n<\/li>\n<li class=\"\" data-start=\"2143\" data-end=\"2163\">\n<p class=\"\" data-start=\"2145\" data-end=\"2163\">Voltaje CA\/CC: CC<\/p>\n<\/li>\n<li class=\"\" data-start=\"2164\" data-end=\"2186\">\n<p class=\"\" data-start=\"2166\" data-end=\"2186\">Voltaje m\u00e1ximo: 13,8 V<\/p>\n<\/li>\n<li class=\"\" data-start=\"2187\" data-end=\"2209\">\n<p class=\"\" data-start=\"2189\" data-end=\"2209\">Voltaje m\u00edn.: 10,8 V<\/p>\n<\/li>\n<li class=\"\" data-start=\"2210\" data-end=\"2238\">\n<p class=\"\" data-start=\"2212\" data-end=\"2238\">Color\/Acabado: Acero inoxidable<\/p>\n<\/li>\n<li class=\"\" data-start=\"2239\" data-end=\"2259\">\n<p class=\"\" data-start=\"2241\" data-end=\"2259\">Producto de construcci\u00f3n calificado: S\u00ed<\/p>\n<\/li>\n<li class=\"\" data-start=\"2260\" data-end=\"2281\">\n<p class=\"\" data-start=\"2262\" data-end=\"2281\">EPD verificado: No<\/p>\n<\/li>\n<li class=\"\" data-start=\"2282\" data-end=\"2294\">\n<p class=\"\" data-start=\"2284\" data-end=\"2294\">INFORMACI\u00d3N FINAL: No<\/p>\n<\/li>\n<li class=\"\" data-start=\"2295\" data-end=\"2315\">\n<p class=\"\" data-start=\"2297\" data-end=\"2315\">Calificaci\u00f3n de SundaHouse: S\u00ed<\/p>\n<\/li>\n<\/ul>","protected":false},"excerpt":{"rendered":"<p>Aqu\u00ed podr\u00e1s ver qu\u00e9 postes y modelos encajan entre s\u00ed de la gama de placas de cierre el\u00e9ctricas STEP.<\/p>\n<h5><strong><a href=\"https:\/\/steplock.com\/sv\/stolpguide\/#!?lang=sv&amp;blog_id=1&amp;paged=1&amp;number=50\" target=\"_blank\" rel=\"noopener\">Gu\u00eda de publicaciones STEP\u00a0<\/a><\/strong><\/h5>\n<h5><strong><a href=\"https:\/\/steplock.com\/sv\/projekteringsguide\/#!?lang=sv&amp;blog_id=1&amp;paged=1&amp;number=999\" target=\"_blank\" rel=\"noopener\">Gu\u00eda de dise\u00f1o STEP<\/a><\/strong><\/h5>","protected":false},"featured_media":139831,"template":"","meta":{"_acf_changed":false},"product_brand":[],"product_cat":[3355],"product_tag":[4198,4200],"class_list":{"0":"post-139832","1":"product","2":"type-product","3":"status-publish","4":"has-post-thumbnail","6":"product_cat-elslutbleck","7":"product_tag-12v","8":"product_tag-rattvand","9":"product_shipping_class-tunga-paket","10":"pa_brands-step","11":"tm-no-options","13":"first","14":"onbackorder","15":"sale","16":"taxable","17":"shipping-taxable","18":"purchasable","19":"product-type-simple"},"acf":[],"_links":{"self":[{"href":"https:\/\/secureus.se\/es\/wp-json\/wp\/v2\/product\/139832","targetHints":{"allow":["GET"]}}],"collection":[{"href":"https:\/\/secureus.se\/es\/wp-json\/wp\/v2\/product"}],"about":[{"href":"https:\/\/secureus.se\/es\/wp-json\/wp\/v2\/types\/product"}],"wp:featuredmedia":[{"embeddable":true,"href":"https:\/\/secureus.se\/es\/wp-json\/wp\/v2\/media\/139831"}],"wp:attachment":[{"href":"https:\/\/secureus.se\/es\/wp-json\/wp\/v2\/media?parent=139832"}],"wp:term":[{"taxonomy":"product_brand","embeddable":true,"href":"https:\/\/secureus.se\/es\/wp-json\/wp\/v2\/product_brand?post=139832"},{"taxonomy":"product_cat","embeddable":true,"href":"https:\/\/secureus.se\/es\/wp-json\/wp\/v2\/product_cat?post=139832"},{"taxonomy":"product_tag","embeddable":true,"href":"https:\/\/secureus.se\/es\/wp-json\/wp\/v2\/product_tag?post=139832"}],"curies":[{"name":"wp","href":"https:\/\/api.w.org\/{rel}","templated":true}]}}