{"id":139843,"date":"2023-09-26T13:06:37","date_gmt":"2023-09-26T11:06:37","guid":{"rendered":"https:\/\/secureus.se\/elslutbleck-step-48-rattvand-12v\/"},"modified":"2026-03-26T09:54:05","modified_gmt":"2026-03-26T08:54:05","slug":"elslutbleck-step-48-rattvand-12v","status":"publish","type":"product","link":"https:\/\/secureus.se\/es\/elslutbleck-step-48-rattvand-12v\/","title":{"rendered":"Cerradero el\u00e9ctrico PASO 48 Orientado a la derecha 12V"},"content":{"rendered":"<h1>Cerradero el\u00e9ctrico PASO 48 Orientado a la derecha 12V<\/h1>\n<p>La cerradura el\u00e9ctrica de precarga STEP 48 ofrece alta seguridad para puertas que se deben cerrar con pomo o llave.<\/p>\n<p>Equipada con tecnolog\u00eda de presi\u00f3n de tira y una resistencia a la rotura de 900 kg, garantiza la apertura incluso con presiones de hasta 40 kg.<\/p>\n<p class=\"\" data-start=\"371\" data-end=\"784\">La cerradura el\u00e9ctrica de precarga STEP 48 est\u00e1 dise\u00f1ada para espacios que se deben cerrar con pomo o llave, y ofrece la opci\u00f3n de instalar un indicador de cerrojo (ST4880), que permite bloquear el sistema de acceso de la puerta o la cerradura de c\u00f3digo cuando el cerrojo de gancho o el cerrojo recto de la carcasa de la cerradura se ha desbloqueado mec\u00e1nicamente.<\/p>\n<p class=\"\" data-start=\"371\" data-end=\"784\">Esto lo convierte en una opci\u00f3n confiable tanto para sistemas de puertas nuevos como antiguos donde se requiere seguridad adicional.<\/p>\n<p class=\"\" data-start=\"786\" data-end=\"1075\">La tecnolog\u00eda de presi\u00f3n de tira patentada de STEP garantiza que la puerta se pueda abrir incluso si est\u00e1 sometida a una presi\u00f3n de hasta 40 kg.<\/p>\n<p class=\"\" data-start=\"786\" data-end=\"1075\">STEP 48 tiene una resistencia a la rotura de 9 kN (aprox. 900 kg) y puede soportar funciones tanto de avance como de retroceso, lo que lo convierte en una soluci\u00f3n segura para su instalaci\u00f3n en diversos entornos.<\/p>\n<p class=\"\" data-start=\"1077\" data-end=\"1092\"><strong data-start=\"1077\" data-end=\"1092\">Caracter\u00edsticas:<\/strong><\/p>\n<ul data-start=\"1093\" data-end=\"1500\">\n<li class=\"\" data-start=\"1093\" data-end=\"1136\">\n<p class=\"\" data-start=\"1095\" data-end=\"1136\">Funci\u00f3n correcta (bloqueado en posici\u00f3n desenergizada)<\/p>\n<\/li>\n<li class=\"\" data-start=\"1137\" data-end=\"1175\">\n<p class=\"\" data-start=\"1139\" data-end=\"1175\">Diodo de protecci\u00f3n incorporado para mayor seguridad.<\/p>\n<\/li>\n<li class=\"\" data-start=\"1176\" data-end=\"1257\">\n<p class=\"\" data-start=\"1178\" data-end=\"1257\">Indicaci\u00f3n del estado de la puerta (cerrada\/abierta) (se aplica a productos con contacto de pist\u00f3n)<\/p>\n<\/li>\n<li class=\"\" data-start=\"1258\" data-end=\"1295\">\n<p class=\"\" data-start=\"1260\" data-end=\"1295\">Resistencia a la rotura de 9 kN (aprox. 900 kg)<\/p>\n<\/li>\n<li class=\"\" data-start=\"1296\" data-end=\"1393\">\n<p class=\"\" data-start=\"1298\" data-end=\"1393\">Garantiza la apertura a pesar de una presi\u00f3n de la banda de hasta 0,4 kN (aprox. 40 kg) en funci\u00f3n de avance y retroceso.<\/p>\n<\/li>\n<li class=\"\" data-start=\"1394\" data-end=\"1453\">\n<p class=\"\" data-start=\"1396\" data-end=\"1453\">A prueba de golpes y reversible para puertas de apertura derecha e izquierda.<\/p>\n<\/li>\n<li class=\"\" data-start=\"1454\" data-end=\"1500\">\n<p class=\"\" data-start=\"1456\" data-end=\"1500\">Capaz de bloquear pernos de gancho o pernos rectos<\/p>\n<\/li>\n<\/ul>\n<p class=\"\" data-start=\"1502\" data-end=\"1531\"><strong data-start=\"1502\" data-end=\"1531\">Especificaciones t\u00e9cnicas:<\/strong><\/p>\n<ul data-start=\"1532\" data-end=\"2005\">\n<li class=\"\" data-start=\"1532\" data-end=\"1561\">\n<p class=\"\" data-start=\"1534\" data-end=\"1561\">Resistencia a la rotura m\u00e1xima: 900 kg<\/p>\n<\/li>\n<li class=\"\" data-start=\"1562\" data-end=\"1592\">\n<p class=\"\" data-start=\"1564\" data-end=\"1592\">Bisagra de la puerta: derecha, izquierda<\/p>\n<\/li>\n<li class=\"\" data-start=\"1593\" data-end=\"1611\">\n<p class=\"\" data-start=\"1595\" data-end=\"1611\">Cable incluido: No<\/p>\n<\/li>\n<li class=\"\" data-start=\"1612\" data-end=\"1630\">\n<p class=\"\" data-start=\"1614\" data-end=\"1630\">Presi\u00f3n de la tira: 40 kg<\/p>\n<\/li>\n<li class=\"\" data-start=\"1631\" data-end=\"1666\">\n<p class=\"\" data-start=\"1633\" data-end=\"1666\">Tipo de cerradura: Cerradura de pestillo simple, Cerradura de pestillo doble<\/p>\n<\/li>\n<li class=\"\" data-start=\"1667\" data-end=\"1689\">\n<p class=\"\" data-start=\"1669\" data-end=\"1689\">Ancho del producto: 25 mm<\/p>\n<\/li>\n<li class=\"\" data-start=\"1690\" data-end=\"1710\">\n<p class=\"\" data-start=\"1692\" data-end=\"1710\">Producto de construcci\u00f3n calificado: S\u00ed<\/p>\n<\/li>\n<li class=\"\" data-start=\"1711\" data-end=\"1732\">\n<p class=\"\" data-start=\"1713\" data-end=\"1732\">Profundidad del producto: 35 mm<\/p>\n<\/li>\n<li class=\"\" data-start=\"1733\" data-end=\"1761\">\n<p class=\"\" data-start=\"1735\" data-end=\"1761\">Tensi\u00f3n de funcionamiento 12 V\/24 V: 12 V<\/p>\n<\/li>\n<li class=\"\" data-start=\"1762\" data-end=\"1784\">\n<p class=\"\" data-start=\"1764\" data-end=\"1784\">Ca\u00edda de doble giro: No<\/p>\n<\/li>\n<li class=\"\" data-start=\"1785\" data-end=\"1806\">\n<p class=\"\" data-start=\"1787\" data-end=\"1806\">EPD verificado: No<\/p>\n<\/li>\n<li class=\"\" data-start=\"1807\" data-end=\"1819\">\n<p class=\"\" data-start=\"1809\" data-end=\"1819\">INFORMACI\u00d3N FINAL: No<\/p>\n<\/li>\n<li class=\"\" data-start=\"1820\" data-end=\"1848\">\n<p class=\"\" data-start=\"1822\" data-end=\"1848\">Color\/Acabado: Acero inoxidable<\/p>\n<\/li>\n<li class=\"\" data-start=\"1849\" data-end=\"1870\">\n<p class=\"\" data-start=\"1851\" data-end=\"1870\">Altura del producto: 90 mm<\/p>\n<\/li>\n<li class=\"\" data-start=\"1871\" data-end=\"1889\">\n<p class=\"\" data-start=\"1873\" data-end=\"1889\">Contacto del pist\u00f3n: No<\/p>\n<\/li>\n<li class=\"\" data-start=\"1890\" data-end=\"1917\">\n<p class=\"\" data-start=\"1892\" data-end=\"1917\">Derecha\/Reversa: Derecha<\/p>\n<\/li>\n<li class=\"\" data-start=\"1918\" data-end=\"1938\">\n<p class=\"\" data-start=\"1920\" data-end=\"1938\">Voltaje CA\/CC: CC<\/p>\n<\/li>\n<li class=\"\" data-start=\"1939\" data-end=\"1961\">\n<p class=\"\" data-start=\"1941\" data-end=\"1961\">Voltaje m\u00e1ximo: 27,6 V<\/p>\n<\/li>\n<li class=\"\" data-start=\"1962\" data-end=\"1984\">\n<p class=\"\" data-start=\"1964\" data-end=\"1984\">Voltaje m\u00edn.: 21,6 V<\/p>\n<\/li>\n<li class=\"\" data-start=\"1985\" data-end=\"2005\">\n<p class=\"\" data-start=\"1987\" data-end=\"2005\">Calificaci\u00f3n de SundaHouse: S\u00ed<\/p>\n<\/li>\n<\/ul>","protected":false},"excerpt":{"rendered":"<p>Aqu\u00ed podr\u00e1s ver qu\u00e9 postes y modelos encajan entre s\u00ed de la gama de placas de cierre el\u00e9ctricas STEP.<\/p>\n<h5><strong><a href=\"https:\/\/steplock.com\/sv\/stolpguide\/#!?lang=sv&amp;blog_id=1&amp;paged=1&amp;number=50\" target=\"_blank\" rel=\"noopener\">Gu\u00eda de publicaciones STEP\u00a0<\/a><\/strong><\/h5>\n<h5><strong><a href=\"https:\/\/steplock.com\/sv\/projekteringsguide\/#!?lang=sv&amp;blog_id=1&amp;paged=1&amp;number=999\" target=\"_blank\" rel=\"noopener\">Gu\u00eda de dise\u00f1o STEP<\/a><\/strong><\/h5>","protected":false},"featured_media":139840,"template":"","meta":{"_acf_changed":false},"product_brand":[],"product_cat":[3355],"product_tag":[4198,4200],"class_list":{"0":"post-139843","1":"product","2":"type-product","3":"status-publish","4":"has-post-thumbnail","6":"product_cat-elslutbleck","7":"product_tag-12v","8":"product_tag-rattvand","9":"product_shipping_class-tunga-paket","10":"pa_brands-step","11":"tm-no-options","13":"first","14":"onbackorder","15":"sale","16":"taxable","17":"shipping-taxable","18":"purchasable","19":"product-type-simple"},"acf":[],"_links":{"self":[{"href":"https:\/\/secureus.se\/es\/wp-json\/wp\/v2\/product\/139843","targetHints":{"allow":["GET"]}}],"collection":[{"href":"https:\/\/secureus.se\/es\/wp-json\/wp\/v2\/product"}],"about":[{"href":"https:\/\/secureus.se\/es\/wp-json\/wp\/v2\/types\/product"}],"wp:featuredmedia":[{"embeddable":true,"href":"https:\/\/secureus.se\/es\/wp-json\/wp\/v2\/media\/139840"}],"wp:attachment":[{"href":"https:\/\/secureus.se\/es\/wp-json\/wp\/v2\/media?parent=139843"}],"wp:term":[{"taxonomy":"product_brand","embeddable":true,"href":"https:\/\/secureus.se\/es\/wp-json\/wp\/v2\/product_brand?post=139843"},{"taxonomy":"product_cat","embeddable":true,"href":"https:\/\/secureus.se\/es\/wp-json\/wp\/v2\/product_cat?post=139843"},{"taxonomy":"product_tag","embeddable":true,"href":"https:\/\/secureus.se\/es\/wp-json\/wp\/v2\/product_tag?post=139843"}],"curies":[{"name":"wp","href":"https:\/\/api.w.org\/{rel}","templated":true}]}}