{"id":139859,"date":"2023-09-26T13:08:06","date_gmt":"2023-09-26T11:08:06","guid":{"rendered":"https:\/\/secureus.se\/elslutbleck-step-48-omstallbar-24v-kolvkontakt\/"},"modified":"2026-04-23T12:40:16","modified_gmt":"2026-04-23T10:40:16","slug":"elslutbleck-step-48-omstallbar-24v-kolvkontakt","status":"publish","type":"product","link":"https:\/\/secureus.se\/es\/elslutbleck-step-48-omstallbar-24v-kolvkontakt\/","title":{"rendered":"Cerradero el\u00e9ctrico STEP 48 Contacto de pist\u00f3n ajustable 24V"},"content":{"rendered":"<h1>Cerradero el\u00e9ctrico STEP 48 Contacto de pist\u00f3n ajustable 24V<\/h1>\n<p>PASO 48 Cerradura el\u00e9ctrica de precarga con funci\u00f3n conmutable para funcionamiento hacia adelante\/atr\u00e1s. Contacto de pist\u00f3n, tecnolog\u00eda de presi\u00f3n de tira y dise\u00f1o compacto para un bloqueo seguro.<\/p>\n<p class=\"\" data-start=\"230\" data-end=\"712\">Cerradero el\u00e9ctrico STEP 48 Preload es un cerradero el\u00e9ctrico compacto y vers\u00e1til dise\u00f1ado para entornos de puertas donde se requiere flexibilidad, seguridad y alta confiabilidad operativa.<\/p>\n<p class=\"\" data-start=\"230\" data-end=\"712\">Gracias a su funci\u00f3n reversible, la placa se puede ajustar f\u00e1cilmente entre orientaci\u00f3n hacia delante (bloqueada en caso de corte de energ\u00eda) y orientaci\u00f3n hacia atr\u00e1s (desbloqueada en caso de corte de energ\u00eda) en funci\u00f3n de las necesidades de la instalaci\u00f3n.<\/p>\n<p class=\"\" data-start=\"230\" data-end=\"712\">Esto hace que el producto sea especialmente adecuado para entornos donde las condiciones de funcionamiento pueden cambiar o donde se aplican requisitos de seguridad especiales.<\/p>\n<p class=\"\" data-start=\"714\" data-end=\"1106\">Esta cerradura el\u00e9ctrica est\u00e1 equipada con la tecnolog\u00eda de presi\u00f3n de tira patentada de STEP, lo que significa que la puerta se puede desbloquear incluso con una presi\u00f3n de tira de hasta 40 kg, una caracter\u00edstica que garantiza un funcionamiento sin problemas en secciones de puerta estrechas o expuestas.<\/p>\n<p class=\"\" data-start=\"714\" data-end=\"1106\">El contacto del pist\u00f3n proporciona una indicaci\u00f3n confiable del estado de la puerta (abierta\/cerrada), lo que hace que STEP 48 sea una excelente opci\u00f3n al integrarse con sistemas de control de acceso o alarmas.<\/p>\n<p class=\"\" data-start=\"1108\" data-end=\"1340\">STEP 48 puede soportar una resistencia a la rotura de 9 kN y es reversible para adaptarse tanto a puertas con bisagras a la derecha como a la izquierda.<\/p>\n<p class=\"\" data-start=\"1108\" data-end=\"1340\">Tambi\u00e9n es compatible con cerraduras de gancho y de pestillo recto, y tambi\u00e9n admite indicaci\u00f3n de pestillo externo a trav\u00e9s del accesorio ST4880.<\/p>\n<p class=\"\" data-start=\"1342\" data-end=\"1370\"><strong data-start=\"1342\" data-end=\"1368\">Caracter\u00edsticas y beneficios:<\/strong><\/p>\n<ul data-start=\"1371\" data-end=\"1680\">\n<li class=\"\" data-start=\"1371\" data-end=\"1421\">\n<p class=\"\" data-start=\"1373\" data-end=\"1421\">Conmutable entre funci\u00f3n de avance y retroceso<\/p>\n<\/li>\n<li class=\"\" data-start=\"1422\" data-end=\"1466\">\n<p class=\"\" data-start=\"1424\" data-end=\"1466\">Contacto de pist\u00f3n para indicaci\u00f3n del estado de la puerta<\/p>\n<\/li>\n<li class=\"\" data-start=\"1467\" data-end=\"1502\">\n<p class=\"\" data-start=\"1469\" data-end=\"1502\">Soporta una presi\u00f3n de hasta 40 kg.<\/p>\n<\/li>\n<li class=\"\" data-start=\"1503\" data-end=\"1527\">\n<p class=\"\" data-start=\"1505\" data-end=\"1527\">Resistencia a la rotura 9 kN<\/p>\n<\/li>\n<li class=\"\" data-start=\"1528\" data-end=\"1568\">\n<p class=\"\" data-start=\"1530\" data-end=\"1568\">Compatible con el indicador de regla ST4880<\/p>\n<\/li>\n<li class=\"\" data-start=\"1569\" data-end=\"1605\">\n<p class=\"\" data-start=\"1571\" data-end=\"1605\">Reversible para puertas derechas\/izquierdas<\/p>\n<\/li>\n<li class=\"\" data-start=\"1606\" data-end=\"1643\">\n<p class=\"\" data-start=\"1608\" data-end=\"1643\">Diodo de protecci\u00f3n y protector contra sobretensiones incluidos.<\/p>\n<\/li>\n<li class=\"\" data-start=\"1644\" data-end=\"1680\">\n<p class=\"\" data-start=\"1646\" data-end=\"1680\">Para cerraduras de una y dos hojas<\/p>\n<\/li>\n<\/ul>\n<p class=\"\" data-start=\"1682\" data-end=\"1867\"><strong data-start=\"1682\" data-end=\"1705\">\u00c1reas de uso:<\/strong><br data-start=\"1705\" data-end=\"1708\" \/>Adecuado para oficinas, escuelas, propiedades comerciales y otros entornos de puertas donde se requieren diferentes reglas de bloqueo, as\u00ed como en puertas con perillas, llaves y desbloqueo autom\u00e1tico.<\/p>\n<p class=\"\" data-start=\"1869\" data-end=\"2251\"><strong data-start=\"1869\" data-end=\"1898\">Especificaciones t\u00e9cnicas:<\/strong><br data-start=\"1898\" data-end=\"1901\" \/>Tensi\u00f3n de funcionamiento: 24 V CC (21,6-27,6 V)<br data-start=\"1937\" data-end=\"1940\" \/>Consumo de energ\u00eda: 110 mAh \/ m\u00e1x. 300 mA<br data-start=\"1978\" data-end=\"1981\" \/>Contacto del pist\u00f3n: Microinterruptor, 30 V CC \/ 1 A<br data-start=\"2021\" data-end=\"2024\" \/>Resistencia a la rotura: 900 kg<br data-start=\"2047\" data-end=\"2050\" \/>Presi\u00f3n de la tira: 40 kg<br data-start=\"2066\" data-end=\"2069\" \/>Bisagra de la puerta: Derecha\/Izquierda<br data-start=\"2096\" data-end=\"2099\" \/>Tipo de cerradura: Cerradura de pestillo simple, Cerradura de pestillo doble<br data-start=\"2132\" data-end=\"2135\" \/>Dimensiones (An. x Pr. x Al.): 25 x 35 x 90 mm<br data-start=\"2164\" data-end=\"2167\" \/>Tratamiento superficial: acero inoxidable<br data-start=\"2188\" data-end=\"2191\" \/>Producto de construcci\u00f3n calificado: S\u00ed<br data-start=\"2209\" data-end=\"2212\" \/>Calificaci\u00f3n de SundaHouse: S\u00ed<br data-start=\"2230\" data-end=\"2233\" \/>Cable incluido: No<\/p>","protected":false},"excerpt":{"rendered":"<p>Aqu\u00ed podr\u00e1s ver qu\u00e9 postes y modelos encajan entre s\u00ed de la gama de placas de cierre el\u00e9ctricas STEP.<\/p>\n<h5><strong><a href=\"https:\/\/steplock.com\/sv\/stolpguide\/#!?lang=sv&amp;blog_id=1&amp;paged=1&amp;number=50\" target=\"_blank\" rel=\"noopener\">Gu\u00eda de publicaciones STEP\u00a0<\/a><\/strong><\/h5>\n<h5><strong><a href=\"https:\/\/steplock.com\/sv\/projekteringsguide\/#!?lang=sv&amp;blog_id=1&amp;paged=1&amp;number=999\" target=\"_blank\" rel=\"noopener\">Gu\u00eda de dise\u00f1o STEP<\/a><\/strong><\/h5>","protected":false},"featured_media":139857,"template":"","meta":{"_acf_changed":false},"product_brand":[],"product_cat":[3355],"product_tag":[4197,4202],"class_list":{"0":"post-139859","1":"product","2":"type-product","3":"status-publish","4":"has-post-thumbnail","6":"product_cat-elslutbleck","7":"product_tag-24v","8":"product_tag-omstallbar-rattvand-omvand","9":"product_shipping_class-tunga-paket","10":"pa_brands-step","11":"tm-no-options","13":"first","14":"onbackorder","15":"sale","16":"taxable","17":"shipping-taxable","18":"purchasable","19":"product-type-simple"},"acf":[],"_links":{"self":[{"href":"https:\/\/secureus.se\/es\/wp-json\/wp\/v2\/product\/139859","targetHints":{"allow":["GET"]}}],"collection":[{"href":"https:\/\/secureus.se\/es\/wp-json\/wp\/v2\/product"}],"about":[{"href":"https:\/\/secureus.se\/es\/wp-json\/wp\/v2\/types\/product"}],"wp:featuredmedia":[{"embeddable":true,"href":"https:\/\/secureus.se\/es\/wp-json\/wp\/v2\/media\/139857"}],"wp:attachment":[{"href":"https:\/\/secureus.se\/es\/wp-json\/wp\/v2\/media?parent=139859"}],"wp:term":[{"taxonomy":"product_brand","embeddable":true,"href":"https:\/\/secureus.se\/es\/wp-json\/wp\/v2\/product_brand?post=139859"},{"taxonomy":"product_cat","embeddable":true,"href":"https:\/\/secureus.se\/es\/wp-json\/wp\/v2\/product_cat?post=139859"},{"taxonomy":"product_tag","embeddable":true,"href":"https:\/\/secureus.se\/es\/wp-json\/wp\/v2\/product_tag?post=139859"}],"curies":[{"name":"wp","href":"https:\/\/api.w.org\/{rel}","templated":true}]}}