{"id":139873,"date":"2023-09-26T13:06:25","date_gmt":"2023-09-26T11:06:25","guid":{"rendered":"https:\/\/secureus.se\/elslutbleck-step-98-rattvand-12v-kolvkontakt\/"},"modified":"2026-04-08T16:35:39","modified_gmt":"2026-04-08T14:35:39","slug":"elslutbleck-step-98-rattvand-12v-kolvkontakt","status":"publish","type":"product","link":"https:\/\/secureus.se\/es\/elslutbleck-step-98-rattvand-12v-kolvkontakt\/","title":{"rendered":"Cerradero el\u00e9ctrico STEP 98 Contacto de pist\u00f3n 12 V orientado hacia la derecha"},"content":{"rendered":"<div>\n<h1>Cerradero el\u00e9ctrico STEP 98 Contacto de pist\u00f3n 12 V orientado hacia la derecha<\/h1>\n<p>El abrepuertas el\u00e9ctrico STEP 98 Preload HPR es un abrepuertas el\u00e9ctrico homologado contra incendios de alta seguridad y funcionalidad, dise\u00f1ado para adaptarse a puertas y espacios de alta frecuencia con requisitos de seguridad.<\/p>\n<p class=\"\" data-start=\"349\" data-end=\"871\">STEP 98 Preload es una cerradura el\u00e9ctrica homologada para uso contra incendios, perfecta para puertas que se deben cerrar con pomo o llave.<\/p>\n<p class=\"\" data-start=\"349\" data-end=\"871\">El producto est\u00e1 certificado para resistencia al fuego hasta E\/EI 120 y tiene una tecnolog\u00eda de presi\u00f3n de tira patentada que garantiza que la puerta se pueda abrir incluso con una presi\u00f3n de hasta 40 kg.<\/p>\n<p class=\"\" data-start=\"349\" data-end=\"871\">STEP 98 Preload es parte de la serie Preload de STEP y es adecuado para su instalaci\u00f3n tanto en puertas con apertura izquierda como derecha. Con la funci\u00f3n reversible, se puede utilizar para adaptarse tanto a aplicaciones hacia adelante como hacia atr\u00e1s.<\/p>\n<p class=\"\" data-start=\"873\" data-end=\"1156\">El cerradero el\u00e9ctrico est\u00e1 equipado con un contacto de pist\u00f3n que permite indicar cuando la puerta est\u00e1 cerrada\/abierta y bloqueada\/desbloqueada, haci\u00e9ndolo ideal para su integraci\u00f3n en sistemas de control de acceso y sistemas de alarma.<\/p>\n<p class=\"\" data-start=\"873\" data-end=\"1156\">El producto tambi\u00e9n es a prueba de manipulaciones y reversible para una f\u00e1cil instalaci\u00f3n en diferentes sistemas de puertas.<\/p>\n<p class=\"\" data-start=\"1158\" data-end=\"1175\"><strong data-start=\"1158\" data-end=\"1172\">Caracter\u00edsticas<\/strong>:<\/p>\n<ul data-start=\"1176\" data-end=\"1692\">\n<li class=\"\" data-start=\"1176\" data-end=\"1221\">\n<p class=\"\" data-start=\"1178\" data-end=\"1221\">Funci\u00f3n correcta (bloqueado en posici\u00f3n desenergizada)<\/p>\n<\/li>\n<li class=\"\" data-start=\"1222\" data-end=\"1274\">\n<p class=\"\" data-start=\"1224\" data-end=\"1274\">Microinterruptor unipolar de conmutaci\u00f3n (m\u00e1x. 30 V CC, 1 A)<\/p>\n<\/li>\n<li class=\"\" data-start=\"1275\" data-end=\"1330\">\n<p class=\"\" data-start=\"1277\" data-end=\"1330\">Indicaci\u00f3n de detecci\u00f3n de puerta cerrada\/abierta<\/p>\n<\/li>\n<li class=\"\" data-start=\"1331\" data-end=\"1410\">\n<p class=\"\" data-start=\"1333\" data-end=\"1410\">Certificado para resistencia al fuego hasta F (E\/EI 120) seg\u00fan SS-EN 14846:2008<\/p>\n<\/li>\n<li class=\"\" data-start=\"1411\" data-end=\"1444\">\n<p class=\"\" data-start=\"1413\" data-end=\"1444\">Resistencia a la rotura 900 kg (9 kN)<\/p>\n<\/li>\n<li class=\"\" data-start=\"1445\" data-end=\"1529\">\n<p class=\"\" data-start=\"1447\" data-end=\"1529\">Garantiza la apertura a pesar de una presi\u00f3n de la banda de hasta 40 kg en funci\u00f3n de avance y retroceso<\/p>\n<\/li>\n<li class=\"\" data-start=\"1530\" data-end=\"1545\">\n<p class=\"\" data-start=\"1532\" data-end=\"1545\">Antidetonante<\/p>\n<\/li>\n<li class=\"\" data-start=\"1546\" data-end=\"1596\">\n<p class=\"\" data-start=\"1548\" data-end=\"1596\">Reversible para adaptarse a puertas derechas e izquierdas.<\/p>\n<\/li>\n<li class=\"\" data-start=\"1597\" data-end=\"1645\">\n<p class=\"\" data-start=\"1599\" data-end=\"1645\">Capaz de bloquear pernos de gancho o pernos rectos<\/p>\n<\/li>\n<li class=\"\" data-start=\"1646\" data-end=\"1692\">\n<p class=\"\" data-start=\"1648\" data-end=\"1692\">Cable de conexi\u00f3n libre de hal\u00f3genos de 10 metros incluido<\/p>\n<\/li>\n<\/ul>\n<p class=\"\" data-start=\"1694\" data-end=\"1725\"><strong data-start=\"1694\" data-end=\"1722\">Especificaciones t\u00e9cnicas<\/strong>:<\/p>\n<ul data-start=\"1726\" data-end=\"2318\">\n<li class=\"\" data-start=\"1726\" data-end=\"1761\">\n<p class=\"\" data-start=\"1728\" data-end=\"1761\"><strong data-start=\"1728\" data-end=\"1751\">Resistencia a la rotura m\u00e1xima.<\/strong>:900 kilos<\/p>\n<\/li>\n<li class=\"\" data-start=\"1762\" data-end=\"1798\">\n<p class=\"\" data-start=\"1764\" data-end=\"1798\"><strong data-start=\"1764\" data-end=\"1780\">Puerta colgante<\/strong>:Derecha, Izquierda<\/p>\n<\/li>\n<li class=\"\" data-start=\"1799\" data-end=\"1823\">\n<p class=\"\" data-start=\"1801\" data-end=\"1823\"><strong data-start=\"1801\" data-end=\"1816\">Cable incluido<\/strong>: No<\/p>\n<\/li>\n<li class=\"\" data-start=\"1824\" data-end=\"1848\">\n<p class=\"\" data-start=\"1826\" data-end=\"1848\"><strong data-start=\"1826\" data-end=\"1839\">Impresi\u00f3n de listas<\/strong>:40 kilos<\/p>\n<\/li>\n<li class=\"\" data-start=\"1849\" data-end=\"1890\">\n<p class=\"\" data-start=\"1851\" data-end=\"1890\"><strong data-start=\"1851\" data-end=\"1861\">Tipo de bloqueo<\/strong>: Cerradura de pestillo simple, Cerradura de pestillo doble<\/p>\n<\/li>\n<li class=\"\" data-start=\"1891\" data-end=\"1919\">\n<p class=\"\" data-start=\"1893\" data-end=\"1919\"><strong data-start=\"1893\" data-end=\"1910\">Ancho del producto<\/strong>:25 mm<\/p>\n<\/li>\n<li class=\"\" data-start=\"1920\" data-end=\"1946\">\n<p class=\"\" data-start=\"1922\" data-end=\"1946\"><strong data-start=\"1922\" data-end=\"1940\">Producto de construcci\u00f3n calificado<\/strong>: S\u00ed<\/p>\n<\/li>\n<li class=\"\" data-start=\"1947\" data-end=\"1974\">\n<p class=\"\" data-start=\"1949\" data-end=\"1974\"><strong data-start=\"1949\" data-end=\"1965\">Producto profundo<\/strong>:35 mm<\/p>\n<\/li>\n<li class=\"\" data-start=\"1975\" data-end=\"2009\">\n<p class=\"\" data-start=\"1977\" data-end=\"2009\"><strong data-start=\"1977\" data-end=\"2002\">Voltaje de funcionamiento 12 V\/24 V<\/strong>: 12 V<\/p>\n<\/li>\n<li class=\"\" data-start=\"2010\" data-end=\"2038\">\n<p class=\"\" data-start=\"2012\" data-end=\"2038\"><strong data-start=\"2012\" data-end=\"2031\">Ca\u00edda con doble giro<\/strong>: No<\/p>\n<\/li>\n<li class=\"\" data-start=\"2039\" data-end=\"2066\">\n<p class=\"\" data-start=\"2041\" data-end=\"2066\"><strong data-start=\"2041\" data-end=\"2059\">EPD verificado<\/strong>: No<\/p>\n<\/li>\n<li class=\"\" data-start=\"2067\" data-end=\"2085\">\n<p class=\"\" data-start=\"2069\" data-end=\"2085\"><strong data-start=\"2069\" data-end=\"2078\">Informaci\u00f3n financiera<\/strong>: No<\/p>\n<\/li>\n<li class=\"\" data-start=\"2086\" data-end=\"2120\">\n<p class=\"\" data-start=\"2088\" data-end=\"2120\"><strong data-start=\"2088\" data-end=\"2109\">Tratamiento de color\/superficie<\/strong>:Acero inoxidable<\/p>\n<\/li>\n<li class=\"\" data-start=\"2121\" data-end=\"2148\">\n<p class=\"\" data-start=\"2123\" data-end=\"2148\"><strong data-start=\"2123\" data-end=\"2139\">Producto de altura<\/strong>:90 mm<\/p>\n<\/li>\n<li class=\"\" data-start=\"2149\" data-end=\"2172\">\n<p class=\"\" data-start=\"2151\" data-end=\"2172\"><strong data-start=\"2151\" data-end=\"2166\">Contacto del pist\u00f3n<\/strong>: S\u00ed<\/p>\n<\/li>\n<li class=\"\" data-start=\"2173\" data-end=\"2206\">\n<p class=\"\" data-start=\"2175\" data-end=\"2206\"><strong data-start=\"2175\" data-end=\"2194\">Derecha\/Reversa<\/strong>: Orientado a la derecha<\/p>\n<\/li>\n<li class=\"\" data-start=\"2207\" data-end=\"2233\">\n<p class=\"\" data-start=\"2209\" data-end=\"2233\"><strong data-start=\"2209\" data-end=\"2227\">Voltaje CA\/CC<\/strong>:DC<\/p>\n<\/li>\n<li class=\"\" data-start=\"2234\" data-end=\"2262\">\n<p class=\"\" data-start=\"2236\" data-end=\"2262\"><strong data-start=\"2236\" data-end=\"2252\">Voltaje m\u00e1x.<\/strong>:13,8 V<\/p>\n<\/li>\n<li class=\"\" data-start=\"2263\" data-end=\"2291\">\n<p class=\"\" data-start=\"2265\" data-end=\"2291\"><strong data-start=\"2265\" data-end=\"2281\">Voltaje m\u00ednimo<\/strong>:10,8 V<\/p>\n<\/li>\n<li class=\"\" data-start=\"2292\" data-end=\"2318\">\n<p class=\"\" data-start=\"2294\" data-end=\"2318\"><strong data-start=\"2294\" data-end=\"2312\">SundaHouse calificado<\/strong>: S\u00ed<\/p>\n<\/li>\n<\/ul>\n<div>\n<div>\n<p>&nbsp;<\/p>\n<\/div>\n<\/div>\n<\/div>","protected":false},"excerpt":{"rendered":"<p>Aqu\u00ed podr\u00e1s ver qu\u00e9 postes y modelos encajan entre s\u00ed de la gama de placas de cierre el\u00e9ctricas STEP.<\/p>\n<h5><strong><a href=\"https:\/\/steplock.com\/sv\/stolpguide\/#!?lang=sv&amp;blog_id=1&amp;paged=1&amp;number=50\" target=\"_blank\" rel=\"noopener\">Gu\u00eda de publicaciones STEP\u00a0<\/a><\/strong><\/h5>\n<h5><strong><a href=\"https:\/\/steplock.com\/sv\/projekteringsguide\/#!?lang=sv&amp;blog_id=1&amp;paged=1&amp;number=999\" target=\"_blank\" rel=\"noopener\">Gu\u00eda de dise\u00f1o STEP<\/a><\/strong><\/h5>","protected":false},"featured_media":139872,"template":"","meta":{"_acf_changed":false},"product_brand":[],"product_cat":[3355],"product_tag":[4198,4200],"class_list":{"0":"post-139873","1":"product","2":"type-product","3":"status-publish","4":"has-post-thumbnail","6":"product_cat-elslutbleck","7":"product_tag-12v","8":"product_tag-rattvand","9":"product_shipping_class-tunga-paket","10":"pa_brands-step","11":"tm-no-options","13":"first","14":"onbackorder","15":"sale","16":"taxable","17":"shipping-taxable","18":"purchasable","19":"product-type-simple"},"acf":[],"_links":{"self":[{"href":"https:\/\/secureus.se\/es\/wp-json\/wp\/v2\/product\/139873","targetHints":{"allow":["GET"]}}],"collection":[{"href":"https:\/\/secureus.se\/es\/wp-json\/wp\/v2\/product"}],"about":[{"href":"https:\/\/secureus.se\/es\/wp-json\/wp\/v2\/types\/product"}],"wp:featuredmedia":[{"embeddable":true,"href":"https:\/\/secureus.se\/es\/wp-json\/wp\/v2\/media\/139872"}],"wp:attachment":[{"href":"https:\/\/secureus.se\/es\/wp-json\/wp\/v2\/media?parent=139873"}],"wp:term":[{"taxonomy":"product_brand","embeddable":true,"href":"https:\/\/secureus.se\/es\/wp-json\/wp\/v2\/product_brand?post=139873"},{"taxonomy":"product_cat","embeddable":true,"href":"https:\/\/secureus.se\/es\/wp-json\/wp\/v2\/product_cat?post=139873"},{"taxonomy":"product_tag","embeddable":true,"href":"https:\/\/secureus.se\/es\/wp-json\/wp\/v2\/product_tag?post=139873"}],"curies":[{"name":"wp","href":"https:\/\/api.w.org\/{rel}","templated":true}]}}