{"id":139882,"date":"2023-09-26T13:07:55","date_gmt":"2023-09-26T11:07:55","guid":{"rendered":"https:\/\/secureus.se\/elslutbleck-step-18-hoger-omvand-24v-7mm-regel-connect\/"},"modified":"2026-04-08T16:13:33","modified_gmt":"2026-04-08T14:13:33","slug":"elslutbleck-step-18-hoger-omvand-24v-7mm-regel-connect","status":"publish","type":"product","link":"https:\/\/secureus.se\/es\/elslutbleck-step-18-hoger-omvand-24v-7mm-regel-connect\/","title":{"rendered":"Cerradura el\u00e9ctrica PASO 18 Derecha Inversa 24V 7mm Regla Conectar"},"content":{"rendered":"<h1>Cerradura el\u00e9ctrica PASO 18 Derecha Inversa 24V 7mm Regla Conectar<\/h1>\n<p>STEP 18 Secure es un cerradero el\u00e9ctrico de alta seguridad con funci\u00f3n inversa para puertas de apertura a la derecha, adaptado para cerraduras de pestillo con pist\u00f3n de 7 mm de la serie Connect.<\/p>\n<p>El producto est\u00e1 homologado para fuego hasta E\/EI60 y se suministra con un cable libre de hal\u00f3genos de 5 metros.<\/p>\n<p class=\"\" data-start=\"315\" data-end=\"847\">STEP 18 Secure est\u00e1 desarrollado para satisfacer las altas demandas de seguridad y confiabilidad operativa en entornos con entradas y salidas frecuentes, como puertas de seguridad en prisiones, bancos y agencias gubernamentales.<\/p>\n<p class=\"\" data-start=\"315\" data-end=\"847\">Este cerradero el\u00e9ctrico est\u00e1 especialmente dise\u00f1ado para puertas batientes a la derecha con pist\u00f3n de 7 mm de la serie Connect.<\/p>\n<p class=\"\" data-start=\"315\" data-end=\"847\">Gracias a su funci\u00f3n inversa, es decir, cuando la placa se desbloquea en posici\u00f3n desenergizada, permite un desbloqueo seguro y flexible incluso en caso de corte de electricidad, una caracter\u00edstica crucial en las rutas de escape.<\/p>\n<p class=\"\" data-start=\"849\" data-end=\"1387\">STEP 18 Secure est\u00e1 homologado para fuego hasta E\/EI60 y puede soportar tensiones f\u00edsicas con una resistencia a la rotura de aproximadamente 1500 kg (15 kN).<\/p>\n<p class=\"\" data-start=\"849\" data-end=\"1387\">El producto tiene un interruptor de pist\u00f3n incorporado y un interruptor de pestillo que proporciona informaci\u00f3n precisa sobre si la puerta est\u00e1 abierta o cerrada y bloqueada o desbloqueada.<\/p>\n<p class=\"\" data-start=\"849\" data-end=\"1387\">Esto permite una integraci\u00f3n perfecta con sistemas de control de acceso, sistemas de alarma y otros equipos de seguridad. Adem\u00e1s, la hoja es a prueba de manipulaciones y est\u00e1 equipada con un diodo de protecci\u00f3n incorporado.<\/p>\n<p class=\"\" data-start=\"849\" data-end=\"1387\">Con un cable de conexi\u00f3n libre de hal\u00f3genos de 5 metros incluido, la instalaci\u00f3n es f\u00e1cil y flexible.<\/p>\n<p class=\"\" data-start=\"1389\" data-end=\"1417\"><strong data-start=\"1389\" data-end=\"1415\">Caracter\u00edsticas y beneficios:<\/strong><\/p>\n<ul data-start=\"1418\" data-end=\"1830\">\n<li class=\"\" data-start=\"1418\" data-end=\"1474\">\n<p class=\"\" data-start=\"1420\" data-end=\"1474\">Adaptado para cerraduras de pestillo con pist\u00f3n de 7 mm de la serie Connect<\/p>\n<\/li>\n<li class=\"\" data-start=\"1475\" data-end=\"1542\">\n<p class=\"\" data-start=\"1477\" data-end=\"1542\">Funci\u00f3n inversa: se desbloquea en posici\u00f3n desenergizada para seguridad de escape<\/p>\n<\/li>\n<li class=\"\" data-start=\"1543\" data-end=\"1579\">\n<p class=\"\" data-start=\"1545\" data-end=\"1579\">Especialmente para puertas batientes a la derecha<\/p>\n<\/li>\n<li class=\"\" data-start=\"1580\" data-end=\"1612\">\n<p class=\"\" data-start=\"1582\" data-end=\"1612\">Resistente al fuego hasta E\/EI60<\/p>\n<\/li>\n<li class=\"\" data-start=\"1613\" data-end=\"1668\">\n<p class=\"\" data-start=\"1615\" data-end=\"1668\">Interruptor de pist\u00f3n y pestillo incorporado para indicaci\u00f3n de estado<\/p>\n<\/li>\n<li class=\"\" data-start=\"1669\" data-end=\"1713\">\n<p class=\"\" data-start=\"1671\" data-end=\"1713\">Resistencia a la rotura de aproximadamente 1500 kg (15 kN)<\/p>\n<\/li>\n<li class=\"\" data-start=\"1714\" data-end=\"1750\">\n<p class=\"\" data-start=\"1716\" data-end=\"1750\">Soporta presi\u00f3n de moldeo de hasta 500 kg.<\/p>\n<\/li>\n<li class=\"\" data-start=\"1751\" data-end=\"1789\">\n<p class=\"\" data-start=\"1753\" data-end=\"1789\">Antidetonante con diodo de protecci\u00f3n incorporado<\/p>\n<\/li>\n<li class=\"\" data-start=\"1790\" data-end=\"1830\">\n<p class=\"\" data-start=\"1792\" data-end=\"1830\">Se suministra con cable libre de hal\u00f3genos de 5 metros.<\/p>\n<\/li>\n<\/ul>\n<p class=\"\" data-start=\"1832\" data-end=\"2217\"><strong data-start=\"1832\" data-end=\"1861\">Especificaciones t\u00e9cnicas:<\/strong><br data-start=\"1861\" data-end=\"1864\" \/>Tensi\u00f3n de funcionamiento: 24 V CC (21,6-27,6 V)<br data-start=\"1900\" data-end=\"1903\" \/>Consumo de energ\u00eda: 313 mA desbloqueado<br data-start=\"1933\" data-end=\"1936\" \/>Microinterruptor: Conmutador unipolar, m\u00e1x. 30 V CC, 1 A<br data-start=\"1986\" data-end=\"1989\" \/>Resistencia a la rotura: 1500 kg<br data-start=\"2013\" data-end=\"2016\" \/>Presi\u00f3n de lista: 500 kg<br data-start=\"2033\" data-end=\"2036\" data-is-only-node=\"\" \/>Bisagra de la puerta: Derecha<br data-start=\"2055\" data-end=\"2058\" \/>Longitud del cable: 5 metros<br data-start=\"2077\" data-end=\"2080\" \/>Tipo de cerradura: Cerradura de gancho, Cerradura de doble pestillo<br data-start=\"2113\" data-end=\"2116\" \/>Dimensiones (An. x Pr. x Al.): 35 x 40 x 230 mm<br data-start=\"2146\" data-end=\"2149\" \/>Color\/Acabado: Acero inoxidable<br data-start=\"2175\" data-end=\"2178\" \/>Producto de construcci\u00f3n calificado: S\u00ed<br data-start=\"2196\" data-end=\"2199\" \/>Calificaci\u00f3n de SundaHouse: S\u00ed<\/p>","protected":false},"excerpt":{"rendered":"<p>Aqu\u00ed podr\u00e1s ver qu\u00e9 postes y modelos encajan entre s\u00ed de la gama de placas de cierre el\u00e9ctricas STEP.<\/p>\n<h5><strong><a href=\"https:\/\/steplock.com\/sv\/stolpguide\/#!?lang=sv&amp;blog_id=1&amp;paged=1&amp;number=50\" target=\"_blank\" rel=\"noopener\">Gu\u00eda de publicaciones STEP\u00a0<\/a><\/strong><\/h5>\n<h5><strong><a href=\"https:\/\/steplock.com\/sv\/projekteringsguide\/#!?lang=sv&amp;blog_id=1&amp;paged=1&amp;number=999\" target=\"_blank\" rel=\"noopener\">Gu\u00eda de dise\u00f1o STEP<\/a><\/strong><\/h5>","protected":false},"featured_media":139880,"template":"","meta":{"_acf_changed":false},"product_brand":[],"product_cat":[3355],"product_tag":[4197,4201],"class_list":{"0":"post-139882","1":"product","2":"type-product","3":"status-publish","4":"has-post-thumbnail","6":"product_cat-elslutbleck","7":"product_tag-24v","8":"product_tag-omvand","9":"product_shipping_class-tunga-paket","10":"pa_brands-step","11":"tm-no-options","13":"first","14":"onbackorder","15":"sale","16":"taxable","17":"shipping-taxable","18":"purchasable","19":"product-type-simple"},"acf":[],"_links":{"self":[{"href":"https:\/\/secureus.se\/es\/wp-json\/wp\/v2\/product\/139882","targetHints":{"allow":["GET"]}}],"collection":[{"href":"https:\/\/secureus.se\/es\/wp-json\/wp\/v2\/product"}],"about":[{"href":"https:\/\/secureus.se\/es\/wp-json\/wp\/v2\/types\/product"}],"wp:featuredmedia":[{"embeddable":true,"href":"https:\/\/secureus.se\/es\/wp-json\/wp\/v2\/media\/139880"}],"wp:attachment":[{"href":"https:\/\/secureus.se\/es\/wp-json\/wp\/v2\/media?parent=139882"}],"wp:term":[{"taxonomy":"product_brand","embeddable":true,"href":"https:\/\/secureus.se\/es\/wp-json\/wp\/v2\/product_brand?post=139882"},{"taxonomy":"product_cat","embeddable":true,"href":"https:\/\/secureus.se\/es\/wp-json\/wp\/v2\/product_cat?post=139882"},{"taxonomy":"product_tag","embeddable":true,"href":"https:\/\/secureus.se\/es\/wp-json\/wp\/v2\/product_tag?post=139882"}],"curies":[{"name":"wp","href":"https:\/\/api.w.org\/{rel}","templated":true}]}}