{"id":139884,"date":"2023-09-26T13:06:20","date_gmt":"2023-09-26T11:06:20","guid":{"rendered":"https:\/\/secureus.se\/elslutbleck-step-98-omstallbar-12v\/"},"modified":"2026-03-26T10:05:47","modified_gmt":"2026-03-26T09:05:47","slug":"elslutbleck-step-98-omstallbar-12v","status":"publish","type":"product","link":"https:\/\/secureus.se\/es\/elslutbleck-step-98-omstallbar-12v\/","title":{"rendered":"Cerradero el\u00e9ctrico STEP 98 Regulable 12V"},"content":{"rendered":"<div>\n<h1>Cerradero el\u00e9ctrico STEP 98 Regulable 12V<\/h1>\n<p>El cerradero el\u00e9ctrico STEP 98 Preload HPR es un cerradero el\u00e9ctrico homologado para fuego que combina alta seguridad y un funcionamiento confiable para puertas que requieren tanto resistencia al fuego como alta resistencia a la intrusi\u00f3n.<\/p>\n<p class=\"\" data-start=\"334\" data-end=\"824\">STEP 98 Preload es una cerradura el\u00e9ctrica aprobada para uso contra incendios, dise\u00f1ada para espacios que se deben cerrar con una perilla o llave.<\/p>\n<p class=\"\" data-start=\"334\" data-end=\"824\">Para la precarga STEP 98, es posible instalar un indicador de perno ST4880, que se puede usar para bloquear autom\u00e1ticamente el sistema de acceso de la puerta o la cerradura de c\u00f3digo cuando el perno de gancho o el perno recto de la carcasa de la cerradura se han desbloqueado mec\u00e1nicamente.<\/p>\n<p class=\"\" data-start=\"334\" data-end=\"824\">Esta cerradura el\u00e9ctrica est\u00e1 equipada con la tecnolog\u00eda de presi\u00f3n de tira patentada de STEP, lo que significa que la puerta siempre puede abrirse incluso con una presi\u00f3n de hasta 40 kg.<\/p>\n<p class=\"\" data-start=\"826\" data-end=\"1078\">STEP 98 Preload ofrece funciones tanto de avance como de retroceso (bloqueado o desbloqueado en posici\u00f3n desenergizada) y est\u00e1 certificado para resistencia al fuego hasta E\/EI 120 (120 min).<\/p>\n<p class=\"\" data-start=\"826\" data-end=\"1078\">La placa de cierre el\u00e9ctrica tambi\u00e9n es a prueba de manipulaciones y reversible para adaptarse tanto a puertas de apertura derecha como izquierda.<\/p>\n<div>\n<div>\n<p class=\"\" data-start=\"1080\" data-end=\"1097\"><strong data-start=\"1080\" data-end=\"1094\">Caracter\u00edsticas<\/strong>:<\/p>\n<ul data-start=\"1098\" data-end=\"1555\">\n<li class=\"\" data-start=\"1098\" data-end=\"1151\">\n<p class=\"\" data-start=\"1100\" data-end=\"1151\">Funci\u00f3n conmutable (bloqueada\/desbloqueada en modo desenergizado)<\/p>\n<\/li>\n<li class=\"\" data-start=\"1152\" data-end=\"1210\">\n<p class=\"\" data-start=\"1154\" data-end=\"1210\">Aprobado para fuego hasta E\/EI 120 seg\u00fan SS-EN 14846:2008<\/p>\n<\/li>\n<li class=\"\" data-start=\"1211\" data-end=\"1247\">\n<p class=\"\" data-start=\"1213\" data-end=\"1247\">Resistencia a la rotura 9 kN (aprox. 900 kg)<\/p>\n<\/li>\n<li class=\"\" data-start=\"1248\" data-end=\"1335\">\n<p class=\"\" data-start=\"1250\" data-end=\"1335\">Garantiza la apertura a pesar de una presi\u00f3n de la banda de hasta 40 kg en funci\u00f3n de avance y retroceso<\/p>\n<\/li>\n<li class=\"\" data-start=\"1336\" data-end=\"1358\">\n<p class=\"\" data-start=\"1338\" data-end=\"1358\">Diodo de protecci\u00f3n incorporado<\/p>\n<\/li>\n<li class=\"\" data-start=\"1359\" data-end=\"1455\">\n<p class=\"\" data-start=\"1361\" data-end=\"1455\">Indicaci\u00f3n para detectar si la puerta est\u00e1 cerrada\/abierta (se aplica a productos con contacto de pist\u00f3n)<\/p>\n<\/li>\n<li class=\"\" data-start=\"1456\" data-end=\"1506\">\n<p class=\"\" data-start=\"1458\" data-end=\"1506\">Reversible para adaptarse a puertas derechas e izquierdas.<\/p>\n<\/li>\n<li class=\"\" data-start=\"1507\" data-end=\"1555\">\n<p class=\"\" data-start=\"1509\" data-end=\"1555\">Capaz de bloquear pernos de gancho o pernos rectos<\/p>\n<\/li>\n<\/ul>\n<p class=\"\" data-start=\"1557\" data-end=\"1588\"><strong data-start=\"1557\" data-end=\"1585\">Especificaciones t\u00e9cnicas<\/strong>:<\/p>\n<ul data-start=\"1589\" data-end=\"2200\">\n<li class=\"\" data-start=\"1589\" data-end=\"1624\">\n<p class=\"\" data-start=\"1591\" data-end=\"1624\"><strong data-start=\"1591\" data-end=\"1614\">Resistencia a la rotura m\u00e1xima.<\/strong>:900 kilos<\/p>\n<\/li>\n<li class=\"\" data-start=\"1625\" data-end=\"1661\">\n<p class=\"\" data-start=\"1627\" data-end=\"1661\"><strong data-start=\"1627\" data-end=\"1643\">Puerta colgante<\/strong>:Derecha, Izquierda<\/p>\n<\/li>\n<li class=\"\" data-start=\"1662\" data-end=\"1686\">\n<p class=\"\" data-start=\"1664\" data-end=\"1686\"><strong data-start=\"1664\" data-end=\"1679\">Cable incluido<\/strong>: No<\/p>\n<\/li>\n<li class=\"\" data-start=\"1687\" data-end=\"1711\">\n<p class=\"\" data-start=\"1689\" data-end=\"1711\"><strong data-start=\"1689\" data-end=\"1702\">Impresi\u00f3n de listas<\/strong>:40 kilos<\/p>\n<\/li>\n<li class=\"\" data-start=\"1712\" data-end=\"1753\">\n<p class=\"\" data-start=\"1714\" data-end=\"1753\"><strong data-start=\"1714\" data-end=\"1724\">Tipo de bloqueo<\/strong>: Cerradura de pestillo simple, Cerradura de pestillo doble<\/p>\n<\/li>\n<li class=\"\" data-start=\"1754\" data-end=\"1782\">\n<p class=\"\" data-start=\"1756\" data-end=\"1782\"><strong data-start=\"1756\" data-end=\"1773\">Ancho del producto<\/strong>:25 mm<\/p>\n<\/li>\n<li class=\"\" data-start=\"1783\" data-end=\"1809\">\n<p class=\"\" data-start=\"1785\" data-end=\"1809\"><strong data-start=\"1785\" data-end=\"1803\">Producto de construcci\u00f3n calificado<\/strong>: S\u00ed<\/p>\n<\/li>\n<li class=\"\" data-start=\"1810\" data-end=\"1837\">\n<p class=\"\" data-start=\"1812\" data-end=\"1837\"><strong data-start=\"1812\" data-end=\"1828\">Producto profundo<\/strong>:35 mm<\/p>\n<\/li>\n<li class=\"\" data-start=\"1838\" data-end=\"1872\">\n<p class=\"\" data-start=\"1840\" data-end=\"1872\"><strong data-start=\"1840\" data-end=\"1865\">Voltaje de funcionamiento 12 V\/24 V<\/strong>: 12 V<\/p>\n<\/li>\n<li class=\"\" data-start=\"1873\" data-end=\"1901\">\n<p class=\"\" data-start=\"1875\" data-end=\"1901\"><strong data-start=\"1875\" data-end=\"1894\">Ca\u00edda con doble giro<\/strong>: No<\/p>\n<\/li>\n<li class=\"\" data-start=\"1902\" data-end=\"1929\">\n<p class=\"\" data-start=\"1904\" data-end=\"1929\"><strong data-start=\"1904\" data-end=\"1922\">EPD verificado<\/strong>: No<\/p>\n<\/li>\n<li class=\"\" data-start=\"1930\" data-end=\"1948\">\n<p class=\"\" data-start=\"1932\" data-end=\"1948\"><strong data-start=\"1932\" data-end=\"1941\">Informaci\u00f3n financiera<\/strong>: No<\/p>\n<\/li>\n<li class=\"\" data-start=\"1949\" data-end=\"1983\">\n<p class=\"\" data-start=\"1951\" data-end=\"1983\"><strong data-start=\"1951\" data-end=\"1972\">Tratamiento de color\/superficie<\/strong>:Acero inoxidable<\/p>\n<\/li>\n<li class=\"\" data-start=\"1984\" data-end=\"2011\">\n<p class=\"\" data-start=\"1986\" data-end=\"2011\"><strong data-start=\"1986\" data-end=\"2002\">Producto de altura<\/strong>:90 mm<\/p>\n<\/li>\n<li class=\"\" data-start=\"2012\" data-end=\"2036\">\n<p class=\"\" data-start=\"2014\" data-end=\"2036\"><strong data-start=\"2014\" data-end=\"2029\">Contacto del pist\u00f3n<\/strong>: No<\/p>\n<\/li>\n<li class=\"\" data-start=\"2037\" data-end=\"2088\">\n<p class=\"\" data-start=\"2039\" data-end=\"2088\"><strong data-start=\"2039\" data-end=\"2058\">Derecha\/Reversa<\/strong>: Conmutable hacia adelante\/atr\u00e1s<\/p>\n<\/li>\n<li class=\"\" data-start=\"2089\" data-end=\"2115\">\n<p class=\"\" data-start=\"2091\" data-end=\"2115\"><strong data-start=\"2091\" data-end=\"2109\">Voltaje CA\/CC<\/strong>:DC<\/p>\n<\/li>\n<li class=\"\" data-start=\"2116\" data-end=\"2144\">\n<p class=\"\" data-start=\"2118\" data-end=\"2144\"><strong data-start=\"2118\" data-end=\"2134\">Voltaje m\u00e1x.<\/strong>:13,8 V<\/p>\n<\/li>\n<li class=\"\" data-start=\"2145\" data-end=\"2173\">\n<p class=\"\" data-start=\"2147\" data-end=\"2173\"><strong data-start=\"2147\" data-end=\"2163\">Voltaje m\u00ednimo<\/strong>:10,8 V<\/p>\n<\/li>\n<li class=\"\" data-start=\"2174\" data-end=\"2200\">\n<p class=\"\" data-start=\"2176\" data-end=\"2200\"><strong data-start=\"2176\" data-end=\"2194\">SundaHouse calificado<\/strong>: S\u00ed<\/p>\n<\/li>\n<\/ul>\n<\/div>\n<\/div>\n<\/div>","protected":false},"excerpt":{"rendered":"<p>Aqu\u00ed podr\u00e1s ver qu\u00e9 postes y modelos encajan entre s\u00ed de la gama de placas de cierre el\u00e9ctricas STEP.<\/p>\n<h5><strong><a href=\"https:\/\/steplock.com\/sv\/stolpguide\/#!?lang=sv&amp;blog_id=1&amp;paged=1&amp;number=50\" target=\"_blank\" rel=\"noopener\">Gu\u00eda de publicaciones STEP\u00a0<\/a><\/strong><\/h5>\n<h5><strong><a href=\"https:\/\/steplock.com\/sv\/projekteringsguide\/#!?lang=sv&amp;blog_id=1&amp;paged=1&amp;number=999\" target=\"_blank\" rel=\"noopener\">Gu\u00eda de dise\u00f1o STEP<\/a><\/strong><\/h5>","protected":false},"featured_media":139883,"template":"","meta":{"_acf_changed":false},"product_brand":[],"product_cat":[3355],"product_tag":[4198,4202],"class_list":{"0":"post-139884","1":"product","2":"type-product","3":"status-publish","4":"has-post-thumbnail","6":"product_cat-elslutbleck","7":"product_tag-12v","8":"product_tag-omstallbar-rattvand-omvand","9":"product_shipping_class-tunga-paket","10":"pa_brands-step","11":"tm-no-options","13":"first","14":"onbackorder","15":"sale","16":"taxable","17":"shipping-taxable","18":"purchasable","19":"product-type-simple"},"acf":[],"_links":{"self":[{"href":"https:\/\/secureus.se\/es\/wp-json\/wp\/v2\/product\/139884","targetHints":{"allow":["GET"]}}],"collection":[{"href":"https:\/\/secureus.se\/es\/wp-json\/wp\/v2\/product"}],"about":[{"href":"https:\/\/secureus.se\/es\/wp-json\/wp\/v2\/types\/product"}],"wp:featuredmedia":[{"embeddable":true,"href":"https:\/\/secureus.se\/es\/wp-json\/wp\/v2\/media\/139883"}],"wp:attachment":[{"href":"https:\/\/secureus.se\/es\/wp-json\/wp\/v2\/media?parent=139884"}],"wp:term":[{"taxonomy":"product_brand","embeddable":true,"href":"https:\/\/secureus.se\/es\/wp-json\/wp\/v2\/product_brand?post=139884"},{"taxonomy":"product_cat","embeddable":true,"href":"https:\/\/secureus.se\/es\/wp-json\/wp\/v2\/product_cat?post=139884"},{"taxonomy":"product_tag","embeddable":true,"href":"https:\/\/secureus.se\/es\/wp-json\/wp\/v2\/product_tag?post=139884"}],"curies":[{"name":"wp","href":"https:\/\/api.w.org\/{rel}","templated":true}]}}