{"id":139899,"date":"2023-09-26T13:07:46","date_gmt":"2023-09-26T11:07:46","guid":{"rendered":"https:\/\/secureus.se\/elslutbleck-step-90-rattvand-12v-kolvkontakt\/"},"modified":"2026-03-26T09:49:00","modified_gmt":"2026-03-26T08:49:00","slug":"elslutbleck-step-90-rattvand-12v-kolvkontakt","status":"publish","type":"product","link":"https:\/\/secureus.se\/es\/elslutbleck-step-90-rattvand-12v-kolvkontakt\/","title":{"rendered":"Cerradero el\u00e9ctrico STEP 90 Contacto de pist\u00f3n 12 V orientado a la derecha"},"content":{"rendered":"<h1>Cerradero el\u00e9ctrico STEP 90 Contacto de pist\u00f3n 12 V orientado a la derecha<\/h1>\n<p>STEP 90 Preload HPR es un cerradero el\u00e9ctrico compacto, de accionamiento diestro, con contacto de pist\u00f3n y elevada fiabilidad operativa. Resistente al fuego hasta E\/EI120 y se abre a pesar de una presi\u00f3n de banda de 250 kg.<\/p>\n<p class=\"\" data-start=\"246\" data-end=\"576\">La cerradura el\u00e9ctrica STEP 90 Preload HPR est\u00e1 desarrollada para entornos con altas exigencias de seguridad, fiabilidad operativa e instalaci\u00f3n compacta.<\/p>\n<p class=\"\" data-start=\"246\" data-end=\"576\">Con una funci\u00f3n orientada hacia la derecha (bloqueada en posici\u00f3n desenergizada) y contacto de pist\u00f3n, proporciona una indicaci\u00f3n de estado clara de la posici\u00f3n de la puerta, ideal para la conexi\u00f3n a un sistema de control de acceso o alarma.<\/p>\n<p class=\"\" data-start=\"578\" data-end=\"837\">STEP 90 pertenece a la serie Preload de STEP y est\u00e1 equipado con la tecnolog\u00eda de presi\u00f3n de banda patentada HPR\u00ae, que garantiza el desbloqueo incluso si la puerta est\u00e1 sometida a una presi\u00f3n de hasta 250 kg.<\/p>\n<p class=\"\" data-start=\"578\" data-end=\"837\">Esto lo convierte en una opci\u00f3n muy confiable en entornos de puertas con una alta frecuencia de apertura.<\/p>\n<p class=\"\" data-start=\"839\" data-end=\"1177\">Tiene clasificaci\u00f3n de resistencia al fuego seg\u00fan E\/EI120 y tiene una alta resistencia a la rotura de 1.200 kg. La construcci\u00f3n es robusta y resistente a los impactos, mientras que las dimensiones son tan peque\u00f1as que la chapa se puede instalar f\u00e1cilmente incluso en espacios reducidos.<\/p>\n<p class=\"\" data-start=\"839\" data-end=\"1177\">El producto es reversible para puertas de apertura derecha e izquierda y se adapta a las carcasas de cerradura de las series Connect, Modul y Narrow Profile.<\/p>\n<p class=\"\" data-start=\"1179\" data-end=\"1207\"><strong data-start=\"1179\" data-end=\"1205\">Caracter\u00edsticas y beneficios:<\/strong><\/p>\n<ul data-start=\"1208\" data-end=\"1512\">\n<li class=\"\" data-start=\"1208\" data-end=\"1247\">\n<p class=\"\" data-start=\"1210\" data-end=\"1247\">Funci\u00f3n correcta (bloqueado sin energ\u00eda)<\/p>\n<\/li>\n<li class=\"\" data-start=\"1248\" data-end=\"1291\">\n<p class=\"\" data-start=\"1250\" data-end=\"1291\">Interruptor de \u00e9mbolo para detectar el estado de la puerta<\/p>\n<\/li>\n<li class=\"\" data-start=\"1292\" data-end=\"1325\">\n<p class=\"\" data-start=\"1294\" data-end=\"1325\">Resistente al fuego hasta E\/EI120<\/p>\n<\/li>\n<li class=\"\" data-start=\"1326\" data-end=\"1373\">\n<p class=\"\" data-start=\"1328\" data-end=\"1373\">Tecnolog\u00eda HPR\u00ae: se abre a pesar de una presi\u00f3n de fleje de 250 kg<\/p>\n<\/li>\n<li class=\"\" data-start=\"1374\" data-end=\"1402\">\n<p class=\"\" data-start=\"1376\" data-end=\"1402\">Resistencia a la rotura 1.200 kg<\/p>\n<\/li>\n<li class=\"\" data-start=\"1403\" data-end=\"1433\">\n<p class=\"\" data-start=\"1405\" data-end=\"1433\">Dise\u00f1o compacto y reversible<\/p>\n<\/li>\n<li class=\"\" data-start=\"1434\" data-end=\"1477\">\n<p class=\"\" data-start=\"1436\" data-end=\"1477\">A prueba de golpes y equipado con un diodo de protecci\u00f3n.<\/p>\n<\/li>\n<li class=\"\" data-start=\"1478\" data-end=\"1512\">\n<p class=\"\" data-start=\"1480\" data-end=\"1512\">Se adapta a cerraduras de una y dos hojas.<\/p>\n<\/li>\n<\/ul>","protected":false},"excerpt":{"rendered":"<p>Aqu\u00ed podr\u00e1s ver qu\u00e9 postes y modelos encajan entre s\u00ed de la gama de placas de cierre el\u00e9ctricas STEP.<\/p>\n<h5><strong><a href=\"https:\/\/steplock.com\/sv\/stolpguide\/#!?lang=sv&amp;blog_id=1&amp;paged=1&amp;number=50\" target=\"_blank\" rel=\"noopener\">Gu\u00eda de publicaciones STEP\u00a0<\/a><\/strong><\/h5>\n<h5><strong><a href=\"https:\/\/steplock.com\/sv\/projekteringsguide\/#!?lang=sv&amp;blog_id=1&amp;paged=1&amp;number=999\" target=\"_blank\" rel=\"noopener\">Gu\u00eda de dise\u00f1o STEP<\/a><\/strong><\/h5>","protected":false},"featured_media":139893,"template":"","meta":{"_acf_changed":false},"product_brand":[],"product_cat":[3355],"product_tag":[4196,4200],"class_list":{"0":"post-139899","1":"product","2":"type-product","3":"status-publish","4":"has-post-thumbnail","6":"product_cat-elslutbleck","7":"product_tag-12-24v","8":"product_tag-rattvand","9":"product_shipping_class-tunga-paket","10":"pa_brands-step","11":"tm-no-options","13":"first","14":"instock","15":"sale","16":"taxable","17":"shipping-taxable","18":"purchasable","19":"product-type-simple"},"acf":[],"_links":{"self":[{"href":"https:\/\/secureus.se\/es\/wp-json\/wp\/v2\/product\/139899","targetHints":{"allow":["GET"]}}],"collection":[{"href":"https:\/\/secureus.se\/es\/wp-json\/wp\/v2\/product"}],"about":[{"href":"https:\/\/secureus.se\/es\/wp-json\/wp\/v2\/types\/product"}],"wp:featuredmedia":[{"embeddable":true,"href":"https:\/\/secureus.se\/es\/wp-json\/wp\/v2\/media\/139893"}],"wp:attachment":[{"href":"https:\/\/secureus.se\/es\/wp-json\/wp\/v2\/media?parent=139899"}],"wp:term":[{"taxonomy":"product_brand","embeddable":true,"href":"https:\/\/secureus.se\/es\/wp-json\/wp\/v2\/product_brand?post=139899"},{"taxonomy":"product_cat","embeddable":true,"href":"https:\/\/secureus.se\/es\/wp-json\/wp\/v2\/product_cat?post=139899"},{"taxonomy":"product_tag","embeddable":true,"href":"https:\/\/secureus.se\/es\/wp-json\/wp\/v2\/product_tag?post=139899"}],"curies":[{"name":"wp","href":"https:\/\/api.w.org\/{rel}","templated":true}]}}