{"id":139907,"date":"2023-09-26T13:06:19","date_gmt":"2023-09-26T11:06:19","guid":{"rendered":"https:\/\/secureus.se\/elslutbleck-step-98-omvand-12v\/"},"modified":"2026-03-26T09:56:46","modified_gmt":"2026-03-26T08:56:46","slug":"elslutbleck-step-98-omvand-12v","status":"publish","type":"product","link":"https:\/\/secureus.se\/es\/elslutbleck-step-98-omvand-12v\/","title":{"rendered":"Cerradura el\u00e9ctrica STEP 98 Inversa 12V"},"content":{"rendered":"<h1>Cerradura el\u00e9ctrica STEP 98 Inversa 12V<\/h1>\n<p>El cerradero el\u00e9ctrico STEP 98 Preload es un cerradero el\u00e9ctrico homologado para incendios y con clasificaci\u00f3n de seguridad, con alta resistencia a la rotura y capacidad de apertura a pesar de la presi\u00f3n de moldeo.<\/p>\n<p class=\"\" data-start=\"290\" data-end=\"657\">STEP 98 Preload es una cerradura el\u00e9ctrica resistente al fuego dise\u00f1ada para puertas que requieren caracter\u00edsticas de seguridad y un funcionamiento confiable.<\/p>\n<p class=\"\" data-start=\"290\" data-end=\"657\">Esta cerradura el\u00e9ctrica est\u00e1 certificada para resistencia al fuego hasta E\/EI 120 (120 minutos) y est\u00e1 equipada con la tecnolog\u00eda de presi\u00f3n de tira patentada de STEP, lo que significa que la puerta siempre se puede abrir incluso cuando se somete a una presi\u00f3n de hasta 40 kg.<\/p>\n<p class=\"\" data-start=\"659\" data-end=\"1009\">STEP 98 Preload ofrece una funci\u00f3n inversa (bloqueada en posici\u00f3n desenergizada) y es reversible para adaptarse tanto a puertas derechas como izquierdas.<\/p>\n<p class=\"\" data-start=\"659\" data-end=\"1009\">Para mayor seguridad, el producto est\u00e1 equipado con un diodo de protecci\u00f3n y la resistencia a la rotura es de 900 kg.<\/p>\n<p class=\"\" data-start=\"659\" data-end=\"1009\">La cerradura el\u00e9ctrica es excelente para usar donde se requiere alta seguridad, como en oficinas, casas o edificios comerciales.<\/p>\n<p class=\"\" data-start=\"1011\" data-end=\"1028\"><strong data-start=\"1011\" data-end=\"1025\">Caracter\u00edsticas<\/strong>:<\/p>\n<ul data-start=\"1029\" data-end=\"1395\">\n<li class=\"\" data-start=\"1029\" data-end=\"1072\">\n<p class=\"\" data-start=\"1031\" data-end=\"1072\">Funci\u00f3n inversa (bloqueada en posici\u00f3n desenergizada)<\/p>\n<\/li>\n<li class=\"\" data-start=\"1073\" data-end=\"1131\">\n<p class=\"\" data-start=\"1075\" data-end=\"1131\">Aprobado para fuego hasta E\/EI 120 seg\u00fan SS-EN 14846:2008<\/p>\n<\/li>\n<li class=\"\" data-start=\"1132\" data-end=\"1168\">\n<p class=\"\" data-start=\"1134\" data-end=\"1168\">Resistencia a la rotura 9 kN (aprox. 900 kg)<\/p>\n<\/li>\n<li class=\"\" data-start=\"1169\" data-end=\"1256\">\n<p class=\"\" data-start=\"1171\" data-end=\"1256\">Garantiza la apertura a pesar de una presi\u00f3n de la banda de hasta 40 kg en funci\u00f3n de avance y retroceso<\/p>\n<\/li>\n<li class=\"\" data-start=\"1257\" data-end=\"1279\">\n<p class=\"\" data-start=\"1259\" data-end=\"1279\">Diodo de protecci\u00f3n incorporado<\/p>\n<\/li>\n<li class=\"\" data-start=\"1280\" data-end=\"1330\">\n<p class=\"\" data-start=\"1282\" data-end=\"1330\">Reversible para adaptarse a puertas derechas e izquierdas.<\/p>\n<\/li>\n<li class=\"\" data-start=\"1331\" data-end=\"1346\">\n<p class=\"\" data-start=\"1333\" data-end=\"1346\">Antidetonante<\/p>\n<\/li>\n<li class=\"\" data-start=\"1347\" data-end=\"1395\">\n<p class=\"\" data-start=\"1349\" data-end=\"1395\">Capaz de bloquear pernos de gancho o pernos rectos<\/p>\n<\/li>\n<\/ul>\n<p class=\"\" data-start=\"1397\" data-end=\"1428\"><strong data-start=\"1397\" data-end=\"1425\">Especificaciones t\u00e9cnicas<\/strong>:<\/p>\n<ul data-start=\"1429\" data-end=\"2020\">\n<li class=\"\" data-start=\"1429\" data-end=\"1464\">\n<p class=\"\" data-start=\"1431\" data-end=\"1464\"><strong data-start=\"1431\" data-end=\"1454\">Resistencia a la rotura m\u00e1xima.<\/strong>:900 kilos<\/p>\n<\/li>\n<li class=\"\" data-start=\"1465\" data-end=\"1501\">\n<p class=\"\" data-start=\"1467\" data-end=\"1501\"><strong data-start=\"1467\" data-end=\"1483\">Puerta colgante<\/strong>:Derecha, Izquierda<\/p>\n<\/li>\n<li class=\"\" data-start=\"1502\" data-end=\"1526\">\n<p class=\"\" data-start=\"1504\" data-end=\"1526\"><strong data-start=\"1504\" data-end=\"1519\">Cable incluido<\/strong>: No<\/p>\n<\/li>\n<li class=\"\" data-start=\"1527\" data-end=\"1551\">\n<p class=\"\" data-start=\"1529\" data-end=\"1551\"><strong data-start=\"1529\" data-end=\"1542\">Impresi\u00f3n de listas<\/strong>:40 kilos<\/p>\n<\/li>\n<li class=\"\" data-start=\"1552\" data-end=\"1593\">\n<p class=\"\" data-start=\"1554\" data-end=\"1593\"><strong data-start=\"1554\" data-end=\"1564\">Tipo de bloqueo<\/strong>: Cerradura de pestillo simple, Cerradura de pestillo doble<\/p>\n<\/li>\n<li class=\"\" data-start=\"1594\" data-end=\"1622\">\n<p class=\"\" data-start=\"1596\" data-end=\"1622\"><strong data-start=\"1596\" data-end=\"1613\">Ancho del producto<\/strong>:25 mm<\/p>\n<\/li>\n<li class=\"\" data-start=\"1623\" data-end=\"1649\">\n<p class=\"\" data-start=\"1625\" data-end=\"1649\"><strong data-start=\"1625\" data-end=\"1643\">Producto de construcci\u00f3n calificado<\/strong>: S\u00ed<\/p>\n<\/li>\n<li class=\"\" data-start=\"1650\" data-end=\"1677\">\n<p class=\"\" data-start=\"1652\" data-end=\"1677\"><strong data-start=\"1652\" data-end=\"1668\">Producto profundo<\/strong>:35 mm<\/p>\n<\/li>\n<li class=\"\" data-start=\"1678\" data-end=\"1712\">\n<p class=\"\" data-start=\"1680\" data-end=\"1712\"><strong data-start=\"1680\" data-end=\"1705\">Voltaje de funcionamiento 12 V\/24 V<\/strong>: 12 V<\/p>\n<\/li>\n<li class=\"\" data-start=\"1713\" data-end=\"1741\">\n<p class=\"\" data-start=\"1715\" data-end=\"1741\"><strong data-start=\"1715\" data-end=\"1734\">Ca\u00edda con doble giro<\/strong>: No<\/p>\n<\/li>\n<li class=\"\" data-start=\"1742\" data-end=\"1769\">\n<p class=\"\" data-start=\"1744\" data-end=\"1769\"><strong data-start=\"1744\" data-end=\"1762\">EPD verificado<\/strong>: No<\/p>\n<\/li>\n<li class=\"\" data-start=\"1770\" data-end=\"1788\">\n<p class=\"\" data-start=\"1772\" data-end=\"1788\"><strong data-start=\"1772\" data-end=\"1781\">Informaci\u00f3n financiera<\/strong>: No<\/p>\n<\/li>\n<li class=\"\" data-start=\"1789\" data-end=\"1823\">\n<p class=\"\" data-start=\"1791\" data-end=\"1823\"><strong data-start=\"1791\" data-end=\"1812\">Tratamiento de color\/superficie<\/strong>:Acero inoxidable<\/p>\n<\/li>\n<li class=\"\" data-start=\"1824\" data-end=\"1851\">\n<p class=\"\" data-start=\"1826\" data-end=\"1851\"><strong data-start=\"1826\" data-end=\"1842\">Producto de altura<\/strong>:90 mm<\/p>\n<\/li>\n<li class=\"\" data-start=\"1852\" data-end=\"1876\">\n<p class=\"\" data-start=\"1854\" data-end=\"1876\"><strong data-start=\"1854\" data-end=\"1869\">Contacto del pist\u00f3n<\/strong>: No<\/p>\n<\/li>\n<li class=\"\" data-start=\"1877\" data-end=\"1908\">\n<p class=\"\" data-start=\"1879\" data-end=\"1908\"><strong data-start=\"1879\" data-end=\"1898\">Derecha\/Reversa<\/strong>: Contrarrestar<\/p>\n<\/li>\n<li class=\"\" data-start=\"1909\" data-end=\"1935\">\n<p class=\"\" data-start=\"1911\" data-end=\"1935\"><strong data-start=\"1911\" data-end=\"1929\">Voltaje CA\/CC<\/strong>:DC<\/p>\n<\/li>\n<li class=\"\" data-start=\"1936\" data-end=\"1964\">\n<p class=\"\" data-start=\"1938\" data-end=\"1964\"><strong data-start=\"1938\" data-end=\"1954\">Voltaje m\u00e1x.<\/strong>:13,8 V<\/p>\n<\/li>\n<li class=\"\" data-start=\"1965\" data-end=\"1993\">\n<p class=\"\" data-start=\"1967\" data-end=\"1993\"><strong data-start=\"1967\" data-end=\"1983\">Voltaje m\u00ednimo<\/strong>:10,8 V<\/p>\n<\/li>\n<li class=\"\" data-start=\"1994\" data-end=\"2020\">\n<p class=\"\" data-start=\"1996\" data-end=\"2020\"><strong data-start=\"1996\" data-end=\"2014\">SundaHouse calificado<\/strong>: S\u00ed<\/p>\n<\/li>\n<\/ul>","protected":false},"excerpt":{"rendered":"<p>Aqu\u00ed podr\u00e1s ver qu\u00e9 postes y modelos encajan entre s\u00ed de la gama de placas de cierre el\u00e9ctricas STEP.<\/p>\n<h5><strong><a href=\"https:\/\/steplock.com\/sv\/stolpguide\/#!?lang=sv&amp;blog_id=1&amp;paged=1&amp;number=50\" target=\"_blank\" rel=\"noopener\">Gu\u00eda de publicaciones STEP\u00a0<\/a><\/strong><\/h5>\n<h5><strong><a href=\"https:\/\/steplock.com\/sv\/projekteringsguide\/#!?lang=sv&amp;blog_id=1&amp;paged=1&amp;number=999\" target=\"_blank\" rel=\"noopener\">Gu\u00eda de dise\u00f1o STEP<\/a><\/strong><\/h5>","protected":false},"featured_media":139906,"template":"","meta":{"_acf_changed":false},"product_brand":[],"product_cat":[3355],"product_tag":[4198,4201],"class_list":{"0":"post-139907","1":"product","2":"type-product","3":"status-publish","4":"has-post-thumbnail","6":"product_cat-elslutbleck","7":"product_tag-12v","8":"product_tag-omvand","9":"product_shipping_class-tunga-paket","10":"pa_brands-step","11":"tm-no-options","13":"first","14":"onbackorder","15":"sale","16":"taxable","17":"shipping-taxable","18":"purchasable","19":"product-type-simple"},"acf":[],"_links":{"self":[{"href":"https:\/\/secureus.se\/es\/wp-json\/wp\/v2\/product\/139907","targetHints":{"allow":["GET"]}}],"collection":[{"href":"https:\/\/secureus.se\/es\/wp-json\/wp\/v2\/product"}],"about":[{"href":"https:\/\/secureus.se\/es\/wp-json\/wp\/v2\/types\/product"}],"wp:featuredmedia":[{"embeddable":true,"href":"https:\/\/secureus.se\/es\/wp-json\/wp\/v2\/media\/139906"}],"wp:attachment":[{"href":"https:\/\/secureus.se\/es\/wp-json\/wp\/v2\/media?parent=139907"}],"wp:term":[{"taxonomy":"product_brand","embeddable":true,"href":"https:\/\/secureus.se\/es\/wp-json\/wp\/v2\/product_brand?post=139907"},{"taxonomy":"product_cat","embeddable":true,"href":"https:\/\/secureus.se\/es\/wp-json\/wp\/v2\/product_cat?post=139907"},{"taxonomy":"product_tag","embeddable":true,"href":"https:\/\/secureus.se\/es\/wp-json\/wp\/v2\/product_tag?post=139907"}],"curies":[{"name":"wp","href":"https:\/\/api.w.org\/{rel}","templated":true}]}}