{"id":139920,"date":"2023-09-26T13:07:38","date_gmt":"2023-09-26T11:07:38","guid":{"rendered":"https:\/\/secureus.se\/elslutbleck-step-18-vanster-omvand-12v-7mm-regel-connect\/"},"modified":"2026-03-26T09:49:35","modified_gmt":"2026-03-26T08:49:35","slug":"elslutbleck-step-18-vanster-omvand-12v-7mm-regel-connect","status":"publish","type":"product","link":"https:\/\/secureus.se\/es\/elslutbleck-step-18-vanster-omvand-12v-7mm-regel-connect\/","title":{"rendered":"Cerradura el\u00e9ctrica PASO 18 Izquierda Marcha atr\u00e1s 12 V 7 mm Regla Conectar"},"content":{"rendered":"<h1>Cerradura el\u00e9ctrica PASO 18 Izquierda Marcha atr\u00e1s 12 V 7 mm Regla Conectar<\/h1>\n<p>PASO 18 Asegure las puertas que se abren a la izquierda con un perno de conexi\u00f3n de 7 mm. Funci\u00f3n inversa, alta seguridad, clase de fuego E\/EI60, contacto de pist\u00f3n y cable libre de hal\u00f3genos de 5 m.<\/p>\n<p>La cerradura el\u00e9ctrica STEP 18 Secure es una cerradura el\u00e9ctrica de alta seguridad dise\u00f1ada para entornos con altas exigencias de seguridad y fiabilidad.<\/p>\n<p>Gracias a su construcci\u00f3n duradera y su funcionamiento r\u00e1pido, es ideal para puertas con uso intensivo, como en prisiones, bancos u otras instalaciones clasificadas como de seguridad.<\/p>\n<p>Este modelo est\u00e1 dise\u00f1ado para puertas batientes a la izquierda con pist\u00f3n de 7 mm de la serie Connect y tiene una funci\u00f3n inversa, lo que significa que la placa de cierre se desbloquea en caso de un corte de energ\u00eda, una funci\u00f3n a menudo deseada en entornos de evacuaci\u00f3n.<\/p>\n<p class=\"\" data-start=\"778\" data-end=\"1032\">STEP 18 est\u00e1 aprobado para puertas de seguridad hasta RC4 y clase de fuego E\/EI60. Est\u00e1 equipado con un contacto de \u00e9mbolo y un contacto de pestillo que proporciona indicaci\u00f3n del estado de la puerta (abierta\/cerrada, bloqueada\/desbloqueada), lo que lo hace excelente para la integraci\u00f3n en sistemas de control de acceso o alarmas.<\/p>\n<p class=\"\" data-start=\"1034\" data-end=\"1266\">La chapa puede soportar una resistencia a la rotura de hasta 15 kN y una presi\u00f3n de fleje de hasta 500 kg, lo que significa que se abre incluso bajo presi\u00f3n. El cable de conexi\u00f3n de 5 metros sin hal\u00f3genos y el diodo protector incluidos simplifican la instalaci\u00f3n y aumentan la seguridad.<\/p>\n<p class=\"\" data-start=\"1268\" data-end=\"1296\"><strong data-start=\"1268\" data-end=\"1294\">Caracter\u00edsticas y beneficios:<\/strong><\/p>\n<ul data-start=\"1297\" data-end=\"1596\">\n<li class=\"\" data-start=\"1297\" data-end=\"1326\">\n<p class=\"\" data-start=\"1299\" data-end=\"1326\">Se adapta a pernos de conexi\u00f3n de 7 mm<\/p>\n<\/li>\n<li class=\"\" data-start=\"1327\" data-end=\"1355\">\n<p class=\"\" data-start=\"1329\" data-end=\"1355\">Para puertas de hoja izquierda<\/p>\n<\/li>\n<li class=\"\" data-start=\"1356\" data-end=\"1394\">\n<p class=\"\" data-start=\"1358\" data-end=\"1394\">Funci\u00f3n inversa: desbloqueada sin energ\u00eda<\/p>\n<\/li>\n<li class=\"\" data-start=\"1395\" data-end=\"1427\">\n<p class=\"\" data-start=\"1397\" data-end=\"1427\">Resistente al fuego hasta E\/EI60<\/p>\n<\/li>\n<li class=\"\" data-start=\"1428\" data-end=\"1471\">\n<p class=\"\" data-start=\"1430\" data-end=\"1471\">Contacto de pist\u00f3n y pestillo para sistemas de control de acceso<\/p>\n<\/li>\n<li class=\"\" data-start=\"1472\" data-end=\"1498\">\n<p class=\"\" data-start=\"1474\" data-end=\"1498\">Resistencia a la rotura: 15 kN<\/p>\n<\/li>\n<li class=\"\" data-start=\"1499\" data-end=\"1535\">\n<p class=\"\" data-start=\"1501\" data-end=\"1535\">Soporta presi\u00f3n de moldeo de hasta 500 kg.<\/p>\n<\/li>\n<li class=\"\" data-start=\"1536\" data-end=\"1566\">\n<p class=\"\" data-start=\"1538\" data-end=\"1566\">Cable libre de hal\u00f3genos de 5 m incluido<\/p>\n<\/li>\n<li class=\"\" data-start=\"1567\" data-end=\"1596\">\n<p class=\"\" data-start=\"1569\" data-end=\"1596\">Diodo de protecci\u00f3n y protector contra sobretensiones<\/p>\n<\/li>\n<\/ul>","protected":false},"excerpt":{"rendered":"<p>Aqu\u00ed podr\u00e1s ver qu\u00e9 postes y modelos encajan entre s\u00ed de la gama de placas de cierre el\u00e9ctricas STEP.<\/p>\n<h5><strong><a href=\"https:\/\/steplock.com\/sv\/stolpguide\/#!?lang=sv&amp;blog_id=1&amp;paged=1&amp;number=50\" target=\"_blank\" rel=\"noopener\">Gu\u00eda de publicaciones STEP\u00a0<\/a><\/strong><\/h5>\n<h5><strong><a href=\"https:\/\/steplock.com\/sv\/projekteringsguide\/#!?lang=sv&amp;blog_id=1&amp;paged=1&amp;number=999\" target=\"_blank\" rel=\"noopener\">Gu\u00eda de dise\u00f1o STEP<\/a><\/strong><\/h5>","protected":false},"featured_media":139917,"template":"","meta":{"_acf_changed":false},"product_brand":[],"product_cat":[3355],"product_tag":[4198,4201],"class_list":{"0":"post-139920","1":"product","2":"type-product","3":"status-publish","4":"has-post-thumbnail","6":"product_cat-elslutbleck","7":"product_tag-12v","8":"product_tag-omvand","9":"product_shipping_class-tunga-paket","10":"pa_brands-step","11":"tm-no-options","13":"first","14":"instock","15":"sale","16":"taxable","17":"shipping-taxable","18":"purchasable","19":"product-type-simple"},"acf":[],"_links":{"self":[{"href":"https:\/\/secureus.se\/es\/wp-json\/wp\/v2\/product\/139920","targetHints":{"allow":["GET"]}}],"collection":[{"href":"https:\/\/secureus.se\/es\/wp-json\/wp\/v2\/product"}],"about":[{"href":"https:\/\/secureus.se\/es\/wp-json\/wp\/v2\/types\/product"}],"wp:featuredmedia":[{"embeddable":true,"href":"https:\/\/secureus.se\/es\/wp-json\/wp\/v2\/media\/139917"}],"wp:attachment":[{"href":"https:\/\/secureus.se\/es\/wp-json\/wp\/v2\/media?parent=139920"}],"wp:term":[{"taxonomy":"product_brand","embeddable":true,"href":"https:\/\/secureus.se\/es\/wp-json\/wp\/v2\/product_brand?post=139920"},{"taxonomy":"product_cat","embeddable":true,"href":"https:\/\/secureus.se\/es\/wp-json\/wp\/v2\/product_cat?post=139920"},{"taxonomy":"product_tag","embeddable":true,"href":"https:\/\/secureus.se\/es\/wp-json\/wp\/v2\/product_tag?post=139920"}],"curies":[{"name":"wp","href":"https:\/\/api.w.org\/{rel}","templated":true}]}}