{"id":139934,"date":"2023-09-26T13:07:37","date_gmt":"2023-09-26T11:07:37","guid":{"rendered":"https:\/\/secureus.se\/elslutbleck-step-18-vanster-omvand-12v-9mm-regel-connect\/"},"modified":"2026-04-08T16:19:21","modified_gmt":"2026-04-08T14:19:21","slug":"elslutbleck-step-18-vanster-omvand-12v-9mm-regel-connect","status":"publish","type":"product","link":"https:\/\/secureus.se\/es\/elslutbleck-step-18-vanster-omvand-12v-9mm-regel-connect\/","title":{"rendered":"Cerradura el\u00e9ctrica PASO 18 Izquierda Marcha atr\u00e1s 12 V 9 mm Regla Conectar"},"content":{"rendered":"<h1>Cerradura el\u00e9ctrica PASO 18 Izquierda Marcha atr\u00e1s 12 V 9 mm Regla Conectar<\/h1>\n<p>PASO 18 Asegure la cerradura el\u00e9ctrica para puertas batientes a la izquierda con un perno de conexi\u00f3n de 9 mm. Funci\u00f3n inversa, clase de fuego E\/EI60, contacto de pist\u00f3n y alta resistencia a la rotura.<\/p>\n<p class=\"\" data-start=\"237\" data-end=\"695\">La cerradura el\u00e9ctrica STEP 18 Secure es una cerradura el\u00e9ctrica potente y fiable, desarrollada para entornos con exigencias muy altas de seguridad y fiabilidad.<\/p>\n<p class=\"\" data-start=\"237\" data-end=\"695\">Este modelo est\u00e1 dise\u00f1ado para cerraduras de pestillo con pist\u00f3n de 9 mm de la serie Connect y est\u00e1 adaptado para puertas de apertura izquierda.<\/p>\n<p class=\"\" data-start=\"237\" data-end=\"695\">La placa tiene una funci\u00f3n inversa, lo que significa que se desbloquea en la posici\u00f3n desenergizada: perfecta para rutas de escape donde la seguridad debe combinarse con un acceso r\u00e1pido.<\/p>\n<p class=\"\" data-start=\"697\" data-end=\"1029\">El producto tiene clasificaci\u00f3n de resistencia al fuego hasta E\/EI60 y est\u00e1 aprobado para puertas de seguridad hasta RC4, lo que lo hace especialmente adecuado para su uso en, por ejemplo, bancos, prisiones y otros entornos de alto riesgo.<\/p>\n<p class=\"\" data-start=\"697\" data-end=\"1029\">STEP 18 est\u00e1 equipado con un pist\u00f3n y un contacto de pestillo que permite la integraci\u00f3n en sistemas de control de acceso modernos y proporciona una indicaci\u00f3n clara del estado de la puerta.<\/p>\n<p class=\"\" data-start=\"1031\" data-end=\"1259\">La tecnolog\u00eda patentada garantiza una resistencia a la rotura de 15 kN y la chapa se abre incluso con una presi\u00f3n de la tira de hasta 500 kg.<\/p>\n<p class=\"\" data-start=\"1031\" data-end=\"1259\">Se incluye un cable libre de hal\u00f3genos de 5 metros, y un diodo de protecci\u00f3n y un protector contra sobretensiones proporcionan una seguridad extra en la instalaci\u00f3n.<\/p>\n<p class=\"\" data-start=\"1261\" data-end=\"1289\"><strong data-start=\"1261\" data-end=\"1287\">Caracter\u00edsticas y beneficios:<\/strong><\/p>\n<ul data-start=\"1290\" data-end=\"1585\">\n<li class=\"\" data-start=\"1290\" data-end=\"1319\">\n<p class=\"\" data-start=\"1292\" data-end=\"1319\">Se adapta a biela de 9 mm<\/p>\n<\/li>\n<li class=\"\" data-start=\"1320\" data-end=\"1348\">\n<p class=\"\" data-start=\"1322\" data-end=\"1348\">Para puertas de hoja izquierda<\/p>\n<\/li>\n<li class=\"\" data-start=\"1349\" data-end=\"1387\">\n<p class=\"\" data-start=\"1351\" data-end=\"1387\">Funci\u00f3n inversa (desbloqueada sin energ\u00eda)<\/p>\n<\/li>\n<li class=\"\" data-start=\"1388\" data-end=\"1420\">\n<p class=\"\" data-start=\"1390\" data-end=\"1420\">Resistente al fuego hasta E\/EI60<\/p>\n<\/li>\n<li class=\"\" data-start=\"1421\" data-end=\"1464\">\n<p class=\"\" data-start=\"1423\" data-end=\"1464\">Contacto de pist\u00f3n y pestillo para sistemas de control de acceso<\/p>\n<\/li>\n<li class=\"\" data-start=\"1465\" data-end=\"1491\">\n<p class=\"\" data-start=\"1467\" data-end=\"1491\">Resistencia a la rotura: 15 kN<\/p>\n<\/li>\n<li class=\"\" data-start=\"1492\" data-end=\"1525\">\n<p class=\"\" data-start=\"1494\" data-end=\"1525\">Soporta presi\u00f3n de moldeo de hasta 500 kg.<\/p>\n<\/li>\n<li class=\"\" data-start=\"1526\" data-end=\"1556\">\n<p class=\"\" data-start=\"1528\" data-end=\"1556\">Cable de 5 m libre de hal\u00f3genos incluido<\/p>\n<\/li>\n<li class=\"\" data-start=\"1557\" data-end=\"1585\">\n<p class=\"\" data-start=\"1559\" data-end=\"1585\">Diodo de protecci\u00f3n y a prueba de golpes.<\/p>\n<\/li>\n<\/ul>","protected":false},"excerpt":{"rendered":"<p>Aqu\u00ed podr\u00e1s ver qu\u00e9 postes y modelos encajan entre s\u00ed de la gama de placas de cierre el\u00e9ctricas STEP.<\/p>\n<h5><strong><a href=\"https:\/\/steplock.com\/sv\/stolpguide\/#!?lang=sv&amp;blog_id=1&amp;paged=1&amp;number=50\" target=\"_blank\" rel=\"noopener\">Gu\u00eda de publicaciones STEP\u00a0<\/a><\/strong><\/h5>\n<h5><strong><a href=\"https:\/\/steplock.com\/sv\/projekteringsguide\/#!?lang=sv&amp;blog_id=1&amp;paged=1&amp;number=999\" target=\"_blank\" rel=\"noopener\">Gu\u00eda de dise\u00f1o STEP<\/a><\/strong><\/h5>","protected":false},"featured_media":139930,"template":"","meta":{"_acf_changed":false},"product_brand":[],"product_cat":[3355],"product_tag":[4198,4201],"class_list":{"0":"post-139934","1":"product","2":"type-product","3":"status-publish","4":"has-post-thumbnail","6":"product_cat-elslutbleck","7":"product_tag-12v","8":"product_tag-omvand","9":"product_shipping_class-tunga-paket","10":"pa_brands-step","11":"tm-no-options","13":"first","14":"onbackorder","15":"sale","16":"taxable","17":"shipping-taxable","18":"purchasable","19":"product-type-simple"},"acf":[],"_links":{"self":[{"href":"https:\/\/secureus.se\/es\/wp-json\/wp\/v2\/product\/139934","targetHints":{"allow":["GET"]}}],"collection":[{"href":"https:\/\/secureus.se\/es\/wp-json\/wp\/v2\/product"}],"about":[{"href":"https:\/\/secureus.se\/es\/wp-json\/wp\/v2\/types\/product"}],"wp:featuredmedia":[{"embeddable":true,"href":"https:\/\/secureus.se\/es\/wp-json\/wp\/v2\/media\/139930"}],"wp:attachment":[{"href":"https:\/\/secureus.se\/es\/wp-json\/wp\/v2\/media?parent=139934"}],"wp:term":[{"taxonomy":"product_brand","embeddable":true,"href":"https:\/\/secureus.se\/es\/wp-json\/wp\/v2\/product_brand?post=139934"},{"taxonomy":"product_cat","embeddable":true,"href":"https:\/\/secureus.se\/es\/wp-json\/wp\/v2\/product_cat?post=139934"},{"taxonomy":"product_tag","embeddable":true,"href":"https:\/\/secureus.se\/es\/wp-json\/wp\/v2\/product_tag?post=139934"}],"curies":[{"name":"wp","href":"https:\/\/api.w.org\/{rel}","templated":true}]}}