{"id":139946,"date":"2023-09-26T13:07:34","date_gmt":"2023-09-26T11:07:34","guid":{"rendered":"https:\/\/secureus.se\/elslutbleck-step-18-hoger-omvand-12v-9mm-regel-connect\/"},"modified":"2026-04-23T12:42:55","modified_gmt":"2026-04-23T10:42:55","slug":"elslutbleck-step-18-hoger-omvand-12v-9mm-regel-connect","status":"publish","type":"product","link":"https:\/\/secureus.se\/es\/elslutbleck-step-18-hoger-omvand-12v-9mm-regel-connect\/","title":{"rendered":"Cerradura el\u00e9ctrica PASO 18 Derecha Inversa 12V 9mm Regla Conectar"},"content":{"rendered":"<h1>Cerradura el\u00e9ctrica PASO 18 Derecha Inversa 12V 9mm Regla Conectar<\/h1>\n<p>PASO 18 Cerradura el\u00e9ctrica de seguridad con funci\u00f3n inversa para puertas batientes a la derecha. Adaptado para cerrojo Connect de 9 mm, homologado para fuego E\/EI60, contacto de pist\u00f3n y alta seguridad.<\/p>\n<p class=\"\" data-start=\"241\" data-end=\"654\">La cerradura el\u00e9ctrica STEP 18 Secure es una opci\u00f3n premium para entornos de seguridad cr\u00edticos donde tanto la alta resistencia a la intrusi\u00f3n como el funcionamiento confiable son cruciales.<\/p>\n<p class=\"\" data-start=\"241\" data-end=\"654\">Este modelo est\u00e1 dise\u00f1ado para puertas batientes a la derecha y se adapta a cerraduras de pestillo con pistones de 9 mm de la serie Connect.<\/p>\n<p class=\"\" data-start=\"241\" data-end=\"654\">Con funci\u00f3n inversa (se desbloquea en caso de corte de energ\u00eda), es ideal para rutas de escape u otras puertas donde la evacuaci\u00f3n segura es una prioridad.<\/p>\n<p class=\"\" data-start=\"656\" data-end=\"1036\">STEP 18 es parte de la serie Secure de STEP: una serie de cerraduras el\u00e9ctricas dise\u00f1adas para entornos dif\u00edciles como bancos, prisiones y otros lugares con altos requisitos de seguridad.<\/p>\n<p class=\"\" data-start=\"656\" data-end=\"1036\">El producto est\u00e1 aprobado para puertas de seguridad hasta RC4 y tiene clasificaci\u00f3n contra incendios seg\u00fan E\/EI60.<\/p>\n<p class=\"\" data-start=\"656\" data-end=\"1036\">La construcci\u00f3n robusta puede soportar una resistencia a la rotura de hasta 15 kN y la tecnolog\u00eda garantiza el funcionamiento incluso con una presi\u00f3n de tira de hasta 500 kg.<\/p>\n<p class=\"\" data-start=\"1038\" data-end=\"1301\">La placa de cerradura el\u00e9ctrica se suministra con un pist\u00f3n incorporado y un contacto de pestillo para indicaci\u00f3n de estado, lo que facilita la conexi\u00f3n a sistemas de alarma y control de acceso.<\/p>\n<p class=\"\" data-start=\"1038\" data-end=\"1301\">El diodo de protecci\u00f3n y la protecci\u00f3n contra golpes contribuyen a una larga vida \u00fatil y un funcionamiento confiable. Cable de conexi\u00f3n libre de hal\u00f3genos de 5 metros incluido.<\/p>\n<p class=\"\" data-start=\"1303\" data-end=\"1331\"><strong data-start=\"1303\" data-end=\"1329\">Caracter\u00edsticas y beneficios:<\/strong><\/p>\n<ul data-start=\"1332\" data-end=\"1651\">\n<li class=\"\" data-start=\"1332\" data-end=\"1366\">\n<p class=\"\" data-start=\"1334\" data-end=\"1366\">Para pist\u00f3n de 9 mm de la serie Connect<\/p>\n<\/li>\n<li class=\"\" data-start=\"1367\" data-end=\"1412\">\n<p class=\"\" data-start=\"1369\" data-end=\"1412\">Funci\u00f3n inversa: se desbloquea en caso de corte de energ\u00eda<\/p>\n<\/li>\n<li class=\"\" data-start=\"1413\" data-end=\"1432\">\n<p class=\"\" data-start=\"1415\" data-end=\"1432\">Puerta derecha<\/p>\n<\/li>\n<li class=\"\" data-start=\"1433\" data-end=\"1456\">\n<p class=\"\" data-start=\"1435\" data-end=\"1456\">Aprobado para fuego E\/EI60<\/p>\n<\/li>\n<li class=\"\" data-start=\"1457\" data-end=\"1504\">\n<p class=\"\" data-start=\"1459\" data-end=\"1504\">Contacto de pist\u00f3n y pestillo para indicaci\u00f3n de estado<\/p>\n<\/li>\n<li class=\"\" data-start=\"1505\" data-end=\"1531\">\n<p class=\"\" data-start=\"1507\" data-end=\"1531\">Resistencia a la rotura: 15 kN<\/p>\n<\/li>\n<li class=\"\" data-start=\"1532\" data-end=\"1574\">\n<p class=\"\" data-start=\"1534\" data-end=\"1574\">Se abre a pesar de una presi\u00f3n de hasta 500 kg.<\/p>\n<\/li>\n<li class=\"\" data-start=\"1575\" data-end=\"1609\">\n<p class=\"\" data-start=\"1577\" data-end=\"1609\">Cable libre de hal\u00f3genos de 5 metros incluido<\/p>\n<\/li>\n<li class=\"\" data-start=\"1610\" data-end=\"1651\">\n<p class=\"\" data-start=\"1612\" data-end=\"1651\">Diodo de protecci\u00f3n y construcci\u00f3n a prueba de golpes.<\/p>\n<\/li>\n<\/ul>","protected":false},"excerpt":{"rendered":"<p>Aqu\u00ed podr\u00e1s ver qu\u00e9 postes y modelos encajan entre s\u00ed de la gama de placas de cierre el\u00e9ctricas STEP.<\/p>\n<h5><strong><a href=\"https:\/\/steplock.com\/sv\/stolpguide\/#!?lang=sv&amp;blog_id=1&amp;paged=1&amp;number=50\" target=\"_blank\" rel=\"noopener\">Gu\u00eda de publicaciones STEP\u00a0<\/a><\/strong><\/h5>\n<h5><strong><a href=\"https:\/\/steplock.com\/sv\/projekteringsguide\/#!?lang=sv&amp;blog_id=1&amp;paged=1&amp;number=999\" target=\"_blank\" rel=\"noopener\">Gu\u00eda de dise\u00f1o STEP<\/a><\/strong><\/h5>","protected":false},"featured_media":139944,"template":"","meta":{"_acf_changed":false},"product_brand":[],"product_cat":[3355],"product_tag":[4198,4201],"class_list":{"0":"post-139946","1":"product","2":"type-product","3":"status-publish","4":"has-post-thumbnail","6":"product_cat-elslutbleck","7":"product_tag-12v","8":"product_tag-omvand","9":"product_shipping_class-tunga-paket","10":"pa_brands-step","11":"tm-no-options","13":"first","14":"onbackorder","15":"sale","16":"taxable","17":"shipping-taxable","18":"purchasable","19":"product-type-simple"},"acf":[],"_links":{"self":[{"href":"https:\/\/secureus.se\/es\/wp-json\/wp\/v2\/product\/139946","targetHints":{"allow":["GET"]}}],"collection":[{"href":"https:\/\/secureus.se\/es\/wp-json\/wp\/v2\/product"}],"about":[{"href":"https:\/\/secureus.se\/es\/wp-json\/wp\/v2\/types\/product"}],"wp:featuredmedia":[{"embeddable":true,"href":"https:\/\/secureus.se\/es\/wp-json\/wp\/v2\/media\/139944"}],"wp:attachment":[{"href":"https:\/\/secureus.se\/es\/wp-json\/wp\/v2\/media?parent=139946"}],"wp:term":[{"taxonomy":"product_brand","embeddable":true,"href":"https:\/\/secureus.se\/es\/wp-json\/wp\/v2\/product_brand?post=139946"},{"taxonomy":"product_cat","embeddable":true,"href":"https:\/\/secureus.se\/es\/wp-json\/wp\/v2\/product_cat?post=139946"},{"taxonomy":"product_tag","embeddable":true,"href":"https:\/\/secureus.se\/es\/wp-json\/wp\/v2\/product_tag?post=139946"}],"curies":[{"name":"wp","href":"https:\/\/api.w.org\/{rel}","templated":true}]}}