{"id":139960,"date":"2023-09-26T13:07:27","date_gmt":"2023-09-26T11:07:27","guid":{"rendered":"https:\/\/secureus.se\/elslutbleck-step-28e-hoger-rattvand-12v-9mm-regel\/"},"modified":"2026-04-08T16:28:15","modified_gmt":"2026-04-08T14:28:15","slug":"elslutbleck-step-28e-hoger-rattvand-12v-9mm-regel","status":"publish","type":"product","link":"https:\/\/secureus.se\/es\/elslutbleck-step-28e-hoger-rattvand-12v-9mm-regel\/","title":{"rendered":"Cerradura el\u00e9ctrica STEP 28E Derecha Recta 12V Regla de 9mm"},"content":{"rendered":"<h1>Cerradura el\u00e9ctrica STEP 28E Derecha Recta 12V Regla de 9mm<\/h1>\n<p>STEP 28E Abrepuertas el\u00e9ctrico de seguridad con funci\u00f3n derecha, adaptado para puertas de apertura a la derecha y pist\u00f3n de 9 mm de la serie Connect. Clase de fuego E\/EI 60. Incl. Cable de 5 metros.<\/p>\n<p class=\"\" data-start=\"233\" data-end=\"584\">La cerradura el\u00e9ctrica STEP 28E Secure es una cerradura el\u00e9ctrica confiable dise\u00f1ada para entornos de seguridad donde se combinan requisitos de resistencia a la intrusi\u00f3n, clasificaci\u00f3n de incendios y evacuaci\u00f3n.<\/p>\n<p class=\"\" data-start=\"233\" data-end=\"584\">Este modelo est\u00e1 adaptado para puertas batientes con pestillo de 9 mm de la serie Connect y se utiliza junto con una cerradura de pestillo o cerradura de seguridad para obtener el m\u00e1ximo efecto de bloqueo.<\/p>\n<p class=\"\" data-start=\"586\" data-end=\"872\">Con su funci\u00f3n inversa, la placa de cierre el\u00e9ctrica permanece bloqueada en la posici\u00f3n desenergizada: una caracter\u00edstica de seguridad que protege la puerta en caso de un corte de energ\u00eda.<\/p>\n<p class=\"\" data-start=\"586\" data-end=\"872\">Est\u00e1 certificado seg\u00fan la clase de protecci\u00f3n contra incendios E\/EI 60 y es una excelente opci\u00f3n para instalaciones en las que se deben combinar puertas con automatizaci\u00f3n de puertas o tiradores.<\/p>\n<p class=\"\" data-start=\"874\" data-end=\"1253\">STEP 28E est\u00e1 equipado con un interruptor de \u00e9mbolo y un interruptor de pestillo, que permite un monitoreo preciso del estado de la puerta (abierta\/cerrada y bloqueada\/desbloqueada) a trav\u00e9s de sistemas de control de acceso o sistemas de alarma.<\/p>\n<p class=\"\" data-start=\"874\" data-end=\"1253\">La construcci\u00f3n robusta soporta una resistencia a la rotura de m\u00e1s de 15 kN y tambi\u00e9n funciona con una presi\u00f3n de tira de hasta 500 kg.<\/p>\n<p class=\"\" data-start=\"874\" data-end=\"1253\">El producto es a prueba de manipulaciones y se suministra con un cable de conexi\u00f3n libre de hal\u00f3genos de 5 metros.<\/p>\n<p class=\"\" data-start=\"1255\" data-end=\"1283\"><strong data-start=\"1255\" data-end=\"1281\">Caracter\u00edsticas y beneficios:<\/strong><\/p>\n<ul data-start=\"1284\" data-end=\"1581\">\n<li class=\"\" data-start=\"1284\" data-end=\"1331\">\n<p class=\"\" data-start=\"1286\" data-end=\"1331\">Para cerraduras de pestillo con pist\u00f3n de 9 mm de la serie Connect<\/p>\n<\/li>\n<li class=\"\" data-start=\"1332\" data-end=\"1377\">\n<p class=\"\" data-start=\"1334\" data-end=\"1377\">Funci\u00f3n correcta: bloqueado en posici\u00f3n desenergizada<\/p>\n<\/li>\n<li class=\"\" data-start=\"1378\" data-end=\"1413\">\n<p class=\"\" data-start=\"1380\" data-end=\"1413\">Adaptado para puertas batientes a la derecha<\/p>\n<\/li>\n<li class=\"\" data-start=\"1414\" data-end=\"1447\">\n<p class=\"\" data-start=\"1416\" data-end=\"1447\">Aprobado para fuego hasta E\/EI 60<\/p>\n<\/li>\n<li class=\"\" data-start=\"1448\" data-end=\"1482\">\n<p class=\"\" data-start=\"1450\" data-end=\"1482\">Interruptor de pist\u00f3n y pestillo incorporado<\/p>\n<\/li>\n<li class=\"\" data-start=\"1483\" data-end=\"1516\">\n<p class=\"\" data-start=\"1485\" data-end=\"1516\">Soporta presi\u00f3n de moldeo de hasta 500 kg.<\/p>\n<\/li>\n<li class=\"\" data-start=\"1517\" data-end=\"1547\">\n<p class=\"\" data-start=\"1519\" data-end=\"1547\">Resistencia a la rotura superior a 15 kN<\/p>\n<\/li>\n<li class=\"\" data-start=\"1548\" data-end=\"1581\">\n<p class=\"\" data-start=\"1550\" data-end=\"1581\">Incluye cable libre de hal\u00f3genos de 5 m.<\/p>\n<\/li>\n<\/ul>","protected":false},"excerpt":{"rendered":"<p>Aqu\u00ed podr\u00e1s ver qu\u00e9 postes y modelos encajan entre s\u00ed de la gama de placas de cierre el\u00e9ctricas STEP.<\/p>\n<h5><strong><a href=\"https:\/\/steplock.com\/sv\/stolpguide\/#!?lang=sv&amp;blog_id=1&amp;paged=1&amp;number=50\" target=\"_blank\" rel=\"noopener\">Gu\u00eda de publicaciones STEP\u00a0<\/a><\/strong><\/h5>\n<h5><strong><a href=\"https:\/\/steplock.com\/sv\/projekteringsguide\/#!?lang=sv&amp;blog_id=1&amp;paged=1&amp;number=999\" target=\"_blank\" rel=\"noopener\">Gu\u00eda de dise\u00f1o STEP<\/a><\/strong><\/h5>","protected":false},"featured_media":139956,"template":"","meta":{"_acf_changed":false},"product_brand":[],"product_cat":[3355],"product_tag":[4198,4200],"class_list":{"0":"post-139960","1":"product","2":"type-product","3":"status-publish","4":"has-post-thumbnail","6":"product_cat-elslutbleck","7":"product_tag-12v","8":"product_tag-rattvand","9":"product_shipping_class-tunga-paket","10":"pa_brands-step","11":"tm-no-options","13":"first","14":"instock","15":"sale","16":"taxable","17":"shipping-taxable","18":"purchasable","19":"product-type-simple"},"acf":[],"_links":{"self":[{"href":"https:\/\/secureus.se\/es\/wp-json\/wp\/v2\/product\/139960","targetHints":{"allow":["GET"]}}],"collection":[{"href":"https:\/\/secureus.se\/es\/wp-json\/wp\/v2\/product"}],"about":[{"href":"https:\/\/secureus.se\/es\/wp-json\/wp\/v2\/types\/product"}],"wp:featuredmedia":[{"embeddable":true,"href":"https:\/\/secureus.se\/es\/wp-json\/wp\/v2\/media\/139956"}],"wp:attachment":[{"href":"https:\/\/secureus.se\/es\/wp-json\/wp\/v2\/media?parent=139960"}],"wp:term":[{"taxonomy":"product_brand","embeddable":true,"href":"https:\/\/secureus.se\/es\/wp-json\/wp\/v2\/product_brand?post=139960"},{"taxonomy":"product_cat","embeddable":true,"href":"https:\/\/secureus.se\/es\/wp-json\/wp\/v2\/product_cat?post=139960"},{"taxonomy":"product_tag","embeddable":true,"href":"https:\/\/secureus.se\/es\/wp-json\/wp\/v2\/product_tag?post=139960"}],"curies":[{"name":"wp","href":"https:\/\/api.w.org\/{rel}","templated":true}]}}