{"id":139969,"date":"2023-09-26T13:07:11","date_gmt":"2023-09-26T11:07:11","guid":{"rendered":"https:\/\/secureus.se\/elslutbleck-step-28e-hoger-rattvand-12v-12mm-regel\/"},"modified":"2026-04-08T16:32:04","modified_gmt":"2026-04-08T14:32:04","slug":"elslutbleck-step-28e-hoger-rattvand-12v-12mm-regel","status":"publish","type":"product","link":"https:\/\/secureus.se\/es\/elslutbleck-step-28e-hoger-rattvand-12v-12mm-regel\/","title":{"rendered":"Cerradura el\u00e9ctrica STEP 28E Derecha Recta 12V Regla de 12mm"},"content":{"rendered":"<h1>Cerradura el\u00e9ctrica STEP 28E Derecha Recta 12V Regla de 12mm<\/h1>\n<p>STEP 28E Secure es una cerradura el\u00e9ctrica homologada para uso contra incendios con alta resistencia a la intrusi\u00f3n y funci\u00f3n de retenci\u00f3n de puerta.<\/p>\n<p>Perfecto para puertas de seguridad con altos requisitos de resistencia al fuego y evacuaci\u00f3n.<\/p>\n<p class=\"\" data-start=\"349\" data-end=\"786\">El abrepuertas el\u00e9ctrico STEP 28E Secure es una soluci\u00f3n fiable para puertas que requieren tanto seguridad como resistencia al fuego, especialmente cuando se deben combinar la evacuaci\u00f3n y la automatizaci\u00f3n de la puerta.<\/p>\n<p class=\"\" data-start=\"349\" data-end=\"786\">Est\u00e1 dise\u00f1ado para ser utilizado con cerraduras de pestillo con perno de 12 mm de la serie Modul y es perfecto para puertas de apertura a la derecha.<\/p>\n<p class=\"\" data-start=\"349\" data-end=\"786\">STEP 28E Secure cumple con los requisitos de resistencia al fuego hasta E\/EI 60, lo que lo convierte en una excelente opci\u00f3n para puertas que necesitan resistir el fuego durante al menos 60 minutos.<\/p>\n<p class=\"\" data-start=\"788\" data-end=\"1182\">Con su contacto de pist\u00f3n incorporado, el estado de la puerta (cerrada\/abierta) y el estado de la cerradura (bloqueada\/desbloqueada) se pueden integrar f\u00e1cilmente en los sistemas de control de acceso y sistemas de alarma.<\/p>\n<p class=\"\" data-start=\"788\" data-end=\"1182\">STEP 28E Secure tiene una resistencia a la rotura de m\u00e1s de 15 kN (aprox. 1500 kg) y garantiza que la puerta se abra a pesar de una presi\u00f3n de tira de 5 kN (aprox. 500 kg) tanto en funci\u00f3n de avance como de retroceso.<\/p>\n<p class=\"\" data-start=\"788\" data-end=\"1182\">Tambi\u00e9n se incluye un cable de conexi\u00f3n libre de hal\u00f3genos de 5 metros para una f\u00e1cil instalaci\u00f3n.<\/p>\n<p class=\"\" data-start=\"1184\" data-end=\"1199\"><strong data-start=\"1184\" data-end=\"1199\">Caracter\u00edsticas:<\/strong><\/p>\n<ul data-start=\"1200\" data-end=\"1682\">\n<li class=\"\" data-start=\"1200\" data-end=\"1243\">\n<p class=\"\" data-start=\"1202\" data-end=\"1243\">Para cerraduras de pestillo con pist\u00f3n de 12 mm de la serie Modul<\/p>\n<\/li>\n<li class=\"\" data-start=\"1244\" data-end=\"1287\">\n<p class=\"\" data-start=\"1246\" data-end=\"1287\">Funci\u00f3n correcta (bloqueado en posici\u00f3n desenergizada)<\/p>\n<\/li>\n<li class=\"\" data-start=\"1288\" data-end=\"1312\">\n<p class=\"\" data-start=\"1290\" data-end=\"1312\">Para puertas batientes a la derecha<\/p>\n<\/li>\n<li class=\"\" data-start=\"1313\" data-end=\"1344\">\n<p class=\"\" data-start=\"1315\" data-end=\"1344\">Aprobado para fuego hasta E\/EI 60<\/p>\n<\/li>\n<li class=\"\" data-start=\"1345\" data-end=\"1396\">\n<p class=\"\" data-start=\"1347\" data-end=\"1396\">Microinterruptor unipolar conmutador, m\u00e1x. 30 V CC, 1 A<\/p>\n<\/li>\n<li class=\"\" data-start=\"1397\" data-end=\"1499\">\n<p class=\"\" data-start=\"1399\" data-end=\"1499\">Indicaci\u00f3n del estado de la puerta (cerrada\/abierta) y del estado de la cerradura (bloqueada\/desbloqueada) mediante contacto de pist\u00f3n y contacto de pestillo<\/p>\n<\/li>\n<li class=\"\" data-start=\"1500\" data-end=\"1541\">\n<p class=\"\" data-start=\"1502\" data-end=\"1541\">Resistencia a la rotura superior a 15 kN (aprox. 1500 kg)<\/p>\n<\/li>\n<li class=\"\" data-start=\"1542\" data-end=\"1617\">\n<p class=\"\" data-start=\"1544\" data-end=\"1617\">Se abre a pesar de una presi\u00f3n de banda de 5 kN (aprox. 500 kg) en funci\u00f3n de avance y retroceso.<\/p>\n<\/li>\n<li class=\"\" data-start=\"1618\" data-end=\"1682\">\n<p class=\"\" data-start=\"1620\" data-end=\"1682\">A prueba de golpes e incluye 5 metros de cable de conexi\u00f3n libre de hal\u00f3genos.<\/p>\n<\/li>\n<\/ul>\n<p class=\"\" data-start=\"1684\" data-end=\"1713\"><strong data-start=\"1684\" data-end=\"1713\">Especificaciones t\u00e9cnicas:<\/strong><\/p>\n<ul data-start=\"1714\" data-end=\"2289\">\n<li class=\"\" data-start=\"1714\" data-end=\"1806\">\n<p class=\"\" data-start=\"1716\" data-end=\"1806\">Alimentaci\u00f3n: 12 V CC (+15% -10%) 1000 mA desbloqueado o 24 V CC (+15% -10%) 500 mA desbloqueado<\/p>\n<\/li>\n<li class=\"\" data-start=\"1807\" data-end=\"1847\">\n<p class=\"\" data-start=\"1809\" data-end=\"1847\">Durabilidad: Grado Y seg\u00fan SS-EN 14846<\/p>\n<\/li>\n<li class=\"\" data-start=\"1848\" data-end=\"1887\">\n<p class=\"\" data-start=\"1850\" data-end=\"1887\">Corrosi\u00f3n: Grado M seg\u00fan SS-EN 14846<\/p>\n<\/li>\n<li class=\"\" data-start=\"1888\" data-end=\"1926\">\n<p class=\"\" data-start=\"1890\" data-end=\"1926\">Seguridad: Grado 7 seg\u00fan SS-EN 14846<\/p>\n<\/li>\n<li class=\"\" data-start=\"1927\" data-end=\"2017\">\n<p class=\"\" data-start=\"1929\" data-end=\"2017\">Manipulaci\u00f3n el\u00e9ctrica de seguridad: Grado 3 (orientado hacia adelante) Grado 1 (orientado hacia atr\u00e1s) seg\u00fan SS-EN 14846<\/p>\n<\/li>\n<li class=\"\" data-start=\"2018\" data-end=\"2039\">\n<p class=\"\" data-start=\"2020\" data-end=\"2039\">Prueba de fuego: 60 min<\/p>\n<\/li>\n<li class=\"\" data-start=\"2040\" data-end=\"2066\">\n<p class=\"\" data-start=\"2042\" data-end=\"2066\">Resistencia a la rotura: 1500 kg<\/p>\n<\/li>\n<li class=\"\" data-start=\"2067\" data-end=\"2088\">\n<p class=\"\" data-start=\"2069\" data-end=\"2088\">Bisagra de la puerta: Derecha<\/p>\n<\/li>\n<li class=\"\" data-start=\"2089\" data-end=\"2143\">\n<p class=\"\" data-start=\"2091\" data-end=\"2143\">Cable incluido: S\u00ed, cable de conexi\u00f3n libre de hal\u00f3genos de 5 metros<\/p>\n<\/li>\n<li class=\"\" data-start=\"2144\" data-end=\"2163\">\n<p class=\"\" data-start=\"2146\" data-end=\"2163\">Presi\u00f3n de lista: 500 kg<\/p>\n<\/li>\n<li class=\"\" data-start=\"2164\" data-end=\"2195\">\n<p class=\"\" data-start=\"2166\" data-end=\"2195\">Tipo de cerradura: Cerradura de gancho, Cerradura con pestillo<\/p>\n<\/li>\n<li class=\"\" data-start=\"2196\" data-end=\"2250\">\n<p class=\"\" data-start=\"2198\" data-end=\"2250\">Dimensiones del producto: Ancho: 35 mm, Profundidad: 40 mm, Altura: 230 mm<\/p>\n<\/li>\n<li class=\"\" data-start=\"2251\" data-end=\"2268\">\n<p class=\"\" data-start=\"2253\" data-end=\"2268\">Contacto del pist\u00f3n: S\u00ed<\/p>\n<\/li>\n<li class=\"\" data-start=\"2269\" data-end=\"2289\">\n<p class=\"\" data-start=\"2271\" data-end=\"2289\">Voltaje CA\/CC: CC<\/p>\n<\/li>\n<\/ul>","protected":false},"excerpt":{"rendered":"<p>Aqu\u00ed podr\u00e1s ver qu\u00e9 postes y modelos encajan entre s\u00ed de la gama de placas de cierre el\u00e9ctricas STEP.<\/p>\n<h5><strong><a href=\"https:\/\/steplock.com\/sv\/stolpguide\/#!?lang=sv&amp;blog_id=1&amp;paged=1&amp;number=50\" target=\"_blank\" rel=\"noopener\">Gu\u00eda de publicaciones STEP\u00a0<\/a><\/strong><\/h5>\n<h5><strong><a href=\"https:\/\/steplock.com\/sv\/projekteringsguide\/#!?lang=sv&amp;blog_id=1&amp;paged=1&amp;number=999\" target=\"_blank\" rel=\"noopener\">Gu\u00eda de dise\u00f1o STEP<\/a><\/strong><\/h5>","protected":false},"featured_media":139967,"template":"","meta":{"_acf_changed":false},"product_brand":[],"product_cat":[3355],"product_tag":[4198,4200],"class_list":{"0":"post-139969","1":"product","2":"type-product","3":"status-publish","4":"has-post-thumbnail","6":"product_cat-elslutbleck","7":"product_tag-12v","8":"product_tag-rattvand","9":"product_shipping_class-tunga-paket","10":"pa_brands-step","11":"tm-no-options","13":"first","14":"onbackorder","15":"sale","16":"taxable","17":"shipping-taxable","18":"purchasable","19":"product-type-simple"},"acf":[],"_links":{"self":[{"href":"https:\/\/secureus.se\/es\/wp-json\/wp\/v2\/product\/139969","targetHints":{"allow":["GET"]}}],"collection":[{"href":"https:\/\/secureus.se\/es\/wp-json\/wp\/v2\/product"}],"about":[{"href":"https:\/\/secureus.se\/es\/wp-json\/wp\/v2\/types\/product"}],"wp:featuredmedia":[{"embeddable":true,"href":"https:\/\/secureus.se\/es\/wp-json\/wp\/v2\/media\/139967"}],"wp:attachment":[{"href":"https:\/\/secureus.se\/es\/wp-json\/wp\/v2\/media?parent=139969"}],"wp:term":[{"taxonomy":"product_brand","embeddable":true,"href":"https:\/\/secureus.se\/es\/wp-json\/wp\/v2\/product_brand?post=139969"},{"taxonomy":"product_cat","embeddable":true,"href":"https:\/\/secureus.se\/es\/wp-json\/wp\/v2\/product_cat?post=139969"},{"taxonomy":"product_tag","embeddable":true,"href":"https:\/\/secureus.se\/es\/wp-json\/wp\/v2\/product_tag?post=139969"}],"curies":[{"name":"wp","href":"https:\/\/api.w.org\/{rel}","templated":true}]}}