{"id":139992,"date":"2023-09-26T13:07:03","date_gmt":"2023-09-26T11:07:03","guid":{"rendered":"https:\/\/secureus.se\/elslutbleck-step-18-vanster-rattvand-24v-10mm-regel-modul\/"},"modified":"2026-04-23T12:47:33","modified_gmt":"2026-04-23T10:47:33","slug":"elslutbleck-step-18-vanster-rattvand-24v-10mm-regel-modul","status":"publish","type":"product","link":"https:\/\/secureus.se\/es\/elslutbleck-step-18-vanster-rattvand-24v-10mm-regel-modul\/","title":{"rendered":"Cerradura el\u00e9ctrica PASO 18 M\u00f3dulo de cerrojo de 10 mm, 24 V, izquierda y derecha"},"content":{"rendered":"<h1>Cerradura el\u00e9ctrica PASO 18 M\u00f3dulo de cerrojo de 10 mm, 24 V, izquierda y derecha<\/h1>\n<p>STEP 18 Secure es un cerradero el\u00e9ctrico cortafuegos para cerraduras de pestillo con pist\u00f3n de 10 mm de la serie Modul, dise\u00f1ado para puertas de seguridad con alta resistencia a la intrusi\u00f3n.<\/p>\n<p>Equipado con un contacto de pist\u00f3n y una resistencia a la rotura de 1500 kg.<\/p>\n<p class=\"\" data-start=\"388\" data-end=\"787\">La cerradura el\u00e9ctrica STEP 18 Secure forma parte de la serie Secure de STEP y ofrece la m\u00e1xima seguridad para puertas con altos requisitos de protecci\u00f3n antiintrusi\u00f3n.<\/p>\n<p class=\"\" data-start=\"388\" data-end=\"787\">Es especialmente adecuado para instalaciones donde las puertas se abren y cierran con frecuencia, por lo que es perfecto para puertas en lugares como prisiones o bancos.<\/p>\n<p class=\"\" data-start=\"388\" data-end=\"787\">STEP 18 Secure est\u00e1 aprobado para bloquear puertas de seguridad hasta RC4 y contra incendios hasta E\/EI 60.<\/p>\n<p class=\"\" data-start=\"789\" data-end=\"1103\">Con una resistencia a la rotura de 15 kN (aprox. 1500 kg) y la capacidad de abrirse a pesar de una presi\u00f3n de tira de 5 kN (aprox. 500 kg), STEP 18 Secure ofrece seguridad confiable y durabilidad.<\/p>\n<p class=\"\" data-start=\"789\" data-end=\"1103\">El interruptor de pist\u00f3n incorporado proporciona indicaci\u00f3n del estado cerrado\/abierto de la puerta, lo que facilita la conexi\u00f3n a sistemas de control de acceso y sistemas de alarma.<\/p>\n<p class=\"\" data-start=\"1105\" data-end=\"1357\">La funci\u00f3n inversa significa que la puerta se desbloquea en una posici\u00f3n desenergizada, lo que la convierte en una soluci\u00f3n flexible para puertas de seguridad que deben poder abrirse r\u00e1pida y f\u00e1cilmente cuando sea necesario.<\/p>\n<p class=\"\" data-start=\"1105\" data-end=\"1357\">Se incluye un cable de conexi\u00f3n libre de hal\u00f3genos de 5 metros para una f\u00e1cil instalaci\u00f3n.<\/p>\n<p class=\"\" data-start=\"1359\" data-end=\"1374\"><strong data-start=\"1359\" data-end=\"1374\">Caracter\u00edsticas:<\/strong><\/p>\n<ul data-start=\"1375\" data-end=\"1943\">\n<li class=\"\" data-start=\"1375\" data-end=\"1419\">\n<p class=\"\" data-start=\"1377\" data-end=\"1419\">Para cerraduras de pestillo con pist\u00f3n de 10 mm de la serie Modul<\/p>\n<\/li>\n<li class=\"\" data-start=\"1420\" data-end=\"1462\">\n<p class=\"\" data-start=\"1422\" data-end=\"1462\">Funci\u00f3n inversa (desbloqueada en posici\u00f3n desenergizada)<\/p>\n<\/li>\n<li class=\"\" data-start=\"1463\" data-end=\"1489\">\n<p class=\"\" data-start=\"1465\" data-end=\"1489\">Para puertas de hoja izquierda<\/p>\n<\/li>\n<li class=\"\" data-start=\"1490\" data-end=\"1521\">\n<p class=\"\" data-start=\"1492\" data-end=\"1521\">Aprobado para fuego hasta E\/EI 60<\/p>\n<\/li>\n<li class=\"\" data-start=\"1522\" data-end=\"1632\">\n<p class=\"\" data-start=\"1524\" data-end=\"1632\">Indicaci\u00f3n incorporada del estado de la puerta (cerrada\/abierta) a trav\u00e9s del contacto del pist\u00f3n y del estado de bloqueo (bloqueado\/desbloqueado) a trav\u00e9s del contacto del pestillo<\/p>\n<\/li>\n<li class=\"\" data-start=\"1633\" data-end=\"1671\">\n<p class=\"\" data-start=\"1635\" data-end=\"1671\">Diodo de protecci\u00f3n incorporado para mayor seguridad.<\/p>\n<\/li>\n<li class=\"\" data-start=\"1672\" data-end=\"1711\">\n<p class=\"\" data-start=\"1674\" data-end=\"1711\">Resistencia a la rotura de 15 kN (aprox. 1500 kg)<\/p>\n<\/li>\n<li class=\"\" data-start=\"1712\" data-end=\"1792\">\n<p class=\"\" data-start=\"1714\" data-end=\"1792\">Se abre a pesar de una presi\u00f3n de banda de 5 kN (aprox. 500 kg) tanto en funci\u00f3n de avance como de retroceso.<\/p>\n<\/li>\n<li class=\"\" data-start=\"1793\" data-end=\"1852\">\n<p class=\"\" data-start=\"1795\" data-end=\"1852\">A prueba de golpes y reversible para puertas de apertura derecha e izquierda.<\/p>\n<\/li>\n<li class=\"\" data-start=\"1853\" data-end=\"1899\">\n<p class=\"\" data-start=\"1855\" data-end=\"1899\">Capaz de bloquear pernos de gancho o pernos rectos<\/p>\n<\/li>\n<li class=\"\" data-start=\"1900\" data-end=\"1943\">\n<p class=\"\" data-start=\"1902\" data-end=\"1943\">Cable de conexi\u00f3n libre de hal\u00f3genos de 5 metros incluido<\/p>\n<\/li>\n<\/ul>\n<p class=\"\" data-start=\"1945\" data-end=\"1974\"><strong data-start=\"1945\" data-end=\"1974\">Especificaciones t\u00e9cnicas:<\/strong><\/p>\n<ul data-start=\"1975\" data-end=\"2616\">\n<li class=\"\" data-start=\"1975\" data-end=\"2066\">\n<p class=\"\" data-start=\"1977\" data-end=\"2066\">Alimentaci\u00f3n: 12 V CC (+15% -10%) 639 mA desbloqueado o 24 V CC (+15% -10%) 313 mA desbloqueado<\/p>\n<\/li>\n<li class=\"\" data-start=\"2067\" data-end=\"2131\">\n<p class=\"\" data-start=\"2069\" data-end=\"2131\">Contacto de pist\u00f3n: Microinterruptor unipolar inversor, m\u00e1x. 30 V CC, 1 A<\/p>\n<\/li>\n<li class=\"\" data-start=\"2132\" data-end=\"2172\">\n<p class=\"\" data-start=\"2134\" data-end=\"2172\">Durabilidad: Grado Y seg\u00fan SS-EN 14846<\/p>\n<\/li>\n<li class=\"\" data-start=\"2173\" data-end=\"2212\">\n<p class=\"\" data-start=\"2175\" data-end=\"2212\">Corrosi\u00f3n: Grado M seg\u00fan SS-EN 14846<\/p>\n<\/li>\n<li class=\"\" data-start=\"2213\" data-end=\"2251\">\n<p class=\"\" data-start=\"2215\" data-end=\"2251\">Seguridad: Grado 7 seg\u00fan SS-EN 14846<\/p>\n<\/li>\n<li class=\"\" data-start=\"2252\" data-end=\"2342\">\n<p class=\"\" data-start=\"2254\" data-end=\"2342\">Manipulaci\u00f3n el\u00e9ctrica de seguridad: Grado 3 (orientado hacia adelante) Grado 1 (orientado hacia atr\u00e1s) seg\u00fan SS-EN 14846<\/p>\n<\/li>\n<li class=\"\" data-start=\"2343\" data-end=\"2364\">\n<p class=\"\" data-start=\"2345\" data-end=\"2364\">Prueba de fuego: 60 min<\/p>\n<\/li>\n<li class=\"\" data-start=\"2365\" data-end=\"2391\">\n<p class=\"\" data-start=\"2367\" data-end=\"2391\">Resistencia a la rotura: 1500 kg<\/p>\n<\/li>\n<li class=\"\" data-start=\"2392\" data-end=\"2415\">\n<p class=\"\" data-start=\"2394\" data-end=\"2415\">Bisagra de la puerta: izquierda<\/p>\n<\/li>\n<li class=\"\" data-start=\"2416\" data-end=\"2470\">\n<p class=\"\" data-start=\"2418\" data-end=\"2470\">Cable incluido: S\u00ed, cable de conexi\u00f3n libre de hal\u00f3genos de 5 metros<\/p>\n<\/li>\n<li class=\"\" data-start=\"2471\" data-end=\"2490\">\n<p class=\"\" data-start=\"2473\" data-end=\"2490\">Presi\u00f3n de lista: 500 kg<\/p>\n<\/li>\n<li class=\"\" data-start=\"2491\" data-end=\"2522\">\n<p class=\"\" data-start=\"2493\" data-end=\"2522\">Tipo de cerradura: Cerradura de gancho, Cerradura con pestillo<\/p>\n<\/li>\n<li class=\"\" data-start=\"2523\" data-end=\"2577\">\n<p class=\"\" data-start=\"2525\" data-end=\"2577\">Dimensiones del producto: Ancho: 35 mm, Profundidad: 40 mm, Altura: 230 mm<\/p>\n<\/li>\n<li class=\"\" data-start=\"2578\" data-end=\"2595\">\n<p class=\"\" data-start=\"2580\" data-end=\"2595\">Contacto del pist\u00f3n: S\u00ed<\/p>\n<\/li>\n<li class=\"\" data-start=\"2596\" data-end=\"2616\">\n<p class=\"\" data-start=\"2598\" data-end=\"2616\">Voltaje CA\/CC: CC<\/p>\n<\/li>\n<\/ul>","protected":false},"excerpt":{"rendered":"<p>Aqu\u00ed podr\u00e1s ver qu\u00e9 postes y modelos encajan entre s\u00ed de la gama de placas de cierre el\u00e9ctricas STEP.<\/p>\n<h5><strong><a href=\"https:\/\/steplock.com\/sv\/stolpguide\/#!?lang=sv&amp;blog_id=1&amp;paged=1&amp;number=50\" target=\"_blank\" rel=\"noopener\">Gu\u00eda de publicaciones STEP\u00a0<\/a><\/strong><\/h5>\n<h5><strong><a href=\"https:\/\/steplock.com\/sv\/projekteringsguide\/#!?lang=sv&amp;blog_id=1&amp;paged=1&amp;number=999\" target=\"_blank\" rel=\"noopener\">Gu\u00eda de dise\u00f1o STEP<\/a><\/strong><\/h5>","protected":false},"featured_media":139990,"template":"","meta":{"_acf_changed":false},"product_brand":[],"product_cat":[3355],"product_tag":[4197,4200],"class_list":{"0":"post-139992","1":"product","2":"type-product","3":"status-publish","4":"has-post-thumbnail","6":"product_cat-elslutbleck","7":"product_tag-24v","8":"product_tag-rattvand","9":"product_shipping_class-tunga-paket","10":"pa_brands-step","11":"tm-no-options","13":"first","14":"outofstock","15":"sale","16":"taxable","17":"shipping-taxable","18":"purchasable","19":"product-type-simple"},"acf":[],"_links":{"self":[{"href":"https:\/\/secureus.se\/es\/wp-json\/wp\/v2\/product\/139992","targetHints":{"allow":["GET"]}}],"collection":[{"href":"https:\/\/secureus.se\/es\/wp-json\/wp\/v2\/product"}],"about":[{"href":"https:\/\/secureus.se\/es\/wp-json\/wp\/v2\/types\/product"}],"wp:featuredmedia":[{"embeddable":true,"href":"https:\/\/secureus.se\/es\/wp-json\/wp\/v2\/media\/139990"}],"wp:attachment":[{"href":"https:\/\/secureus.se\/es\/wp-json\/wp\/v2\/media?parent=139992"}],"wp:term":[{"taxonomy":"product_brand","embeddable":true,"href":"https:\/\/secureus.se\/es\/wp-json\/wp\/v2\/product_brand?post=139992"},{"taxonomy":"product_cat","embeddable":true,"href":"https:\/\/secureus.se\/es\/wp-json\/wp\/v2\/product_cat?post=139992"},{"taxonomy":"product_tag","embeddable":true,"href":"https:\/\/secureus.se\/es\/wp-json\/wp\/v2\/product_tag?post=139992"}],"curies":[{"name":"wp","href":"https:\/\/api.w.org\/{rel}","templated":true}]}}