{"id":140005,"date":"2023-09-26T13:06:54","date_gmt":"2023-09-26T11:06:54","guid":{"rendered":"https:\/\/secureus.se\/elslutbleck-step-30-omvand-24v-kolvkontakt\/"},"modified":"2026-04-08T16:30:40","modified_gmt":"2026-04-08T14:30:40","slug":"elslutbleck-step-30-omvand-24v-kolvkontakt","status":"publish","type":"product","link":"https:\/\/secureus.se\/es\/elslutbleck-step-30-omvand-24v-kolvkontakt\/","title":{"rendered":"Cerradura el\u00e9ctrica PASO 30 Contacto de pist\u00f3n 24V inverso"},"content":{"rendered":"<h1>Cerradura el\u00e9ctrica PASO 30 Contacto de pist\u00f3n 24V inverso<\/h1>\n<p>La cerradura el\u00e9ctrica STEP 30 Preload es una cerradura el\u00e9ctrica compacta dise\u00f1ada para reemplazar modelos m\u00e1s antiguos y crear un entorno de puerta confiable, incluso en secciones de puertas m\u00e1s antiguas.<\/p>\n<p>Equipado con tecnolog\u00eda HPR\u00ae y resistencia a la rotura de 500 kg.<\/p>\n<p class=\"\" data-start=\"392\" data-end=\"873\">La cerradura el\u00e9ctrica de precarga STEP 30 es la elecci\u00f3n \u00f3ptima para sustituir las cerraduras el\u00e9ctricas simples existentes y garantizar un entorno de puerta confiable, incluso en secciones de puertas y huecos m\u00e1s antiguos.<\/p>\n<p class=\"\" data-start=\"392\" data-end=\"873\">Forma parte de la serie Preload de STEP, que combina dimensiones m\u00ednimas con alta calidad y flexibilidad. STEP 30 est\u00e1 dise\u00f1ado para soportar una alta frecuencia de apertura y est\u00e1 equipado con la tecnolog\u00eda de presi\u00f3n de tira patentada de STEP, lo que significa que la puerta siempre se puede abrir incluso si est\u00e1 expuesta a presi\u00f3n.<\/p>\n<p class=\"\" data-start=\"875\" data-end=\"1319\">La funci\u00f3n inversa significa que la puerta se desbloquea en la posici\u00f3n desenergizada, lo que permite abrirla r\u00e1pida y f\u00e1cilmente si es necesario.<\/p>\n<p class=\"\" data-start=\"875\" data-end=\"1319\">El interruptor de pist\u00f3n incorporado proporciona una indicaci\u00f3n del estado de la puerta (cerrada\/abierta), lo que permite la integraci\u00f3n con sistemas de control de acceso y sistemas de alarma.<\/p>\n<p class=\"\" data-start=\"875\" data-end=\"1319\">Con una resistencia a la rotura de 5 kN (aprox. 500 kg) y la capacidad de abrirse a pesar de una presi\u00f3n de la tira de hasta 40 kg, STEP 30 Preload ofrece seguridad y fiabilidad.<\/p>\n<p class=\"\" data-start=\"1321\" data-end=\"1336\"><strong data-start=\"1321\" data-end=\"1336\">Caracter\u00edsticas:<\/strong><\/p>\n<ul data-start=\"1337\" data-end=\"1734\">\n<li class=\"\" data-start=\"1337\" data-end=\"1378\">\n<p class=\"\" data-start=\"1339\" data-end=\"1378\">Funci\u00f3n inversa (bloqueada en posici\u00f3n desenergizada)<\/p>\n<\/li>\n<li class=\"\" data-start=\"1379\" data-end=\"1434\">\n<p class=\"\" data-start=\"1381\" data-end=\"1434\">Contacto del pist\u00f3n. Indicaci\u00f3n del estado de la puerta (cerrada\/abierta)<\/p>\n<\/li>\n<li class=\"\" data-start=\"1435\" data-end=\"1473\">\n<p class=\"\" data-start=\"1437\" data-end=\"1473\">Diodo de protecci\u00f3n incorporado para mayor seguridad.<\/p>\n<\/li>\n<li class=\"\" data-start=\"1474\" data-end=\"1511\">\n<p class=\"\" data-start=\"1476\" data-end=\"1511\">Resistencia a la rotura de 5 kN (aprox. 500 kg)<\/p>\n<\/li>\n<li class=\"\" data-start=\"1512\" data-end=\"1614\">\n<p class=\"\" data-start=\"1514\" data-end=\"1614\">Garantiza la apertura a pesar de una presi\u00f3n de la banda de hasta 0,4 kN (aprox. 40 kg) tanto en funci\u00f3n de avance como de retroceso.<\/p>\n<\/li>\n<li class=\"\" data-start=\"1615\" data-end=\"1674\">\n<p class=\"\" data-start=\"1617\" data-end=\"1674\">A prueba de golpes y reversible para puertas de apertura derecha e izquierda.<\/p>\n<\/li>\n<li class=\"\" data-start=\"1675\" data-end=\"1717\">\n<p class=\"\" data-start=\"1677\" data-end=\"1717\">Adecuado para cerraduras de una y dos hojas.<\/p>\n<\/li>\n<li class=\"\" data-start=\"1718\" data-end=\"1734\">\n<p class=\"\" data-start=\"1720\" data-end=\"1734\">Cable no incluido<\/p>\n<\/li>\n<\/ul>\n<p class=\"\" data-start=\"1736\" data-end=\"1765\"><strong data-start=\"1736\" data-end=\"1765\">Especificaciones t\u00e9cnicas:<\/strong><\/p>\n<ul data-start=\"1766\" data-end=\"2416\">\n<li class=\"\" data-start=\"1766\" data-end=\"1873\">\n<p class=\"\" data-start=\"1768\" data-end=\"1873\">Alimentaci\u00f3n: 24 V CC (+15% -10%) 110 mAh \/ m\u00e1x. 300 mA o 12 V CC (+15% -10%) 220 mAh \/ m\u00e1x. 600 mA<\/p>\n<\/li>\n<li class=\"\" data-start=\"1874\" data-end=\"1937\">\n<p class=\"\" data-start=\"1876\" data-end=\"1937\">Contacto de pist\u00f3n: Microinterruptor unipolar conmutador, m\u00e1x. 30 V CC, 1 A<\/p>\n<\/li>\n<li class=\"\" data-start=\"1938\" data-end=\"1978\">\n<p class=\"\" data-start=\"1940\" data-end=\"1978\">Durabilidad: Grado X seg\u00fan SS-EN 14846<\/p>\n<\/li>\n<li class=\"\" data-start=\"1979\" data-end=\"2018\">\n<p class=\"\" data-start=\"1981\" data-end=\"2018\">Corrosi\u00f3n: Grado M seg\u00fan SS-EN 14846<\/p>\n<\/li>\n<li class=\"\" data-start=\"2019\" data-end=\"2057\">\n<p class=\"\" data-start=\"2021\" data-end=\"2057\">Seguridad: Grado 3 seg\u00fan SS-EN 14846<\/p>\n<\/li>\n<li class=\"\" data-start=\"2058\" data-end=\"2083\">\n<p class=\"\" data-start=\"2060\" data-end=\"2083\">Resistencia a la rotura: 500 kg<\/p>\n<\/li>\n<li class=\"\" data-start=\"2084\" data-end=\"2114\">\n<p class=\"\" data-start=\"2086\" data-end=\"2114\">Bisagra de la puerta: derecha, izquierda<\/p>\n<\/li>\n<li class=\"\" data-start=\"2115\" data-end=\"2133\">\n<p class=\"\" data-start=\"2117\" data-end=\"2133\">Presi\u00f3n de la tira: 40 kg<\/p>\n<\/li>\n<li class=\"\" data-start=\"2134\" data-end=\"2169\">\n<p class=\"\" data-start=\"2136\" data-end=\"2169\">Tipo de cerradura: Cerradura de pestillo simple, Cerradura de pestillo doble<\/p>\n<\/li>\n<li class=\"\" data-start=\"2170\" data-end=\"2225\">\n<p class=\"\" data-start=\"2172\" data-end=\"2225\">Dimensiones del producto: Ancho: 20,5 mm, Profundidad: 28 mm, Altura: 99 mm<\/p>\n<\/li>\n<li class=\"\" data-start=\"2226\" data-end=\"2243\">\n<p class=\"\" data-start=\"2228\" data-end=\"2243\">Contacto del pist\u00f3n: S\u00ed<\/p>\n<\/li>\n<li class=\"\" data-start=\"2244\" data-end=\"2264\">\n<p class=\"\" data-start=\"2246\" data-end=\"2264\">Voltaje CA\/CC: CC<\/p>\n<\/li>\n<li class=\"\" data-start=\"2265\" data-end=\"2287\">\n<p class=\"\" data-start=\"2267\" data-end=\"2287\">Voltaje m\u00e1ximo: 27,6 V<\/p>\n<\/li>\n<li class=\"\" data-start=\"2288\" data-end=\"2310\">\n<p class=\"\" data-start=\"2290\" data-end=\"2310\">Voltaje m\u00edn.: 21,6 V<\/p>\n<\/li>\n<li class=\"\" data-start=\"2311\" data-end=\"2339\">\n<p class=\"\" data-start=\"2313\" data-end=\"2339\">Color\/Acabado: Acero inoxidable<\/p>\n<\/li>\n<li class=\"\" data-start=\"2340\" data-end=\"2360\">\n<p class=\"\" data-start=\"2342\" data-end=\"2360\">Producto de construcci\u00f3n calificado: S\u00ed<\/p>\n<\/li>\n<li class=\"\" data-start=\"2361\" data-end=\"2382\">\n<p class=\"\" data-start=\"2363\" data-end=\"2382\">EPD verificado: No<\/p>\n<\/li>\n<li class=\"\" data-start=\"2383\" data-end=\"2395\">\n<p class=\"\" data-start=\"2385\" data-end=\"2395\">INFORMACI\u00d3N FINAL: No<\/p>\n<\/li>\n<li class=\"\" data-start=\"2396\" data-end=\"2416\">\n<p class=\"\" data-start=\"2398\" data-end=\"2416\">Calificaci\u00f3n de SundaHouse: S\u00ed<\/p>\n<\/li>\n<\/ul>","protected":false},"excerpt":{"rendered":"<p>Aqu\u00ed podr\u00e1s ver qu\u00e9 postes y modelos encajan entre s\u00ed de la gama de placas de cierre el\u00e9ctricas STEP.<\/p>\n<h5><strong><a href=\"https:\/\/steplock.com\/sv\/stolpguide\/#!?lang=sv&amp;blog_id=1&amp;paged=1&amp;number=50\" target=\"_blank\" rel=\"noopener\">Gu\u00eda de publicaciones STEP\u00a0<\/a><\/strong><\/h5>\n<h5><strong><a href=\"https:\/\/steplock.com\/sv\/projekteringsguide\/#!?lang=sv&amp;blog_id=1&amp;paged=1&amp;number=999\" target=\"_blank\" rel=\"noopener\">Gu\u00eda de dise\u00f1o STEP<\/a><\/strong><\/h5>","protected":false},"featured_media":140004,"template":"","meta":{"_acf_changed":false},"product_brand":[],"product_cat":[3355],"product_tag":[4197,4201],"class_list":{"0":"post-140005","1":"product","2":"type-product","3":"status-publish","4":"has-post-thumbnail","6":"product_cat-elslutbleck","7":"product_tag-24v","8":"product_tag-omvand","9":"product_shipping_class-tunga-paket","10":"pa_brands-step","11":"tm-no-options","13":"first","14":"onbackorder","15":"sale","16":"taxable","17":"shipping-taxable","18":"purchasable","19":"product-type-simple"},"acf":[],"_links":{"self":[{"href":"https:\/\/secureus.se\/es\/wp-json\/wp\/v2\/product\/140005","targetHints":{"allow":["GET"]}}],"collection":[{"href":"https:\/\/secureus.se\/es\/wp-json\/wp\/v2\/product"}],"about":[{"href":"https:\/\/secureus.se\/es\/wp-json\/wp\/v2\/types\/product"}],"wp:featuredmedia":[{"embeddable":true,"href":"https:\/\/secureus.se\/es\/wp-json\/wp\/v2\/media\/140004"}],"wp:attachment":[{"href":"https:\/\/secureus.se\/es\/wp-json\/wp\/v2\/media?parent=140005"}],"wp:term":[{"taxonomy":"product_brand","embeddable":true,"href":"https:\/\/secureus.se\/es\/wp-json\/wp\/v2\/product_brand?post=140005"},{"taxonomy":"product_cat","embeddable":true,"href":"https:\/\/secureus.se\/es\/wp-json\/wp\/v2\/product_cat?post=140005"},{"taxonomy":"product_tag","embeddable":true,"href":"https:\/\/secureus.se\/es\/wp-json\/wp\/v2\/product_tag?post=140005"}],"curies":[{"name":"wp","href":"https:\/\/api.w.org\/{rel}","templated":true}]}}