{"id":140019,"date":"2023-09-26T13:06:45","date_gmt":"2023-09-26T11:06:45","guid":{"rendered":"https:\/\/secureus.se\/elslutbleck-step-30-omstallbar-24v-kolvkontakt\/"},"modified":"2026-04-08T16:43:00","modified_gmt":"2026-04-08T14:43:00","slug":"elslutbleck-step-30-omstallbar-24v-kolvkontakt","status":"publish","type":"product","link":"https:\/\/secureus.se\/es\/elslutbleck-step-30-omstallbar-24v-kolvkontakt\/","title":{"rendered":"Cerradero el\u00e9ctrico STEP 30 Contacto de pist\u00f3n ajustable 24V"},"content":{"rendered":"<h1>Cerradero el\u00e9ctrico STEP 30 Contacto de pist\u00f3n ajustable 24V<\/h1>\n<p>La cerradura el\u00e9ctrica STEP 30 Preload es una cerradura el\u00e9ctrica compacta con funci\u00f3n ajustable, dise\u00f1ada para reemplazar las cerraduras el\u00e9ctricas m\u00e1s antiguas y garantizar un entorno de puerta confiable.<\/p>\n<p>Equipado con contacto de pist\u00f3n y resistencia a la rotura de 500 kg.<\/p>\n<p class=\"\" data-start=\"408\" data-end=\"878\">La cerradura el\u00e9ctrica STEP 30 Preload ofrece una soluci\u00f3n confiable para reemplazar cerraduras el\u00e9ctricas antiguas o m\u00e1s simples y crear un entorno de puerta seguro, incluso en secciones de puertas y huecos m\u00e1s antiguos.<\/p>\n<p class=\"\" data-start=\"408\" data-end=\"878\">Parte de la serie Preload de STEP, el STEP 30 combina dimensiones m\u00ednimas con alta calidad y flexibilidad. Est\u00e1 dise\u00f1ado para soportar una alta frecuencia de apertura y est\u00e1 equipado con la tecnolog\u00eda de presi\u00f3n de tira patentada de STEP, lo que significa que la puerta siempre se puede abrir, incluso cuando est\u00e1 sometida a presi\u00f3n.<\/p>\n<p class=\"\" data-start=\"880\" data-end=\"1312\">La funci\u00f3n conmutable permite bloquear o desbloquear la puerta en un estado desenergizado, lo que permite abrirla r\u00e1pidamente cuando sea necesario.<\/p>\n<p class=\"\" data-start=\"880\" data-end=\"1312\">El interruptor de pist\u00f3n proporciona una indicaci\u00f3n del estado de la puerta (cerrada\/abierta), lo que facilita la integraci\u00f3n con sistemas de control de acceso y sistemas de alarma.<\/p>\n<p class=\"\" data-start=\"880\" data-end=\"1312\">Con una resistencia a la rotura de 5 kN (aprox. 500 kg) y la capacidad de abrirse a pesar de una presi\u00f3n de la banda de hasta 40 kg, STEP 30 ofrece seguridad y fiabilidad.<\/p>\n<p class=\"\" data-start=\"1314\" data-end=\"1329\"><strong data-start=\"1314\" data-end=\"1329\">Caracter\u00edsticas:<\/strong><\/p>\n<ul data-start=\"1330\" data-end=\"1765\">\n<li class=\"\" data-start=\"1330\" data-end=\"1409\">\n<p class=\"\" data-start=\"1332\" data-end=\"1409\">Funci\u00f3n de avance o retroceso conmutable (bloqueada o desbloqueada en posici\u00f3n desenergizada)<\/p>\n<\/li>\n<li class=\"\" data-start=\"1410\" data-end=\"1465\">\n<p class=\"\" data-start=\"1412\" data-end=\"1465\">Contacto del pist\u00f3n. Indicaci\u00f3n del estado de la puerta (cerrada\/abierta)<\/p>\n<\/li>\n<li class=\"\" data-start=\"1466\" data-end=\"1504\">\n<p class=\"\" data-start=\"1468\" data-end=\"1504\">Diodo de protecci\u00f3n incorporado para mayor seguridad.<\/p>\n<\/li>\n<li class=\"\" data-start=\"1505\" data-end=\"1542\">\n<p class=\"\" data-start=\"1507\" data-end=\"1542\">Resistencia a la rotura de 5 kN (aprox. 500 kg)<\/p>\n<\/li>\n<li class=\"\" data-start=\"1543\" data-end=\"1645\">\n<p class=\"\" data-start=\"1545\" data-end=\"1645\">Garantiza la apertura a pesar de una presi\u00f3n de la banda de hasta 0,4 kN (aprox. 40 kg) tanto en funci\u00f3n de avance como de retroceso.<\/p>\n<\/li>\n<li class=\"\" data-start=\"1646\" data-end=\"1705\">\n<p class=\"\" data-start=\"1648\" data-end=\"1705\">A prueba de golpes y reversible para puertas de apertura derecha e izquierda.<\/p>\n<\/li>\n<li class=\"\" data-start=\"1706\" data-end=\"1748\">\n<p class=\"\" data-start=\"1708\" data-end=\"1748\">Adecuado para cerraduras de una y dos hojas.<\/p>\n<\/li>\n<li class=\"\" data-start=\"1749\" data-end=\"1765\">\n<p class=\"\" data-start=\"1751\" data-end=\"1765\">Cable no incluido<\/p>\n<\/li>\n<\/ul>\n<p class=\"\" data-start=\"1767\" data-end=\"1796\"><strong data-start=\"1767\" data-end=\"1796\">Especificaciones t\u00e9cnicas:<\/strong><\/p>\n<ul data-start=\"1797\" data-end=\"2447\">\n<li class=\"\" data-start=\"1797\" data-end=\"1904\">\n<p class=\"\" data-start=\"1799\" data-end=\"1904\">Alimentaci\u00f3n: 24 V CC (+15% -10%) 110 mAh \/ m\u00e1x. 300 mA o 12 V CC (+15% -10%) 220 mAh \/ m\u00e1x. 600 mA<\/p>\n<\/li>\n<li class=\"\" data-start=\"1905\" data-end=\"1968\">\n<p class=\"\" data-start=\"1907\" data-end=\"1968\">Contacto de pist\u00f3n: Microinterruptor unipolar conmutador, m\u00e1x. 30 V CC, 1 A<\/p>\n<\/li>\n<li class=\"\" data-start=\"1969\" data-end=\"2009\">\n<p class=\"\" data-start=\"1971\" data-end=\"2009\">Durabilidad: Grado X seg\u00fan SS-EN 14846<\/p>\n<\/li>\n<li class=\"\" data-start=\"2010\" data-end=\"2049\">\n<p class=\"\" data-start=\"2012\" data-end=\"2049\">Corrosi\u00f3n: Grado M seg\u00fan SS-EN 14846<\/p>\n<\/li>\n<li class=\"\" data-start=\"2050\" data-end=\"2088\">\n<p class=\"\" data-start=\"2052\" data-end=\"2088\">Seguridad: Grado 3 seg\u00fan SS-EN 14846<\/p>\n<\/li>\n<li class=\"\" data-start=\"2089\" data-end=\"2114\">\n<p class=\"\" data-start=\"2091\" data-end=\"2114\">Resistencia a la rotura: 500 kg<\/p>\n<\/li>\n<li class=\"\" data-start=\"2115\" data-end=\"2145\">\n<p class=\"\" data-start=\"2117\" data-end=\"2145\">Bisagra de la puerta: derecha, izquierda<\/p>\n<\/li>\n<li class=\"\" data-start=\"2146\" data-end=\"2164\">\n<p class=\"\" data-start=\"2148\" data-end=\"2164\">Presi\u00f3n de la tira: 40 kg<\/p>\n<\/li>\n<li class=\"\" data-start=\"2165\" data-end=\"2200\">\n<p class=\"\" data-start=\"2167\" data-end=\"2200\">Tipo de cerradura: Cerradura de pestillo simple, Cerradura de pestillo doble<\/p>\n<\/li>\n<li class=\"\" data-start=\"2201\" data-end=\"2256\">\n<p class=\"\" data-start=\"2203\" data-end=\"2256\">Dimensiones del producto: Ancho: 20,5 mm, Profundidad: 28 mm, Altura: 99 mm<\/p>\n<\/li>\n<li class=\"\" data-start=\"2257\" data-end=\"2274\">\n<p class=\"\" data-start=\"2259\" data-end=\"2274\">Contacto del pist\u00f3n: S\u00ed<\/p>\n<\/li>\n<li class=\"\" data-start=\"2275\" data-end=\"2295\">\n<p class=\"\" data-start=\"2277\" data-end=\"2295\">Voltaje CA\/CC: CC<\/p>\n<\/li>\n<li class=\"\" data-start=\"2296\" data-end=\"2318\">\n<p class=\"\" data-start=\"2298\" data-end=\"2318\">Voltaje m\u00e1ximo: 27,6 V<\/p>\n<\/li>\n<li class=\"\" data-start=\"2319\" data-end=\"2341\">\n<p class=\"\" data-start=\"2321\" data-end=\"2341\">Voltaje m\u00edn.: 21,6 V<\/p>\n<\/li>\n<li class=\"\" data-start=\"2342\" data-end=\"2370\">\n<p class=\"\" data-start=\"2344\" data-end=\"2370\">Color\/Acabado: Acero inoxidable<\/p>\n<\/li>\n<li class=\"\" data-start=\"2371\" data-end=\"2391\">\n<p class=\"\" data-start=\"2373\" data-end=\"2391\">Producto de construcci\u00f3n calificado: S\u00ed<\/p>\n<\/li>\n<li class=\"\" data-start=\"2392\" data-end=\"2413\">\n<p class=\"\" data-start=\"2394\" data-end=\"2413\">EPD verificado: No<\/p>\n<\/li>\n<li class=\"\" data-start=\"2414\" data-end=\"2426\">\n<p class=\"\" data-start=\"2416\" data-end=\"2426\">INFORMACI\u00d3N FINAL: No<\/p>\n<\/li>\n<li class=\"\" data-start=\"2427\" data-end=\"2447\">\n<p class=\"\" data-start=\"2429\" data-end=\"2447\">Calificaci\u00f3n de SundaHouse: S\u00ed<\/p>\n<\/li>\n<\/ul>","protected":false},"excerpt":{"rendered":"<p>Aqu\u00ed podr\u00e1s ver qu\u00e9 postes y modelos encajan entre s\u00ed de la gama de placas de cierre el\u00e9ctricas STEP.<\/p>\n<h5><strong><a href=\"https:\/\/steplock.com\/sv\/stolpguide\/#!?lang=sv&amp;blog_id=1&amp;paged=1&amp;number=50\" target=\"_blank\" rel=\"noopener\">Gu\u00eda de publicaciones STEP\u00a0<\/a><\/strong><\/h5>\n<h5><strong><a href=\"https:\/\/steplock.com\/sv\/projekteringsguide\/#!?lang=sv&amp;blog_id=1&amp;paged=1&amp;number=999\" target=\"_blank\" rel=\"noopener\">Gu\u00eda de dise\u00f1o STEP<\/a><\/strong><\/h5>","protected":false},"featured_media":140017,"template":"","meta":{"_acf_changed":false},"product_brand":[],"product_cat":[3355],"product_tag":[4197,4202],"class_list":{"0":"post-140019","1":"product","2":"type-product","3":"status-publish","4":"has-post-thumbnail","6":"product_cat-elslutbleck","7":"product_tag-24v","8":"product_tag-omstallbar-rattvand-omvand","9":"product_shipping_class-tunga-paket","10":"pa_brands-step","11":"tm-no-options","13":"first","14":"onbackorder","15":"sale","16":"taxable","17":"shipping-taxable","18":"purchasable","19":"product-type-simple"},"acf":[],"_links":{"self":[{"href":"https:\/\/secureus.se\/es\/wp-json\/wp\/v2\/product\/140019","targetHints":{"allow":["GET"]}}],"collection":[{"href":"https:\/\/secureus.se\/es\/wp-json\/wp\/v2\/product"}],"about":[{"href":"https:\/\/secureus.se\/es\/wp-json\/wp\/v2\/types\/product"}],"wp:featuredmedia":[{"embeddable":true,"href":"https:\/\/secureus.se\/es\/wp-json\/wp\/v2\/media\/140017"}],"wp:attachment":[{"href":"https:\/\/secureus.se\/es\/wp-json\/wp\/v2\/media?parent=140019"}],"wp:term":[{"taxonomy":"product_brand","embeddable":true,"href":"https:\/\/secureus.se\/es\/wp-json\/wp\/v2\/product_brand?post=140019"},{"taxonomy":"product_cat","embeddable":true,"href":"https:\/\/secureus.se\/es\/wp-json\/wp\/v2\/product_cat?post=140019"},{"taxonomy":"product_tag","embeddable":true,"href":"https:\/\/secureus.se\/es\/wp-json\/wp\/v2\/product_tag?post=140019"}],"curies":[{"name":"wp","href":"https:\/\/api.w.org\/{rel}","templated":true}]}}