{"id":140034,"date":"2023-09-26T13:06:39","date_gmt":"2023-09-26T11:06:39","guid":{"rendered":"https:\/\/secureus.se\/elslutbleck-step-48-rattvand-12v-kolvkontakt\/"},"modified":"2026-04-08T16:26:01","modified_gmt":"2026-04-08T14:26:01","slug":"elslutbleck-step-48-rattvand-12v-kolvkontakt","status":"publish","type":"product","link":"https:\/\/secureus.se\/es\/elslutbleck-step-48-rattvand-12v-kolvkontakt\/","title":{"rendered":"Cerradero el\u00e9ctrico PASO 48 Contacto de pist\u00f3n 12 V orientado a la derecha"},"content":{"rendered":"<h1>Cerradero el\u00e9ctrico PASO 48 Contacto de pist\u00f3n 12 V orientado a la derecha<\/h1>\n<p>Cerradero el\u00e9ctrico STEP 48 Preload es un cerradero el\u00e9ctrico robusto dise\u00f1ado para espacios que se deben cerrar con pomo o llave.<\/p>\n<p>Equipado con un contacto de pist\u00f3n, proporciona un funcionamiento seguro de la puerta incluso a presiones de hasta 40 kg.<\/p>\n<p class=\"\" data-start=\"423\" data-end=\"920\">La cerradura el\u00e9ctrica de precarga STEP 48 est\u00e1 dise\u00f1ada para usarse en espacios que requieren un bloqueo seguro con perilla o llave.<\/p>\n<p class=\"\" data-start=\"423\" data-end=\"920\">Tambi\u00e9n se puede instalar con un indicador de perno (ST4880), que permite el bloqueo autom\u00e1tico del sistema de control de acceso de la puerta o la cerradura de c\u00f3digo cuando el perno de gancho o el perno recto de la carcasa de la cerradura se ha desbloqueado mec\u00e1nicamente.<\/p>\n<p class=\"\" data-start=\"423\" data-end=\"920\">Esta cerradura el\u00e9ctrica es parte de la serie Preload de STEP y combina alta calidad y flexibilidad con dimensiones m\u00ednimas para adaptarse a secciones de puertas y huecos m\u00e1s antiguos.<\/p>\n<p class=\"\" data-start=\"922\" data-end=\"1303\">Equipado con la tecnolog\u00eda de presi\u00f3n de tira patentada de STEP, STEP 48 garantiza que la puerta se pueda abrir incluso cuando se somete a una presi\u00f3n de hasta 40 kg, lo que lo convierte en una opci\u00f3n confiable para sistemas de puertas con una alta frecuencia de apertura.<\/p>\n<p class=\"\" data-start=\"922\" data-end=\"1303\">Con una resistencia a la rotura de 9 kN (aprox. 900 kg) y la capacidad de abrirse incluso cuando la puerta est\u00e1 presionada, STEP 48 proporciona seguridad y durabilidad tanto para la funci\u00f3n de avance como de retroceso.<\/p>\n<p class=\"\" data-start=\"1305\" data-end=\"1320\"><strong data-start=\"1305\" data-end=\"1320\">Caracter\u00edsticas:<\/strong><\/p>\n<ul data-start=\"1321\" data-end=\"1707\">\n<li class=\"\" data-start=\"1321\" data-end=\"1364\">\n<p class=\"\" data-start=\"1323\" data-end=\"1364\">Funci\u00f3n correcta (bloqueado en posici\u00f3n desenergizada)<\/p>\n<\/li>\n<li class=\"\" data-start=\"1365\" data-end=\"1420\">\n<p class=\"\" data-start=\"1367\" data-end=\"1420\">Contacto del pist\u00f3n: Indicaci\u00f3n del estado de la puerta (cerrada\/abierta)<\/p>\n<\/li>\n<li class=\"\" data-start=\"1421\" data-end=\"1459\">\n<p class=\"\" data-start=\"1423\" data-end=\"1459\">Diodo de protecci\u00f3n incorporado para mayor seguridad.<\/p>\n<\/li>\n<li class=\"\" data-start=\"1460\" data-end=\"1497\">\n<p class=\"\" data-start=\"1462\" data-end=\"1497\">Resistencia a la rotura de 9 kN (aprox. 900 kg)<\/p>\n<\/li>\n<li class=\"\" data-start=\"1498\" data-end=\"1600\">\n<p class=\"\" data-start=\"1500\" data-end=\"1600\">Garantiza la apertura a pesar de una presi\u00f3n de la banda de hasta 0,4 kN (aprox. 40 kg) tanto en funci\u00f3n de avance como de retroceso.<\/p>\n<\/li>\n<li class=\"\" data-start=\"1601\" data-end=\"1660\">\n<p class=\"\" data-start=\"1603\" data-end=\"1660\">A prueba de golpes y reversible para puertas de apertura derecha e izquierda.<\/p>\n<\/li>\n<li class=\"\" data-start=\"1661\" data-end=\"1707\">\n<p class=\"\" data-start=\"1663\" data-end=\"1707\">Capaz de bloquear pernos de gancho o pernos rectos<\/p>\n<\/li>\n<\/ul>\n<p class=\"\" data-start=\"1709\" data-end=\"1738\"><strong data-start=\"1709\" data-end=\"1738\">Especificaciones t\u00e9cnicas:<\/strong><\/p>\n<ul data-start=\"1739\" data-end=\"2458\">\n<li class=\"\" data-start=\"1739\" data-end=\"1768\">\n<p class=\"\" data-start=\"1741\" data-end=\"1768\">Resistencia a la rotura m\u00e1xima: 900 kg<\/p>\n<\/li>\n<li class=\"\" data-start=\"1769\" data-end=\"1799\">\n<p class=\"\" data-start=\"1771\" data-end=\"1799\">Bisagra de la puerta: derecha, izquierda<\/p>\n<\/li>\n<li class=\"\" data-start=\"1800\" data-end=\"1818\">\n<p class=\"\" data-start=\"1802\" data-end=\"1818\">Cable incluido: No<\/p>\n<\/li>\n<li class=\"\" data-start=\"1819\" data-end=\"1837\">\n<p class=\"\" data-start=\"1821\" data-end=\"1837\">Presi\u00f3n de la tira: 40 kg<\/p>\n<\/li>\n<li class=\"\" data-start=\"1838\" data-end=\"1873\">\n<p class=\"\" data-start=\"1840\" data-end=\"1873\">Tipo de cerradura: Cerradura de pestillo simple, Cerradura de pestillo doble<\/p>\n<\/li>\n<li class=\"\" data-start=\"1874\" data-end=\"1896\">\n<p class=\"\" data-start=\"1876\" data-end=\"1896\">Ancho del producto: 25 mm<\/p>\n<\/li>\n<li class=\"\" data-start=\"1897\" data-end=\"1917\">\n<p class=\"\" data-start=\"1899\" data-end=\"1917\">Producto de construcci\u00f3n calificado: S\u00ed<\/p>\n<\/li>\n<li class=\"\" data-start=\"1918\" data-end=\"1939\">\n<p class=\"\" data-start=\"1920\" data-end=\"1939\">Profundidad del producto: 35 mm<\/p>\n<\/li>\n<li class=\"\" data-start=\"1940\" data-end=\"1968\">\n<p class=\"\" data-start=\"1942\" data-end=\"1968\">Tensi\u00f3n de funcionamiento 12 V\/24 V: 12 V<\/p>\n<\/li>\n<li class=\"\" data-start=\"1969\" data-end=\"1991\">\n<p class=\"\" data-start=\"1971\" data-end=\"1991\">Ca\u00edda de doble giro: No<\/p>\n<\/li>\n<li class=\"\" data-start=\"1992\" data-end=\"2013\">\n<p class=\"\" data-start=\"1994\" data-end=\"2013\">EPD verificado: No<\/p>\n<\/li>\n<li class=\"\" data-start=\"2014\" data-end=\"2026\">\n<p class=\"\" data-start=\"2016\" data-end=\"2026\">INFORMACI\u00d3N FINAL: No<\/p>\n<\/li>\n<li class=\"\" data-start=\"2027\" data-end=\"2055\">\n<p class=\"\" data-start=\"2029\" data-end=\"2055\">Color\/Acabado: Acero inoxidable<\/p>\n<\/li>\n<li class=\"\" data-start=\"2056\" data-end=\"2077\">\n<p class=\"\" data-start=\"2058\" data-end=\"2077\">Altura del producto: 90 mm<\/p>\n<\/li>\n<li class=\"\" data-start=\"2078\" data-end=\"2095\">\n<p class=\"\" data-start=\"2080\" data-end=\"2095\">Contacto del pist\u00f3n: S\u00ed<\/p>\n<\/li>\n<li class=\"\" data-start=\"2096\" data-end=\"2123\">\n<p class=\"\" data-start=\"2098\" data-end=\"2123\">Derecha\/Reversa: Derecha<\/p>\n<\/li>\n<li class=\"\" data-start=\"2124\" data-end=\"2144\">\n<p class=\"\" data-start=\"2126\" data-end=\"2144\">Voltaje CA\/CC: CC<\/p>\n<\/li>\n<li class=\"\" data-start=\"2145\" data-end=\"2167\">\n<p class=\"\" data-start=\"2147\" data-end=\"2167\">Voltaje m\u00e1ximo: 27,6 V<\/p>\n<\/li>\n<li class=\"\" data-start=\"2168\" data-end=\"2190\">\n<p class=\"\" data-start=\"2170\" data-end=\"2190\">Voltaje m\u00edn.: 21,6 V<\/p>\n<\/li>\n<li class=\"\" data-start=\"2191\" data-end=\"2211\">\n<p class=\"\" data-start=\"2193\" data-end=\"2211\">Calificaci\u00f3n de SundaHouse: S\u00ed<\/p>\n<\/li>\n<li class=\"\" data-start=\"2212\" data-end=\"2275\">\n<p class=\"\" data-start=\"2214\" data-end=\"2275\">Contacto de pist\u00f3n: Microinterruptor unipolar conmutador, m\u00e1x. 30 V CC, 1 A<\/p>\n<\/li>\n<li class=\"\" data-start=\"2276\" data-end=\"2316\">\n<p class=\"\" data-start=\"2278\" data-end=\"2316\">Durabilidad: Grado X seg\u00fan SS-EN 14846<\/p>\n<\/li>\n<li class=\"\" data-start=\"2317\" data-end=\"2356\">\n<p class=\"\" data-start=\"2319\" data-end=\"2356\">Corrosi\u00f3n: Grado M seg\u00fan SS-EN 14846<\/p>\n<\/li>\n<li class=\"\" data-start=\"2357\" data-end=\"2395\">\n<p class=\"\" data-start=\"2359\" data-end=\"2395\">Seguridad: Grado 3 seg\u00fan SS-EN 14846<\/p>\n<\/li>\n<li class=\"\" data-start=\"2396\" data-end=\"2458\">\n<p class=\"\" data-start=\"2398\" data-end=\"2458\">Manipulaci\u00f3n el\u00e9ctrica de seguridad: Grado 1 seg\u00fan SS-EN 14846<\/p>\n<\/li>\n<\/ul>","protected":false},"excerpt":{"rendered":"<p>Aqu\u00ed podr\u00e1s ver qu\u00e9 postes y modelos encajan entre s\u00ed de la gama de placas de cierre el\u00e9ctricas STEP.<\/p>\n<h5><strong><a href=\"https:\/\/steplock.com\/sv\/stolpguide\/#!?lang=sv&amp;blog_id=1&amp;paged=1&amp;number=50\" target=\"_blank\" rel=\"noopener\">Gu\u00eda de publicaciones STEP\u00a0<\/a><\/strong><\/h5>\n<h5><strong><a href=\"https:\/\/steplock.com\/sv\/projekteringsguide\/#!?lang=sv&amp;blog_id=1&amp;paged=1&amp;number=999\" target=\"_blank\" rel=\"noopener\">Gu\u00eda de dise\u00f1o STEP<\/a><\/strong><\/h5>","protected":false},"featured_media":140033,"template":"","meta":{"_acf_changed":false},"product_brand":[],"product_cat":[3355],"product_tag":[4198,4200],"class_list":{"0":"post-140034","1":"product","2":"type-product","3":"status-publish","4":"has-post-thumbnail","6":"product_cat-elslutbleck","7":"product_tag-12v","8":"product_tag-rattvand","9":"product_shipping_class-tunga-paket","10":"pa_brands-step","11":"tm-no-options","13":"first","14":"onbackorder","15":"sale","16":"taxable","17":"shipping-taxable","18":"purchasable","19":"product-type-simple"},"acf":[],"_links":{"self":[{"href":"https:\/\/secureus.se\/es\/wp-json\/wp\/v2\/product\/140034","targetHints":{"allow":["GET"]}}],"collection":[{"href":"https:\/\/secureus.se\/es\/wp-json\/wp\/v2\/product"}],"about":[{"href":"https:\/\/secureus.se\/es\/wp-json\/wp\/v2\/types\/product"}],"wp:featuredmedia":[{"embeddable":true,"href":"https:\/\/secureus.se\/es\/wp-json\/wp\/v2\/media\/140033"}],"wp:attachment":[{"href":"https:\/\/secureus.se\/es\/wp-json\/wp\/v2\/media?parent=140034"}],"wp:term":[{"taxonomy":"product_brand","embeddable":true,"href":"https:\/\/secureus.se\/es\/wp-json\/wp\/v2\/product_brand?post=140034"},{"taxonomy":"product_cat","embeddable":true,"href":"https:\/\/secureus.se\/es\/wp-json\/wp\/v2\/product_cat?post=140034"},{"taxonomy":"product_tag","embeddable":true,"href":"https:\/\/secureus.se\/es\/wp-json\/wp\/v2\/product_tag?post=140034"}],"curies":[{"name":"wp","href":"https:\/\/api.w.org\/{rel}","templated":true}]}}