{"id":140082,"date":"2023-09-26T13:08:03","date_gmt":"2023-09-26T11:08:03","guid":{"rendered":"https:\/\/secureus.se\/elslutbleck-step-48-omstallbar-24v\/"},"modified":"2026-03-26T09:48:24","modified_gmt":"2026-03-26T08:48:24","slug":"elslutbleck-step-48-omstallbar-24v","status":"publish","type":"product","link":"https:\/\/secureus.se\/es\/elslutbleck-step-48-omstallbar-24v\/","title":{"rendered":"Cerradero el\u00e9ctrico STEP 48 Regulable 24V"},"content":{"rendered":"<h1>Cerradero el\u00e9ctrico STEP 48 Regulable 24V<\/h1>\n<p>Cerradura el\u00e9ctrica STEP 48 Precarga con funci\u00f3n ajustable que proporciona una instalaci\u00f3n flexible tanto en posici\u00f3n hacia adelante como hacia atr\u00e1s.<\/p>\n<p>Compacto, confiable y listo para uso frecuente.<\/p>\n<p class=\"\" data-start=\"237\" data-end=\"641\">La cerradura el\u00e9ctrica de precarga STEP 48 es una cerradura el\u00e9ctrica vers\u00e1til que combina confiabilidad operativa y flexibilidad en un dise\u00f1o compacto.<\/p>\n<p class=\"\" data-start=\"237\" data-end=\"641\">Gracias a su funci\u00f3n reversible, el producto puede configurarse como orientado hacia adelante (bloqueado sin energ\u00eda) o hacia atr\u00e1s (desbloqueado sin energ\u00eda), lo que lo hace ideal para una variedad de entornos de puertas, desde oficinas hasta espacios p\u00fablicos con requisitos de adaptabilidad.<\/p>\n<p class=\"\" data-start=\"643\" data-end=\"893\">La chapa est\u00e1 equipada con la tecnolog\u00eda de presi\u00f3n de tira patentada de STEP, que garantiza que la puerta se pueda desbloquear incluso con una presi\u00f3n de tira de hasta 40 kg.<\/p>\n<p class=\"\" data-start=\"643\" data-end=\"893\">Esto hace que STEP 48 Preload sea especialmente adecuado para puertas con tiras de sellado o donde puedan producirse condiciones de presi\u00f3n.<\/p>\n<p class=\"\" data-start=\"895\" data-end=\"1222\">Con una resistencia a la rotura de 9 kN (aprox. 900 kg), STEP 48 ofrece una protecci\u00f3n fiable. El dise\u00f1o a prueba de manipulaciones, el diodo de protecci\u00f3n incorporado y la compatibilidad con ganchos o pernos rectos hacen que el producto sea seguro y f\u00e1cil de instalar.<\/p>\n<p class=\"\" data-start=\"895\" data-end=\"1222\">Tambi\u00e9n es reversible para puertas de apertura derecha o izquierda y puede manejar cerraduras de pestillo simple o doble.<\/p>\n<p class=\"\" data-start=\"1224\" data-end=\"1252\"><strong data-start=\"1224\" data-end=\"1250\">Caracter\u00edsticas y beneficios:<\/strong><\/p>\n<ul data-start=\"1253\" data-end=\"1544\">\n<li class=\"\" data-start=\"1253\" data-end=\"1303\">\n<p class=\"\" data-start=\"1255\" data-end=\"1303\">Conmutable entre funci\u00f3n de avance y retroceso<\/p>\n<\/li>\n<li class=\"\" data-start=\"1304\" data-end=\"1362\">\n<p class=\"\" data-start=\"1306\" data-end=\"1362\">Tecnolog\u00eda de impresi\u00f3n de tiras patentada (soporta hasta 40 kg de presi\u00f3n)<\/p>\n<\/li>\n<li class=\"\" data-start=\"1363\" data-end=\"1417\">\n<p class=\"\" data-start=\"1365\" data-end=\"1417\">Diodo de protecci\u00f3n y protecci\u00f3n contra golpes para una mayor fiabilidad operativa<\/p>\n<\/li>\n<li class=\"\" data-start=\"1418\" data-end=\"1460\">\n<p class=\"\" data-start=\"1420\" data-end=\"1460\">Reversible para puertas batientes derecha\/izquierda<\/p>\n<\/li>\n<li class=\"\" data-start=\"1461\" data-end=\"1494\">\n<p class=\"\" data-start=\"1463\" data-end=\"1494\">Maneja gancho y regla recta<\/p>\n<\/li>\n<li class=\"\" data-start=\"1495\" data-end=\"1544\">\n<p class=\"\" data-start=\"1497\" data-end=\"1544\">Compatible con indicaci\u00f3n de regla ST4880 (opcional)<\/p>\n<\/li>\n<\/ul>\n<p class=\"\" data-start=\"1546\" data-end=\"1701\"><strong data-start=\"1546\" data-end=\"1569\">\u00c1reas de uso:<\/strong><br data-start=\"1569\" data-end=\"1572\" \/>Perfecto para puertas de oficinas, entradas, espacios t\u00e9cnicos y otros entornos de puertas con necesidad de l\u00f3gica de bloqueo flexible y alta frecuencia de apertura.<\/p>\n<p class=\"\" data-start=\"1703\" data-end=\"2059\"><strong data-start=\"1703\" data-end=\"1732\">Especificaciones t\u00e9cnicas:<\/strong><br data-start=\"1732\" data-end=\"1735\" \/>Tensi\u00f3n de funcionamiento: 24 V CC (21,6-27,6 V)<br data-start=\"1771\" data-end=\"1774\" \/>Consumo de energ\u00eda: 110 mAh \/ m\u00e1x. 300 mA<br data-start=\"1812\" data-end=\"1815\" \/>Resistencia a la rotura: 900 kg<br data-start=\"1838\" data-end=\"1841\" \/>Presi\u00f3n de la tira: 40 kg<br data-start=\"1857\" data-end=\"1860\" \/>Bisagra de la puerta: Derecha\/Izquierda<br data-start=\"1887\" data-end=\"1890\" \/>Cable incluido: No<br data-start=\"1906\" data-end=\"1909\" \/>Tipo de cerradura: Cerradura de pestillo simple, Cerradura de pestillo doble<br data-start=\"1942\" data-end=\"1945\" \/>Dimensiones (An. x Pr. x Al.): 25 x 35 x 90 mm<br data-start=\"1974\" data-end=\"1977\" \/>Tratamiento superficial: acero inoxidable<br data-start=\"1998\" data-end=\"2001\" \/>Producto de construcci\u00f3n calificado: S\u00ed<br data-start=\"2019\" data-end=\"2022\" \/>Calificaci\u00f3n de SundaHouse: S\u00ed<br data-start=\"2040\" data-end=\"2043\" \/>Contacto del pist\u00f3n: No<\/p>","protected":false},"excerpt":{"rendered":"<p>Aqu\u00ed podr\u00e1s ver qu\u00e9 postes y modelos encajan entre s\u00ed de la gama de placas de cierre el\u00e9ctricas STEP.<\/p>\n<h5><strong><a href=\"https:\/\/steplock.com\/sv\/stolpguide\/#!?lang=sv&amp;blog_id=1&amp;paged=1&amp;number=50\" target=\"_blank\" rel=\"noopener\">Gu\u00eda de publicaciones STEP\u00a0<\/a><\/strong><\/h5>\n<h5><strong><a href=\"https:\/\/steplock.com\/sv\/projekteringsguide\/#!?lang=sv&amp;blog_id=1&amp;paged=1&amp;number=999\" target=\"_blank\" rel=\"noopener\">Gu\u00eda de dise\u00f1o STEP<\/a><\/strong><\/h5>","protected":false},"featured_media":140080,"template":"","meta":{"_acf_changed":false},"product_brand":[],"product_cat":[3355],"product_tag":[4197,4202],"class_list":{"0":"post-140082","1":"product","2":"type-product","3":"status-publish","4":"has-post-thumbnail","6":"product_cat-elslutbleck","7":"product_tag-24v","8":"product_tag-omstallbar-rattvand-omvand","9":"product_shipping_class-tunga-paket","10":"pa_brands-step","11":"tm-no-options","13":"first","14":"instock","15":"sale","16":"taxable","17":"shipping-taxable","18":"purchasable","19":"product-type-simple"},"acf":[],"_links":{"self":[{"href":"https:\/\/secureus.se\/es\/wp-json\/wp\/v2\/product\/140082","targetHints":{"allow":["GET"]}}],"collection":[{"href":"https:\/\/secureus.se\/es\/wp-json\/wp\/v2\/product"}],"about":[{"href":"https:\/\/secureus.se\/es\/wp-json\/wp\/v2\/types\/product"}],"wp:featuredmedia":[{"embeddable":true,"href":"https:\/\/secureus.se\/es\/wp-json\/wp\/v2\/media\/140080"}],"wp:attachment":[{"href":"https:\/\/secureus.se\/es\/wp-json\/wp\/v2\/media?parent=140082"}],"wp:term":[{"taxonomy":"product_brand","embeddable":true,"href":"https:\/\/secureus.se\/es\/wp-json\/wp\/v2\/product_brand?post=140082"},{"taxonomy":"product_cat","embeddable":true,"href":"https:\/\/secureus.se\/es\/wp-json\/wp\/v2\/product_cat?post=140082"},{"taxonomy":"product_tag","embeddable":true,"href":"https:\/\/secureus.se\/es\/wp-json\/wp\/v2\/product_tag?post=140082"}],"curies":[{"name":"wp","href":"https:\/\/api.w.org\/{rel}","templated":true}]}}