{"id":140092,"date":"2023-09-26T13:08:00","date_gmt":"2023-09-26T11:08:00","guid":{"rendered":"https:\/\/secureus.se\/elslutbleck-step-98-omvand-24v-kolvkontakt\/"},"modified":"2026-04-08T16:12:37","modified_gmt":"2026-04-08T14:12:37","slug":"elslutbleck-step-98-omvand-24v-kolvkontakt","status":"publish","type":"product","link":"https:\/\/secureus.se\/es\/elslutbleck-step-98-omvand-24v-kolvkontakt\/","title":{"rendered":"Cerradura el\u00e9ctrica STEP 98 Contacto de pist\u00f3n 24V inverso"},"content":{"rendered":"<h1>Cerradura el\u00e9ctrica STEP 98 Contacto de pist\u00f3n 24V inverso<\/h1>\n<p>STEP 98 Preload es un cerradero el\u00e9ctrico compacto y resistente al fuego con funci\u00f3n inversa y contacto de pist\u00f3n, ideal para puertas que requieren un bloqueo seguro y una funci\u00f3n de apertura flexible.<\/p>\n<p class=\"\" data-start=\"253\" data-end=\"696\">La cerradura el\u00e9ctrica de precarga con funci\u00f3n inversa STEP 98 ofrece una soluci\u00f3n fiable para el cierre en entornos de puertas donde se deben combinar seguridad, requisitos contra incendios y una alta frecuencia de uso.<\/p>\n<p class=\"\" data-start=\"253\" data-end=\"696\">Gracias a su dise\u00f1o compacto, es especialmente adecuado para su instalaci\u00f3n en espacios que necesitan cerrarse con un pomo o llave y donde la funcionalidad de la puerta debe ser flexible, por ejemplo, en locales comerciales, oficinas o entornos escolares.<\/p>\n<p class=\"\" data-start=\"698\" data-end=\"992\">Gracias a la tecnolog\u00eda de presi\u00f3n de tira patentada de STEP, la puerta se puede desbloquear incluso con una presi\u00f3n de tira de hasta 40 kg, lo que garantiza el funcionamiento incluso bajo la presi\u00f3n de las tiras de sellado.<\/p>\n<p class=\"\" data-start=\"698\" data-end=\"992\">La funci\u00f3n inversa hace que la cerradura el\u00e9ctrica se desbloquee en caso de un corte de corriente, lo que es importante, por ejemplo, para v\u00edas de escape.<\/p>\n<p class=\"\" data-start=\"994\" data-end=\"1346\">STEP 98 est\u00e1 probado y certificado seg\u00fan la clase de fuego E\/EI 120 y tiene una resistencia a la rotura de 9 kN. El interruptor de \u00e9mbolo incorporado proporciona indicaci\u00f3n del estado de la puerta (cerrada o abierta) para una integraci\u00f3n fluida con los sistemas de control de acceso e instalaciones de alarma.<\/p>\n<p class=\"\" data-start=\"994\" data-end=\"1346\">La placa es reversible tanto para puertas con bisagras a la derecha como a la izquierda y tambi\u00e9n se puede usar para bloquear pernos de gancho o pernos rectos.<\/p>\n<p class=\"\" data-start=\"1348\" data-end=\"1374\"><strong data-start=\"1348\" data-end=\"1374\">Caracter\u00edsticas y beneficios:<\/strong><\/p>\n<ul data-start=\"1375\" data-end=\"1618\">\n<li class=\"\" data-start=\"1375\" data-end=\"1417\">\n<p class=\"\" data-start=\"1377\" data-end=\"1417\">Funci\u00f3n inversa (desbloqueada en posici\u00f3n desenergizada)<\/p>\n<\/li>\n<li class=\"\" data-start=\"1418\" data-end=\"1458\">\n<p class=\"\" data-start=\"1420\" data-end=\"1458\">Clase de fuego E\/EI 120 seg\u00fan SS-EN 14846<\/p>\n<\/li>\n<li class=\"\" data-start=\"1459\" data-end=\"1501\">\n<p class=\"\" data-start=\"1461\" data-end=\"1501\">Contacto de pist\u00f3n para indicaci\u00f3n del estado de la puerta<\/p>\n<\/li>\n<li class=\"\" data-start=\"1502\" data-end=\"1554\">\n<p class=\"\" data-start=\"1504\" data-end=\"1554\">Tecnolog\u00eda de presi\u00f3n de tira: se abre con una presi\u00f3n de hasta 40 kg<\/p>\n<\/li>\n<li class=\"\" data-start=\"1555\" data-end=\"1593\">\n<p class=\"\" data-start=\"1557\" data-end=\"1593\">Dise\u00f1o compacto y montaje reversible.<\/p>\n<\/li>\n<li class=\"\" data-start=\"1594\" data-end=\"1618\">\n<p class=\"\" data-start=\"1596\" data-end=\"1618\">Alta resistencia (9 kN)<\/p>\n<\/li>\n<\/ul>\n<p class=\"\" data-start=\"1620\" data-end=\"1977\"><strong data-start=\"1620\" data-end=\"1649\">Especificaciones t\u00e9cnicas:<\/strong><br data-start=\"1649\" data-end=\"1652\" \/>Tensi\u00f3n de funcionamiento: 24 V CC (21,6-27,6 V)<br data-start=\"1688\" data-end=\"1691\" \/>Consumo de energ\u00eda: 110 mAh \/ m\u00e1x. 300 mA<br data-start=\"1729\" data-end=\"1732\" \/>Contacto del \u00e9mbolo: S\u00ed (microinterruptor, 30 V CC, 1 A)<br data-start=\"1776\" data-end=\"1779\" \/>Resistencia a la rotura: 900 kg (9 kN)<br data-start=\"1809\" data-end=\"1812\" \/>Presi\u00f3n de la tira: 40 kg<br data-start=\"1828\" data-end=\"1831\" \/>Tipo de cerradura: Cerradura de pestillo simple, Cerradura de pestillo doble<br data-start=\"1864\" data-end=\"1867\" \/>Dimensiones (An. x Pr. x Al.): 25 x 35 x 90 mm<br data-start=\"1896\" data-end=\"1899\" \/>Tratamiento superficial: acero inoxidable<br data-start=\"1920\" data-end=\"1923\" \/>Cable: No<br data-start=\"1933\" data-end=\"1936\" \/>Producto de construcci\u00f3n calificado: S\u00ed<br data-start=\"1954\" data-end=\"1957\" \/>Calificaci\u00f3n de SundaHouse: S\u00ed<\/p>","protected":false},"excerpt":{"rendered":"<p>Aqu\u00ed podr\u00e1s ver qu\u00e9 postes y modelos encajan entre s\u00ed de la gama de placas de cierre el\u00e9ctricas STEP.<\/p>\n<h5><strong><a href=\"https:\/\/steplock.com\/sv\/stolpguide\/#!?lang=sv&amp;blog_id=1&amp;paged=1&amp;number=50\" target=\"_blank\" rel=\"noopener\">Gu\u00eda de publicaciones STEP\u00a0<\/a><\/strong><\/h5>\n<h5><strong><a href=\"https:\/\/steplock.com\/sv\/projekteringsguide\/#!?lang=sv&amp;blog_id=1&amp;paged=1&amp;number=999\" target=\"_blank\" rel=\"noopener\">Gu\u00eda de dise\u00f1o STEP<\/a><\/strong><\/h5>","protected":false},"featured_media":140090,"template":"","meta":{"_acf_changed":false},"product_brand":[],"product_cat":[3355],"product_tag":[4197,4201],"class_list":{"0":"post-140092","1":"product","2":"type-product","3":"status-publish","4":"has-post-thumbnail","6":"product_cat-elslutbleck","7":"product_tag-24v","8":"product_tag-omvand","9":"product_shipping_class-tunga-paket","10":"pa_brands-step","11":"tm-no-options","13":"first","14":"onbackorder","15":"sale","16":"taxable","17":"shipping-taxable","18":"purchasable","19":"product-type-simple"},"acf":[],"_links":{"self":[{"href":"https:\/\/secureus.se\/es\/wp-json\/wp\/v2\/product\/140092","targetHints":{"allow":["GET"]}}],"collection":[{"href":"https:\/\/secureus.se\/es\/wp-json\/wp\/v2\/product"}],"about":[{"href":"https:\/\/secureus.se\/es\/wp-json\/wp\/v2\/types\/product"}],"wp:featuredmedia":[{"embeddable":true,"href":"https:\/\/secureus.se\/es\/wp-json\/wp\/v2\/media\/140090"}],"wp:attachment":[{"href":"https:\/\/secureus.se\/es\/wp-json\/wp\/v2\/media?parent=140092"}],"wp:term":[{"taxonomy":"product_brand","embeddable":true,"href":"https:\/\/secureus.se\/es\/wp-json\/wp\/v2\/product_brand?post=140092"},{"taxonomy":"product_cat","embeddable":true,"href":"https:\/\/secureus.se\/es\/wp-json\/wp\/v2\/product_cat?post=140092"},{"taxonomy":"product_tag","embeddable":true,"href":"https:\/\/secureus.se\/es\/wp-json\/wp\/v2\/product_tag?post=140092"}],"curies":[{"name":"wp","href":"https:\/\/api.w.org\/{rel}","templated":true}]}}