{"id":140123,"date":"2023-09-26T13:07:47","date_gmt":"2023-09-26T11:07:47","guid":{"rendered":"https:\/\/secureus.se\/elslutbleck-step-40-omstallbar-12v-kolvkontakt\/"},"modified":"2026-03-26T09:49:33","modified_gmt":"2026-03-26T08:49:33","slug":"elslutbleck-step-40-omstallbar-12v-kolvkontakt","status":"publish","type":"product","link":"https:\/\/secureus.se\/es\/elslutbleck-step-40-omstallbar-12v-kolvkontakt\/","title":{"rendered":"Cerradero el\u00e9ctrico STEP 40 Contacto de pist\u00f3n ajustable 12V"},"content":{"rendered":"<h1>Cerradero el\u00e9ctrico STEP 40 Contacto de pist\u00f3n ajustable 12V<\/h1>\n<p>STEP 40 Preload HPR \u2013 cerradura el\u00e9ctrica compacta con funci\u00f3n regulable (avance\/retroceso), contacto de pist\u00f3n y alta fiabilidad operativa. Soporta hasta 250 kg de presi\u00f3n de tira.<\/p>\n<p class=\"\" data-start=\"234\" data-end=\"603\">El cerradero el\u00e9ctrico STEP 40 Preload HPR es un cerradero el\u00e9ctrico vers\u00e1til y potente adaptado para entornos de puertas modernos con altas exigencias tanto en funcionalidad como en seguridad.<\/p>\n<p class=\"\" data-start=\"234\" data-end=\"603\">Gracias a su funci\u00f3n reversible, se puede configurar f\u00e1cilmente como orientada hacia delante (bloqueada sin energ\u00eda) o hacia atr\u00e1s (desbloqueada sin energ\u00eda), lo que proporciona la m\u00e1xima flexibilidad en la instalaci\u00f3n.<\/p>\n<p class=\"\" data-start=\"605\" data-end=\"889\">Con la tecnolog\u00eda de presi\u00f3n de tira HPR\u00ae patentada de STEP, la puerta se abre incluso cuando se somete a una presi\u00f3n de hasta 250 kg, lo que hace que la cerradura el\u00e9ctrica sea una opci\u00f3n confiable incluso en entornos de alto estr\u00e9s.<\/p>\n<p class=\"\" data-start=\"605\" data-end=\"889\">La chapa met\u00e1lica se prueba durante m\u00e1s de 1,5 millones de ciclos y tiene una resistencia a la rotura de nada menos que 1.200 kg.<\/p>\n<p class=\"\" data-start=\"891\" data-end=\"1166\">El contacto de pist\u00f3n incorporado proporciona una indicaci\u00f3n confiable de si la puerta est\u00e1 cerrada o abierta y se puede integrar f\u00e1cilmente con sistemas de control de acceso o sistemas de alarma.<\/p>\n<p class=\"\" data-start=\"891\" data-end=\"1166\">STEP 40 es reversible para puertas de mano derecha e izquierda y tiene un dise\u00f1o compacto que se adapta a espacios reducidos o entornos con puertas m\u00e1s antiguas.<\/p>\n<p class=\"\" data-start=\"1168\" data-end=\"1194\"><strong data-start=\"1168\" data-end=\"1194\">Caracter\u00edsticas y beneficios:<\/strong><\/p>\n<ul data-start=\"1195\" data-end=\"1540\">\n<li class=\"\" data-start=\"1195\" data-end=\"1242\">\n<p class=\"\" data-start=\"1197\" data-end=\"1242\">Funci\u00f3n reversible: hacia adelante o hacia atr\u00e1s<\/p>\n<\/li>\n<li class=\"\" data-start=\"1243\" data-end=\"1279\">\n<p class=\"\" data-start=\"1245\" data-end=\"1279\">Contacto de pist\u00f3n con indicaci\u00f3n de estado<\/p>\n<\/li>\n<li class=\"\" data-start=\"1280\" data-end=\"1327\">\n<p class=\"\" data-start=\"1282\" data-end=\"1327\">Tecnolog\u00eda HPR\u00ae: se abre a pesar de una presi\u00f3n de fleje de 250 kg<\/p>\n<\/li>\n<li class=\"\" data-start=\"1328\" data-end=\"1356\">\n<p class=\"\" data-start=\"1330\" data-end=\"1356\">Resistencia a la rotura 1.200 kg<\/p>\n<\/li>\n<li class=\"\" data-start=\"1357\" data-end=\"1390\">\n<p class=\"\" data-start=\"1359\" data-end=\"1390\">Para cerraduras de una o dos hojas<\/p>\n<\/li>\n<li class=\"\" data-start=\"1391\" data-end=\"1420\">\n<p class=\"\" data-start=\"1393\" data-end=\"1420\">Diodo de protecci\u00f3n y protecci\u00f3n contra golpes<\/p>\n<\/li>\n<li class=\"\" data-start=\"1421\" data-end=\"1471\">\n<p class=\"\" data-start=\"1423\" data-end=\"1471\">Reversible: se adapta tanto a puertas derechas como izquierdas.<\/p>\n<\/li>\n<li class=\"\" data-start=\"1472\" data-end=\"1507\">\n<p class=\"\" data-start=\"1474\" data-end=\"1507\">Probado hasta 1,5 millones de ciclos<\/p>\n<\/li>\n<li class=\"\" data-start=\"1508\" data-end=\"1540\">\n<p class=\"\" data-start=\"1510\" data-end=\"1540\">Compatible con sistemas de 12 V CC<\/p>\n<\/li>\n<\/ul>","protected":false},"excerpt":{"rendered":"<p>Aqu\u00ed podr\u00e1s ver qu\u00e9 postes y modelos encajan entre s\u00ed de la gama de placas de cierre el\u00e9ctricas STEP.<\/p>\n<h5><strong><a href=\"https:\/\/steplock.com\/sv\/stolpguide\/#!?lang=sv&amp;blog_id=1&amp;paged=1&amp;number=50\" target=\"_blank\" rel=\"noopener\">Gu\u00eda de publicaciones STEP\u00a0<\/a><\/strong><\/h5>\n<h5><strong><a href=\"https:\/\/steplock.com\/sv\/projekteringsguide\/#!?lang=sv&amp;blog_id=1&amp;paged=1&amp;number=999\" target=\"_blank\" rel=\"noopener\">Gu\u00eda de dise\u00f1o STEP<\/a><\/strong><\/h5>","protected":false},"featured_media":140116,"template":"","meta":{"_acf_changed":false},"product_brand":[],"product_cat":[3355],"product_tag":[4198,4202],"class_list":{"0":"post-140123","1":"product","2":"type-product","3":"status-publish","4":"has-post-thumbnail","6":"product_cat-elslutbleck","7":"product_tag-12v","8":"product_tag-omstallbar-rattvand-omvand","9":"product_shipping_class-tunga-paket","10":"pa_brands-step","11":"tm-no-options","13":"first","14":"instock","15":"sale","16":"taxable","17":"shipping-taxable","18":"purchasable","19":"product-type-simple"},"acf":[],"_links":{"self":[{"href":"https:\/\/secureus.se\/es\/wp-json\/wp\/v2\/product\/140123","targetHints":{"allow":["GET"]}}],"collection":[{"href":"https:\/\/secureus.se\/es\/wp-json\/wp\/v2\/product"}],"about":[{"href":"https:\/\/secureus.se\/es\/wp-json\/wp\/v2\/types\/product"}],"wp:featuredmedia":[{"embeddable":true,"href":"https:\/\/secureus.se\/es\/wp-json\/wp\/v2\/media\/140116"}],"wp:attachment":[{"href":"https:\/\/secureus.se\/es\/wp-json\/wp\/v2\/media?parent=140123"}],"wp:term":[{"taxonomy":"product_brand","embeddable":true,"href":"https:\/\/secureus.se\/es\/wp-json\/wp\/v2\/product_brand?post=140123"},{"taxonomy":"product_cat","embeddable":true,"href":"https:\/\/secureus.se\/es\/wp-json\/wp\/v2\/product_cat?post=140123"},{"taxonomy":"product_tag","embeddable":true,"href":"https:\/\/secureus.se\/es\/wp-json\/wp\/v2\/product_tag?post=140123"}],"curies":[{"name":"wp","href":"https:\/\/api.w.org\/{rel}","templated":true}]}}