{"id":140192,"date":"2023-09-26T13:07:04","date_gmt":"2023-09-26T11:07:04","guid":{"rendered":"https:\/\/secureus.se\/elslutbleck-step-98-omstallbar-24v\/"},"modified":"2026-04-23T12:51:29","modified_gmt":"2026-04-23T10:51:29","slug":"elslutbleck-step-98-omstallbar-24v","status":"publish","type":"product","link":"https:\/\/secureus.se\/es\/elslutbleck-step-98-omstallbar-24v\/","title":{"rendered":"Cerradero el\u00e9ctrico STEP 98 Regulable 24V"},"content":{"rendered":"<p>Cerradero el\u00e9ctrico STEP 98 Regulable 24V<\/p>\n<p>STEP 98 Preload es una cerradura el\u00e9ctrica homologada para fuego con funci\u00f3n regulable, dise\u00f1ada para puertas de seguridad que se cierran con pomo o llave.<\/p>\n<p>Cerradero el\u00e9ctrico STEP 98 Equipado con tecnolog\u00eda HPR\u00ae, diodo de protecci\u00f3n y alta resistencia a la rotura.<\/p>\n<p class=\"\" data-start=\"345\" data-end=\"805\">Preload es una cerradura el\u00e9ctrica de alta seguridad que ofrece seguridad confiable y funcionalidad para puertas que se cierran con perilla o llave.<\/p>\n<p class=\"\" data-start=\"345\" data-end=\"805\">Certificado para resistencia al fuego hasta E\/EI 120 seg\u00fan SS-EN 14846:2008, este cerradero el\u00e9ctrico garantiza que la puerta permanezca bloqueada en condiciones extremas.<\/p>\n<p class=\"\" data-start=\"345\" data-end=\"805\">STEP 98 est\u00e1 equipado con la tecnolog\u00eda de presi\u00f3n de tira patentada de STEP, que permite desbloquear la puerta incluso con una presi\u00f3n de tira de hasta 40 kg.<\/p>\n<p class=\"\" data-start=\"807\" data-end=\"1111\">La funci\u00f3n reversible (hacia adelante o hacia atr\u00e1s) permite adaptar STEP 98 a las necesidades de instalaci\u00f3n, proporcionando una mayor flexibilidad para diferentes sistemas de puertas.<\/p>\n<p class=\"\" data-start=\"807\" data-end=\"1111\">Tambi\u00e9n est\u00e1 equipado con un interruptor de pist\u00f3n que proporciona indicaci\u00f3n del estado de la puerta (cerrada\/abierta) para la integraci\u00f3n con sistemas de control de acceso y sistemas de alarma.<\/p>\n<p class=\"\" data-start=\"1113\" data-end=\"1305\">Con una resistencia a la rotura de 9 kN (aprox. 900 kg), un dise\u00f1o a prueba de golpes y la capacidad de abrirse a pesar de una presi\u00f3n de tira de hasta 40 kg, STEP 98 ofrece un rendimiento confiable tanto en funcionamiento hacia adelante como hacia atr\u00e1s.<\/p>\n<p class=\"\" data-start=\"1307\" data-end=\"1322\"><strong data-start=\"1307\" data-end=\"1322\">Caracter\u00edsticas:<\/strong><\/p>\n<ul data-start=\"1323\" data-end=\"1863\">\n<li class=\"\" data-start=\"1323\" data-end=\"1402\">\n<p class=\"\" data-start=\"1325\" data-end=\"1402\">Funci\u00f3n de avance o retroceso conmutable (bloqueada o desbloqueada en posici\u00f3n desenergizada)<\/p>\n<\/li>\n<li class=\"\" data-start=\"1403\" data-end=\"1459\">\n<p class=\"\" data-start=\"1405\" data-end=\"1459\">Aprobado para fuego hasta E\/EI 120 seg\u00fan SS-EN 14846:2008<\/p>\n<\/li>\n<li class=\"\" data-start=\"1460\" data-end=\"1508\">\n<p class=\"\" data-start=\"1462\" data-end=\"1508\">Diodo de protecci\u00f3n incorporado para mayor seguridad el\u00e9ctrica.<\/p>\n<\/li>\n<li class=\"\" data-start=\"1509\" data-end=\"1567\">\n<p class=\"\" data-start=\"1511\" data-end=\"1567\">Indicaci\u00f3n del estado de la puerta (cerrada\/abierta) mediante contacto de pist\u00f3n<\/p>\n<\/li>\n<li class=\"\" data-start=\"1568\" data-end=\"1605\">\n<p class=\"\" data-start=\"1570\" data-end=\"1605\">Resistencia a la rotura de 9 kN (aprox. 900 kg)<\/p>\n<\/li>\n<li class=\"\" data-start=\"1606\" data-end=\"1705\">\n<p class=\"\" data-start=\"1608\" data-end=\"1705\">Garantiza la apertura a pesar de una presi\u00f3n de la banda de hasta 40 kg (0,4 kN) tanto en funci\u00f3n de avance como de retroceso.<\/p>\n<\/li>\n<li class=\"\" data-start=\"1706\" data-end=\"1765\">\n<p class=\"\" data-start=\"1708\" data-end=\"1765\">A prueba de golpes y reversible para puertas de apertura derecha e izquierda.<\/p>\n<\/li>\n<li class=\"\" data-start=\"1766\" data-end=\"1812\">\n<p class=\"\" data-start=\"1768\" data-end=\"1812\">Capaz de bloquear pernos de gancho o pernos rectos<\/p>\n<\/li>\n<li class=\"\" data-start=\"1813\" data-end=\"1863\">\n<p class=\"\" data-start=\"1815\" data-end=\"1863\">Microinterruptor unipolar conmutador, m\u00e1x. 30 V CC, 1 A<\/p>\n<\/li>\n<\/ul>\n<p class=\"\" data-start=\"1865\" data-end=\"1894\"><strong data-start=\"1865\" data-end=\"1894\">Especificaciones t\u00e9cnicas:<\/strong><\/p>\n<ul data-start=\"1895\" data-end=\"2433\">\n<li class=\"\" data-start=\"1895\" data-end=\"2002\">\n<p class=\"\" data-start=\"1897\" data-end=\"2002\">Alimentaci\u00f3n: 12 V CC (+15% -10%) 220 mAh \/ m\u00e1x. 600 mA o 24 V CC (+15% -10%) 110 mAh \/ m\u00e1x. 300 mA<\/p>\n<\/li>\n<li class=\"\" data-start=\"2003\" data-end=\"2043\">\n<p class=\"\" data-start=\"2005\" data-end=\"2043\">Durabilidad: Grado X seg\u00fan SS-EN 14846<\/p>\n<\/li>\n<li class=\"\" data-start=\"2044\" data-end=\"2083\">\n<p class=\"\" data-start=\"2046\" data-end=\"2083\">Corrosi\u00f3n: Grado M seg\u00fan SS-EN 14846<\/p>\n<\/li>\n<li class=\"\" data-start=\"2084\" data-end=\"2122\">\n<p class=\"\" data-start=\"2086\" data-end=\"2122\">Seguridad: Grado 3 seg\u00fan SS-EN 14846<\/p>\n<\/li>\n<li class=\"\" data-start=\"2123\" data-end=\"2185\">\n<p class=\"\" data-start=\"2125\" data-end=\"2185\">Manipulaci\u00f3n el\u00e9ctrica de seguridad: Grado 1 seg\u00fan SS-EN 14846<\/p>\n<\/li>\n<li class=\"\" data-start=\"2186\" data-end=\"2208\">\n<p class=\"\" data-start=\"2188\" data-end=\"2208\">Prueba de fuego: 120 min<\/p>\n<\/li>\n<li class=\"\" data-start=\"2209\" data-end=\"2234\">\n<p class=\"\" data-start=\"2211\" data-end=\"2234\">Resistencia a la rotura: 900 kg<\/p>\n<\/li>\n<li class=\"\" data-start=\"2235\" data-end=\"2265\">\n<p class=\"\" data-start=\"2237\" data-end=\"2265\">Bisagra de la puerta: derecha, izquierda<\/p>\n<\/li>\n<li class=\"\" data-start=\"2266\" data-end=\"2284\">\n<p class=\"\" data-start=\"2268\" data-end=\"2284\">Cable incluido: No<\/p>\n<\/li>\n<li class=\"\" data-start=\"2285\" data-end=\"2303\">\n<p class=\"\" data-start=\"2287\" data-end=\"2303\">Presi\u00f3n de la tira: 40 kg<\/p>\n<\/li>\n<li class=\"\" data-start=\"2304\" data-end=\"2339\">\n<p class=\"\" data-start=\"2306\" data-end=\"2339\">Tipo de cerradura: Cerradura de pestillo simple, Cerradura de pestillo doble<\/p>\n<\/li>\n<li class=\"\" data-start=\"2340\" data-end=\"2393\">\n<p class=\"\" data-start=\"2342\" data-end=\"2393\">Dimensiones del producto: Ancho: 25 mm, Profundidad: 35 mm, Altura: 90 mm<\/p>\n<\/li>\n<li class=\"\" data-start=\"2394\" data-end=\"2412\">\n<p class=\"\" data-start=\"2396\" data-end=\"2412\">Contacto del pist\u00f3n: No<\/p>\n<\/li>\n<li class=\"\" data-start=\"2413\" data-end=\"2433\">\n<p class=\"\" data-start=\"2415\" data-end=\"2433\">Voltaje CA\/CC: CC<\/p>\n<\/li>\n<\/ul>","protected":false},"excerpt":{"rendered":"<p>Aqu\u00ed podr\u00e1s ver qu\u00e9 postes y modelos encajan entre s\u00ed de la gama de placas de cierre el\u00e9ctricas STEP.<\/p>\n<h5><strong><a href=\"https:\/\/steplock.com\/sv\/stolpguide\/#!?lang=sv&amp;blog_id=1&amp;paged=1&amp;number=50\" target=\"_blank\" rel=\"noopener\">Gu\u00eda de publicaciones STEP\u00a0<\/a><\/strong><\/h5>\n<h5><strong><a href=\"https:\/\/steplock.com\/sv\/projekteringsguide\/#!?lang=sv&amp;blog_id=1&amp;paged=1&amp;number=999\" target=\"_blank\" rel=\"noopener\">Gu\u00eda de dise\u00f1o STEP<\/a><\/strong><\/h5>","protected":false},"featured_media":140191,"template":"","meta":{"_acf_changed":false},"product_brand":[],"product_cat":[3355],"product_tag":[4197,4202],"class_list":{"0":"post-140192","1":"product","2":"type-product","3":"status-publish","4":"has-post-thumbnail","6":"product_cat-elslutbleck","7":"product_tag-24v","8":"product_tag-omstallbar-rattvand-omvand","9":"product_shipping_class-tunga-paket","10":"pa_brands-step","11":"tm-no-options","13":"first","14":"outofstock","15":"sale","16":"taxable","17":"shipping-taxable","18":"purchasable","19":"product-type-simple"},"acf":[],"_links":{"self":[{"href":"https:\/\/secureus.se\/es\/wp-json\/wp\/v2\/product\/140192","targetHints":{"allow":["GET"]}}],"collection":[{"href":"https:\/\/secureus.se\/es\/wp-json\/wp\/v2\/product"}],"about":[{"href":"https:\/\/secureus.se\/es\/wp-json\/wp\/v2\/types\/product"}],"wp:featuredmedia":[{"embeddable":true,"href":"https:\/\/secureus.se\/es\/wp-json\/wp\/v2\/media\/140191"}],"wp:attachment":[{"href":"https:\/\/secureus.se\/es\/wp-json\/wp\/v2\/media?parent=140192"}],"wp:term":[{"taxonomy":"product_brand","embeddable":true,"href":"https:\/\/secureus.se\/es\/wp-json\/wp\/v2\/product_brand?post=140192"},{"taxonomy":"product_cat","embeddable":true,"href":"https:\/\/secureus.se\/es\/wp-json\/wp\/v2\/product_cat?post=140192"},{"taxonomy":"product_tag","embeddable":true,"href":"https:\/\/secureus.se\/es\/wp-json\/wp\/v2\/product_tag?post=140192"}],"curies":[{"name":"wp","href":"https:\/\/api.w.org\/{rel}","templated":true}]}}