{"id":140248,"date":"2023-09-26T13:06:27","date_gmt":"2023-09-26T11:06:27","guid":{"rendered":"https:\/\/secureus.se\/elslutbleck-step-90-omstallbar-12v\/"},"modified":"2026-04-23T12:54:08","modified_gmt":"2026-04-23T10:54:08","slug":"elslutbleck-step-90-omstallbar-12v","status":"publish","type":"product","link":"https:\/\/secureus.se\/es\/elslutbleck-step-90-omstallbar-12v\/","title":{"rendered":"Cerradero el\u00e9ctrico STEP 90 Regulable 12V"},"content":{"rendered":"<h1>Cerradero el\u00e9ctrico STEP 90 Regulable 12V<\/h1>\n<p>El cerradero el\u00e9ctrico STEP 90 Preload HPR es un cerradero el\u00e9ctrico compacto y homologado para incendios con alta seguridad, larga vida \u00fatil y funcionamiento confiable incluso en condiciones dif\u00edciles.<\/p>\n<p>Adecuado para puertas con alta frecuencia de apertura.<\/p>\n<p class=\"\" data-start=\"355\" data-end=\"810\">STEP 90 Preload HPR es una cerradura el\u00e9ctrica homologada para incendios dise\u00f1ada para satisfacer las altas exigencias de seguridad y funcionamiento.<\/p>\n<p class=\"\" data-start=\"355\" data-end=\"810\">Est\u00e1 certificado para resistencia al fuego hasta E\/EI120 seg\u00fan SS-EN 14846 y ofrece una soluci\u00f3n confiable y duradera para puertas sujetas a un uso frecuente.<\/p>\n<p class=\"\" data-start=\"355\" data-end=\"810\">STEP 90 cuenta con la tecnolog\u00eda patentada HPR\u00ae, que garantiza que la puerta se abra incluso cuando se somete a una presi\u00f3n de banda de hasta 250 kg.<\/p>\n<p class=\"\" data-start=\"812\" data-end=\"1133\">La placa de cierre el\u00e9ctrica tiene una funci\u00f3n reversible tanto para posiciones hacia adelante como hacia atr\u00e1s, lo que significa que se puede utilizar para diferentes sistemas de bloqueo.<\/p>\n<p class=\"\" data-start=\"812\" data-end=\"1133\">El producto est\u00e1 dise\u00f1ado para adaptarse tanto a puertas de apertura derecha como izquierda y se puede instalar f\u00e1cilmente en sistemas de puertas con cerraduras de una o dos hojas, especialmente en las series Connect, Modul y Narrow Profile.<\/p>\n<p class=\"\" data-start=\"1135\" data-end=\"1152\"><strong data-start=\"1135\" data-end=\"1149\">Caracter\u00edsticas<\/strong>:<\/p>\n<ul data-start=\"1153\" data-end=\"1691\">\n<li class=\"\" data-start=\"1153\" data-end=\"1234\">\n<p class=\"\" data-start=\"1155\" data-end=\"1234\">Funci\u00f3n de avance o retroceso conmutable (bloqueada o desbloqueada en posici\u00f3n desenergizada)<\/p>\n<\/li>\n<li class=\"\" data-start=\"1235\" data-end=\"1310\">\n<p class=\"\" data-start=\"1237\" data-end=\"1310\">Certificado para resistencia al fuego hasta E\/EI 120 seg\u00fan SS-EN 14846:2008<\/p>\n<\/li>\n<li class=\"\" data-start=\"1311\" data-end=\"1333\">\n<p class=\"\" data-start=\"1313\" data-end=\"1333\">Diodo de protecci\u00f3n incorporado<\/p>\n<\/li>\n<li class=\"\" data-start=\"1334\" data-end=\"1428\">\n<p class=\"\" data-start=\"1336\" data-end=\"1428\">Indicaci\u00f3n para detectar que la puerta est\u00e1 cerrada\/abierta (aplica a productos con contacto de pist\u00f3n)<\/p>\n<\/li>\n<li class=\"\" data-start=\"1429\" data-end=\"1467\">\n<p class=\"\" data-start=\"1431\" data-end=\"1467\">Resistencia a la rotura 1200 kg (aprox. 12 kN)<\/p>\n<\/li>\n<li class=\"\" data-start=\"1468\" data-end=\"1549\">\n<p class=\"\" data-start=\"1470\" data-end=\"1549\">La tecnolog\u00eda HPR\u00ae garantiza la apertura a pesar de una presi\u00f3n de la banda de hasta 250 kg (aprox. 2,5 kN)<\/p>\n<\/li>\n<li class=\"\" data-start=\"1550\" data-end=\"1606\">\n<p class=\"\" data-start=\"1552\" data-end=\"1606\">A prueba de golpes y reversible para puertas de apertura derecha e izquierda.<\/p>\n<\/li>\n<li class=\"\" data-start=\"1607\" data-end=\"1691\">\n<p class=\"\" data-start=\"1609\" data-end=\"1691\">Se adapta a cajas de cerradura con cerraduras de pestillo simple o doble de las series Connect, Modul y Narrow Profile<\/p>\n<\/li>\n<\/ul>\n<p class=\"\" data-start=\"1693\" data-end=\"1724\"><strong data-start=\"1693\" data-end=\"1721\">Especificaciones t\u00e9cnicas<\/strong>:<\/p>\n<ul data-start=\"1725\" data-end=\"2338\">\n<li class=\"\" data-start=\"1725\" data-end=\"1761\">\n<p class=\"\" data-start=\"1727\" data-end=\"1761\"><strong data-start=\"1727\" data-end=\"1750\">Resistencia a la rotura m\u00e1xima.<\/strong>:1200 kilos<\/p>\n<\/li>\n<li class=\"\" data-start=\"1762\" data-end=\"1798\">\n<p class=\"\" data-start=\"1764\" data-end=\"1798\"><strong data-start=\"1764\" data-end=\"1780\">Puerta colgante<\/strong>:Derecha, Izquierda<\/p>\n<\/li>\n<li class=\"\" data-start=\"1799\" data-end=\"1823\">\n<p class=\"\" data-start=\"1801\" data-end=\"1823\"><strong data-start=\"1801\" data-end=\"1816\">Cable incluido<\/strong>: No<\/p>\n<\/li>\n<li class=\"\" data-start=\"1824\" data-end=\"1849\">\n<p class=\"\" data-start=\"1826\" data-end=\"1849\"><strong data-start=\"1826\" data-end=\"1839\">Impresi\u00f3n de listas<\/strong>:250 kilos<\/p>\n<\/li>\n<li class=\"\" data-start=\"1850\" data-end=\"1891\">\n<p class=\"\" data-start=\"1852\" data-end=\"1891\"><strong data-start=\"1852\" data-end=\"1862\">Tipo de bloqueo<\/strong>: Cerradura de pestillo simple, Cerradura de pestillo doble<\/p>\n<\/li>\n<li class=\"\" data-start=\"1892\" data-end=\"1920\">\n<p class=\"\" data-start=\"1894\" data-end=\"1920\"><strong data-start=\"1894\" data-end=\"1911\">Ancho del producto<\/strong>:25 mm<\/p>\n<\/li>\n<li class=\"\" data-start=\"1921\" data-end=\"1947\">\n<p class=\"\" data-start=\"1923\" data-end=\"1947\"><strong data-start=\"1923\" data-end=\"1941\">Producto de construcci\u00f3n calificado<\/strong>: S\u00ed<\/p>\n<\/li>\n<li class=\"\" data-start=\"1948\" data-end=\"1975\">\n<p class=\"\" data-start=\"1950\" data-end=\"1975\"><strong data-start=\"1950\" data-end=\"1966\">Producto profundo<\/strong>:28 mm<\/p>\n<\/li>\n<li class=\"\" data-start=\"1976\" data-end=\"2010\">\n<p class=\"\" data-start=\"1978\" data-end=\"2010\"><strong data-start=\"1978\" data-end=\"2003\">Voltaje de funcionamiento 12 V\/24 V<\/strong>: 12 V<\/p>\n<\/li>\n<li class=\"\" data-start=\"2011\" data-end=\"2039\">\n<p class=\"\" data-start=\"2013\" data-end=\"2039\"><strong data-start=\"2013\" data-end=\"2032\">Ca\u00edda con doble giro<\/strong>: No<\/p>\n<\/li>\n<li class=\"\" data-start=\"2040\" data-end=\"2067\">\n<p class=\"\" data-start=\"2042\" data-end=\"2067\"><strong data-start=\"2042\" data-end=\"2060\">EPD verificado<\/strong>: No<\/p>\n<\/li>\n<li class=\"\" data-start=\"2068\" data-end=\"2086\">\n<p class=\"\" data-start=\"2070\" data-end=\"2086\"><strong data-start=\"2070\" data-end=\"2079\">Informaci\u00f3n financiera<\/strong>: No<\/p>\n<\/li>\n<li class=\"\" data-start=\"2087\" data-end=\"2121\">\n<p class=\"\" data-start=\"2089\" data-end=\"2121\"><strong data-start=\"2089\" data-end=\"2110\">Tratamiento de color\/superficie<\/strong>:Acero inoxidable<\/p>\n<\/li>\n<li class=\"\" data-start=\"2122\" data-end=\"2149\">\n<p class=\"\" data-start=\"2124\" data-end=\"2149\"><strong data-start=\"2124\" data-end=\"2140\">Producto de altura<\/strong>:90 mm<\/p>\n<\/li>\n<li class=\"\" data-start=\"2150\" data-end=\"2174\">\n<p class=\"\" data-start=\"2152\" data-end=\"2174\"><strong data-start=\"2152\" data-end=\"2167\">Contacto del pist\u00f3n<\/strong>: No<\/p>\n<\/li>\n<li class=\"\" data-start=\"2175\" data-end=\"2226\">\n<p class=\"\" data-start=\"2177\" data-end=\"2226\"><strong data-start=\"2177\" data-end=\"2196\">Derecha\/Reversa<\/strong>: Conmutable hacia adelante\/atr\u00e1s<\/p>\n<\/li>\n<li class=\"\" data-start=\"2227\" data-end=\"2253\">\n<p class=\"\" data-start=\"2229\" data-end=\"2253\"><strong data-start=\"2229\" data-end=\"2247\">Voltaje CA\/CC<\/strong>:DC<\/p>\n<\/li>\n<li class=\"\" data-start=\"2254\" data-end=\"2282\">\n<p class=\"\" data-start=\"2256\" data-end=\"2282\"><strong data-start=\"2256\" data-end=\"2272\">Voltaje m\u00e1x.<\/strong>:13,8 V<\/p>\n<\/li>\n<li class=\"\" data-start=\"2283\" data-end=\"2311\">\n<p class=\"\" data-start=\"2285\" data-end=\"2311\"><strong data-start=\"2285\" data-end=\"2301\">Voltaje m\u00ednimo<\/strong>:10,8 V<\/p>\n<\/li>\n<li class=\"\" data-start=\"2312\" data-end=\"2338\">\n<p class=\"\" data-start=\"2314\" data-end=\"2338\"><strong data-start=\"2314\" data-end=\"2332\">SundaHouse calificado<\/strong>: S\u00ed<\/p>\n<\/li>\n<\/ul>","protected":false},"excerpt":{"rendered":"<p>Aqu\u00ed podr\u00e1s ver qu\u00e9 postes y modelos encajan entre s\u00ed de la gama de placas de cierre el\u00e9ctricas STEP.<\/p>\n<h5><strong><a href=\"https:\/\/steplock.com\/sv\/stolpguide\/#!?lang=sv&amp;blog_id=1&amp;paged=1&amp;number=50\" target=\"_blank\" rel=\"noopener\">Gu\u00eda de publicaciones STEP\u00a0<\/a><\/strong><\/h5>\n<h5><strong><a href=\"https:\/\/steplock.com\/sv\/projekteringsguide\/#!?lang=sv&amp;blog_id=1&amp;paged=1&amp;number=999\" target=\"_blank\" rel=\"noopener\">Gu\u00eda de dise\u00f1o STEP<\/a><\/strong><\/h5>","protected":false},"featured_media":140241,"template":"","meta":{"_acf_changed":false},"product_brand":[],"product_cat":[3355],"product_tag":[4198,4202],"class_list":{"0":"post-140248","1":"product","2":"type-product","3":"status-publish","4":"has-post-thumbnail","6":"product_cat-elslutbleck","7":"product_tag-12v","8":"product_tag-omstallbar-rattvand-omvand","9":"product_shipping_class-tunga-paket","10":"pa_brands-step","11":"tm-no-options","13":"first","14":"onbackorder","15":"sale","16":"taxable","17":"shipping-taxable","18":"purchasable","19":"product-type-simple"},"acf":[],"_links":{"self":[{"href":"https:\/\/secureus.se\/es\/wp-json\/wp\/v2\/product\/140248","targetHints":{"allow":["GET"]}}],"collection":[{"href":"https:\/\/secureus.se\/es\/wp-json\/wp\/v2\/product"}],"about":[{"href":"https:\/\/secureus.se\/es\/wp-json\/wp\/v2\/types\/product"}],"wp:featuredmedia":[{"embeddable":true,"href":"https:\/\/secureus.se\/es\/wp-json\/wp\/v2\/media\/140241"}],"wp:attachment":[{"href":"https:\/\/secureus.se\/es\/wp-json\/wp\/v2\/media?parent=140248"}],"wp:term":[{"taxonomy":"product_brand","embeddable":true,"href":"https:\/\/secureus.se\/es\/wp-json\/wp\/v2\/product_brand?post=140248"},{"taxonomy":"product_cat","embeddable":true,"href":"https:\/\/secureus.se\/es\/wp-json\/wp\/v2\/product_cat?post=140248"},{"taxonomy":"product_tag","embeddable":true,"href":"https:\/\/secureus.se\/es\/wp-json\/wp\/v2\/product_tag?post=140248"}],"curies":[{"name":"wp","href":"https:\/\/api.w.org\/{rel}","templated":true}]}}