{"id":140297,"date":"2023-09-26T13:06:09","date_gmt":"2023-09-26T11:06:09","guid":{"rendered":"https:\/\/secureus.se\/elslutbleck-step-18-vanster-omvand-24v-for-assa-511\/"},"modified":"2026-04-08T16:36:16","modified_gmt":"2026-04-08T14:36:16","slug":"elslutbleck-step-18-vanster-omvand-24v-for-assa-511","status":"publish","type":"product","link":"https:\/\/secureus.se\/es\/elslutbleck-step-18-vanster-omvand-24v-for-assa-511\/","title":{"rendered":"Abrepuertas el\u00e9ctrico PASO 18 Izquierda Marcha atr\u00e1s 24V para Assa 511"},"content":{"rendered":"<h1>Abrepuertas el\u00e9ctrico PASO 18 Izquierda Marcha atr\u00e1s 24V para Assa 511<\/h1>\n<p>El abrepuertas el\u00e9ctrico STEP 18 Secure para Assa 511 ofrece la m\u00e1xima seguridad y homologaci\u00f3n contra incendios hasta E\/EI 60. Perfecto para puertas con altos requisitos de protecci\u00f3n contra intrusiones y alta frecuencia de apertura.<\/p>\n<p class=\"\" data-start=\"414\" data-end=\"1032\">STEP 18 Secure es una cerradura el\u00e9ctrica de alta seguridad desarrollada para puertas con altos requisitos de seguridad.<\/p>\n<p class=\"\" data-start=\"414\" data-end=\"1032\">Este cerradero el\u00e9ctrico es adecuado para puertas de seguridad y puertas con requisitos de evacuaci\u00f3n que necesitan soportar una alta frecuencia de apertura, como prisiones y bancos.<\/p>\n<p class=\"\" data-start=\"414\" data-end=\"1032\">Con una resistencia a la rotura de 15 kN (aprox. 1500 kg) y aprobado para resistencia al fuego hasta E\/EI 60, est\u00e1 construido para garantizar un funcionamiento confiable incluso en condiciones extremas.<\/p>\n<p class=\"\" data-start=\"414\" data-end=\"1032\">STEP 18 Secure est\u00e1 dise\u00f1ado para la cerradura de gancho Assa 511 con un perno de 10 mm y tiene una funci\u00f3n inversa (desbloqueado en posici\u00f3n desenergizada), lo que lo hace muy adecuado para puertas que se abren con frecuencia.<\/p>\n<p class=\"\" data-start=\"1034\" data-end=\"1289\">Esta cerradura el\u00e9ctrica tambi\u00e9n est\u00e1 equipada con un contacto de pist\u00f3n que indica si la puerta est\u00e1 cerrada\/abierta y bloqueada\/desbloqueada, lo que facilita la integraci\u00f3n con sistemas de control de acceso y sistemas de alarma.<\/p>\n<p class=\"\" data-start=\"1034\" data-end=\"1289\">Incluye 5 metros de cable de conexi\u00f3n libre de hal\u00f3genos para una f\u00e1cil instalaci\u00f3n.<\/p>\n<p class=\"\" data-start=\"1291\" data-end=\"1308\"><strong data-start=\"1291\" data-end=\"1305\">Caracter\u00edsticas<\/strong>:<\/p>\n<ul data-start=\"1309\" data-end=\"1747\">\n<li class=\"\" data-start=\"1309\" data-end=\"1352\">\n<p class=\"\" data-start=\"1311\" data-end=\"1352\">Para cerradura de gancho Assa 511 con pist\u00f3n de 10 mm<\/p>\n<\/li>\n<li class=\"\" data-start=\"1353\" data-end=\"1397\">\n<p class=\"\" data-start=\"1355\" data-end=\"1397\">Funci\u00f3n inversa (desbloqueada en estado desenergizado)<\/p>\n<\/li>\n<li class=\"\" data-start=\"1398\" data-end=\"1426\">\n<p class=\"\" data-start=\"1400\" data-end=\"1426\">Para puertas de hoja izquierda<\/p>\n<\/li>\n<li class=\"\" data-start=\"1427\" data-end=\"1460\">\n<p class=\"\" data-start=\"1429\" data-end=\"1460\">Aprobado para fuego hasta E\/EI 60<\/p>\n<\/li>\n<li class=\"\" data-start=\"1461\" data-end=\"1545\">\n<p class=\"\" data-start=\"1463\" data-end=\"1545\">Interruptor de \u00e9mbolo incorporado para indicar el estado cerrado\/abierto y bloqueado\/desbloqueado de la puerta.<\/p>\n<\/li>\n<li class=\"\" data-start=\"1546\" data-end=\"1568\">\n<p class=\"\" data-start=\"1548\" data-end=\"1568\">Diodo de protecci\u00f3n incorporado<\/p>\n<\/li>\n<li class=\"\" data-start=\"1569\" data-end=\"1607\">\n<p class=\"\" data-start=\"1571\" data-end=\"1607\">Resistencia a la rotura 15 kN (aprox. 1500 kg)<\/p>\n<\/li>\n<li class=\"\" data-start=\"1608\" data-end=\"1685\">\n<p class=\"\" data-start=\"1610\" data-end=\"1685\">Se abre a pesar de una presi\u00f3n de banda de 5 kN (aprox. 500 kg) en funci\u00f3n de avance y retroceso.<\/p>\n<\/li>\n<li class=\"\" data-start=\"1686\" data-end=\"1701\">\n<p class=\"\" data-start=\"1688\" data-end=\"1701\">Antidetonante<\/p>\n<\/li>\n<li class=\"\" data-start=\"1702\" data-end=\"1747\">\n<p class=\"\" data-start=\"1704\" data-end=\"1747\">Cable de conexi\u00f3n libre de hal\u00f3genos de 5 metros incluido<\/p>\n<\/li>\n<\/ul>\n<p class=\"\" data-start=\"1749\" data-end=\"1780\"><strong data-start=\"1749\" data-end=\"1777\">Especificaciones t\u00e9cnicas<\/strong>:<\/p>\n<ul data-start=\"1781\" data-end=\"2390\">\n<li class=\"\" data-start=\"1781\" data-end=\"1817\">\n<p class=\"\" data-start=\"1783\" data-end=\"1817\"><strong data-start=\"1783\" data-end=\"1806\">Resistencia a la rotura m\u00e1xima.<\/strong>:1500 kilos<\/p>\n<\/li>\n<li class=\"\" data-start=\"1818\" data-end=\"1847\">\n<p class=\"\" data-start=\"1820\" data-end=\"1847\"><strong data-start=\"1820\" data-end=\"1836\">Puerta colgante<\/strong>: Izquierda<\/p>\n<\/li>\n<li class=\"\" data-start=\"1848\" data-end=\"1871\">\n<p class=\"\" data-start=\"1850\" data-end=\"1871\"><strong data-start=\"1850\" data-end=\"1865\">Cable incluido<\/strong>: S\u00ed<\/p>\n<\/li>\n<li class=\"\" data-start=\"1872\" data-end=\"1897\">\n<p class=\"\" data-start=\"1874\" data-end=\"1897\"><strong data-start=\"1874\" data-end=\"1887\">Impresi\u00f3n de listas<\/strong>:500 kilos<\/p>\n<\/li>\n<li class=\"\" data-start=\"1898\" data-end=\"1935\">\n<p class=\"\" data-start=\"1900\" data-end=\"1935\"><strong data-start=\"1900\" data-end=\"1910\">Tipo de bloqueo<\/strong>: Cerradura de gancho y pestillo, Cerradura de pestillo<\/p>\n<\/li>\n<li class=\"\" data-start=\"1936\" data-end=\"1964\">\n<p class=\"\" data-start=\"1938\" data-end=\"1964\"><strong data-start=\"1938\" data-end=\"1955\">Ancho del producto<\/strong>:35 mm<\/p>\n<\/li>\n<li class=\"\" data-start=\"1965\" data-end=\"1991\">\n<p class=\"\" data-start=\"1967\" data-end=\"1991\"><strong data-start=\"1967\" data-end=\"1985\">Producto de construcci\u00f3n calificado<\/strong>: S\u00ed<\/p>\n<\/li>\n<li class=\"\" data-start=\"1992\" data-end=\"2019\">\n<p class=\"\" data-start=\"1994\" data-end=\"2019\"><strong data-start=\"1994\" data-end=\"2010\">Producto profundo<\/strong>:40 mm<\/p>\n<\/li>\n<li class=\"\" data-start=\"2020\" data-end=\"2054\">\n<p class=\"\" data-start=\"2022\" data-end=\"2054\"><strong data-start=\"2022\" data-end=\"2047\">Voltaje de funcionamiento 12 V\/24 V<\/strong>: 24 V<\/p>\n<\/li>\n<li class=\"\" data-start=\"2055\" data-end=\"2083\">\n<p class=\"\" data-start=\"2057\" data-end=\"2083\"><strong data-start=\"2057\" data-end=\"2076\">Ca\u00edda con doble giro<\/strong>: No<\/p>\n<\/li>\n<li class=\"\" data-start=\"2084\" data-end=\"2111\">\n<p class=\"\" data-start=\"2086\" data-end=\"2111\"><strong data-start=\"2086\" data-end=\"2104\">EPD verificado<\/strong>: No<\/p>\n<\/li>\n<li class=\"\" data-start=\"2112\" data-end=\"2130\">\n<p class=\"\" data-start=\"2114\" data-end=\"2130\"><strong data-start=\"2114\" data-end=\"2123\">Informaci\u00f3n financiera<\/strong>: No<\/p>\n<\/li>\n<li class=\"\" data-start=\"2131\" data-end=\"2165\">\n<p class=\"\" data-start=\"2133\" data-end=\"2165\"><strong data-start=\"2133\" data-end=\"2154\">Tratamiento de color\/superficie<\/strong>:Acero inoxidable<\/p>\n<\/li>\n<li class=\"\" data-start=\"2166\" data-end=\"2194\">\n<p class=\"\" data-start=\"2168\" data-end=\"2194\"><strong data-start=\"2168\" data-end=\"2184\">Producto de altura<\/strong>:230 mm<\/p>\n<\/li>\n<li class=\"\" data-start=\"2195\" data-end=\"2222\">\n<p class=\"\" data-start=\"2197\" data-end=\"2222\"><strong data-start=\"2197\" data-end=\"2211\">Longitud del cable<\/strong>:5 metros<\/p>\n<\/li>\n<li class=\"\" data-start=\"2223\" data-end=\"2246\">\n<p class=\"\" data-start=\"2225\" data-end=\"2246\"><strong data-start=\"2225\" data-end=\"2240\">Contacto del pist\u00f3n<\/strong>: S\u00ed<\/p>\n<\/li>\n<li class=\"\" data-start=\"2247\" data-end=\"2278\">\n<p class=\"\" data-start=\"2249\" data-end=\"2278\"><strong data-start=\"2249\" data-end=\"2268\">Derecha\/Reversa<\/strong>: Contrarrestar<\/p>\n<\/li>\n<li class=\"\" data-start=\"2279\" data-end=\"2305\">\n<p class=\"\" data-start=\"2281\" data-end=\"2305\"><strong data-start=\"2281\" data-end=\"2299\">Voltaje CA\/CC<\/strong>:DC<\/p>\n<\/li>\n<li class=\"\" data-start=\"2306\" data-end=\"2334\">\n<p class=\"\" data-start=\"2308\" data-end=\"2334\"><strong data-start=\"2308\" data-end=\"2324\">Voltaje m\u00e1x.<\/strong>:27,6 V<\/p>\n<\/li>\n<li class=\"\" data-start=\"2335\" data-end=\"2363\">\n<p class=\"\" data-start=\"2337\" data-end=\"2363\"><strong data-start=\"2337\" data-end=\"2353\">Voltaje m\u00ednimo<\/strong>:21,6 V<\/p>\n<\/li>\n<li class=\"\" data-start=\"2364\" data-end=\"2390\">\n<p class=\"\" data-start=\"2366\" data-end=\"2390\"><strong data-start=\"2366\" data-end=\"2384\">SundaHouse calificado<\/strong>: S\u00ed<\/p>\n<\/li>\n<\/ul>","protected":false},"excerpt":{"rendered":"<p>Aqu\u00ed podr\u00e1s ver qu\u00e9 postes y modelos encajan entre s\u00ed de la gama de placas de cierre el\u00e9ctricas STEP.<\/p>\n<h5><strong><a href=\"https:\/\/steplock.com\/sv\/stolpguide\/#!?lang=sv&amp;blog_id=1&amp;paged=1&amp;number=50\" target=\"_blank\" rel=\"noopener\">Gu\u00eda de publicaciones STEP\u00a0<\/a><\/strong><\/h5>\n<h5><strong><a href=\"https:\/\/steplock.com\/sv\/projekteringsguide\/#!?lang=sv&amp;blog_id=1&amp;paged=1&amp;number=999\" target=\"_blank\" rel=\"noopener\">Gu\u00eda de dise\u00f1o STEP<\/a><\/strong><\/h5>","protected":false},"featured_media":140294,"template":"","meta":{"_acf_changed":false},"product_brand":[],"product_cat":[3355],"product_tag":[4197,4201],"class_list":{"0":"post-140297","1":"product","2":"type-product","3":"status-publish","4":"has-post-thumbnail","6":"product_cat-elslutbleck","7":"product_tag-24v","8":"product_tag-omvand","9":"product_shipping_class-tunga-paket","10":"pa_brands-step","11":"tm-no-options","13":"first","14":"onbackorder","15":"sale","16":"taxable","17":"shipping-taxable","18":"purchasable","19":"product-type-simple"},"acf":[],"_links":{"self":[{"href":"https:\/\/secureus.se\/es\/wp-json\/wp\/v2\/product\/140297","targetHints":{"allow":["GET"]}}],"collection":[{"href":"https:\/\/secureus.se\/es\/wp-json\/wp\/v2\/product"}],"about":[{"href":"https:\/\/secureus.se\/es\/wp-json\/wp\/v2\/types\/product"}],"wp:featuredmedia":[{"embeddable":true,"href":"https:\/\/secureus.se\/es\/wp-json\/wp\/v2\/media\/140294"}],"wp:attachment":[{"href":"https:\/\/secureus.se\/es\/wp-json\/wp\/v2\/media?parent=140297"}],"wp:term":[{"taxonomy":"product_brand","embeddable":true,"href":"https:\/\/secureus.se\/es\/wp-json\/wp\/v2\/product_brand?post=140297"},{"taxonomy":"product_cat","embeddable":true,"href":"https:\/\/secureus.se\/es\/wp-json\/wp\/v2\/product_cat?post=140297"},{"taxonomy":"product_tag","embeddable":true,"href":"https:\/\/secureus.se\/es\/wp-json\/wp\/v2\/product_tag?post=140297"}],"curies":[{"name":"wp","href":"https:\/\/api.w.org\/{rel}","templated":true}]}}