{"id":140379,"date":"2023-05-10T09:50:50","date_gmt":"2023-05-10T07:50:50","guid":{"rendered":"https:\/\/secureus.se\/elqrb-pure-4x10-mm-vit-b100\/"},"modified":"2026-04-08T16:38:07","modified_gmt":"2026-04-08T14:38:07","slug":"elqrb-pure-4x10-mm-vit-b100","status":"publish","type":"product","link":"https:\/\/secureus.se\/es\/elqrb-pure-4x10-mm-vit-b100\/","title":{"rendered":"ELQRB PURO 4X1.0 MM BLANCO B100"},"content":{"rendered":"<p>Cable de telecomunicaciones libre de hal\u00f3genos. No emite gases corrosivos y tiene baja densidad de humo en caso de incendio. En sistemas de telecomunicaciones para instalaci\u00f3n fija en interiores y exteriores, sobre l\u00ednea de transmisi\u00f3n o en el suelo si el cable est\u00e1 protegido contra da\u00f1os mec\u00e1nicos. El cable rojo se utiliza como l\u00ednea de secci\u00f3n en los sistemas de alarma contra incendios.<\/p>","protected":false},"excerpt":{"rendered":"<p>Halogenfri telesignalkabel. Avger inga korrosiva gaser och har l\u00e5g r\u00f6kt\u00e4thet vid brand. I telesignalanl\u00e4ggningar f\u00f6r fast f\u00f6rl\u00e4ggning inom- och utomhus, p\u00e5 b\u00e4rlina eller i mark om kabeln skyddas mot mekanisk<\/p>","protected":false},"featured_media":140378,"template":"","meta":{"_acf_changed":false},"product_brand":[],"product_cat":[2678],"product_tag":[2487],"class_list":{"0":"post-140379","1":"product","2":"type-product","3":"status-publish","4":"has-post-thumbnail","6":"product_cat-telekabel-oskarmad","7":"product_tag-kabel-oskarmad","8":"product_shipping_class-tunga-paket","9":"tm-no-options","11":"first","12":"instock","13":"taxable","14":"shipping-taxable","15":"purchasable","16":"product-type-simple"},"acf":[],"_links":{"self":[{"href":"https:\/\/secureus.se\/es\/wp-json\/wp\/v2\/product\/140379","targetHints":{"allow":["GET"]}}],"collection":[{"href":"https:\/\/secureus.se\/es\/wp-json\/wp\/v2\/product"}],"about":[{"href":"https:\/\/secureus.se\/es\/wp-json\/wp\/v2\/types\/product"}],"wp:featuredmedia":[{"embeddable":true,"href":"https:\/\/secureus.se\/es\/wp-json\/wp\/v2\/media\/140378"}],"wp:attachment":[{"href":"https:\/\/secureus.se\/es\/wp-json\/wp\/v2\/media?parent=140379"}],"wp:term":[{"taxonomy":"product_brand","embeddable":true,"href":"https:\/\/secureus.se\/es\/wp-json\/wp\/v2\/product_brand?post=140379"},{"taxonomy":"product_cat","embeddable":true,"href":"https:\/\/secureus.se\/es\/wp-json\/wp\/v2\/product_cat?post=140379"},{"taxonomy":"product_tag","embeddable":true,"href":"https:\/\/secureus.se\/es\/wp-json\/wp\/v2\/product_tag?post=140379"}],"curies":[{"name":"wp","href":"https:\/\/api.w.org\/{rel}","templated":true}]}}