{"id":140447,"date":"2023-09-26T13:08:07","date_gmt":"2023-09-26T11:08:07","guid":{"rendered":"https:\/\/secureus.se\/elslutbleck-step-28e-hoger-rattvand-24v-12mm-regel\/"},"modified":"2026-03-26T09:47:58","modified_gmt":"2026-03-26T08:47:58","slug":"elslutbleck-step-28e-hoger-rattvand-24v-12mm-regel","status":"publish","type":"product","link":"https:\/\/secureus.se\/es\/elslutbleck-step-28e-hoger-rattvand-24v-12mm-regel\/","title":{"rendered":"Cerradura el\u00e9ctrica STEP 28E Derecha Recta 24V Regla 12mm"},"content":{"rendered":"<h1>Cerradura el\u00e9ctrica STEP 28E Derecha Recta 24V Regla 12mm<\/h1>\n<p>STEP 28E Secure es una cerradura el\u00e9ctrica con funci\u00f3n de apertura a la derecha para puertas con apertura a la derecha. Para cerrojo Modul 12 mm, clase de fuego E\/EI60, contacto de pist\u00f3n y cable libre de hal\u00f3genos de 5 m.<\/p>\n<p class=\"\" data-start=\"248\" data-end=\"635\">La cerradura el\u00e9ctrica STEP 28E Secure es una cerradura el\u00e9ctrica de alto rendimiento que combina funciones clasificadas como de seguridad con certificaci\u00f3n contra incendios y posibilidad de evacuaci\u00f3n.<\/p>\n<p class=\"\" data-start=\"248\" data-end=\"635\">Desarrollado para su uso con cerraduras de embutir y espiga o cerraduras de embutir de la serie Modul, este cerradero el\u00e9ctrico proporciona un sistema de cierre y apertura de gran fiabilidad donde el pestillo de empuje garantiza siempre el cierre de la puerta.<\/p>\n<p class=\"\" data-start=\"637\" data-end=\"1010\">El modelo est\u00e1 dise\u00f1ado para puertas batientes a la derecha y tiene una funci\u00f3n para puertas derechas, lo que significa que se bloquea en caso de un corte de energ\u00eda, un requisito en muchos entornos de seguridad.<\/p>\n<p class=\"\" data-start=\"637\" data-end=\"1010\">La cerradura el\u00e9ctrica est\u00e1 homologada seg\u00fan la clase de fuego E\/EI60 y es compatible con cerraduras de escape de emergencia seg\u00fan SS-EN 179, por lo que es especialmente adecuada para entornos con altas exigencias tanto en seguridad de escape como en funcionamiento fiable.<\/p>\n<p class=\"\" data-start=\"1012\" data-end=\"1285\">La cerradura el\u00e9ctrica STEP 28E est\u00e1 equipada con un contacto de pist\u00f3n y un contacto de enclavamiento para proporcionar una respuesta confiable a los sistemas de alarma y control de acceso.<\/p>\n<p class=\"\" data-start=\"1012\" data-end=\"1285\">La alta resistencia a la rotura de m\u00e1s de 15 kN y la capacidad de apertura a pesar de una presi\u00f3n de fleje de hasta 500 kg hacen de esta una opci\u00f3n robusta y segura.<\/p>\n<p class=\"\" data-start=\"1287\" data-end=\"1315\"><strong data-start=\"1287\" data-end=\"1313\">Caracter\u00edsticas y beneficios:<\/strong><\/p>\n<ul data-start=\"1316\" data-end=\"1630\">\n<li class=\"\" data-start=\"1316\" data-end=\"1349\">\n<p class=\"\" data-start=\"1318\" data-end=\"1349\">Para pist\u00f3n de 12 mm de la serie Modul<\/p>\n<\/li>\n<li class=\"\" data-start=\"1350\" data-end=\"1389\">\n<p class=\"\" data-start=\"1352\" data-end=\"1389\">Funci\u00f3n correcta: bloqueado sin energ\u00eda<\/p>\n<\/li>\n<li class=\"\" data-start=\"1390\" data-end=\"1412\">\n<p class=\"\" data-start=\"1392\" data-end=\"1412\">Puertas con bisagras a la derecha<\/p>\n<\/li>\n<li class=\"\" data-start=\"1413\" data-end=\"1443\">\n<p class=\"\" data-start=\"1415\" data-end=\"1443\">Clasificaci\u00f3n de resistencia al fuego seg\u00fan E\/EI60<\/p>\n<\/li>\n<li class=\"\" data-start=\"1444\" data-end=\"1495\">\n<p class=\"\" data-start=\"1446\" data-end=\"1495\">Contacto de pist\u00f3n y pestillo para indicaci\u00f3n de estado<\/p>\n<\/li>\n<li class=\"\" data-start=\"1496\" data-end=\"1526\">\n<p class=\"\" data-start=\"1498\" data-end=\"1526\">Resistencia a la rotura superior a 15 kN<\/p>\n<\/li>\n<li class=\"\" data-start=\"1527\" data-end=\"1551\">\n<p class=\"\" data-start=\"1529\" data-end=\"1551\">Soporta 500 kg de presi\u00f3n de tira.<\/p>\n<\/li>\n<li class=\"\" data-start=\"1552\" data-end=\"1591\">\n<p class=\"\" data-start=\"1554\" data-end=\"1591\">Protecci\u00f3n contra golpes y diodo de protecci\u00f3n incorporado<\/p>\n<\/li>\n<li class=\"\" data-start=\"1592\" data-end=\"1630\">\n<p class=\"\" data-start=\"1594\" data-end=\"1630\">Cable libre de hal\u00f3genos de 5 metros incluido<\/p>\n<\/li>\n<\/ul>\n<p class=\"\" data-start=\"1632\" data-end=\"1861\"><strong data-start=\"1632\" data-end=\"1655\">\u00c1reas de uso:<\/strong><br data-start=\"1655\" data-end=\"1658\" \/>Adecuado para puertas con clasificaci\u00f3n de seguridad en, por ejemplo, juzgados, edificios gubernamentales, escuelas y propiedades comerciales donde los requisitos de protecci\u00f3n contra incendios y apertura autom\u00e1tica de puertas deben combinarse con una alta resistencia al robo.<\/p>\n<p class=\"\" data-start=\"1863\" data-end=\"2270\"><strong data-start=\"1863\" data-end=\"1892\">Especificaciones t\u00e9cnicas:<\/strong><br data-start=\"1892\" data-end=\"1895\" \/>Tensi\u00f3n de funcionamiento: 24 V CC (21,6-27,6 V)<br data-start=\"1931\" data-end=\"1934\" \/>Consumo de energ\u00eda: 500 mA desbloqueado<br data-start=\"1964\" data-end=\"1967\" \/>Contacto del pist\u00f3n: Microinterruptor, m\u00e1x. 30 V CC \/ 1 A<br data-start=\"2012\" data-end=\"2015\" \/>Bisagra de la puerta: Derecha<br data-start=\"2034\" data-end=\"2037\" \/>Longitud del cable: 5 metros, libre de hal\u00f3genos.<br data-start=\"2068\" data-end=\"2071\" \/>Resistencia a la rotura: 1500 kg<br data-start=\"2095\" data-end=\"2098\" \/>Presi\u00f3n de lista: 500 kg<br data-start=\"2115\" data-end=\"2118\" \/>Tipo de cerradura: Cerradura de gancho, Cerradura con pestillo<br data-start=\"2147\" data-end=\"2150\" \/>Ca\u00edda de doble giro: S\u00ed<br data-start=\"2169\" data-end=\"2172\" \/>Dimensiones (An. x Pr. x Al.): 35 x 40 x 230 mm<br data-start=\"2202\" data-end=\"2205\" \/>Tratamiento superficial: acero inoxidable<br data-start=\"2226\" data-end=\"2229\" \/>Producto de construcci\u00f3n calificado: S\u00ed<br data-start=\"2247\" data-end=\"2250\" \/>Calificaci\u00f3n de SundaHouse: S\u00ed<\/p>","protected":false},"excerpt":{"rendered":"<p>Aqu\u00ed podr\u00e1s ver qu\u00e9 postes y modelos encajan entre s\u00ed de la gama de placas de cierre el\u00e9ctricas STEP.<\/p>\n<h5><strong><a href=\"https:\/\/steplock.com\/sv\/stolpguide\/#!?lang=sv&amp;blog_id=1&amp;paged=1&amp;number=50\" target=\"_blank\" rel=\"noopener\">Gu\u00eda de publicaciones STEP\u00a0<\/a><\/strong><\/h5>\n<h5><strong><a href=\"https:\/\/steplock.com\/sv\/projekteringsguide\/#!?lang=sv&amp;blog_id=1&amp;paged=1&amp;number=999\" target=\"_blank\" rel=\"noopener\">Gu\u00eda de dise\u00f1o STEP<\/a><\/strong><\/h5>","protected":false},"featured_media":140445,"template":"","meta":{"_acf_changed":false},"product_brand":[],"product_cat":[3355],"product_tag":[4197,4200],"class_list":{"0":"post-140447","1":"product","2":"type-product","3":"status-publish","4":"has-post-thumbnail","6":"product_cat-elslutbleck","7":"product_tag-24v","8":"product_tag-rattvand","9":"product_shipping_class-tunga-paket","10":"pa_brands-step","11":"tm-no-options","13":"first","14":"instock","15":"sale","16":"taxable","17":"shipping-taxable","18":"purchasable","19":"product-type-simple"},"acf":[],"_links":{"self":[{"href":"https:\/\/secureus.se\/es\/wp-json\/wp\/v2\/product\/140447","targetHints":{"allow":["GET"]}}],"collection":[{"href":"https:\/\/secureus.se\/es\/wp-json\/wp\/v2\/product"}],"about":[{"href":"https:\/\/secureus.se\/es\/wp-json\/wp\/v2\/types\/product"}],"wp:featuredmedia":[{"embeddable":true,"href":"https:\/\/secureus.se\/es\/wp-json\/wp\/v2\/media\/140445"}],"wp:attachment":[{"href":"https:\/\/secureus.se\/es\/wp-json\/wp\/v2\/media?parent=140447"}],"wp:term":[{"taxonomy":"product_brand","embeddable":true,"href":"https:\/\/secureus.se\/es\/wp-json\/wp\/v2\/product_brand?post=140447"},{"taxonomy":"product_cat","embeddable":true,"href":"https:\/\/secureus.se\/es\/wp-json\/wp\/v2\/product_cat?post=140447"},{"taxonomy":"product_tag","embeddable":true,"href":"https:\/\/secureus.se\/es\/wp-json\/wp\/v2\/product_tag?post=140447"}],"curies":[{"name":"wp","href":"https:\/\/api.w.org\/{rel}","templated":true}]}}