{"id":140473,"date":"2023-09-26T13:07:54","date_gmt":"2023-09-26T11:07:54","guid":{"rendered":"https:\/\/secureus.se\/elslutbleck-step-15-vanster-rattvand\/"},"modified":"2026-04-23T12:41:12","modified_gmt":"2026-04-23T10:41:12","slug":"elslutbleck-step-15-vanster-rattvand","status":"publish","type":"product","link":"https:\/\/secureus.se\/es\/elslutbleck-step-15-vanster-rattvand\/","title":{"rendered":"Placa de cierre el\u00e9ctrica PASO 15 Izquierda Derecha"},"content":{"rendered":"<div>\n<div>\n<div>\n<h1>Placa de cierre el\u00e9ctrica PASO 15 Izquierda Derecha<\/h1>\n<p>STEP 15 Secure es una cerradura el\u00e9ctrica de alta seguridad con funci\u00f3n frontal, dise\u00f1ada para entornos con exigencias extremas como bancos y prisiones. Adaptado para puertas de apertura izquierda con cerraduras ASSA 7787\/9787.<\/p>\n<p class=\"\" data-start=\"277\" data-end=\"677\">STEP 15 Secure es una cerradura el\u00e9ctrica potente y de alto rendimiento desarrollada para su uso en entornos de puertas donde el nivel de seguridad es crucial, por ejemplo, bancos, instalaciones de defensa y prisiones.<\/p>\n<p class=\"\" data-start=\"277\" data-end=\"677\">La construcci\u00f3n robusta est\u00e1 especialmente dimensionada para soportar un alto estr\u00e9s mec\u00e1nico y, al mismo tiempo, ofrecer un bloqueo y desbloqueo r\u00e1pidos incluso con mucho tr\u00e1fico.<\/p>\n<p class=\"\" data-start=\"679\" data-end=\"1076\">El producto est\u00e1 adaptado para cerraduras de gancho como ASSA 7787 o 9787 y est\u00e1 aprobado para resistencia al fuego hasta 60 minutos.<\/p>\n<p class=\"\" data-start=\"679\" data-end=\"1076\">Con la funci\u00f3n orientada hacia la derecha, la hoja se bloquea en la posici\u00f3n desenergizada, lo que proporciona una protecci\u00f3n eficaz incluso en caso de un corte de energ\u00eda. STEP 15 est\u00e1 equipado con un cierre giratorio de acero endurecido y una carcasa de cierre y poste de montaje de acero inoxidable, lo que lo hace extremadamente duradero y resistente a los ataques.<\/p>\n<p class=\"\" data-start=\"1078\" data-end=\"1355\">Los contactos de pist\u00f3n y pestillo incorporados brindan informaci\u00f3n clara sobre el estado de la puerta y permiten la conexi\u00f3n a sistemas de control de acceso y alarmas.<\/p>\n<p class=\"\" data-start=\"1078\" data-end=\"1355\">Con una resistencia a la rotura de m\u00e1s de 16 kN (aprox. 1600 kg), protecci\u00f3n transitoria y protecci\u00f3n contra golpes, STEP 15 es una opci\u00f3n obvia para instalaciones de seguridad cr\u00edtica.<\/p>\n<p class=\"\" data-start=\"1357\" data-end=\"1385\"><strong data-start=\"1357\" data-end=\"1383\">Caracter\u00edsticas y beneficios:<\/strong><\/p>\n<ul data-start=\"1386\" data-end=\"1698\">\n<li class=\"\" data-start=\"1386\" data-end=\"1447\">\n<p class=\"\" data-start=\"1388\" data-end=\"1447\">Para puertas batientes a la izquierda con cerradura de gancho (ASSA 7787\/9787)<\/p>\n<\/li>\n<li class=\"\" data-start=\"1448\" data-end=\"1493\">\n<p class=\"\" data-start=\"1450\" data-end=\"1493\">Funci\u00f3n correcta: bloqueado en posici\u00f3n desenergizada<\/p>\n<\/li>\n<li class=\"\" data-start=\"1494\" data-end=\"1522\">\n<p class=\"\" data-start=\"1496\" data-end=\"1522\">Probado contra fuego durante 60 minutos<\/p>\n<\/li>\n<li class=\"\" data-start=\"1523\" data-end=\"1563\">\n<p class=\"\" data-start=\"1525\" data-end=\"1563\">Resistencia a la rotura superior a 16 kN (1600 kg)<\/p>\n<\/li>\n<li class=\"\" data-start=\"1564\" data-end=\"1590\">\n<p class=\"\" data-start=\"1566\" data-end=\"1590\">Caja de torsi\u00f3n de acero endurecido<\/p>\n<\/li>\n<li class=\"\" data-start=\"1591\" data-end=\"1625\">\n<p class=\"\" data-start=\"1593\" data-end=\"1625\">Interruptor de pist\u00f3n y pestillo incorporado<\/p>\n<\/li>\n<li class=\"\" data-start=\"1626\" data-end=\"1662\">\n<p class=\"\" data-start=\"1628\" data-end=\"1662\">Protegido contra transitorios y golpes<\/p>\n<\/li>\n<li class=\"\" data-start=\"1663\" data-end=\"1698\">\n<p class=\"\" data-start=\"1665\" data-end=\"1698\">Materiales de construcci\u00f3n evaluados y SundaHus evaluado<\/p>\n<\/li>\n<\/ul>\n<p class=\"\" data-start=\"1700\" data-end=\"2045\"><strong data-start=\"1700\" data-end=\"1729\">Especificaciones t\u00e9cnicas:<\/strong><br data-start=\"1729\" data-end=\"1732\" \/>Funci\u00f3n: Orientado a la derecha<br data-start=\"1750\" data-end=\"1753\" \/>Bisagra de la puerta: izquierda<br data-start=\"1774\" data-end=\"1777\" \/>Resistencia a la rotura: &gt;16 kN (1600 kg)<br data-start=\"1810\" data-end=\"1813\" \/>Tipo de cerradura: Cerradura de gancho (ASSA 7787, 9787)<br data-start=\"1850\" data-end=\"1853\" \/>Material: acero inoxidable<br data-start=\"1877\" data-end=\"1880\" \/>Ancho: 40 mm<br data-start=\"1892\" data-end=\"1895\" \/>Profundidad: 45 mm<br data-start=\"1906\" data-end=\"1909\" \/>Voltaje: CC<br data-start=\"1921\" data-end=\"1924\" \/>Ca\u00edda de doble giro: No<br data-start=\"1944\" data-end=\"1947\" \/>Cable: S\u00ed<br data-start=\"1956\" data-end=\"1959\" \/>Contacto del pist\u00f3n: S\u00ed<br data-start=\"1974\" data-end=\"1977\" \/>Color\/Acabado: Acero inoxidable<br data-start=\"2003\" data-end=\"2006\" \/>Producto de construcci\u00f3n calificado: S\u00ed<br data-start=\"2024\" data-end=\"2027\" \/>Calificaci\u00f3n de SundaHouse: S\u00ed<\/p>\n<\/div>\n<\/div>\n<\/div>","protected":false},"excerpt":{"rendered":"<p>Aqu\u00ed podr\u00e1s ver qu\u00e9 postes y modelos encajan entre s\u00ed de la gama de placas de cierre el\u00e9ctricas STEP.<\/p>\n<h5><strong><a href=\"https:\/\/steplock.com\/sv\/stolpguide\/#!?lang=sv&amp;blog_id=1&amp;paged=1&amp;number=50\" target=\"_blank\" rel=\"noopener\">Gu\u00eda de publicaciones STEP\u00a0<\/a><\/strong><\/h5>\n<h5><strong><a href=\"https:\/\/steplock.com\/sv\/projekteringsguide\/#!?lang=sv&amp;blog_id=1&amp;paged=1&amp;number=999\" target=\"_blank\" rel=\"noopener\">Gu\u00eda de dise\u00f1o STEP<\/a><\/strong><\/h5>","protected":false},"featured_media":140468,"template":"","meta":{"_acf_changed":false},"product_brand":[],"product_cat":[3355],"product_tag":[4200],"class_list":{"0":"post-140473","1":"product","2":"type-product","3":"status-publish","4":"has-post-thumbnail","6":"product_cat-elslutbleck","7":"product_tag-rattvand","8":"product_shipping_class-tunga-paket","9":"pa_brands-step","10":"tm-no-options","12":"first","13":"instock","14":"sale","15":"taxable","16":"shipping-taxable","17":"purchasable","18":"product-type-simple"},"acf":[],"_links":{"self":[{"href":"https:\/\/secureus.se\/es\/wp-json\/wp\/v2\/product\/140473","targetHints":{"allow":["GET"]}}],"collection":[{"href":"https:\/\/secureus.se\/es\/wp-json\/wp\/v2\/product"}],"about":[{"href":"https:\/\/secureus.se\/es\/wp-json\/wp\/v2\/types\/product"}],"wp:featuredmedia":[{"embeddable":true,"href":"https:\/\/secureus.se\/es\/wp-json\/wp\/v2\/media\/140468"}],"wp:attachment":[{"href":"https:\/\/secureus.se\/es\/wp-json\/wp\/v2\/media?parent=140473"}],"wp:term":[{"taxonomy":"product_brand","embeddable":true,"href":"https:\/\/secureus.se\/es\/wp-json\/wp\/v2\/product_brand?post=140473"},{"taxonomy":"product_cat","embeddable":true,"href":"https:\/\/secureus.se\/es\/wp-json\/wp\/v2\/product_cat?post=140473"},{"taxonomy":"product_tag","embeddable":true,"href":"https:\/\/secureus.se\/es\/wp-json\/wp\/v2\/product_tag?post=140473"}],"curies":[{"name":"wp","href":"https:\/\/api.w.org\/{rel}","templated":true}]}}