{"id":140484,"date":"2023-09-26T13:07:52","date_gmt":"2023-09-26T11:07:52","guid":{"rendered":"https:\/\/secureus.se\/elslutbleck-step-29-rattvand-24v\/"},"modified":"2026-04-23T12:30:56","modified_gmt":"2026-04-23T10:30:56","slug":"elslutbleck-step-29-rattvand-24v","status":"publish","type":"product","link":"https:\/\/secureus.se\/es\/elslutbleck-step-29-rattvand-24v\/","title":{"rendered":"Cerradero el\u00e9ctrico PASO 29 Orientado a la derecha 24V"},"content":{"rendered":"<h1>Cerradero el\u00e9ctrico PASO 29 Orientado a la derecha 24V<\/h1>\n<p>STEP 29 Silent es una cerradura el\u00e9ctrica de alta seguridad con un funcionamiento sencillo y silencioso gracias a la tecnolog\u00eda STEP Silent.<\/p>\n<p>Resistente al fuego hasta E\/EI 60 con contacto de pist\u00f3n y pestillo y cable de 5 m.<\/p>\n<p class=\"\" data-start=\"257\" data-end=\"614\">El cerradero el\u00e9ctrico silencioso STEP 29 est\u00e1 dise\u00f1ado para combinar una alta seguridad con un funcionamiento silencioso y suave en entornos de puertas con altas exigencias.<\/p>\n<p class=\"\" data-start=\"257\" data-end=\"614\">Con la tecnolog\u00eda Silent patentada de STEP, esta cerradura el\u00e9ctrica ofrece un funcionamiento pr\u00e1cticamente silencioso, perfecto para entornos donde el funcionamiento silencioso es crucial, como centros de atenci\u00f3n m\u00e9dica, oficinas o espacios p\u00fablicos.<\/p>\n<p class=\"\" data-start=\"616\" data-end=\"992\">STEP 29 est\u00e1 adaptado para cerraduras de pestillo y tiene funci\u00f3n inversa, lo que significa que se bloquea en caso de corte de corriente.<\/p>\n<p class=\"\" data-start=\"616\" data-end=\"992\">Independientemente de si la puerta se abre el\u00e9ctricamente, manualmente con un pomo o con llave, el bloqueo siempre est\u00e1 garantizado cuando la puerta se cierra.<\/p>\n<p class=\"\" data-start=\"616\" data-end=\"992\">Esto se hace a trav\u00e9s de un mecanismo \u00fanico donde el cerrojo primero va a la posici\u00f3n medio bloqueada y luego se extiende a su longitud completa (20 mm) cuando la puerta est\u00e1 cerrada.<\/p>\n<p class=\"\" data-start=\"994\" data-end=\"1296\">Con una resistencia a la rotura de nada menos que 12 kN y probado para soportar una presi\u00f3n de tira de hasta 5 kN, STEP 29 cumple estrictos requisitos de seguridad.<\/p>\n<p class=\"\" data-start=\"994\" data-end=\"1296\">El producto tiene clasificaci\u00f3n de resistencia al fuego seg\u00fan E\/EI 60 y se suministra con 5 metros de cable libre de hal\u00f3genos. El contacto de pist\u00f3n y pestillo incorporado permite la integraci\u00f3n con sistemas de control de acceso y soluciones de alarma.<\/p>\n<p class=\"\" data-start=\"1298\" data-end=\"1324\"><strong data-start=\"1298\" data-end=\"1324\">Caracter\u00edsticas y beneficios:<\/strong><\/p>\n<ul data-start=\"1325\" data-end=\"1634\">\n<li class=\"\" data-start=\"1325\" data-end=\"1368\">\n<p class=\"\" data-start=\"1327\" data-end=\"1368\">Funci\u00f3n correcta: bloqueado en posici\u00f3n desenergizada<\/p>\n<\/li>\n<li class=\"\" data-start=\"1369\" data-end=\"1417\">\n<p class=\"\" data-start=\"1371\" data-end=\"1417\">Funcionamiento casi silencioso con la tecnolog\u00eda STEP Silent<\/p>\n<\/li>\n<li class=\"\" data-start=\"1418\" data-end=\"1451\">\n<p class=\"\" data-start=\"1420\" data-end=\"1451\">Se adapta a puertas derechas e izquierdas.<\/p>\n<\/li>\n<li class=\"\" data-start=\"1452\" data-end=\"1474\">\n<p class=\"\" data-start=\"1454\" data-end=\"1474\">Aprobado contra incendios E\/EI 60<\/p>\n<\/li>\n<li class=\"\" data-start=\"1475\" data-end=\"1514\">\n<p class=\"\" data-start=\"1477\" data-end=\"1514\">Contacto de pist\u00f3n y pestillo para indicaci\u00f3n<\/p>\n<\/li>\n<li class=\"\" data-start=\"1515\" data-end=\"1543\">\n<p class=\"\" data-start=\"1517\" data-end=\"1543\">Cable libre de hal\u00f3genos de 5 m incluido<\/p>\n<\/li>\n<li class=\"\" data-start=\"1544\" data-end=\"1567\">\n<p class=\"\" data-start=\"1546\" data-end=\"1567\">Resistencia a la rotura 12 kN<\/p>\n<\/li>\n<li class=\"\" data-start=\"1568\" data-end=\"1591\">\n<p class=\"\" data-start=\"1570\" data-end=\"1591\">Soporta una presi\u00f3n de tira de 5 kN<\/p>\n<\/li>\n<li class=\"\" data-start=\"1592\" data-end=\"1634\">\n<p class=\"\" data-start=\"1594\" data-end=\"1634\">Construcci\u00f3n de acero inoxidable con eslab\u00f3n giratorio endurecido.<\/p>\n<\/li>\n<\/ul>","protected":false},"excerpt":{"rendered":"<p>Aqu\u00ed podr\u00e1s ver qu\u00e9 postes y modelos encajan entre s\u00ed de la gama de placas de cierre el\u00e9ctricas STEP.<\/p>\n<h5><strong><a href=\"https:\/\/steplock.com\/sv\/stolpguide\/#!?lang=sv&amp;blog_id=1&amp;paged=1&amp;number=50\" target=\"_blank\" rel=\"noopener\">Gu\u00eda de publicaciones STEP\u00a0<\/a><\/strong><\/h5>\n<h5><strong><a href=\"https:\/\/steplock.com\/sv\/projekteringsguide\/#!?lang=sv&amp;blog_id=1&amp;paged=1&amp;number=999\" target=\"_blank\" rel=\"noopener\">Gu\u00eda de dise\u00f1o STEP<\/a><\/strong><\/h5>","protected":false},"featured_media":159505,"template":"","meta":{"_acf_changed":false},"product_brand":[],"product_cat":[3355],"product_tag":[4197,4200],"class_list":{"0":"post-140484","1":"product","2":"type-product","3":"status-publish","4":"has-post-thumbnail","6":"product_cat-elslutbleck","7":"product_tag-24v","8":"product_tag-rattvand","9":"product_shipping_class-tunga-paket","10":"pa_brands-step","11":"tm-no-options","13":"first","14":"outofstock","15":"sale","16":"taxable","17":"shipping-taxable","18":"purchasable","19":"product-type-simple"},"acf":[],"_links":{"self":[{"href":"https:\/\/secureus.se\/es\/wp-json\/wp\/v2\/product\/140484","targetHints":{"allow":["GET"]}}],"collection":[{"href":"https:\/\/secureus.se\/es\/wp-json\/wp\/v2\/product"}],"about":[{"href":"https:\/\/secureus.se\/es\/wp-json\/wp\/v2\/types\/product"}],"wp:featuredmedia":[{"embeddable":true,"href":"https:\/\/secureus.se\/es\/wp-json\/wp\/v2\/media\/159505"}],"wp:attachment":[{"href":"https:\/\/secureus.se\/es\/wp-json\/wp\/v2\/media?parent=140484"}],"wp:term":[{"taxonomy":"product_brand","embeddable":true,"href":"https:\/\/secureus.se\/es\/wp-json\/wp\/v2\/product_brand?post=140484"},{"taxonomy":"product_cat","embeddable":true,"href":"https:\/\/secureus.se\/es\/wp-json\/wp\/v2\/product_cat?post=140484"},{"taxonomy":"product_tag","embeddable":true,"href":"https:\/\/secureus.se\/es\/wp-json\/wp\/v2\/product_tag?post=140484"}],"curies":[{"name":"wp","href":"https:\/\/api.w.org\/{rel}","templated":true}]}}