{"id":140489,"date":"2023-05-10T09:54:40","date_gmt":"2023-05-10T07:54:40","guid":{"rendered":"https:\/\/secureus.se\/elqxb-pure-1x4x05-vit-buddy\/"},"modified":"2026-04-08T16:41:22","modified_gmt":"2026-04-08T14:41:22","slug":"elqxb-pure-1x4x05-vit-buddy","status":"publish","type":"product","link":"https:\/\/secureus.se\/es\/elqxb-pure-1x4x05-vit-buddy\/","title":{"rendered":"ELQXB PURO 1X4X0.5 BLANCO BUDDY"},"content":{"rendered":"","protected":false},"excerpt":{"rendered":"<p>Cable de telecomunicaciones libre de hal\u00f3genos. No emite gases corrosivos y tiene baja densidad de humo en caso de incendio. Instalaci\u00f3n fija o en tuber\u00edas, para redes de comunicaciones interiores privadas. Las piezas est\u00e1n torcidas en pares (1x4x0,5 est\u00e1n torcidas en cuatro tornillos).<\/p>","protected":false},"featured_media":140486,"template":"","meta":{"_acf_changed":false},"product_brand":[],"product_cat":[2678],"product_tag":[2487],"class_list":{"0":"post-140489","1":"product","2":"type-product","3":"status-publish","4":"has-post-thumbnail","6":"product_cat-telekabel-oskarmad","7":"product_tag-kabel-oskarmad","8":"product_shipping_class-tunga-paket","9":"tm-no-options","11":"first","12":"instock","13":"sale","14":"taxable","15":"shipping-taxable","16":"purchasable","17":"product-type-simple"},"acf":[],"_links":{"self":[{"href":"https:\/\/secureus.se\/es\/wp-json\/wp\/v2\/product\/140489","targetHints":{"allow":["GET"]}}],"collection":[{"href":"https:\/\/secureus.se\/es\/wp-json\/wp\/v2\/product"}],"about":[{"href":"https:\/\/secureus.se\/es\/wp-json\/wp\/v2\/types\/product"}],"wp:featuredmedia":[{"embeddable":true,"href":"https:\/\/secureus.se\/es\/wp-json\/wp\/v2\/media\/140486"}],"wp:attachment":[{"href":"https:\/\/secureus.se\/es\/wp-json\/wp\/v2\/media?parent=140489"}],"wp:term":[{"taxonomy":"product_brand","embeddable":true,"href":"https:\/\/secureus.se\/es\/wp-json\/wp\/v2\/product_brand?post=140489"},{"taxonomy":"product_cat","embeddable":true,"href":"https:\/\/secureus.se\/es\/wp-json\/wp\/v2\/product_cat?post=140489"},{"taxonomy":"product_tag","embeddable":true,"href":"https:\/\/secureus.se\/es\/wp-json\/wp\/v2\/product_tag?post=140489"}],"curies":[{"name":"wp","href":"https:\/\/api.w.org\/{rel}","templated":true}]}}