{"id":140508,"date":"2023-09-26T13:07:44","date_gmt":"2023-09-26T11:07:44","guid":{"rendered":"https:\/\/secureus.se\/elslutbleck-step-90-omstallbar-12v-kolvkontakt\/"},"modified":"2026-03-26T09:49:47","modified_gmt":"2026-03-26T08:49:47","slug":"elslutbleck-step-90-omstallbar-12v-kolvkontakt","status":"publish","type":"product","link":"https:\/\/secureus.se\/es\/elslutbleck-step-90-omstallbar-12v-kolvkontakt\/","title":{"rendered":"Cerradero el\u00e9ctrico STEP 90 Contacto de pist\u00f3n ajustable 12V"},"content":{"rendered":"<h1>Cerradero el\u00e9ctrico STEP 90 Contacto de pist\u00f3n ajustable 12V<\/h1>\n<p>STEP 90 Preload 12V es un cerradero el\u00e9ctrico compacto, homologado para incendios, con funci\u00f3n regulable y contacto de pist\u00f3n.<\/p>\n<p>Alta seguridad y fiabilidad operativa con soporte para cerraduras de una y dos hojas.<\/p>\n<p class=\"\" data-start=\"254\" data-end=\"600\">La cerradura el\u00e9ctrica STEP 90 Preload HPR con funci\u00f3n regulable ofrece una soluci\u00f3n flexible para entornos de puertas con altas exigencias de seguridad y fiabilidad.<\/p>\n<p class=\"\" data-start=\"254\" data-end=\"600\">Con la capacidad de configurarse como hacia adelante o hacia atr\u00e1s, se puede adaptar a diferentes aplicaciones, donde debe bloquearse o desbloquearse en caso de un corte de energ\u00eda.<\/p>\n<p class=\"\" data-start=\"602\" data-end=\"875\">STEP 90 pertenece a la serie Preload y est\u00e1 equipado con la tecnolog\u00eda de presi\u00f3n de banda patentada HPR\u00ae que garantiza la apertura incluso si la puerta est\u00e1 expuesta a hasta 250 kg de presi\u00f3n de banda.<\/p>\n<p class=\"\" data-start=\"602\" data-end=\"875\">Esto hace que la chapa sea ideal para un uso de alta frecuencia o para entornos donde la puerta suele estar expuesta a presi\u00f3n.<\/p>\n<p class=\"\" data-start=\"877\" data-end=\"1114\">Con un contacto de pist\u00f3n, obtiene una indicaci\u00f3n confiable del estado de la puerta: perfecto para la conexi\u00f3n a un sistema de alarma o control de acceso.<\/p>\n<p class=\"\" data-start=\"877\" data-end=\"1114\">STEP 90 tambi\u00e9n est\u00e1 homologado para fuego hasta la clase E\/EI120 seg\u00fan SS-EN 14846:2008 y tiene una alta resistencia a la rotura de 1.200 kg.<\/p>\n<p class=\"\" data-start=\"1116\" data-end=\"1320\">El dise\u00f1o reversible lo hace compatible con puertas de apertura derecha e izquierda, as\u00ed como con carcasas de cerradura de las series Connect, Modul y Narrow Profile.<\/p>\n<p class=\"\" data-start=\"1116\" data-end=\"1320\">Una soluci\u00f3n compacta y eficiente para instalaciones de seguridad modernas.<\/p>\n<p class=\"\" data-start=\"1322\" data-end=\"1350\"><strong data-start=\"1322\" data-end=\"1348\">Caracter\u00edsticas y beneficios:<\/strong><\/p>\n<ul data-start=\"1351\" data-end=\"1653\">\n<li class=\"\" data-start=\"1351\" data-end=\"1397\">\n<p class=\"\" data-start=\"1353\" data-end=\"1397\">Funci\u00f3n conmutable: hacia adelante o hacia atr\u00e1s<\/p>\n<\/li>\n<li class=\"\" data-start=\"1398\" data-end=\"1433\">\n<p class=\"\" data-start=\"1400\" data-end=\"1433\">Contacto de pist\u00f3n para detecci\u00f3n de estado<\/p>\n<\/li>\n<li class=\"\" data-start=\"1434\" data-end=\"1458\">\n<p class=\"\" data-start=\"1436\" data-end=\"1458\">Aprobado contra incendios E\/EI120<\/p>\n<\/li>\n<li class=\"\" data-start=\"1459\" data-end=\"1501\">\n<p class=\"\" data-start=\"1461\" data-end=\"1501\">Se abre a pesar de una presi\u00f3n de la tira de hasta 250 kg<\/p>\n<\/li>\n<li class=\"\" data-start=\"1502\" data-end=\"1535\">\n<p class=\"\" data-start=\"1504\" data-end=\"1535\">Alta resistencia a la rotura: 1.200 kg<\/p>\n<\/li>\n<li class=\"\" data-start=\"1536\" data-end=\"1567\">\n<p class=\"\" data-start=\"1538\" data-end=\"1567\">Diodo de protecci\u00f3n y protector contra sobretensiones<\/p>\n<\/li>\n<li class=\"\" data-start=\"1568\" data-end=\"1602\">\n<p class=\"\" data-start=\"1570\" data-end=\"1602\">Se adapta a cerraduras de una y dos hojas.<\/p>\n<\/li>\n<li class=\"\" data-start=\"1603\" data-end=\"1653\">\n<p class=\"\" data-start=\"1605\" data-end=\"1653\">Dise\u00f1o compacto y reversible para una f\u00e1cil instalaci\u00f3n.<\/p>\n<\/li>\n<\/ul>","protected":false},"excerpt":{"rendered":"<p>Aqu\u00ed podr\u00e1s ver qu\u00e9 postes y modelos encajan entre s\u00ed de la gama de placas de cierre el\u00e9ctricas STEP.<\/p>\n<h5><strong><a href=\"https:\/\/steplock.com\/sv\/stolpguide\/#!?lang=sv&amp;blog_id=1&amp;paged=1&amp;number=50\" target=\"_blank\" rel=\"noopener\">Gu\u00eda de publicaciones STEP\u00a0<\/a><\/strong><\/h5>\n<h5><strong><a href=\"https:\/\/steplock.com\/sv\/projekteringsguide\/#!?lang=sv&amp;blog_id=1&amp;paged=1&amp;number=999\" target=\"_blank\" rel=\"noopener\">Gu\u00eda de dise\u00f1o STEP<\/a><\/strong><\/h5>","protected":false},"featured_media":140499,"template":"","meta":{"_acf_changed":false},"product_brand":[],"product_cat":[3355],"product_tag":[4198,4202],"class_list":{"0":"post-140508","1":"product","2":"type-product","3":"status-publish","4":"has-post-thumbnail","6":"product_cat-elslutbleck","7":"product_tag-12v","8":"product_tag-omstallbar-rattvand-omvand","9":"product_shipping_class-tunga-paket","10":"pa_brands-step","11":"tm-no-options","13":"first","14":"instock","15":"sale","16":"taxable","17":"shipping-taxable","18":"purchasable","19":"product-type-simple"},"acf":[],"_links":{"self":[{"href":"https:\/\/secureus.se\/es\/wp-json\/wp\/v2\/product\/140508","targetHints":{"allow":["GET"]}}],"collection":[{"href":"https:\/\/secureus.se\/es\/wp-json\/wp\/v2\/product"}],"about":[{"href":"https:\/\/secureus.se\/es\/wp-json\/wp\/v2\/types\/product"}],"wp:featuredmedia":[{"embeddable":true,"href":"https:\/\/secureus.se\/es\/wp-json\/wp\/v2\/media\/140499"}],"wp:attachment":[{"href":"https:\/\/secureus.se\/es\/wp-json\/wp\/v2\/media?parent=140508"}],"wp:term":[{"taxonomy":"product_brand","embeddable":true,"href":"https:\/\/secureus.se\/es\/wp-json\/wp\/v2\/product_brand?post=140508"},{"taxonomy":"product_cat","embeddable":true,"href":"https:\/\/secureus.se\/es\/wp-json\/wp\/v2\/product_cat?post=140508"},{"taxonomy":"product_tag","embeddable":true,"href":"https:\/\/secureus.se\/es\/wp-json\/wp\/v2\/product_tag?post=140508"}],"curies":[{"name":"wp","href":"https:\/\/api.w.org\/{rel}","templated":true}]}}