{"id":140518,"date":"2023-09-26T13:07:43","date_gmt":"2023-09-26T11:07:43","guid":{"rendered":"https:\/\/secureus.se\/elslutbleck-step-18-vanster-rattvand-12v-7mm-regel-connect\/"},"modified":"2026-04-08T16:17:28","modified_gmt":"2026-04-08T14:17:28","slug":"elslutbleck-step-18-vanster-rattvand-12v-7mm-regel-connect","status":"publish","type":"product","link":"https:\/\/secureus.se\/es\/elslutbleck-step-18-vanster-rattvand-12v-7mm-regel-connect\/","title":{"rendered":"Cerradura el\u00e9ctrica PASO 18 Izquierda Derecha 12 V 7 mm Regla Conectar"},"content":{"rendered":"<h1>Cerradura el\u00e9ctrica PASO 18 Izquierda Derecha 12 V 7 mm Regla Conectar<\/h1>\n<p>STEP 18 Secure es un cerradero el\u00e9ctrico de alta seguridad con funci\u00f3n de apertura a derechas, adaptado para puertas de apertura a izquierdas con pestillo de 7 mm. Homologado contra incendios E\/EI60 y equipado con contacto de pist\u00f3n y pestillo.<\/p>\n<p class=\"\" data-start=\"271\" data-end=\"613\">STEP 18 Secure es una cerradura el\u00e9ctrica robusta y fiable que ofrece la m\u00e1xima protecci\u00f3n contra intrusiones en entornos con altas exigencias de fiabilidad, como bancos, autoridades e instalaciones con requisitos de evacuaci\u00f3n.<\/p>\n<p class=\"\" data-start=\"271\" data-end=\"613\">Esta cerradura el\u00e9ctrica est\u00e1 especialmente dise\u00f1ada para puertas batientes a la izquierda con pestillo de 7 mm de la serie Connect.<\/p>\n<p class=\"\" data-start=\"615\" data-end=\"941\">La funci\u00f3n orientada hacia la derecha significa que el panel est\u00e1 bloqueado en una posici\u00f3n desenergizada, lo que proporciona mayor seguridad en caso de un corte de energ\u00eda.<\/p>\n<p class=\"\" data-start=\"615\" data-end=\"941\">Gracias al interruptor de pist\u00f3n incorporado y al interruptor de enclavamiento, se ofrece un monitoreo seguro y confiable del estado de la posici\u00f3n de la puerta, tanto abierta\/cerrada como bloqueada\/desbloqueada, para la conexi\u00f3n a sistemas de control de acceso y alarmas.<\/p>\n<p class=\"\" data-start=\"943\" data-end=\"1311\">STEP 18 est\u00e1 homologado para fuego hasta E\/EI60 y tiene una resistencia a la rotura muy alta de 15 kN.<\/p>\n<p class=\"\" data-start=\"943\" data-end=\"1311\">Tambi\u00e9n est\u00e1 probado para soportar una presi\u00f3n de tira de hasta 5 kN tanto en funcionamiento hacia adelante como hacia atr\u00e1s, lo que lo hace ideal para puertas expuestas a presi\u00f3n o automatizaci\u00f3n de puertas.<\/p>\n<p class=\"\" data-start=\"943\" data-end=\"1311\">Un diodo de protecci\u00f3n y un protector contra sobretensiones son est\u00e1ndar, y el producto se suministra con un cable de conexi\u00f3n libre de hal\u00f3genos de 5 metros.<\/p>\n<p class=\"\" data-start=\"1313\" data-end=\"1341\"><strong data-start=\"1313\" data-end=\"1339\">Caracter\u00edsticas y beneficios:<\/strong><\/p>\n<ul data-start=\"1342\" data-end=\"1642\">\n<li class=\"\" data-start=\"1342\" data-end=\"1381\">\n<p class=\"\" data-start=\"1344\" data-end=\"1381\">Funci\u00f3n correcta (bloqueado sin energ\u00eda)<\/p>\n<\/li>\n<li class=\"\" data-start=\"1382\" data-end=\"1433\">\n<p class=\"\" data-start=\"1384\" data-end=\"1433\">Para puertas de apertura a la izquierda con perno de conexi\u00f3n de 7 mm<\/p>\n<\/li>\n<li class=\"\" data-start=\"1434\" data-end=\"1476\">\n<p class=\"\" data-start=\"1436\" data-end=\"1476\">Contacto de pist\u00f3n y pestillo para monitoreo<\/p>\n<\/li>\n<li class=\"\" data-start=\"1477\" data-end=\"1509\">\n<p class=\"\" data-start=\"1479\" data-end=\"1509\">Resistente al fuego hasta E\/EI60<\/p>\n<\/li>\n<li class=\"\" data-start=\"1510\" data-end=\"1536\">\n<p class=\"\" data-start=\"1512\" data-end=\"1536\">Resistencia a la rotura: 15 kN<\/p>\n<\/li>\n<li class=\"\" data-start=\"1537\" data-end=\"1568\">\n<p class=\"\" data-start=\"1539\" data-end=\"1568\">Soporta una presi\u00f3n de moldeo de hasta 5 kN.<\/p>\n<\/li>\n<li class=\"\" data-start=\"1569\" data-end=\"1607\">\n<p class=\"\" data-start=\"1571\" data-end=\"1607\">Diodo de protecci\u00f3n incorporado y a prueba de golpes<\/p>\n<\/li>\n<li class=\"\" data-start=\"1608\" data-end=\"1642\">\n<p class=\"\" data-start=\"1610\" data-end=\"1642\">Cable libre de hal\u00f3genos de 5 metros incluido<\/p>\n<\/li>\n<\/ul>","protected":false},"excerpt":{"rendered":"<p>Aqu\u00ed podr\u00e1s ver qu\u00e9 postes y modelos encajan entre s\u00ed de la gama de placas de cierre el\u00e9ctricas STEP.<\/p>\n<h5><strong><a href=\"https:\/\/steplock.com\/sv\/stolpguide\/#!?lang=sv&amp;blog_id=1&amp;paged=1&amp;number=50\" target=\"_blank\" rel=\"noopener\">Gu\u00eda de publicaciones STEP\u00a0<\/a><\/strong><\/h5>\n<h5><strong><a href=\"https:\/\/steplock.com\/sv\/projekteringsguide\/#!?lang=sv&amp;blog_id=1&amp;paged=1&amp;number=999\" target=\"_blank\" rel=\"noopener\">Gu\u00eda de dise\u00f1o STEP<\/a><\/strong><\/h5>","protected":false},"featured_media":140514,"template":"","meta":{"_acf_changed":false},"product_brand":[],"product_cat":[3355],"product_tag":[4198,4200],"class_list":{"0":"post-140518","1":"product","2":"type-product","3":"status-publish","4":"has-post-thumbnail","6":"product_cat-elslutbleck","7":"product_tag-12v","8":"product_tag-rattvand","9":"product_shipping_class-tunga-paket","10":"pa_brands-step","11":"tm-no-options","13":"first","14":"onbackorder","15":"sale","16":"taxable","17":"shipping-taxable","18":"purchasable","19":"product-type-simple"},"acf":[],"_links":{"self":[{"href":"https:\/\/secureus.se\/es\/wp-json\/wp\/v2\/product\/140518","targetHints":{"allow":["GET"]}}],"collection":[{"href":"https:\/\/secureus.se\/es\/wp-json\/wp\/v2\/product"}],"about":[{"href":"https:\/\/secureus.se\/es\/wp-json\/wp\/v2\/types\/product"}],"wp:featuredmedia":[{"embeddable":true,"href":"https:\/\/secureus.se\/es\/wp-json\/wp\/v2\/media\/140514"}],"wp:attachment":[{"href":"https:\/\/secureus.se\/es\/wp-json\/wp\/v2\/media?parent=140518"}],"wp:term":[{"taxonomy":"product_brand","embeddable":true,"href":"https:\/\/secureus.se\/es\/wp-json\/wp\/v2\/product_brand?post=140518"},{"taxonomy":"product_cat","embeddable":true,"href":"https:\/\/secureus.se\/es\/wp-json\/wp\/v2\/product_cat?post=140518"},{"taxonomy":"product_tag","embeddable":true,"href":"https:\/\/secureus.se\/es\/wp-json\/wp\/v2\/product_tag?post=140518"}],"curies":[{"name":"wp","href":"https:\/\/api.w.org\/{rel}","templated":true}]}}