{"id":140531,"date":"2023-09-26T13:07:40","date_gmt":"2023-09-26T11:07:40","guid":{"rendered":"https:\/\/secureus.se\/elslutbleck-step-18-hoger-rattvand-12v-9mm-regel-connect\/"},"modified":"2026-04-23T12:42:16","modified_gmt":"2026-04-23T10:42:16","slug":"elslutbleck-step-18-hoger-rattvand-12v-9mm-regel-connect","status":"publish","type":"product","link":"https:\/\/secureus.se\/es\/elslutbleck-step-18-hoger-rattvand-12v-9mm-regel-connect\/","title":{"rendered":"Placa de cierre el\u00e9ctrica PASO 18 Derecha Recta 12V 9mm Regel Connect"},"content":{"rendered":"<h1>Placa de cierre el\u00e9ctrica PASO 18 Derecha Recta 12V 9mm Regel Connect<\/h1>\n<p>STEP 18 Secure es una cerradura el\u00e9ctrica de alta seguridad para puertas batientes a la derecha con pestillo Connect de 9 mm. Con funci\u00f3n orientada hacia la derecha, contacto de pist\u00f3n, clase de fuego E\/EI60 y cable libre de hal\u00f3genos de 5 m.<\/p>\n<p class=\"\" data-start=\"261\" data-end=\"685\">Cerradero el\u00e9ctrico STEP 18 Secure es un cerradero el\u00e9ctrico desarrollado para entornos de puertas con altas exigencias tanto de seguridad como de fiabilidad.<\/p>\n<p class=\"\" data-start=\"261\" data-end=\"685\">Esta versi\u00f3n est\u00e1 adaptada para puertas batientes a la derecha con cerraduras de pestillo de la serie Connect (pist\u00f3n de 9 mm) y ofrece una funci\u00f3n orientada a la derecha que mantiene la puerta bloqueada en caso de un corte de energ\u00eda.<\/p>\n<p class=\"\" data-start=\"261\" data-end=\"685\">El producto es \u00f3ptimo para puertas con clasificaci\u00f3n de seguridad en, por ejemplo, bancos, instituciones y edificios p\u00fablicos.<\/p>\n<p class=\"\" data-start=\"687\" data-end=\"1042\">La chapa met\u00e1lica est\u00e1 probada y aprobada para resistencia al fuego hasta E\/EI60 y tiene una impresionante resistencia a la rotura de 15 kN.<\/p>\n<p class=\"\" data-start=\"687\" data-end=\"1042\">Gracias a la tecnolog\u00eda de STEP, se abre suavemente a pesar de una presi\u00f3n de la banda de hasta 500 kg.<\/p>\n<p class=\"\" data-start=\"687\" data-end=\"1042\">STEP 18 viene con un interruptor de \u00e9mbolo incorporado y un interruptor de enclavamiento para proporcionar un monitoreo de estado completo, perfecto para la integraci\u00f3n en sistemas avanzados de control de acceso y funciones de alarma.<\/p>\n<p class=\"\" data-start=\"1044\" data-end=\"1289\">El cable libre de hal\u00f3genos de 5 metros incluido facilita la instalaci\u00f3n en entornos de puertas con altos requisitos t\u00e9cnicos y de seguridad.<\/p>\n<p class=\"\" data-start=\"1044\" data-end=\"1289\">El producto tambi\u00e9n est\u00e1 equipado con un diodo de protecci\u00f3n y es a prueba de manipulaciones para una mayor durabilidad y protecci\u00f3n contra la manipulaci\u00f3n.<\/p>\n<p class=\"\" data-start=\"1291\" data-end=\"1319\"><strong data-start=\"1291\" data-end=\"1317\">Caracter\u00edsticas y beneficios:<\/strong><\/p>\n<ul data-start=\"1320\" data-end=\"1641\">\n<li class=\"\" data-start=\"1320\" data-end=\"1366\">\n<p class=\"\" data-start=\"1322\" data-end=\"1366\">Para perno de conexi\u00f3n de 9 mm, puertas de apertura a la derecha<\/p>\n<\/li>\n<li class=\"\" data-start=\"1367\" data-end=\"1406\">\n<p class=\"\" data-start=\"1369\" data-end=\"1406\">Funci\u00f3n correcta: bloqueado sin energ\u00eda<\/p>\n<\/li>\n<li class=\"\" data-start=\"1407\" data-end=\"1443\">\n<p class=\"\" data-start=\"1409\" data-end=\"1443\">Certificado contra incendios hasta E\/EI60<\/p>\n<\/li>\n<li class=\"\" data-start=\"1444\" data-end=\"1492\">\n<p class=\"\" data-start=\"1446\" data-end=\"1492\">Contacto de pist\u00f3n y pestillo para monitorizaci\u00f3n del estado<\/p>\n<\/li>\n<li class=\"\" data-start=\"1493\" data-end=\"1519\">\n<p class=\"\" data-start=\"1495\" data-end=\"1519\">Resistencia a la rotura: 15 kN<\/p>\n<\/li>\n<li class=\"\" data-start=\"1520\" data-end=\"1556\">\n<p class=\"\" data-start=\"1522\" data-end=\"1556\">Soporta presi\u00f3n de moldeo de hasta 500 kg.<\/p>\n<\/li>\n<li class=\"\" data-start=\"1557\" data-end=\"1603\">\n<p class=\"\" data-start=\"1559\" data-end=\"1603\">Incluye cable de conexi\u00f3n libre de hal\u00f3genos de 5 m.<\/p>\n<\/li>\n<li class=\"\" data-start=\"1604\" data-end=\"1641\">\n<p class=\"\" data-start=\"1606\" data-end=\"1641\">Diodo de protecci\u00f3n y protector contra sobretensiones incluidos.<\/p>\n<\/li>\n<\/ul>","protected":false},"excerpt":{"rendered":"<p>Aqu\u00ed podr\u00e1s ver qu\u00e9 postes y modelos encajan entre s\u00ed de la gama de placas de cierre el\u00e9ctricas STEP.<\/p>\n<h5><strong><a href=\"https:\/\/steplock.com\/sv\/stolpguide\/#!?lang=sv&amp;blog_id=1&amp;paged=1&amp;number=50\" target=\"_blank\" rel=\"noopener\">Gu\u00eda de publicaciones STEP\u00a0<\/a><\/strong><\/h5>\n<h5><strong><a href=\"https:\/\/steplock.com\/sv\/projekteringsguide\/#!?lang=sv&amp;blog_id=1&amp;paged=1&amp;number=999\" target=\"_blank\" rel=\"noopener\">Gu\u00eda de dise\u00f1o STEP<\/a><\/strong><\/h5>","protected":false},"featured_media":140529,"template":"","meta":{"_acf_changed":false},"product_brand":[],"product_cat":[3355],"product_tag":[4198,4200],"class_list":{"0":"post-140531","1":"product","2":"type-product","3":"status-publish","4":"has-post-thumbnail","6":"product_cat-elslutbleck","7":"product_tag-12v","8":"product_tag-rattvand","9":"product_shipping_class-tunga-paket","10":"pa_brands-step","11":"tm-no-options","13":"first","14":"onbackorder","15":"sale","16":"taxable","17":"shipping-taxable","18":"purchasable","19":"product-type-simple"},"acf":[],"_links":{"self":[{"href":"https:\/\/secureus.se\/es\/wp-json\/wp\/v2\/product\/140531","targetHints":{"allow":["GET"]}}],"collection":[{"href":"https:\/\/secureus.se\/es\/wp-json\/wp\/v2\/product"}],"about":[{"href":"https:\/\/secureus.se\/es\/wp-json\/wp\/v2\/types\/product"}],"wp:featuredmedia":[{"embeddable":true,"href":"https:\/\/secureus.se\/es\/wp-json\/wp\/v2\/media\/140529"}],"wp:attachment":[{"href":"https:\/\/secureus.se\/es\/wp-json\/wp\/v2\/media?parent=140531"}],"wp:term":[{"taxonomy":"product_brand","embeddable":true,"href":"https:\/\/secureus.se\/es\/wp-json\/wp\/v2\/product_brand?post=140531"},{"taxonomy":"product_cat","embeddable":true,"href":"https:\/\/secureus.se\/es\/wp-json\/wp\/v2\/product_cat?post=140531"},{"taxonomy":"product_tag","embeddable":true,"href":"https:\/\/secureus.se\/es\/wp-json\/wp\/v2\/product_tag?post=140531"}],"curies":[{"name":"wp","href":"https:\/\/api.w.org\/{rel}","templated":true}]}}