{"id":140542,"date":"2023-09-26T13:07:24","date_gmt":"2023-09-26T11:07:24","guid":{"rendered":"https:\/\/secureus.se\/elslutbleck-step-28e-vanster-omvand-12v-9mm-regel\/"},"modified":"2026-04-08T16:28:37","modified_gmt":"2026-04-08T14:28:37","slug":"elslutbleck-step-28e-vanster-omvand-12v-9mm-regel","status":"publish","type":"product","link":"https:\/\/secureus.se\/es\/elslutbleck-step-28e-vanster-omvand-12v-9mm-regel\/","title":{"rendered":"Cerradura el\u00e9ctrica STEP 28E Izquierda Marcha atr\u00e1s 12 V Regla de 9 mm"},"content":{"rendered":"<h1>Cerradura el\u00e9ctrica STEP 28E Izquierda Marcha atr\u00e1s 12 V Regla de 9 mm<\/h1>\n<p>PASO 28E Cerrajero el\u00e9ctrico de seguridad con funci\u00f3n inversa para puertas batientes a la izquierda y pist\u00f3n de 9 mm de la serie Connect. Clase de fuego E\/EI 60. Incl. Cable de 5 metros.<\/p>\n<p class=\"\" data-start=\"223\" data-end=\"636\">La cerradura el\u00e9ctrica STEP 28E Secure est\u00e1 dise\u00f1ada para cumplir con requisitos muy altos en materia de seguridad, evacuaci\u00f3n y clasificaci\u00f3n contra incendios.<\/p>\n<p class=\"\" data-start=\"223\" data-end=\"636\">Gracias a su funci\u00f3n inversa (es decir, la hoja se desbloquea en caso de corte de corriente), es una opci\u00f3n ideal para puertas de escape en entornos donde no se debe comprometer la seguridad.<\/p>\n<p class=\"\" data-start=\"223\" data-end=\"636\">La placa est\u00e1 especialmente adaptada para puertas batientes a la izquierda con pist\u00f3n de 9 mm de la serie Connect.<\/p>\n<p class=\"\" data-start=\"638\" data-end=\"929\">Gracias a la alta resistencia a la rotura de m\u00e1s de 15 kN y a la tecnolog\u00eda de presi\u00f3n de tiras de STEP, se garantiza un funcionamiento fiable incluso bajo presi\u00f3n de tiras de puerta de hasta 500 kg.<\/p>\n<p class=\"\" data-start=\"638\" data-end=\"929\">Esto hace que STEP 28E sea adecuado para instalaciones con sistemas de puertas autom\u00e1ticas, tiradores y combinaci\u00f3n con cerraduras de escape de emergencia seg\u00fan SS-EN 179.<\/p>\n<p class=\"\" data-start=\"931\" data-end=\"1211\">La cerradura el\u00e9ctrica tiene un contacto de pist\u00f3n y de pestillo, lo que permite una indicaci\u00f3n precisa del estado de la puerta: perfecto para la integraci\u00f3n con sistemas de alarma o control de acceso.<\/p>\n<p class=\"\" data-start=\"931\" data-end=\"1211\">Adem\u00e1s, est\u00e1 homologado para incendios seg\u00fan E\/EI 60, lo que garantiza que mantiene su funci\u00f3n hasta 60 minutos en caso de incendio.<\/p>\n<p class=\"\" data-start=\"1213\" data-end=\"1322\">Se suministra completo con 5 metros de cable de conexi\u00f3n libre de hal\u00f3genos y es a prueba de manipulaciones para una mayor resistencia a la manipulaci\u00f3n.<\/p>\n<p class=\"\" data-start=\"1324\" data-end=\"1352\"><strong data-start=\"1324\" data-end=\"1350\">Caracter\u00edsticas y beneficios:<\/strong><\/p>\n<ul data-start=\"1353\" data-end=\"1616\">\n<li class=\"\" data-start=\"1353\" data-end=\"1387\">\n<p class=\"\" data-start=\"1355\" data-end=\"1387\">Para pist\u00f3n de 9 mm de la serie Connect<\/p>\n<\/li>\n<li class=\"\" data-start=\"1388\" data-end=\"1433\">\n<p class=\"\" data-start=\"1390\" data-end=\"1433\">Funci\u00f3n inversa: se desbloquea en caso de corte de energ\u00eda<\/p>\n<\/li>\n<li class=\"\" data-start=\"1434\" data-end=\"1462\">\n<p class=\"\" data-start=\"1436\" data-end=\"1462\">Para puertas de hoja izquierda<\/p>\n<\/li>\n<li class=\"\" data-start=\"1463\" data-end=\"1485\">\n<p class=\"\" data-start=\"1465\" data-end=\"1485\">Clase de fuego E\/EI 60<\/p>\n<\/li>\n<li class=\"\" data-start=\"1486\" data-end=\"1527\">\n<p class=\"\" data-start=\"1488\" data-end=\"1527\">Contacto de pist\u00f3n y pestillo para indicaci\u00f3n<\/p>\n<\/li>\n<li class=\"\" data-start=\"1528\" data-end=\"1554\">\n<p class=\"\" data-start=\"1530\" data-end=\"1554\">Resistencia a la rotura: 15 kN<\/p>\n<\/li>\n<li class=\"\" data-start=\"1555\" data-end=\"1585\">\n<p class=\"\" data-start=\"1557\" data-end=\"1585\">Resistencia a la presi\u00f3n de la tira: 500 kg<\/p>\n<\/li>\n<li class=\"\" data-start=\"1586\" data-end=\"1616\">\n<p class=\"\" data-start=\"1588\" data-end=\"1616\">Incluido. Cable libre de hal\u00f3genos de 5 m<\/p>\n<\/li>\n<\/ul>","protected":false},"excerpt":{"rendered":"<p>Aqu\u00ed podr\u00e1s ver qu\u00e9 postes y modelos encajan entre s\u00ed de la gama de placas de cierre el\u00e9ctricas STEP.<\/p>\n<h5><strong><a href=\"https:\/\/steplock.com\/sv\/stolpguide\/#!?lang=sv&amp;blog_id=1&amp;paged=1&amp;number=50\" target=\"_blank\" rel=\"noopener\">Gu\u00eda de publicaciones STEP\u00a0<\/a><\/strong><\/h5>\n<h5><strong><a href=\"https:\/\/steplock.com\/sv\/projekteringsguide\/#!?lang=sv&amp;blog_id=1&amp;paged=1&amp;number=999\" target=\"_blank\" rel=\"noopener\">Gu\u00eda de dise\u00f1o STEP<\/a><\/strong><\/h5>","protected":false},"featured_media":140539,"template":"","meta":{"_acf_changed":false},"product_brand":[],"product_cat":[3355],"product_tag":[4198,4201],"class_list":{"0":"post-140542","1":"product","2":"type-product","3":"status-publish","4":"has-post-thumbnail","6":"product_cat-elslutbleck","7":"product_tag-12v","8":"product_tag-omvand","9":"product_shipping_class-tunga-paket","10":"pa_brands-step","11":"tm-no-options","13":"first","14":"onbackorder","15":"sale","16":"taxable","17":"shipping-taxable","18":"purchasable","19":"product-type-simple"},"acf":[],"_links":{"self":[{"href":"https:\/\/secureus.se\/es\/wp-json\/wp\/v2\/product\/140542","targetHints":{"allow":["GET"]}}],"collection":[{"href":"https:\/\/secureus.se\/es\/wp-json\/wp\/v2\/product"}],"about":[{"href":"https:\/\/secureus.se\/es\/wp-json\/wp\/v2\/types\/product"}],"wp:featuredmedia":[{"embeddable":true,"href":"https:\/\/secureus.se\/es\/wp-json\/wp\/v2\/media\/140539"}],"wp:attachment":[{"href":"https:\/\/secureus.se\/es\/wp-json\/wp\/v2\/media?parent=140542"}],"wp:term":[{"taxonomy":"product_brand","embeddable":true,"href":"https:\/\/secureus.se\/es\/wp-json\/wp\/v2\/product_brand?post=140542"},{"taxonomy":"product_cat","embeddable":true,"href":"https:\/\/secureus.se\/es\/wp-json\/wp\/v2\/product_cat?post=140542"},{"taxonomy":"product_tag","embeddable":true,"href":"https:\/\/secureus.se\/es\/wp-json\/wp\/v2\/product_tag?post=140542"}],"curies":[{"name":"wp","href":"https:\/\/api.w.org\/{rel}","templated":true}]}}