{"id":140549,"date":"2023-09-26T13:07:21","date_gmt":"2023-09-26T11:07:21","guid":{"rendered":"https:\/\/secureus.se\/elslutbleck-step-28e-hoger-omvand-12v-7mm-regel\/"},"modified":"2026-03-26T09:50:07","modified_gmt":"2026-03-26T08:50:07","slug":"elslutbleck-step-28e-hoger-omvand-12v-7mm-regel","status":"publish","type":"product","link":"https:\/\/secureus.se\/es\/elslutbleck-step-28e-hoger-omvand-12v-7mm-regel\/","title":{"rendered":"Cerradura el\u00e9ctrica STEP 28E Derecha Inversa 12V Regla de 7mm"},"content":{"rendered":"<h1>Cerradura el\u00e9ctrica STEP 28E Derecha Inversa 12V Regla de 7mm<\/h1>\n<p>STEP 28E Secure es una cerradura el\u00e9ctrica inversa para puertas de apertura a la derecha, con clasificaci\u00f3n de resistencia al fuego E\/EI 60.<\/p>\n<p>Compatible con cerraduras de perno de 7 mm de la serie Connect, a prueba de manipulaciones y con soporte para sistemas de control de acceso. Incluye cable libre de hal\u00f3genos de 5 m.<\/p>\n<p class=\"\" data-start=\"435\" data-end=\"903\">STEP 28E Secure es una cerradura el\u00e9ctrica con un alto nivel de seguridad y funci\u00f3n inversa, perfecta para puertas batientes a la derecha en entornos con requisitos tanto de protecci\u00f3n contra incendios como de evacuaci\u00f3n.<\/p>\n<p class=\"\" data-start=\"435\" data-end=\"903\">En la posici\u00f3n desenergizada la placa queda bloqueada, lo que proporciona mayor seguridad en instalaciones que requieren protecci\u00f3n incluso en caso de corte de suministro el\u00e9ctrico.<\/p>\n<p class=\"\" data-start=\"435\" data-end=\"903\">Se utiliza con una cerradura de pestillo o una cerradura de gancho con un pist\u00f3n de 7 mm y es especialmente adecuado en combinaci\u00f3n con sistemas de puertas autom\u00e1ticas y cerraduras de escape de emergencia seg\u00fan SS-EN 179.<\/p>\n<p class=\"\" data-start=\"905\" data-end=\"1226\">Est\u00e1 homologado para incendios hasta E\/EI 60 y tiene una construcci\u00f3n s\u00f3lida con una resistencia a la rotura de m\u00e1s de 15 kN.<\/p>\n<p class=\"\" data-start=\"905\" data-end=\"1226\">Las funciones de indicaci\u00f3n permiten conectar la placa de cierre el\u00e9ctrica a sistemas de control de acceso, sistemas de alarma u otras funciones de monitorizaci\u00f3n.<\/p>\n<p class=\"\" data-start=\"905\" data-end=\"1226\">Indica tanto el estado de la puerta (abierta\/cerrada) como el estado de la cerradura (bloqueada\/desbloqueada) a trav\u00e9s de contactos incorporados.<\/p>\n<p class=\"\" data-start=\"1228\" data-end=\"1557\">STEP 28E Secure tambi\u00e9n es a prueba de manipulaciones y puede soportar una presi\u00f3n de hasta 500 kg. Se incluye un cable de conexi\u00f3n libre de hal\u00f3genos de 5 metros para una f\u00e1cil instalaci\u00f3n.<\/p>\n<p class=\"\" data-start=\"1228\" data-end=\"1557\">El producto es un producto de construcci\u00f3n evaluado y aprobado por SundaHus, lo que lo convierte en una opci\u00f3n segura tambi\u00e9n desde una perspectiva de sostenibilidad.<\/p>\n<p class=\"\" data-start=\"1228\" data-end=\"1557\">Dise\u00f1o robusto en acero inoxidable con dimensiones de 230 x 35 x 40 mm.<\/p>","protected":false},"excerpt":{"rendered":"<p>Aqu\u00ed podr\u00e1s ver qu\u00e9 postes y modelos encajan entre s\u00ed de la gama de placas de cierre el\u00e9ctricas STEP.<\/p>\n<h5><strong><a href=\"https:\/\/steplock.com\/sv\/stolpguide\/#!?lang=sv&amp;blog_id=1&amp;paged=1&amp;number=50\" target=\"_blank\" rel=\"noopener\">Gu\u00eda de publicaciones STEP\u00a0<\/a><\/strong><\/h5>\n<h5><strong><a href=\"https:\/\/steplock.com\/sv\/projekteringsguide\/#!?lang=sv&amp;blog_id=1&amp;paged=1&amp;number=999\" target=\"_blank\" rel=\"noopener\">Gu\u00eda de dise\u00f1o STEP<\/a><\/strong><\/h5>","protected":false},"featured_media":140547,"template":"","meta":{"_acf_changed":false},"product_brand":[],"product_cat":[3355],"product_tag":[4198,4201],"class_list":{"0":"post-140549","1":"product","2":"type-product","3":"status-publish","4":"has-post-thumbnail","6":"product_cat-elslutbleck","7":"product_tag-12v","8":"product_tag-omvand","9":"product_shipping_class-tunga-paket","10":"pa_brands-step","11":"tm-no-options","13":"first","14":"instock","15":"sale","16":"taxable","17":"shipping-taxable","18":"purchasable","19":"product-type-simple"},"acf":[],"_links":{"self":[{"href":"https:\/\/secureus.se\/es\/wp-json\/wp\/v2\/product\/140549","targetHints":{"allow":["GET"]}}],"collection":[{"href":"https:\/\/secureus.se\/es\/wp-json\/wp\/v2\/product"}],"about":[{"href":"https:\/\/secureus.se\/es\/wp-json\/wp\/v2\/types\/product"}],"wp:featuredmedia":[{"embeddable":true,"href":"https:\/\/secureus.se\/es\/wp-json\/wp\/v2\/media\/140547"}],"wp:attachment":[{"href":"https:\/\/secureus.se\/es\/wp-json\/wp\/v2\/media?parent=140549"}],"wp:term":[{"taxonomy":"product_brand","embeddable":true,"href":"https:\/\/secureus.se\/es\/wp-json\/wp\/v2\/product_brand?post=140549"},{"taxonomy":"product_cat","embeddable":true,"href":"https:\/\/secureus.se\/es\/wp-json\/wp\/v2\/product_cat?post=140549"},{"taxonomy":"product_tag","embeddable":true,"href":"https:\/\/secureus.se\/es\/wp-json\/wp\/v2\/product_tag?post=140549"}],"curies":[{"name":"wp","href":"https:\/\/api.w.org\/{rel}","templated":true}]}}