{"id":140571,"date":"2023-09-26T13:07:19","date_gmt":"2023-09-26T11:07:19","guid":{"rendered":"https:\/\/secureus.se\/elslutbleck-step-28e-hoger-omvand-12v-9mm-regel\/"},"modified":"2026-04-08T16:22:28","modified_gmt":"2026-04-08T14:22:28","slug":"elslutbleck-step-28e-hoger-omvand-12v-9mm-regel","status":"publish","type":"product","link":"https:\/\/secureus.se\/es\/elslutbleck-step-28e-hoger-omvand-12v-9mm-regel\/","title":{"rendered":"Cerradura el\u00e9ctrica STEP 28E Derecha Inversa 12V Regla de 9mm"},"content":{"rendered":"<h1>Cerradura el\u00e9ctrica STEP 28E Derecha Inversa 12V Regla de 9mm<\/h1>\n<p>STEP 28E Secure es una cerradura el\u00e9ctrica inversa para puertas batientes a la derecha con cerradura de perno de 9 mm.<\/p>\n<p>Clase de fuego E\/EI 60, a prueba de manipulaciones y compatible con sistemas de control de acceso. Incluye 5 metros de cable libre de hal\u00f3genos.<\/p>\n<p class=\"\" data-start=\"385\" data-end=\"783\">El cerradero el\u00e9ctrico STEP 28E Secure es un cerradero el\u00e9ctrico de alto rendimiento desarrollado para instalaciones con clasificaci\u00f3n de seguridad donde se exigen altas exigencias en cuanto a protecci\u00f3n contra intrusiones, seguridad contra incendios y posibilidad de evacuaci\u00f3n.<\/p>\n<p class=\"\" data-start=\"385\" data-end=\"783\">La placa se utiliza junto con las cerraduras de pestillo con pist\u00f3n de 9 mm de la serie Connect y est\u00e1 destinada a puertas batientes con funci\u00f3n inversa, es decir, que se bloquean en la posici\u00f3n sin corriente.<\/p>\n<p class=\"\" data-start=\"785\" data-end=\"1145\">El producto tiene clasificaci\u00f3n de resistencia al fuego hasta E\/EI 60 y, por lo tanto, es ideal en entornos de puertas con funciones de evacuaci\u00f3n de emergencia seg\u00fan SS-EN 179, donde la combinaci\u00f3n de requisitos de resistencia al fuego, automatizaci\u00f3n de puertas y seguridad es crucial.<\/p>\n<p class=\"\" data-start=\"785\" data-end=\"1145\">STEP 28E tiene microinterruptores incorporados para detectar el estado de la puerta y la cerradura.<\/p>\n<p class=\"\" data-start=\"785\" data-end=\"1145\">Estas se\u00f1ales se pueden conectar a sistemas de control de acceso, sistemas de alarma u otros sistemas de monitorizaci\u00f3n.<\/p>\n<p class=\"\" data-start=\"1147\" data-end=\"1475\">La placa de cierre el\u00e9ctrica tiene una alta resistencia a la rotura de m\u00e1s de 15 kN y funciona tambi\u00e9n bajo una presi\u00f3n de banda de hasta 500 kg.<\/p>\n<p class=\"\" data-start=\"1147\" data-end=\"1475\">La construcci\u00f3n es a prueba de manipulaciones, robusta y est\u00e1 hecha de acero inoxidable. Se incluye de serie un cable libre de hal\u00f3genos de 5 metros de longitud.<\/p>\n<p class=\"\" data-start=\"1147\" data-end=\"1475\">El producto es un producto de construcci\u00f3n evaluado y aprobado por SundaHus: una excelente opci\u00f3n para proyectos de construcci\u00f3n sustentable.<\/p>","protected":false},"excerpt":{"rendered":"<p>Aqu\u00ed podr\u00e1s ver qu\u00e9 postes y modelos encajan entre s\u00ed de la gama de placas de cierre el\u00e9ctricas STEP.<\/p>\n<h5><strong><a href=\"https:\/\/steplock.com\/sv\/stolpguide\/#!?lang=sv&amp;blog_id=1&amp;paged=1&amp;number=50\" target=\"_blank\" rel=\"noopener\">Gu\u00eda de publicaciones STEP\u00a0<\/a><\/strong><\/h5>\n<h5><strong><a href=\"https:\/\/steplock.com\/sv\/projekteringsguide\/#!?lang=sv&amp;blog_id=1&amp;paged=1&amp;number=999\" target=\"_blank\" rel=\"noopener\">Gu\u00eda de dise\u00f1o STEP<\/a><\/strong><\/h5>","protected":false},"featured_media":140569,"template":"","meta":{"_acf_changed":false},"product_brand":[],"product_cat":[3355],"product_tag":[4198,4201],"class_list":{"0":"post-140571","1":"product","2":"type-product","3":"status-publish","4":"has-post-thumbnail","6":"product_cat-elslutbleck","7":"product_tag-12v","8":"product_tag-omvand","9":"product_shipping_class-tunga-paket","10":"pa_brands-step","11":"tm-no-options","13":"first","14":"onbackorder","15":"sale","16":"taxable","17":"shipping-taxable","18":"purchasable","19":"product-type-simple"},"acf":[],"_links":{"self":[{"href":"https:\/\/secureus.se\/es\/wp-json\/wp\/v2\/product\/140571","targetHints":{"allow":["GET"]}}],"collection":[{"href":"https:\/\/secureus.se\/es\/wp-json\/wp\/v2\/product"}],"about":[{"href":"https:\/\/secureus.se\/es\/wp-json\/wp\/v2\/types\/product"}],"wp:featuredmedia":[{"embeddable":true,"href":"https:\/\/secureus.se\/es\/wp-json\/wp\/v2\/media\/140569"}],"wp:attachment":[{"href":"https:\/\/secureus.se\/es\/wp-json\/wp\/v2\/media?parent=140571"}],"wp:term":[{"taxonomy":"product_brand","embeddable":true,"href":"https:\/\/secureus.se\/es\/wp-json\/wp\/v2\/product_brand?post=140571"},{"taxonomy":"product_cat","embeddable":true,"href":"https:\/\/secureus.se\/es\/wp-json\/wp\/v2\/product_cat?post=140571"},{"taxonomy":"product_tag","embeddable":true,"href":"https:\/\/secureus.se\/es\/wp-json\/wp\/v2\/product_tag?post=140571"}],"curies":[{"name":"wp","href":"https:\/\/api.w.org\/{rel}","templated":true}]}}