{"id":140578,"date":"2023-09-26T13:07:13","date_gmt":"2023-09-26T11:07:13","guid":{"rendered":"https:\/\/secureus.se\/elslutbleck-step-28e-vanster-omvand-12v-12mm-regel\/"},"modified":"2026-03-26T09:51:06","modified_gmt":"2026-03-26T08:51:06","slug":"elslutbleck-step-28e-vanster-omvand-12v-12mm-regel","status":"publish","type":"product","link":"https:\/\/secureus.se\/es\/elslutbleck-step-28e-vanster-omvand-12v-12mm-regel\/","title":{"rendered":"Cerradura el\u00e9ctrica STEP 28E Izquierda Inversa 12V Regla de 12mm"},"content":{"rendered":"<h1>Cerradura el\u00e9ctrica STEP 28E Izquierda Inversa 12V Regla de 12mm<\/h1>\n<p>PASO 28E Cerrajero el\u00e9ctrico de seguridad con funci\u00f3n inversa para puertas batientes a la izquierda. Adaptado para pist\u00f3n de 12 mm de la serie Modul, 12 V DC.<\/p>\n<p>Con clasificaci\u00f3n de fuego E\/EI 60 y listo para integraci\u00f3n con sistemas de control de acceso. Se suministra con cable libre de hal\u00f3genos de 5 m.<\/p>\n<p class=\"\" data-start=\"413\" data-end=\"803\">El abrepuertas el\u00e9ctrico STEP 28E Secure es un abrepuertas el\u00e9ctrico de alta calidad dise\u00f1ado para puertas de apertura a la izquierda donde se desea combinar seguridad, protecci\u00f3n contra incendios y posibilidad de escape.<\/p>\n<p class=\"\" data-start=\"413\" data-end=\"803\">Se utiliza junto con cerraduras de perno de 12 mm de la serie Modul y tiene una funci\u00f3n inversa que mantiene la placa bloqueada en la posici\u00f3n desenergizada, una caracter\u00edstica fundamental para instalaciones con clasificaci\u00f3n de seguridad.<\/p>\n<p class=\"\" data-start=\"805\" data-end=\"1138\">Gracias a su clasificaci\u00f3n de resistencia al fuego hasta E\/EI 60, STEP 28E se utiliza a menudo en entornos de puertas donde se requieren cerraduras de escape de emergencia seg\u00fan SS-EN 179, en combinaci\u00f3n con automatizaci\u00f3n de puertas o tiradores.<\/p>\n<p class=\"\" data-start=\"805\" data-end=\"1138\">La placa est\u00e1 equipada con un microinterruptor e indicadores duales (pist\u00f3n y contacto de pestillo) para la conexi\u00f3n a un sistema de control de acceso, sistema de alarma u otro tipo de monitoreo.<\/p>\n<p class=\"\" data-start=\"1140\" data-end=\"1515\">Con una resistencia a la rotura de m\u00e1s de 15 kN y una resistencia a la presi\u00f3n de la tira de hasta 500 kg, la placa de cierre el\u00e9ctrica puede soportar incluso los entornos m\u00e1s exigentes.<\/p>\n<p class=\"\" data-start=\"1140\" data-end=\"1515\">La construcci\u00f3n robusta y a prueba de golpes de acero inoxidable garantiza una larga durabilidad. Se suministra completo con 5 metros de cable de conexi\u00f3n libre de hal\u00f3genos.<\/p>\n<p class=\"\" data-start=\"1140\" data-end=\"1515\">El producto es un producto de construcci\u00f3n evaluado y aprobado por SundaHus y es una opci\u00f3n segura para proyectos profesionales.<\/p>\n<p class=\"\" data-start=\"1517\" data-end=\"1667\">STEP 28E con voltaje de funcionamiento de 12 V CC es ideal para sistemas de seguridad modernos donde se combina un alto rendimiento con confiabilidad operativa y un monitoreo claro del estado.<\/p>","protected":false},"excerpt":{"rendered":"<p>Aqu\u00ed podr\u00e1s ver qu\u00e9 postes y modelos encajan entre s\u00ed de la gama de placas de cierre el\u00e9ctricas STEP.<\/p>\n<h5><strong><a href=\"https:\/\/steplock.com\/sv\/stolpguide\/#!?lang=sv&amp;blog_id=1&amp;paged=1&amp;number=50\" target=\"_blank\" rel=\"noopener\">Gu\u00eda de publicaciones STEP\u00a0<\/a><\/strong><\/h5>\n<h5><strong><a href=\"https:\/\/steplock.com\/sv\/projekteringsguide\/#!?lang=sv&amp;blog_id=1&amp;paged=1&amp;number=999\" target=\"_blank\" rel=\"noopener\">Gu\u00eda de dise\u00f1o STEP<\/a><\/strong><\/h5>","protected":false},"featured_media":140575,"template":"","meta":{"_acf_changed":false},"product_brand":[],"product_cat":[3355],"product_tag":[4198,4201],"class_list":{"0":"post-140578","1":"product","2":"type-product","3":"status-publish","4":"has-post-thumbnail","6":"product_cat-elslutbleck","7":"product_tag-12v","8":"product_tag-omvand","9":"product_shipping_class-tunga-paket","10":"pa_brands-step","11":"tm-no-options","13":"first","14":"instock","15":"sale","16":"taxable","17":"shipping-taxable","18":"purchasable","19":"product-type-simple"},"acf":[],"_links":{"self":[{"href":"https:\/\/secureus.se\/es\/wp-json\/wp\/v2\/product\/140578","targetHints":{"allow":["GET"]}}],"collection":[{"href":"https:\/\/secureus.se\/es\/wp-json\/wp\/v2\/product"}],"about":[{"href":"https:\/\/secureus.se\/es\/wp-json\/wp\/v2\/types\/product"}],"wp:featuredmedia":[{"embeddable":true,"href":"https:\/\/secureus.se\/es\/wp-json\/wp\/v2\/media\/140575"}],"wp:attachment":[{"href":"https:\/\/secureus.se\/es\/wp-json\/wp\/v2\/media?parent=140578"}],"wp:term":[{"taxonomy":"product_brand","embeddable":true,"href":"https:\/\/secureus.se\/es\/wp-json\/wp\/v2\/product_brand?post=140578"},{"taxonomy":"product_cat","embeddable":true,"href":"https:\/\/secureus.se\/es\/wp-json\/wp\/v2\/product_cat?post=140578"},{"taxonomy":"product_tag","embeddable":true,"href":"https:\/\/secureus.se\/es\/wp-json\/wp\/v2\/product_tag?post=140578"}],"curies":[{"name":"wp","href":"https:\/\/api.w.org\/{rel}","templated":true}]}}