{"id":140665,"date":"2023-09-26T13:06:49","date_gmt":"2023-09-26T11:06:49","guid":{"rendered":"https:\/\/secureus.se\/elslutbleck-step-30-rattvand-24v-kolvkontakt\/"},"modified":"2026-03-26T09:54:09","modified_gmt":"2026-03-26T08:54:09","slug":"elslutbleck-step-30-rattvand-24v-kolvkontakt","status":"publish","type":"product","link":"https:\/\/secureus.se\/es\/elslutbleck-step-30-rattvand-24v-kolvkontakt\/","title":{"rendered":"Cerradero el\u00e9ctrico PASO 30 Contacto de pist\u00f3n 24 V orientado a la derecha"},"content":{"rendered":"<h1>Cerradero el\u00e9ctrico PASO 30 Contacto de pist\u00f3n 24 V orientado a la derecha<\/h1>\n<p>La cerradura el\u00e9ctrica de precarga STEP 30 es una cerradura el\u00e9ctrica compacta dise\u00f1ada para reemplazar las cerraduras el\u00e9ctricas simples m\u00e1s antiguas y crear un entorno de puerta confiable.<\/p>\n<p>Equipado con tecnolog\u00eda HPR\u00ae y resistencia a la rotura de 500 kg.<\/p>\n<p class=\"\" data-start=\"379\" data-end=\"807\">La cerradura el\u00e9ctrica STEP 30 Preload ofrece una soluci\u00f3n de alta calidad para sustituir las cerraduras el\u00e9ctricas m\u00e1s antiguas y garantizar un entorno de puerta confiable incluso en secciones de puertas y huecos m\u00e1s antiguos.<\/p>\n<p class=\"\" data-start=\"379\" data-end=\"807\">Forma parte de la serie Preload de STEP, que combina dimensiones m\u00ednimas con alta calidad y flexibilidad.<\/p>\n<p class=\"\" data-start=\"379\" data-end=\"807\">Equipado con la tecnolog\u00eda de presi\u00f3n de tira patentada de STEP, este cerradero el\u00e9ctrico garantiza que la puerta siempre pueda abrirse, incluso cuando est\u00e9 sometida a presi\u00f3n.<\/p>\n<p class=\"\" data-start=\"809\" data-end=\"1241\">La funci\u00f3n orientada hacia la derecha significa que la puerta se desbloquea en la posici\u00f3n desenergizada, lo que permite abrirla r\u00e1pida y f\u00e1cilmente cuando sea necesario.<\/p>\n<p class=\"\" data-start=\"809\" data-end=\"1241\">El interruptor del \u00e9mbolo proporciona una indicaci\u00f3n del estado de la puerta (cerrada\/abierta), lo que facilita la integraci\u00f3n con los sistemas de control de acceso y los sistemas de alarma.<\/p>\n<p class=\"\" data-start=\"809\" data-end=\"1241\">Con una resistencia a la rotura de 5 kN (aprox. 500 kg) y la capacidad de abrirse a pesar de una presi\u00f3n de tira de hasta 40 kg, STEP 30 Preload ofrece seguridad y fiabilidad.<\/p>\n<p class=\"\" data-start=\"1243\" data-end=\"1258\"><strong data-start=\"1243\" data-end=\"1258\">Caracter\u00edsticas:<\/strong><\/p>\n<ul data-start=\"1259\" data-end=\"1659\">\n<li class=\"\" data-start=\"1259\" data-end=\"1303\">\n<p class=\"\" data-start=\"1261\" data-end=\"1303\">Funci\u00f3n orientada hacia la derecha (desbloqueada en posici\u00f3n desenergizada)<\/p>\n<\/li>\n<li class=\"\" data-start=\"1304\" data-end=\"1359\">\n<p class=\"\" data-start=\"1306\" data-end=\"1359\">Contacto del pist\u00f3n. Indicaci\u00f3n del estado de la puerta (cerrada\/abierta)<\/p>\n<\/li>\n<li class=\"\" data-start=\"1360\" data-end=\"1398\">\n<p class=\"\" data-start=\"1362\" data-end=\"1398\">Diodo de protecci\u00f3n incorporado para mayor seguridad.<\/p>\n<\/li>\n<li class=\"\" data-start=\"1399\" data-end=\"1436\">\n<p class=\"\" data-start=\"1401\" data-end=\"1436\">Resistencia a la rotura de 5 kN (aprox. 500 kg)<\/p>\n<\/li>\n<li class=\"\" data-start=\"1437\" data-end=\"1539\">\n<p class=\"\" data-start=\"1439\" data-end=\"1539\">Garantiza la apertura a pesar de una presi\u00f3n de la banda de hasta 0,4 kN (aprox. 40 kg) tanto en funci\u00f3n de avance como de retroceso.<\/p>\n<\/li>\n<li class=\"\" data-start=\"1540\" data-end=\"1599\">\n<p class=\"\" data-start=\"1542\" data-end=\"1599\">A prueba de golpes y reversible para puertas de apertura derecha e izquierda.<\/p>\n<\/li>\n<li class=\"\" data-start=\"1600\" data-end=\"1642\">\n<p class=\"\" data-start=\"1602\" data-end=\"1642\">Adecuado para cerraduras de una y dos hojas.<\/p>\n<\/li>\n<li class=\"\" data-start=\"1643\" data-end=\"1659\">\n<p class=\"\" data-start=\"1645\" data-end=\"1659\">Cable no incluido<\/p>\n<\/li>\n<\/ul>\n<p class=\"\" data-start=\"1661\" data-end=\"1690\"><strong data-start=\"1661\" data-end=\"1690\">Especificaciones t\u00e9cnicas:<\/strong><\/p>\n<ul data-start=\"1691\" data-end=\"2341\">\n<li class=\"\" data-start=\"1691\" data-end=\"1798\">\n<p class=\"\" data-start=\"1693\" data-end=\"1798\">Alimentaci\u00f3n: 24 V CC (+15% -10%) 110 mAh \/ m\u00e1x. 300 mA o 12 V CC (+15% -10%) 220 mAh \/ m\u00e1x. 600 mA<\/p>\n<\/li>\n<li class=\"\" data-start=\"1799\" data-end=\"1862\">\n<p class=\"\" data-start=\"1801\" data-end=\"1862\">Contacto de pist\u00f3n: Microinterruptor unipolar conmutador, m\u00e1x. 30 V CC, 1 A<\/p>\n<\/li>\n<li class=\"\" data-start=\"1863\" data-end=\"1903\">\n<p class=\"\" data-start=\"1865\" data-end=\"1903\">Durabilidad: Grado X seg\u00fan SS-EN 14846<\/p>\n<\/li>\n<li class=\"\" data-start=\"1904\" data-end=\"1943\">\n<p class=\"\" data-start=\"1906\" data-end=\"1943\">Corrosi\u00f3n: Grado M seg\u00fan SS-EN 14846<\/p>\n<\/li>\n<li class=\"\" data-start=\"1944\" data-end=\"1982\">\n<p class=\"\" data-start=\"1946\" data-end=\"1982\">Seguridad: Grado 3 seg\u00fan SS-EN 14846<\/p>\n<\/li>\n<li class=\"\" data-start=\"1983\" data-end=\"2008\">\n<p class=\"\" data-start=\"1985\" data-end=\"2008\">Resistencia a la rotura: 500 kg<\/p>\n<\/li>\n<li class=\"\" data-start=\"2009\" data-end=\"2039\">\n<p class=\"\" data-start=\"2011\" data-end=\"2039\">Bisagra de la puerta: derecha, izquierda<\/p>\n<\/li>\n<li class=\"\" data-start=\"2040\" data-end=\"2058\">\n<p class=\"\" data-start=\"2042\" data-end=\"2058\">Presi\u00f3n de la tira: 40 kg<\/p>\n<\/li>\n<li class=\"\" data-start=\"2059\" data-end=\"2094\">\n<p class=\"\" data-start=\"2061\" data-end=\"2094\">Tipo de cerradura: Cerradura de pestillo simple, Cerradura de pestillo doble<\/p>\n<\/li>\n<li class=\"\" data-start=\"2095\" data-end=\"2150\">\n<p class=\"\" data-start=\"2097\" data-end=\"2150\">Dimensiones del producto: Ancho: 20,5 mm, Profundidad: 28 mm, Altura: 99 mm<\/p>\n<\/li>\n<li class=\"\" data-start=\"2151\" data-end=\"2168\">\n<p class=\"\" data-start=\"2153\" data-end=\"2168\">Contacto del pist\u00f3n: S\u00ed<\/p>\n<\/li>\n<li class=\"\" data-start=\"2169\" data-end=\"2189\">\n<p class=\"\" data-start=\"2171\" data-end=\"2189\">Voltaje CA\/CC: CC<\/p>\n<\/li>\n<li class=\"\" data-start=\"2190\" data-end=\"2212\">\n<p class=\"\" data-start=\"2192\" data-end=\"2212\">Voltaje m\u00e1ximo: 27,6 V<\/p>\n<\/li>\n<li class=\"\" data-start=\"2213\" data-end=\"2235\">\n<p class=\"\" data-start=\"2215\" data-end=\"2235\">Voltaje m\u00edn.: 21,6 V<\/p>\n<\/li>\n<li class=\"\" data-start=\"2236\" data-end=\"2264\">\n<p class=\"\" data-start=\"2238\" data-end=\"2264\">Color\/Acabado: Acero inoxidable<\/p>\n<\/li>\n<li class=\"\" data-start=\"2265\" data-end=\"2285\">\n<p class=\"\" data-start=\"2267\" data-end=\"2285\">Producto de construcci\u00f3n calificado: S\u00ed<\/p>\n<\/li>\n<li class=\"\" data-start=\"2286\" data-end=\"2307\">\n<p class=\"\" data-start=\"2288\" data-end=\"2307\">EPD verificado: No<\/p>\n<\/li>\n<li class=\"\" data-start=\"2308\" data-end=\"2320\">\n<p class=\"\" data-start=\"2310\" data-end=\"2320\">INFORMACI\u00d3N FINAL: No<\/p>\n<\/li>\n<li class=\"\" data-start=\"2321\" data-end=\"2341\">\n<p class=\"\" data-start=\"2323\" data-end=\"2341\">Calificaci\u00f3n de SundaHouse: S\u00ed<\/p>\n<\/li>\n<\/ul>","protected":false},"excerpt":{"rendered":"<p>Aqu\u00ed podr\u00e1s ver qu\u00e9 postes y modelos encajan entre s\u00ed de la gama de placas de cierre el\u00e9ctricas STEP.<\/p>\n<h5><strong><a href=\"https:\/\/steplock.com\/sv\/stolpguide\/#!?lang=sv&amp;blog_id=1&amp;paged=1&amp;number=50\" target=\"_blank\" rel=\"noopener\">Gu\u00eda de publicaciones STEP\u00a0<\/a><\/strong><\/h5>\n<h5><strong><a href=\"https:\/\/steplock.com\/sv\/projekteringsguide\/#!?lang=sv&amp;blog_id=1&amp;paged=1&amp;number=999\" target=\"_blank\" rel=\"noopener\">Gu\u00eda de dise\u00f1o STEP<\/a><\/strong><\/h5>","protected":false},"featured_media":140664,"template":"","meta":{"_acf_changed":false},"product_brand":[],"product_cat":[3355],"product_tag":[4197,4200],"class_list":{"0":"post-140665","1":"product","2":"type-product","3":"status-publish","4":"has-post-thumbnail","6":"product_cat-elslutbleck","7":"product_tag-24v","8":"product_tag-rattvand","9":"product_shipping_class-tunga-paket","10":"pa_brands-step","11":"tm-no-options","13":"first","14":"instock","15":"sale","16":"taxable","17":"shipping-taxable","18":"purchasable","19":"product-type-simple"},"acf":[],"_links":{"self":[{"href":"https:\/\/secureus.se\/es\/wp-json\/wp\/v2\/product\/140665","targetHints":{"allow":["GET"]}}],"collection":[{"href":"https:\/\/secureus.se\/es\/wp-json\/wp\/v2\/product"}],"about":[{"href":"https:\/\/secureus.se\/es\/wp-json\/wp\/v2\/types\/product"}],"wp:featuredmedia":[{"embeddable":true,"href":"https:\/\/secureus.se\/es\/wp-json\/wp\/v2\/media\/140664"}],"wp:attachment":[{"href":"https:\/\/secureus.se\/es\/wp-json\/wp\/v2\/media?parent=140665"}],"wp:term":[{"taxonomy":"product_brand","embeddable":true,"href":"https:\/\/secureus.se\/es\/wp-json\/wp\/v2\/product_brand?post=140665"},{"taxonomy":"product_cat","embeddable":true,"href":"https:\/\/secureus.se\/es\/wp-json\/wp\/v2\/product_cat?post=140665"},{"taxonomy":"product_tag","embeddable":true,"href":"https:\/\/secureus.se\/es\/wp-json\/wp\/v2\/product_tag?post=140665"}],"curies":[{"name":"wp","href":"https:\/\/api.w.org\/{rel}","templated":true}]}}