{"id":140705,"date":"2023-09-26T13:06:22","date_gmt":"2023-09-26T11:06:22","guid":{"rendered":"https:\/\/secureus.se\/elslutbleck-step-98-omvand-12v-kolvkontakt\/"},"modified":"2026-03-26T10:05:42","modified_gmt":"2026-03-26T09:05:42","slug":"elslutbleck-step-98-omvand-12v-kolvkontakt","status":"publish","type":"product","link":"https:\/\/secureus.se\/es\/elslutbleck-step-98-omvand-12v-kolvkontakt\/","title":{"rendered":"Cerradura el\u00e9ctrica STEP 98 Contacto de pist\u00f3n 12V inverso"},"content":{"rendered":"<div>\n<h1>Cerradura el\u00e9ctrica STEP 98 Contacto de pist\u00f3n 12V inverso<\/h1>\n<p>El abrepuertas el\u00e9ctrico STEP 98 Preload HPR es un abrepuertas el\u00e9ctrico homologado para incendios con alta seguridad y funcionamiento fiable para puertas que requieren una alta resistencia a la intrusi\u00f3n.<\/p>\n<p class=\"\" data-start=\"316\" data-end=\"845\">STEP 98 Preload HPR es una cerradura el\u00e9ctrica aprobada para uso contra incendios, dise\u00f1ada para espacios que deben cerrarse con una perilla o llave.<\/p>\n<p class=\"\" data-start=\"316\" data-end=\"845\">Forma parte de la serie Preload de STEP, y est\u00e1 especialmente adaptado para puertas que requieren alta fiabilidad operativa y larga vida \u00fatil.<\/p>\n<p class=\"\" data-start=\"316\" data-end=\"845\">STEP 98 Preload utiliza la tecnolog\u00eda patentada de presi\u00f3n de tira que permite que la puerta siempre se abra, incluso con una presi\u00f3n de hasta 40 kg.<\/p>\n<p class=\"\" data-start=\"316\" data-end=\"845\">Adem\u00e1s, la placa de cierre el\u00e9ctrica est\u00e1 certificada para resistencia al fuego hasta E\/EI 120 seg\u00fan SS-EN 14846:2008, lo que proporciona seguridad adicional.<\/p>\n<p class=\"\" data-start=\"847\" data-end=\"1186\">El producto tiene una funci\u00f3n inversa, donde la puerta se desbloquea en la posici\u00f3n desenergizada, y est\u00e1 equipado con un interruptor de \u00e9mbolo para indicar si la puerta est\u00e1 cerrada\/abierta.<\/p>\n<p class=\"\" data-start=\"847\" data-end=\"1186\">Tambi\u00e9n es reversible para adaptarse tanto a puertas con bisagras a la derecha como a la izquierda.<\/p>\n<p class=\"\" data-start=\"847\" data-end=\"1186\">STEP 98 Preload puede bloquear pernos de gancho o pernos rectos y se puede usar con cerraduras de pestillo simple y doble.<\/p>\n<div>\n<div>\n<p class=\"\" data-start=\"1188\" data-end=\"1205\"><strong data-start=\"1188\" data-end=\"1202\">Caracter\u00edsticas<\/strong>:<\/p>\n<ul data-start=\"1206\" data-end=\"1615\">\n<li class=\"\" data-start=\"1206\" data-end=\"1250\">\n<p class=\"\" data-start=\"1208\" data-end=\"1250\">Funci\u00f3n inversa (desbloqueada en posici\u00f3n desenergizada)<\/p>\n<\/li>\n<li class=\"\" data-start=\"1251\" data-end=\"1321\">\n<p class=\"\" data-start=\"1253\" data-end=\"1321\">Contacto de pist\u00f3n: Indicaci\u00f3n para detectar el estado de la puerta (cerrada\/abierta)<\/p>\n<\/li>\n<li class=\"\" data-start=\"1322\" data-end=\"1390\">\n<p class=\"\" data-start=\"1324\" data-end=\"1390\">Aprobado para fuego hasta E\/EI 120 (120 min) seg\u00fan SS-EN 14846:2008<\/p>\n<\/li>\n<li class=\"\" data-start=\"1391\" data-end=\"1427\">\n<p class=\"\" data-start=\"1393\" data-end=\"1427\">Resistencia a la rotura 9 kN (aprox. 900 kg)<\/p>\n<\/li>\n<li class=\"\" data-start=\"1428\" data-end=\"1509\">\n<p class=\"\" data-start=\"1430\" data-end=\"1509\">La presi\u00f3n de la tira de hasta 40 kg garantiza la apertura en funci\u00f3n de avance y retroceso.<\/p>\n<\/li>\n<li class=\"\" data-start=\"1510\" data-end=\"1525\">\n<p class=\"\" data-start=\"1512\" data-end=\"1525\">Antidetonante<\/p>\n<\/li>\n<li class=\"\" data-start=\"1526\" data-end=\"1566\">\n<p class=\"\" data-start=\"1528\" data-end=\"1566\">Reversible para puertas derechas e izquierdas<\/p>\n<\/li>\n<li class=\"\" data-start=\"1567\" data-end=\"1615\">\n<p class=\"\" data-start=\"1569\" data-end=\"1615\">Capaz de bloquear pernos de gancho o pernos rectos<\/p>\n<\/li>\n<\/ul>\n<p class=\"\" data-start=\"1617\" data-end=\"1648\"><strong data-start=\"1617\" data-end=\"1645\">Especificaciones t\u00e9cnicas<\/strong>:<\/p>\n<ul data-start=\"1649\" data-end=\"2239\">\n<li class=\"\" data-start=\"1649\" data-end=\"1684\">\n<p class=\"\" data-start=\"1651\" data-end=\"1684\"><strong data-start=\"1651\" data-end=\"1674\">Resistencia a la rotura m\u00e1xima.<\/strong>:900 kilos<\/p>\n<\/li>\n<li class=\"\" data-start=\"1685\" data-end=\"1721\">\n<p class=\"\" data-start=\"1687\" data-end=\"1721\"><strong data-start=\"1687\" data-end=\"1703\">Puerta colgante<\/strong>:Derecha, Izquierda<\/p>\n<\/li>\n<li class=\"\" data-start=\"1722\" data-end=\"1746\">\n<p class=\"\" data-start=\"1724\" data-end=\"1746\"><strong data-start=\"1724\" data-end=\"1739\">Cable incluido<\/strong>: No<\/p>\n<\/li>\n<li class=\"\" data-start=\"1747\" data-end=\"1771\">\n<p class=\"\" data-start=\"1749\" data-end=\"1771\"><strong data-start=\"1749\" data-end=\"1762\">Impresi\u00f3n de listas<\/strong>:40 kilos<\/p>\n<\/li>\n<li class=\"\" data-start=\"1772\" data-end=\"1813\">\n<p class=\"\" data-start=\"1774\" data-end=\"1813\"><strong data-start=\"1774\" data-end=\"1784\">Tipo de bloqueo<\/strong>: Cerradura de pestillo simple, Cerradura de pestillo doble<\/p>\n<\/li>\n<li class=\"\" data-start=\"1814\" data-end=\"1842\">\n<p class=\"\" data-start=\"1816\" data-end=\"1842\"><strong data-start=\"1816\" data-end=\"1833\">Ancho del producto<\/strong>:25 mm<\/p>\n<\/li>\n<li class=\"\" data-start=\"1843\" data-end=\"1869\">\n<p class=\"\" data-start=\"1845\" data-end=\"1869\"><strong data-start=\"1845\" data-end=\"1863\">Producto de construcci\u00f3n calificado<\/strong>: S\u00ed<\/p>\n<\/li>\n<li class=\"\" data-start=\"1870\" data-end=\"1897\">\n<p class=\"\" data-start=\"1872\" data-end=\"1897\"><strong data-start=\"1872\" data-end=\"1888\">Producto profundo<\/strong>:35 mm<\/p>\n<\/li>\n<li class=\"\" data-start=\"1898\" data-end=\"1932\">\n<p class=\"\" data-start=\"1900\" data-end=\"1932\"><strong data-start=\"1900\" data-end=\"1925\">Voltaje de funcionamiento 12 V\/24 V<\/strong>: 12 V<\/p>\n<\/li>\n<li class=\"\" data-start=\"1933\" data-end=\"1961\">\n<p class=\"\" data-start=\"1935\" data-end=\"1961\"><strong data-start=\"1935\" data-end=\"1954\">Ca\u00edda con doble giro<\/strong>: No<\/p>\n<\/li>\n<li class=\"\" data-start=\"1962\" data-end=\"1989\">\n<p class=\"\" data-start=\"1964\" data-end=\"1989\"><strong data-start=\"1964\" data-end=\"1982\">EPD verificado<\/strong>: No<\/p>\n<\/li>\n<li class=\"\" data-start=\"1990\" data-end=\"2008\">\n<p class=\"\" data-start=\"1992\" data-end=\"2008\"><strong data-start=\"1992\" data-end=\"2001\">Informaci\u00f3n financiera<\/strong>: No<\/p>\n<\/li>\n<li class=\"\" data-start=\"2009\" data-end=\"2043\">\n<p class=\"\" data-start=\"2011\" data-end=\"2043\"><strong data-start=\"2011\" data-end=\"2032\">Tratamiento de color\/superficie<\/strong>:Acero inoxidable<\/p>\n<\/li>\n<li class=\"\" data-start=\"2044\" data-end=\"2071\">\n<p class=\"\" data-start=\"2046\" data-end=\"2071\"><strong data-start=\"2046\" data-end=\"2062\">Producto de altura<\/strong>:90 mm<\/p>\n<\/li>\n<li class=\"\" data-start=\"2072\" data-end=\"2095\">\n<p class=\"\" data-start=\"2074\" data-end=\"2095\"><strong data-start=\"2074\" data-end=\"2089\">Contacto del pist\u00f3n<\/strong>: S\u00ed<\/p>\n<\/li>\n<li class=\"\" data-start=\"2096\" data-end=\"2127\">\n<p class=\"\" data-start=\"2098\" data-end=\"2127\"><strong data-start=\"2098\" data-end=\"2117\">Derecha\/Reversa<\/strong>: Contrarrestar<\/p>\n<\/li>\n<li class=\"\" data-start=\"2128\" data-end=\"2154\">\n<p class=\"\" data-start=\"2130\" data-end=\"2154\"><strong data-start=\"2130\" data-end=\"2148\">Voltaje CA\/CC<\/strong>:DC<\/p>\n<\/li>\n<li class=\"\" data-start=\"2155\" data-end=\"2183\">\n<p class=\"\" data-start=\"2157\" data-end=\"2183\"><strong data-start=\"2157\" data-end=\"2173\">Voltaje m\u00e1x.<\/strong>:13,8 V<\/p>\n<\/li>\n<li class=\"\" data-start=\"2184\" data-end=\"2212\">\n<p class=\"\" data-start=\"2186\" data-end=\"2212\"><strong data-start=\"2186\" data-end=\"2202\">Voltaje m\u00ednimo<\/strong>:10,8 V<\/p>\n<\/li>\n<li class=\"\" data-start=\"2213\" data-end=\"2239\">\n<p class=\"\" data-start=\"2215\" data-end=\"2239\"><strong data-start=\"2215\" data-end=\"2233\">SundaHouse calificado<\/strong>: S\u00ed<\/p>\n<\/li>\n<\/ul>\n<\/div>\n<\/div>\n<\/div>","protected":false},"excerpt":{"rendered":"<p>Aqu\u00ed podr\u00e1s ver qu\u00e9 postes y modelos encajan entre s\u00ed de la gama de placas de cierre el\u00e9ctricas STEP.<\/p>\n<h5><strong><a href=\"https:\/\/steplock.com\/sv\/stolpguide\/#!?lang=sv&amp;blog_id=1&amp;paged=1&amp;number=50\" target=\"_blank\" rel=\"noopener\">Gu\u00eda de publicaciones STEP\u00a0<\/a><\/strong><\/h5>\n<h5><strong><a href=\"https:\/\/steplock.com\/sv\/projekteringsguide\/#!?lang=sv&amp;blog_id=1&amp;paged=1&amp;number=999\" target=\"_blank\" rel=\"noopener\">Gu\u00eda de dise\u00f1o STEP<\/a><\/strong><\/h5>","protected":false},"featured_media":140704,"template":"","meta":{"_acf_changed":false},"product_brand":[],"product_cat":[3355],"product_tag":[4198,4201],"class_list":{"0":"post-140705","1":"product","2":"type-product","3":"status-publish","4":"has-post-thumbnail","6":"product_cat-elslutbleck","7":"product_tag-12v","8":"product_tag-omvand","9":"product_shipping_class-tunga-paket","10":"pa_brands-step","11":"tm-no-options","13":"first","14":"onbackorder","15":"sale","16":"taxable","17":"shipping-taxable","18":"purchasable","19":"product-type-simple"},"acf":[],"_links":{"self":[{"href":"https:\/\/secureus.se\/es\/wp-json\/wp\/v2\/product\/140705","targetHints":{"allow":["GET"]}}],"collection":[{"href":"https:\/\/secureus.se\/es\/wp-json\/wp\/v2\/product"}],"about":[{"href":"https:\/\/secureus.se\/es\/wp-json\/wp\/v2\/types\/product"}],"wp:featuredmedia":[{"embeddable":true,"href":"https:\/\/secureus.se\/es\/wp-json\/wp\/v2\/media\/140704"}],"wp:attachment":[{"href":"https:\/\/secureus.se\/es\/wp-json\/wp\/v2\/media?parent=140705"}],"wp:term":[{"taxonomy":"product_brand","embeddable":true,"href":"https:\/\/secureus.se\/es\/wp-json\/wp\/v2\/product_brand?post=140705"},{"taxonomy":"product_cat","embeddable":true,"href":"https:\/\/secureus.se\/es\/wp-json\/wp\/v2\/product_cat?post=140705"},{"taxonomy":"product_tag","embeddable":true,"href":"https:\/\/secureus.se\/es\/wp-json\/wp\/v2\/product_tag?post=140705"}],"curies":[{"name":"wp","href":"https:\/\/api.w.org\/{rel}","templated":true}]}}