{"id":140717,"date":"2023-09-26T13:06:17","date_gmt":"2023-09-26T11:06:17","guid":{"rendered":"https:\/\/secureus.se\/elslutbleck-step-98-rattvand-12v\/"},"modified":"2026-03-26T09:59:51","modified_gmt":"2026-03-26T08:59:51","slug":"elslutbleck-step-98-rattvand-12v","status":"publish","type":"product","link":"https:\/\/secureus.se\/es\/elslutbleck-step-98-rattvand-12v\/","title":{"rendered":"Cerradero el\u00e9ctrico STEP 98 Orientado a la derecha 12V"},"content":{"rendered":"<h1>Cerradero el\u00e9ctrico STEP 98 Orientado a la derecha 12V<\/h1>\n<p>La placa de cierre el\u00e9ctrica de precarga STEP 98 est\u00e1 homologada para uso contra incendios, tiene una alta resistencia a la rotura y la capacidad de abrirse a pesar de la presi\u00f3n de moldeo. Ideal para puertas que requieren alta seguridad.<\/p>\n<p class=\"\" data-start=\"301\" data-end=\"692\">STEP 98 Preload es una cerradura el\u00e9ctrica homologada para uso contra incendios, dise\u00f1ada para brindar seguridad y confiabilidad en entornos de puertas que requieren funcionalidad adicional.<\/p>\n<p class=\"\" data-start=\"301\" data-end=\"692\">Certificada para resistencia al fuego hasta E\/EI 120 (120 minutos), esta cerradura el\u00e9ctrica tambi\u00e9n est\u00e1 equipada con la tecnolog\u00eda de impresi\u00f3n de tiras patentada de STEP.<\/p>\n<p class=\"\" data-start=\"301\" data-end=\"692\">Esta tecnolog\u00eda permite abrir la puerta incluso bajo una presi\u00f3n de hasta 40 kg.<\/p>\n<p class=\"\" data-start=\"694\" data-end=\"1115\">Con funci\u00f3n para mano derecha (bloqueada en posici\u00f3n desenergizada) y dise\u00f1o reversible, esta cerradura el\u00e9ctrica es adecuada tanto para puertas de mano derecha como de mano izquierda.<\/p>\n<p class=\"\" data-start=\"694\" data-end=\"1115\">Tambi\u00e9n es a prueba de manipulaciones para garantizar un funcionamiento y confiabilidad duraderos. La placa de cierre el\u00e9ctrica tiene una resistencia a la rotura de 900 kg y proporciona una funci\u00f3n abierta incluso en condiciones de presi\u00f3n extrema.<\/p>\n<p class=\"\" data-start=\"694\" data-end=\"1115\">Tambi\u00e9n es f\u00e1cil de instalar y funciona bien con sistemas de control de acceso y sistemas de alarma.<\/p>\n<p class=\"\" data-start=\"1117\" data-end=\"1134\"><strong data-start=\"1117\" data-end=\"1131\">Caracter\u00edsticas<\/strong>:<\/p>\n<ul data-start=\"1135\" data-end=\"1503\">\n<li class=\"\" data-start=\"1135\" data-end=\"1180\">\n<p class=\"\" data-start=\"1137\" data-end=\"1180\">Funci\u00f3n correcta (bloqueado en posici\u00f3n desenergizada)<\/p>\n<\/li>\n<li class=\"\" data-start=\"1181\" data-end=\"1239\">\n<p class=\"\" data-start=\"1183\" data-end=\"1239\">Aprobado para fuego hasta E\/EI 120 seg\u00fan SS-EN 14846:2008<\/p>\n<\/li>\n<li class=\"\" data-start=\"1240\" data-end=\"1276\">\n<p class=\"\" data-start=\"1242\" data-end=\"1276\">Resistencia a la rotura 9 kN (aprox. 900 kg)<\/p>\n<\/li>\n<li class=\"\" data-start=\"1277\" data-end=\"1364\">\n<p class=\"\" data-start=\"1279\" data-end=\"1364\">Garantiza la apertura a pesar de una presi\u00f3n de la banda de hasta 40 kg en funci\u00f3n de avance y retroceso<\/p>\n<\/li>\n<li class=\"\" data-start=\"1365\" data-end=\"1387\">\n<p class=\"\" data-start=\"1367\" data-end=\"1387\">Diodo de protecci\u00f3n incorporado<\/p>\n<\/li>\n<li class=\"\" data-start=\"1388\" data-end=\"1403\">\n<p class=\"\" data-start=\"1390\" data-end=\"1403\">Antidetonante<\/p>\n<\/li>\n<li class=\"\" data-start=\"1404\" data-end=\"1454\">\n<p class=\"\" data-start=\"1406\" data-end=\"1454\">Reversible para adaptarse a puertas derechas e izquierdas.<\/p>\n<\/li>\n<li class=\"\" data-start=\"1455\" data-end=\"1503\">\n<p class=\"\" data-start=\"1457\" data-end=\"1503\">Capaz de bloquear pernos de gancho o pernos rectos<\/p>\n<\/li>\n<\/ul>\n<p class=\"\" data-start=\"1505\" data-end=\"1536\"><strong data-start=\"1505\" data-end=\"1533\">Especificaciones t\u00e9cnicas<\/strong>:<\/p>\n<ul data-start=\"1537\" data-end=\"2130\">\n<li class=\"\" data-start=\"1537\" data-end=\"1572\">\n<p class=\"\" data-start=\"1539\" data-end=\"1572\"><strong data-start=\"1539\" data-end=\"1562\">Resistencia a la rotura m\u00e1xima.<\/strong>:900 kilos<\/p>\n<\/li>\n<li class=\"\" data-start=\"1573\" data-end=\"1609\">\n<p class=\"\" data-start=\"1575\" data-end=\"1609\"><strong data-start=\"1575\" data-end=\"1591\">Puerta colgante<\/strong>:Derecha, Izquierda<\/p>\n<\/li>\n<li class=\"\" data-start=\"1610\" data-end=\"1634\">\n<p class=\"\" data-start=\"1612\" data-end=\"1634\"><strong data-start=\"1612\" data-end=\"1627\">Cable incluido<\/strong>: No<\/p>\n<\/li>\n<li class=\"\" data-start=\"1635\" data-end=\"1659\">\n<p class=\"\" data-start=\"1637\" data-end=\"1659\"><strong data-start=\"1637\" data-end=\"1650\">Impresi\u00f3n de listas<\/strong>:40 kilos<\/p>\n<\/li>\n<li class=\"\" data-start=\"1660\" data-end=\"1701\">\n<p class=\"\" data-start=\"1662\" data-end=\"1701\"><strong data-start=\"1662\" data-end=\"1672\">Tipo de bloqueo<\/strong>: Cerradura de pestillo simple, Cerradura de pestillo doble<\/p>\n<\/li>\n<li class=\"\" data-start=\"1702\" data-end=\"1730\">\n<p class=\"\" data-start=\"1704\" data-end=\"1730\"><strong data-start=\"1704\" data-end=\"1721\">Ancho del producto<\/strong>:25 mm<\/p>\n<\/li>\n<li class=\"\" data-start=\"1731\" data-end=\"1757\">\n<p class=\"\" data-start=\"1733\" data-end=\"1757\"><strong data-start=\"1733\" data-end=\"1751\">Producto de construcci\u00f3n calificado<\/strong>: S\u00ed<\/p>\n<\/li>\n<li class=\"\" data-start=\"1758\" data-end=\"1785\">\n<p class=\"\" data-start=\"1760\" data-end=\"1785\"><strong data-start=\"1760\" data-end=\"1776\">Producto profundo<\/strong>:35 mm<\/p>\n<\/li>\n<li class=\"\" data-start=\"1786\" data-end=\"1820\">\n<p class=\"\" data-start=\"1788\" data-end=\"1820\"><strong data-start=\"1788\" data-end=\"1813\">Voltaje de funcionamiento 12 V\/24 V<\/strong>: 12 V<\/p>\n<\/li>\n<li class=\"\" data-start=\"1821\" data-end=\"1849\">\n<p class=\"\" data-start=\"1823\" data-end=\"1849\"><strong data-start=\"1823\" data-end=\"1842\">Ca\u00edda con doble giro<\/strong>: No<\/p>\n<\/li>\n<li class=\"\" data-start=\"1850\" data-end=\"1877\">\n<p class=\"\" data-start=\"1852\" data-end=\"1877\"><strong data-start=\"1852\" data-end=\"1870\">EPD verificado<\/strong>: No<\/p>\n<\/li>\n<li class=\"\" data-start=\"1878\" data-end=\"1896\">\n<p class=\"\" data-start=\"1880\" data-end=\"1896\"><strong data-start=\"1880\" data-end=\"1889\">Informaci\u00f3n financiera<\/strong>: No<\/p>\n<\/li>\n<li class=\"\" data-start=\"1897\" data-end=\"1931\">\n<p class=\"\" data-start=\"1899\" data-end=\"1931\"><strong data-start=\"1899\" data-end=\"1920\">Tratamiento de color\/superficie<\/strong>:Acero inoxidable<\/p>\n<\/li>\n<li class=\"\" data-start=\"1932\" data-end=\"1959\">\n<p class=\"\" data-start=\"1934\" data-end=\"1959\"><strong data-start=\"1934\" data-end=\"1950\">Producto de altura<\/strong>:90 mm<\/p>\n<\/li>\n<li class=\"\" data-start=\"1960\" data-end=\"1984\">\n<p class=\"\" data-start=\"1962\" data-end=\"1984\"><strong data-start=\"1962\" data-end=\"1977\">Contacto del pist\u00f3n<\/strong>: No<\/p>\n<\/li>\n<li class=\"\" data-start=\"1985\" data-end=\"2018\">\n<p class=\"\" data-start=\"1987\" data-end=\"2018\"><strong data-start=\"1987\" data-end=\"2006\">Derecha\/Reversa<\/strong>: Orientado a la derecha<\/p>\n<\/li>\n<li class=\"\" data-start=\"2019\" data-end=\"2045\">\n<p class=\"\" data-start=\"2021\" data-end=\"2045\"><strong data-start=\"2021\" data-end=\"2039\">Voltaje CA\/CC<\/strong>:DC<\/p>\n<\/li>\n<li class=\"\" data-start=\"2046\" data-end=\"2074\">\n<p class=\"\" data-start=\"2048\" data-end=\"2074\"><strong data-start=\"2048\" data-end=\"2064\">Voltaje m\u00e1x.<\/strong>:13,8 V<\/p>\n<\/li>\n<li class=\"\" data-start=\"2075\" data-end=\"2103\">\n<p class=\"\" data-start=\"2077\" data-end=\"2103\"><strong data-start=\"2077\" data-end=\"2093\">Voltaje m\u00ednimo<\/strong>:10,8 V<\/p>\n<\/li>\n<li class=\"\" data-start=\"2104\" data-end=\"2130\">\n<p class=\"\" data-start=\"2106\" data-end=\"2130\"><strong data-start=\"2106\" data-end=\"2124\">SundaHouse calificado<\/strong>: S\u00ed<\/p>\n<\/li>\n<\/ul>","protected":false},"excerpt":{"rendered":"<p>Aqu\u00ed podr\u00e1s ver qu\u00e9 postes y modelos encajan entre s\u00ed de la gama de placas de cierre el\u00e9ctricas STEP.<\/p>\n<h5><strong><a href=\"https:\/\/steplock.com\/sv\/stolpguide\/#!?lang=sv&amp;blog_id=1&amp;paged=1&amp;number=50\" target=\"_blank\" rel=\"noopener\">Gu\u00eda de publicaciones STEP\u00a0<\/a><\/strong><\/h5>\n<h5><strong><a href=\"https:\/\/steplock.com\/sv\/projekteringsguide\/#!?lang=sv&amp;blog_id=1&amp;paged=1&amp;number=999\" target=\"_blank\" rel=\"noopener\">Gu\u00eda de dise\u00f1o STEP<\/a><\/strong><\/h5>","protected":false},"featured_media":140716,"template":"","meta":{"_acf_changed":false},"product_brand":[],"product_cat":[3355],"product_tag":[4198,4200],"class_list":{"0":"post-140717","1":"product","2":"type-product","3":"status-publish","4":"has-post-thumbnail","6":"product_cat-elslutbleck","7":"product_tag-12v","8":"product_tag-rattvand","9":"product_shipping_class-tunga-paket","10":"pa_brands-step","11":"tm-no-options","13":"first","14":"onbackorder","15":"sale","16":"taxable","17":"shipping-taxable","18":"purchasable","19":"product-type-simple"},"acf":[],"_links":{"self":[{"href":"https:\/\/secureus.se\/es\/wp-json\/wp\/v2\/product\/140717","targetHints":{"allow":["GET"]}}],"collection":[{"href":"https:\/\/secureus.se\/es\/wp-json\/wp\/v2\/product"}],"about":[{"href":"https:\/\/secureus.se\/es\/wp-json\/wp\/v2\/types\/product"}],"wp:featuredmedia":[{"embeddable":true,"href":"https:\/\/secureus.se\/es\/wp-json\/wp\/v2\/media\/140716"}],"wp:attachment":[{"href":"https:\/\/secureus.se\/es\/wp-json\/wp\/v2\/media?parent=140717"}],"wp:term":[{"taxonomy":"product_brand","embeddable":true,"href":"https:\/\/secureus.se\/es\/wp-json\/wp\/v2\/product_brand?post=140717"},{"taxonomy":"product_cat","embeddable":true,"href":"https:\/\/secureus.se\/es\/wp-json\/wp\/v2\/product_cat?post=140717"},{"taxonomy":"product_tag","embeddable":true,"href":"https:\/\/secureus.se\/es\/wp-json\/wp\/v2\/product_tag?post=140717"}],"curies":[{"name":"wp","href":"https:\/\/api.w.org\/{rel}","templated":true}]}}