{"id":140729,"date":"2023-09-26T13:06:08","date_gmt":"2023-09-26T11:06:08","guid":{"rendered":"https:\/\/secureus.se\/elslutbleck-step-18-hoger-omvand-12v-for-assa-511\/"},"modified":"2026-03-26T09:57:10","modified_gmt":"2026-03-26T08:57:10","slug":"elslutbleck-step-18-hoger-omvand-12v-for-assa-511","status":"publish","type":"product","link":"https:\/\/secureus.se\/es\/elslutbleck-step-18-hoger-omvand-12v-for-assa-511\/","title":{"rendered":"Cerradura el\u00e9ctrica PASO 18 Derecha Marcha atr\u00e1s 12V para Assa 511"},"content":{"rendered":"<h1>Cerradura el\u00e9ctrica PASO 18 Derecha Marcha atr\u00e1s 12V para Assa 511<\/h1>\n<p>La cerradura el\u00e9ctrica STEP 18 Secure para Assa 511 ofrece alta seguridad y homologaci\u00f3n contra incendios hasta E\/EI 60. Perfecta para puertas con altos requisitos de protecci\u00f3n contra intrusiones y alta frecuencia de apertura.<\/p>\n<p class=\"\" data-start=\"407\" data-end=\"826\">STEP 18 Secure es una cerradura el\u00e9ctrica de alta seguridad adecuada para puertas con altos requisitos de seguridad, como prisiones y bancos.<\/p>\n<p class=\"\" data-start=\"407\" data-end=\"826\">Con una resistencia a la rotura de 15 kN (aprox. 1500 kg) y una homologaci\u00f3n de resistencia al fuego hasta E\/EI 60, STEP 18 Secure est\u00e1 dise\u00f1ado para proporcionar la m\u00e1xima seguridad en condiciones exigentes.<\/p>\n<p class=\"\" data-start=\"407\" data-end=\"826\">Esta cerradura el\u00e9ctrica es adecuada para puertas de seguridad o puertas con requisitos de evacuaci\u00f3n y se puede abrir de forma r\u00e1pida y frecuente.<\/p>\n<p class=\"\" data-start=\"828\" data-end=\"1203\">Est\u00e1 especialmente dise\u00f1ado para la cerradura de gancho Assa 511 con pist\u00f3n de 10 mm y tiene una funci\u00f3n inversa (desbloqueado en posici\u00f3n desenergizada), lo que lo convierte en una opci\u00f3n ideal para puertas de alta frecuencia.<\/p>\n<p class=\"\" data-start=\"828\" data-end=\"1203\">El interruptor de pist\u00f3n incorporado permite una f\u00e1cil conexi\u00f3n a sistemas de control de acceso y sistemas de alarma para mayor seguridad.<\/p>\n<p class=\"\" data-start=\"828\" data-end=\"1203\">Incluye un cable de conexi\u00f3n libre de hal\u00f3genos de 5 metros para una f\u00e1cil instalaci\u00f3n.<\/p>\n<p class=\"\" data-start=\"1205\" data-end=\"1222\"><strong data-start=\"1205\" data-end=\"1219\">Caracter\u00edsticas<\/strong>:<\/p>\n<ul data-start=\"1223\" data-end=\"1659\">\n<li class=\"\" data-start=\"1223\" data-end=\"1266\">\n<p class=\"\" data-start=\"1225\" data-end=\"1266\">Para cerradura de gancho Assa 511 con pist\u00f3n de 10 mm<\/p>\n<\/li>\n<li class=\"\" data-start=\"1267\" data-end=\"1311\">\n<p class=\"\" data-start=\"1269\" data-end=\"1311\">Funci\u00f3n inversa (desbloqueada en estado desenergizado)<\/p>\n<\/li>\n<li class=\"\" data-start=\"1312\" data-end=\"1338\">\n<p class=\"\" data-start=\"1314\" data-end=\"1338\">Para puertas batientes a la derecha<\/p>\n<\/li>\n<li class=\"\" data-start=\"1339\" data-end=\"1372\">\n<p class=\"\" data-start=\"1341\" data-end=\"1372\">Aprobado para fuego hasta E\/EI 60<\/p>\n<\/li>\n<li class=\"\" data-start=\"1373\" data-end=\"1457\">\n<p class=\"\" data-start=\"1375\" data-end=\"1457\">Interruptor de \u00e9mbolo incorporado para indicar el estado cerrado\/abierto y bloqueado\/desbloqueado de la puerta.<\/p>\n<\/li>\n<li class=\"\" data-start=\"1458\" data-end=\"1480\">\n<p class=\"\" data-start=\"1460\" data-end=\"1480\">Diodo de protecci\u00f3n incorporado<\/p>\n<\/li>\n<li class=\"\" data-start=\"1481\" data-end=\"1519\">\n<p class=\"\" data-start=\"1483\" data-end=\"1519\">Resistencia a la rotura 15 kN (aprox. 1500 kg)<\/p>\n<\/li>\n<li class=\"\" data-start=\"1520\" data-end=\"1597\">\n<p class=\"\" data-start=\"1522\" data-end=\"1597\">Se abre a pesar de una presi\u00f3n de banda de 5 kN (aprox. 500 kg) en funci\u00f3n de avance y retroceso.<\/p>\n<\/li>\n<li class=\"\" data-start=\"1598\" data-end=\"1613\">\n<p class=\"\" data-start=\"1600\" data-end=\"1613\">Antidetonante<\/p>\n<\/li>\n<li class=\"\" data-start=\"1614\" data-end=\"1659\">\n<p class=\"\" data-start=\"1616\" data-end=\"1659\">Cable de conexi\u00f3n libre de hal\u00f3genos de 5 metros incluido<\/p>\n<\/li>\n<\/ul>\n<p class=\"\" data-start=\"1661\" data-end=\"1692\"><strong data-start=\"1661\" data-end=\"1689\">Especificaciones t\u00e9cnicas<\/strong>:<\/p>\n<ul data-start=\"1693\" data-end=\"2300\">\n<li class=\"\" data-start=\"1693\" data-end=\"1729\">\n<p class=\"\" data-start=\"1695\" data-end=\"1729\"><strong data-start=\"1695\" data-end=\"1718\">Resistencia a la rotura m\u00e1xima.<\/strong>:1500 kilos<\/p>\n<\/li>\n<li class=\"\" data-start=\"1730\" data-end=\"1757\">\n<p class=\"\" data-start=\"1732\" data-end=\"1757\"><strong data-start=\"1732\" data-end=\"1748\">Puerta colgante<\/strong>: Bien<\/p>\n<\/li>\n<li class=\"\" data-start=\"1758\" data-end=\"1781\">\n<p class=\"\" data-start=\"1760\" data-end=\"1781\"><strong data-start=\"1760\" data-end=\"1775\">Cable incluido<\/strong>: S\u00ed<\/p>\n<\/li>\n<li class=\"\" data-start=\"1782\" data-end=\"1807\">\n<p class=\"\" data-start=\"1784\" data-end=\"1807\"><strong data-start=\"1784\" data-end=\"1797\">Impresi\u00f3n de listas<\/strong>:500 kilos<\/p>\n<\/li>\n<li class=\"\" data-start=\"1808\" data-end=\"1845\">\n<p class=\"\" data-start=\"1810\" data-end=\"1845\"><strong data-start=\"1810\" data-end=\"1820\">Tipo de bloqueo<\/strong>: Cerradura de gancho y pestillo, Cerradura de pestillo<\/p>\n<\/li>\n<li class=\"\" data-start=\"1846\" data-end=\"1874\">\n<p class=\"\" data-start=\"1848\" data-end=\"1874\"><strong data-start=\"1848\" data-end=\"1865\">Ancho del producto<\/strong>:35 mm<\/p>\n<\/li>\n<li class=\"\" data-start=\"1875\" data-end=\"1901\">\n<p class=\"\" data-start=\"1877\" data-end=\"1901\"><strong data-start=\"1877\" data-end=\"1895\">Producto de construcci\u00f3n calificado<\/strong>: S\u00ed<\/p>\n<\/li>\n<li class=\"\" data-start=\"1902\" data-end=\"1929\">\n<p class=\"\" data-start=\"1904\" data-end=\"1929\"><strong data-start=\"1904\" data-end=\"1920\">Producto profundo<\/strong>:40 mm<\/p>\n<\/li>\n<li class=\"\" data-start=\"1930\" data-end=\"1964\">\n<p class=\"\" data-start=\"1932\" data-end=\"1964\"><strong data-start=\"1932\" data-end=\"1957\">Voltaje de funcionamiento 12 V\/24 V<\/strong>: 12 V<\/p>\n<\/li>\n<li class=\"\" data-start=\"1965\" data-end=\"1993\">\n<p class=\"\" data-start=\"1967\" data-end=\"1993\"><strong data-start=\"1967\" data-end=\"1986\">Ca\u00edda con doble giro<\/strong>: No<\/p>\n<\/li>\n<li class=\"\" data-start=\"1994\" data-end=\"2021\">\n<p class=\"\" data-start=\"1996\" data-end=\"2021\"><strong data-start=\"1996\" data-end=\"2014\">EPD verificado<\/strong>: No<\/p>\n<\/li>\n<li class=\"\" data-start=\"2022\" data-end=\"2040\">\n<p class=\"\" data-start=\"2024\" data-end=\"2040\"><strong data-start=\"2024\" data-end=\"2033\">Informaci\u00f3n financiera<\/strong>: No<\/p>\n<\/li>\n<li class=\"\" data-start=\"2041\" data-end=\"2075\">\n<p class=\"\" data-start=\"2043\" data-end=\"2075\"><strong data-start=\"2043\" data-end=\"2064\">Tratamiento de color\/superficie<\/strong>:Acero inoxidable<\/p>\n<\/li>\n<li class=\"\" data-start=\"2076\" data-end=\"2104\">\n<p class=\"\" data-start=\"2078\" data-end=\"2104\"><strong data-start=\"2078\" data-end=\"2094\">Producto de altura<\/strong>:230 mm<\/p>\n<\/li>\n<li class=\"\" data-start=\"2105\" data-end=\"2132\">\n<p class=\"\" data-start=\"2107\" data-end=\"2132\"><strong data-start=\"2107\" data-end=\"2121\">Longitud del cable<\/strong>:5 metros<\/p>\n<\/li>\n<li class=\"\" data-start=\"2133\" data-end=\"2156\">\n<p class=\"\" data-start=\"2135\" data-end=\"2156\"><strong data-start=\"2135\" data-end=\"2150\">Contacto del pist\u00f3n<\/strong>: S\u00ed<\/p>\n<\/li>\n<li class=\"\" data-start=\"2157\" data-end=\"2188\">\n<p class=\"\" data-start=\"2159\" data-end=\"2188\"><strong data-start=\"2159\" data-end=\"2178\">Derecha\/Reversa<\/strong>: Contrarrestar<\/p>\n<\/li>\n<li class=\"\" data-start=\"2189\" data-end=\"2215\">\n<p class=\"\" data-start=\"2191\" data-end=\"2215\"><strong data-start=\"2191\" data-end=\"2209\">Voltaje CA\/CC<\/strong>:DC<\/p>\n<\/li>\n<li class=\"\" data-start=\"2216\" data-end=\"2244\">\n<p class=\"\" data-start=\"2218\" data-end=\"2244\"><strong data-start=\"2218\" data-end=\"2234\">Voltaje m\u00e1x.<\/strong>:13,8 V<\/p>\n<\/li>\n<li class=\"\" data-start=\"2245\" data-end=\"2273\">\n<p class=\"\" data-start=\"2247\" data-end=\"2273\"><strong data-start=\"2247\" data-end=\"2263\">Voltaje m\u00ednimo<\/strong>:10,8 V<\/p>\n<\/li>\n<li class=\"\" data-start=\"2274\" data-end=\"2300\">\n<p class=\"\" data-start=\"2276\" data-end=\"2300\"><strong data-start=\"2276\" data-end=\"2294\">SundaHouse calificado<\/strong>: S\u00ed<\/p>\n<\/li>\n<\/ul>","protected":false},"excerpt":{"rendered":"<p>Aqu\u00ed podr\u00e1s ver qu\u00e9 postes y modelos encajan entre s\u00ed de la gama de placas de cierre el\u00e9ctricas STEP.<\/p>\n<h5><strong><a href=\"https:\/\/steplock.com\/sv\/stolpguide\/#!?lang=sv&amp;blog_id=1&amp;paged=1&amp;number=50\" target=\"_blank\" rel=\"noopener\">Gu\u00eda de publicaciones STEP\u00a0<\/a><\/strong><\/h5>\n<h5><strong><a href=\"https:\/\/steplock.com\/sv\/projekteringsguide\/#!?lang=sv&amp;blog_id=1&amp;paged=1&amp;number=999\" target=\"_blank\" rel=\"noopener\">Gu\u00eda de dise\u00f1o STEP<\/a><\/strong><\/h5>","protected":false},"featured_media":140727,"template":"","meta":{"_acf_changed":false},"product_brand":[],"product_cat":[3355],"product_tag":[4198,4201],"class_list":{"0":"post-140729","1":"product","2":"type-product","3":"status-publish","4":"has-post-thumbnail","6":"product_cat-elslutbleck","7":"product_tag-12v","8":"product_tag-omvand","9":"product_shipping_class-tunga-paket","10":"pa_brands-step","11":"tm-no-options","13":"first","14":"onbackorder","15":"sale","16":"taxable","17":"shipping-taxable","18":"purchasable","19":"product-type-simple"},"acf":[],"_links":{"self":[{"href":"https:\/\/secureus.se\/es\/wp-json\/wp\/v2\/product\/140729","targetHints":{"allow":["GET"]}}],"collection":[{"href":"https:\/\/secureus.se\/es\/wp-json\/wp\/v2\/product"}],"about":[{"href":"https:\/\/secureus.se\/es\/wp-json\/wp\/v2\/types\/product"}],"wp:featuredmedia":[{"embeddable":true,"href":"https:\/\/secureus.se\/es\/wp-json\/wp\/v2\/media\/140727"}],"wp:attachment":[{"href":"https:\/\/secureus.se\/es\/wp-json\/wp\/v2\/media?parent=140729"}],"wp:term":[{"taxonomy":"product_brand","embeddable":true,"href":"https:\/\/secureus.se\/es\/wp-json\/wp\/v2\/product_brand?post=140729"},{"taxonomy":"product_cat","embeddable":true,"href":"https:\/\/secureus.se\/es\/wp-json\/wp\/v2\/product_cat?post=140729"},{"taxonomy":"product_tag","embeddable":true,"href":"https:\/\/secureus.se\/es\/wp-json\/wp\/v2\/product_tag?post=140729"}],"curies":[{"name":"wp","href":"https:\/\/api.w.org\/{rel}","templated":true}]}}