{"id":140742,"date":"2023-09-26T13:06:05","date_gmt":"2023-09-26T11:06:05","guid":{"rendered":"https:\/\/secureus.se\/elslutbleck-step-18-vanster-omvand-12v-for-assa-511\/"},"modified":"2026-04-23T12:56:19","modified_gmt":"2026-04-23T10:56:19","slug":"elslutbleck-step-18-vanster-omvand-12v-for-assa-511","status":"publish","type":"product","link":"https:\/\/secureus.se\/es\/elslutbleck-step-18-vanster-omvand-12v-for-assa-511\/","title":{"rendered":"Cerradura el\u00e9ctrica PASO 18 Marcha atr\u00e1s izquierda 12V para Assa 511"},"content":{"rendered":"<h1>Cerradura el\u00e9ctrica PASO 18 Marcha atr\u00e1s izquierda 12V para Assa 511<\/h1>\n<p>STEP 18 Secure proporciona la m\u00e1xima seguridad contra intrusiones con un bloqueo r\u00e1pido y duradero, aprobado para puertas de seguridad hasta RC4 y contra incendios hasta E\/EI 60. Cable de 5 metros incluido.<\/p>\n<p class=\"\" data-start=\"402\" data-end=\"820\">STEP 18 Secure es una cerradura el\u00e9ctrica de alta seguridad de la serie Secure de STEP, dise\u00f1ada para puertas con altos requisitos de seguridad como prisiones y bancos.<\/p>\n<p class=\"\" data-start=\"402\" data-end=\"820\">Con una construcci\u00f3n robusta y un bloqueo y desbloqueo r\u00e1pido, es adecuado para puertas que tienen un elevado n\u00famero de entradas y salidas.<\/p>\n<p class=\"\" data-start=\"402\" data-end=\"820\">Esta cerradura el\u00e9ctrica est\u00e1 certificada para resistencia al fuego hasta E\/EI 60 y est\u00e1 aprobada para bloquear puertas de seguridad hasta RC4.<\/p>\n<p class=\"\" data-start=\"822\" data-end=\"1198\">El dise\u00f1o garantiza un funcionamiento duradero y r\u00e1pido, lo que lo hace adecuado para puertas de escape.<\/p>\n<p class=\"\" data-start=\"822\" data-end=\"1198\">La cerradura el\u00e9ctrica est\u00e1 equipada con un contacto de pist\u00f3n que proporciona indicaci\u00f3n de que la puerta est\u00e1 cerrada\/abierta y bloqueada\/desbloqueada, lo que permite su integraci\u00f3n con sistemas de control de acceso y sistemas de alarma.<\/p>\n<p class=\"\" data-start=\"822\" data-end=\"1198\">Adem\u00e1s, est\u00e1 equipado con un diodo de protecci\u00f3n y puede abrirse incluso bajo una presi\u00f3n de banda de hasta 500 kg.<\/p>\n<p class=\"\" data-start=\"1200\" data-end=\"1217\"><strong data-start=\"1200\" data-end=\"1214\">Caracter\u00edsticas<\/strong>:<\/p>\n<ul data-start=\"1218\" data-end=\"1722\">\n<li class=\"\" data-start=\"1218\" data-end=\"1261\">\n<p class=\"\" data-start=\"1220\" data-end=\"1261\">Para cerradura de gancho Assa 511 con pist\u00f3n de 10 mm<\/p>\n<\/li>\n<li class=\"\" data-start=\"1262\" data-end=\"1306\">\n<p class=\"\" data-start=\"1264\" data-end=\"1306\">Funci\u00f3n inversa (desbloqueada en estado desenergizado)<\/p>\n<\/li>\n<li class=\"\" data-start=\"1307\" data-end=\"1335\">\n<p class=\"\" data-start=\"1309\" data-end=\"1335\">Para puertas de hoja izquierda<\/p>\n<\/li>\n<li class=\"\" data-start=\"1336\" data-end=\"1393\">\n<p class=\"\" data-start=\"1338\" data-end=\"1393\">Aprobado para fuego hasta E\/EI 60 seg\u00fan SS-EN 14846:2008<\/p>\n<\/li>\n<li class=\"\" data-start=\"1394\" data-end=\"1511\">\n<p class=\"\" data-start=\"1396\" data-end=\"1511\">Indicaci\u00f3n incorporada para detectar que la puerta est\u00e1 cerrada\/abierta y bloqueada\/desbloqueada (se aplica a productos con contacto de pist\u00f3n)<\/p>\n<\/li>\n<li class=\"\" data-start=\"1512\" data-end=\"1534\">\n<p class=\"\" data-start=\"1514\" data-end=\"1534\">Diodo de protecci\u00f3n incorporado<\/p>\n<\/li>\n<li class=\"\" data-start=\"1535\" data-end=\"1573\">\n<p class=\"\" data-start=\"1537\" data-end=\"1573\">Resistencia a la rotura 15 kN (aprox. 1500 kg)<\/p>\n<\/li>\n<li class=\"\" data-start=\"1574\" data-end=\"1656\">\n<p class=\"\" data-start=\"1576\" data-end=\"1656\">Se abre a pesar de una presi\u00f3n de banda de 5 kN (aprox. 500 kg) tanto en funci\u00f3n de avance como de retroceso.<\/p>\n<\/li>\n<li class=\"\" data-start=\"1657\" data-end=\"1672\">\n<p class=\"\" data-start=\"1659\" data-end=\"1672\">Antidetonante<\/p>\n<\/li>\n<li class=\"\" data-start=\"1673\" data-end=\"1722\">\n<p class=\"\" data-start=\"1675\" data-end=\"1722\">Incluye cable de conexi\u00f3n libre de hal\u00f3genos de 5 metros.<\/p>\n<\/li>\n<\/ul>\n<p class=\"\" data-start=\"1724\" data-end=\"1755\"><strong data-start=\"1724\" data-end=\"1752\">Especificaciones t\u00e9cnicas<\/strong>:<\/p>\n<ul data-start=\"1756\" data-end=\"2365\">\n<li class=\"\" data-start=\"1756\" data-end=\"1792\">\n<p class=\"\" data-start=\"1758\" data-end=\"1792\"><strong data-start=\"1758\" data-end=\"1781\">Resistencia a la rotura m\u00e1xima.<\/strong>:1500 kilos<\/p>\n<\/li>\n<li class=\"\" data-start=\"1793\" data-end=\"1822\">\n<p class=\"\" data-start=\"1795\" data-end=\"1822\"><strong data-start=\"1795\" data-end=\"1811\">Puerta colgante<\/strong>: Izquierda<\/p>\n<\/li>\n<li class=\"\" data-start=\"1823\" data-end=\"1846\">\n<p class=\"\" data-start=\"1825\" data-end=\"1846\"><strong data-start=\"1825\" data-end=\"1840\">Cable incluido<\/strong>: S\u00ed<\/p>\n<\/li>\n<li class=\"\" data-start=\"1847\" data-end=\"1872\">\n<p class=\"\" data-start=\"1849\" data-end=\"1872\"><strong data-start=\"1849\" data-end=\"1862\">Impresi\u00f3n de listas<\/strong>:500 kilos<\/p>\n<\/li>\n<li class=\"\" data-start=\"1873\" data-end=\"1910\">\n<p class=\"\" data-start=\"1875\" data-end=\"1910\"><strong data-start=\"1875\" data-end=\"1885\">Tipo de bloqueo<\/strong>: Cerradura de gancho y pestillo, Cerradura de pestillo<\/p>\n<\/li>\n<li class=\"\" data-start=\"1911\" data-end=\"1939\">\n<p class=\"\" data-start=\"1913\" data-end=\"1939\"><strong data-start=\"1913\" data-end=\"1930\">Ancho del producto<\/strong>:35 mm<\/p>\n<\/li>\n<li class=\"\" data-start=\"1940\" data-end=\"1966\">\n<p class=\"\" data-start=\"1942\" data-end=\"1966\"><strong data-start=\"1942\" data-end=\"1960\">Producto de construcci\u00f3n calificado<\/strong>: S\u00ed<\/p>\n<\/li>\n<li class=\"\" data-start=\"1967\" data-end=\"1994\">\n<p class=\"\" data-start=\"1969\" data-end=\"1994\"><strong data-start=\"1969\" data-end=\"1985\">Producto profundo<\/strong>:40 mm<\/p>\n<\/li>\n<li class=\"\" data-start=\"1995\" data-end=\"2029\">\n<p class=\"\" data-start=\"1997\" data-end=\"2029\"><strong data-start=\"1997\" data-end=\"2022\">Voltaje de funcionamiento 12 V\/24 V<\/strong>: 12 V<\/p>\n<\/li>\n<li class=\"\" data-start=\"2030\" data-end=\"2058\">\n<p class=\"\" data-start=\"2032\" data-end=\"2058\"><strong data-start=\"2032\" data-end=\"2051\">Ca\u00edda con doble giro<\/strong>: No<\/p>\n<\/li>\n<li class=\"\" data-start=\"2059\" data-end=\"2086\">\n<p class=\"\" data-start=\"2061\" data-end=\"2086\"><strong data-start=\"2061\" data-end=\"2079\">EPD verificado<\/strong>: No<\/p>\n<\/li>\n<li class=\"\" data-start=\"2087\" data-end=\"2105\">\n<p class=\"\" data-start=\"2089\" data-end=\"2105\"><strong data-start=\"2089\" data-end=\"2098\">Informaci\u00f3n financiera<\/strong>: No<\/p>\n<\/li>\n<li class=\"\" data-start=\"2106\" data-end=\"2140\">\n<p class=\"\" data-start=\"2108\" data-end=\"2140\"><strong data-start=\"2108\" data-end=\"2129\">Tratamiento de color\/superficie<\/strong>:Acero inoxidable<\/p>\n<\/li>\n<li class=\"\" data-start=\"2141\" data-end=\"2169\">\n<p class=\"\" data-start=\"2143\" data-end=\"2169\"><strong data-start=\"2143\" data-end=\"2159\">Producto de altura<\/strong>:230 mm<\/p>\n<\/li>\n<li class=\"\" data-start=\"2170\" data-end=\"2197\">\n<p class=\"\" data-start=\"2172\" data-end=\"2197\"><strong data-start=\"2172\" data-end=\"2186\">Longitud del cable<\/strong>:5 metros<\/p>\n<\/li>\n<li class=\"\" data-start=\"2198\" data-end=\"2221\">\n<p class=\"\" data-start=\"2200\" data-end=\"2221\"><strong data-start=\"2200\" data-end=\"2215\">Contacto del pist\u00f3n<\/strong>: S\u00ed<\/p>\n<\/li>\n<li class=\"\" data-start=\"2222\" data-end=\"2253\">\n<p class=\"\" data-start=\"2224\" data-end=\"2253\"><strong data-start=\"2224\" data-end=\"2243\">Derecha\/Reversa<\/strong>: Contrarrestar<\/p>\n<\/li>\n<li class=\"\" data-start=\"2254\" data-end=\"2280\">\n<p class=\"\" data-start=\"2256\" data-end=\"2280\"><strong data-start=\"2256\" data-end=\"2274\">Voltaje CA\/CC<\/strong>:DC<\/p>\n<\/li>\n<li class=\"\" data-start=\"2281\" data-end=\"2309\">\n<p class=\"\" data-start=\"2283\" data-end=\"2309\"><strong data-start=\"2283\" data-end=\"2299\">Voltaje m\u00e1x.<\/strong>:13,8 V<\/p>\n<\/li>\n<li class=\"\" data-start=\"2310\" data-end=\"2338\">\n<p class=\"\" data-start=\"2312\" data-end=\"2338\"><strong data-start=\"2312\" data-end=\"2328\">Voltaje m\u00ednimo<\/strong>:10,8 V<\/p>\n<\/li>\n<li class=\"\" data-start=\"2339\" data-end=\"2365\">\n<p class=\"\" data-start=\"2341\" data-end=\"2365\"><strong data-start=\"2341\" data-end=\"2359\">SundaHouse calificado<\/strong>: S\u00ed<\/p>\n<\/li>\n<\/ul>\n<p data-start=\"2367\" data-end=\"2438\">","protected":false},"excerpt":{"rendered":"<p>Aqu\u00ed podr\u00e1s ver qu\u00e9 postes y modelos encajan entre s\u00ed de la gama de placas de cierre el\u00e9ctricas STEP.<\/p>\n<h5><strong><a href=\"https:\/\/steplock.com\/sv\/stolpguide\/#!?lang=sv&amp;blog_id=1&amp;paged=1&amp;number=50\" target=\"_blank\" rel=\"noopener\">Gu\u00eda de publicaciones STEP\u00a0<\/a><\/strong><\/h5>\n<h5><strong><a href=\"https:\/\/steplock.com\/sv\/projekteringsguide\/#!?lang=sv&amp;blog_id=1&amp;paged=1&amp;number=999\" target=\"_blank\" rel=\"noopener\">Gu\u00eda de dise\u00f1o STEP<\/a><\/strong><\/h5>","protected":false},"featured_media":140740,"template":"","meta":{"_acf_changed":false},"product_brand":[],"product_cat":[3355],"product_tag":[4198,4201],"class_list":{"0":"post-140742","1":"product","2":"type-product","3":"status-publish","4":"has-post-thumbnail","6":"product_cat-elslutbleck","7":"product_tag-12v","8":"product_tag-omvand","9":"product_shipping_class-tunga-paket","10":"pa_brands-step","11":"tm-no-options","13":"first","14":"onbackorder","15":"sale","16":"taxable","17":"shipping-taxable","18":"purchasable","19":"product-type-simple"},"acf":[],"_links":{"self":[{"href":"https:\/\/secureus.se\/es\/wp-json\/wp\/v2\/product\/140742","targetHints":{"allow":["GET"]}}],"collection":[{"href":"https:\/\/secureus.se\/es\/wp-json\/wp\/v2\/product"}],"about":[{"href":"https:\/\/secureus.se\/es\/wp-json\/wp\/v2\/types\/product"}],"wp:featuredmedia":[{"embeddable":true,"href":"https:\/\/secureus.se\/es\/wp-json\/wp\/v2\/media\/140740"}],"wp:attachment":[{"href":"https:\/\/secureus.se\/es\/wp-json\/wp\/v2\/media?parent=140742"}],"wp:term":[{"taxonomy":"product_brand","embeddable":true,"href":"https:\/\/secureus.se\/es\/wp-json\/wp\/v2\/product_brand?post=140742"},{"taxonomy":"product_cat","embeddable":true,"href":"https:\/\/secureus.se\/es\/wp-json\/wp\/v2\/product_cat?post=140742"},{"taxonomy":"product_tag","embeddable":true,"href":"https:\/\/secureus.se\/es\/wp-json\/wp\/v2\/product_tag?post=140742"}],"curies":[{"name":"wp","href":"https:\/\/api.w.org\/{rel}","templated":true}]}}