{"id":140805,"date":"2023-05-10T09:54:11","date_gmt":"2023-05-10T07:54:11","guid":{"rendered":"https:\/\/secureus.se\/eqqxb-easy-2x2x05-vit-t500\/"},"modified":"2026-04-08T16:35:53","modified_gmt":"2026-04-08T14:35:53","slug":"eqqxb-easy-2x2x05-vit-t500","status":"publish","type":"product","link":"https:\/\/secureus.se\/es\/eqqxb-easy-2x2x05-vit-t500\/","title":{"rendered":"EQQXB F\u00c1CIL 2X2X0.5 BLANCO T500"},"content":{"rendered":"","protected":false},"excerpt":{"rendered":"<p>Cable de telecomunicaciones de par trenzado, libre de hal\u00f3genos y retardante a la llama. Instalado en interior en instalaci\u00f3n fija y en tuber\u00edas. EQQXB EASY se utiliza para redes de comunicaci\u00f3n privadas en propiedades. Cumple con los requisitos de resistencia al fuego seg\u00fan CPR clase Dcas2d2a2.<\/p>","protected":false},"featured_media":140802,"template":"","meta":{"_acf_changed":false},"product_brand":[],"product_cat":[2678],"product_tag":[2487],"class_list":{"0":"post-140805","1":"product","2":"type-product","3":"status-publish","4":"has-post-thumbnail","6":"product_cat-telekabel-oskarmad","7":"product_tag-kabel-oskarmad","8":"product_shipping_class-tunga-paket","9":"tm-no-options","11":"first","12":"instock","13":"taxable","14":"shipping-taxable","15":"purchasable","16":"product-type-simple"},"acf":[],"_links":{"self":[{"href":"https:\/\/secureus.se\/es\/wp-json\/wp\/v2\/product\/140805","targetHints":{"allow":["GET"]}}],"collection":[{"href":"https:\/\/secureus.se\/es\/wp-json\/wp\/v2\/product"}],"about":[{"href":"https:\/\/secureus.se\/es\/wp-json\/wp\/v2\/types\/product"}],"wp:featuredmedia":[{"embeddable":true,"href":"https:\/\/secureus.se\/es\/wp-json\/wp\/v2\/media\/140802"}],"wp:attachment":[{"href":"https:\/\/secureus.se\/es\/wp-json\/wp\/v2\/media?parent=140805"}],"wp:term":[{"taxonomy":"product_brand","embeddable":true,"href":"https:\/\/secureus.se\/es\/wp-json\/wp\/v2\/product_brand?post=140805"},{"taxonomy":"product_cat","embeddable":true,"href":"https:\/\/secureus.se\/es\/wp-json\/wp\/v2\/product_cat?post=140805"},{"taxonomy":"product_tag","embeddable":true,"href":"https:\/\/secureus.se\/es\/wp-json\/wp\/v2\/product_tag?post=140805"}],"curies":[{"name":"wp","href":"https:\/\/api.w.org\/{rel}","templated":true}]}}