{"id":140835,"date":"2023-03-17T09:35:13","date_gmt":"2023-03-17T08:35:13","guid":{"rendered":"https:\/\/secureus.se\/elslutbleck-es22-hoger\/"},"modified":"2026-01-12T13:10:52","modified_gmt":"2026-01-12T12:10:52","slug":"elslutbleck-es22-hoger","status":"publish","type":"product","link":"https:\/\/secureus.se\/es\/elslutbleck-es22-hoger\/","title":{"rendered":"Cerradero el\u00e9ctrico ES22 derecho"},"content":{"rendered":"<h1>Cerradero el\u00e9ctrico ES22 derecho<\/h1>\n<p class=\"\" data-start=\"368\" data-end=\"751\">El cerradero el\u00e9ctrico ES22 H para puertas batientes a la derecha es un cerradero el\u00e9ctrico de alta calidad adecuado para puertas con requisitos tanto de seguridad como de resistencia al fuego.<\/p>\n<p class=\"\" data-start=\"368\" data-end=\"751\">Con sus pestillos de doble giro, el ES22 permite el bloqueo separado de pestillos de empuje y pestillos de cilindro en carcasas de cerradura con pestillos dobles, lo que proporciona una soluci\u00f3n para entornos de puertas complicados que requieren tanto automatizaci\u00f3n de puertas como contenci\u00f3n de incendios.<\/p>\n<p class=\"\" data-start=\"753\" data-end=\"1047\">La soluci\u00f3n Elite es adecuada para su uso donde existen requisitos de emergencia y reingreso, mientras que la contenci\u00f3n del incendio se puede lograr mediante trampas de presi\u00f3n y el reingreso mediante alarmas contra incendios.<\/p>\n<p class=\"\" data-start=\"753\" data-end=\"1047\">Certificado y marcado CE para su uso en l\u00edmites de celdas de fuego con una clasificaci\u00f3n de resistencia al fuego de hasta 120 minutos (E\/EI 120).<\/p>\n<p class=\"\" data-start=\"1049\" data-end=\"1315\">La tecnolog\u00eda patentada de presi\u00f3n de tira significa que la puerta se abre incluso cuando hay presi\u00f3n contra la puerta, eliminando los problemas causados por exceso de presi\u00f3n, nieve o suciedad en el espacio de la puerta.<\/p>\n<p class=\"\" data-start=\"1049\" data-end=\"1315\">Esto minimiza el riesgo de tiempo de inactividad y garantiza un funcionamiento confiable en entornos dif\u00edciles.<\/p>\n<p class=\"\" data-start=\"1317\" data-end=\"1584\">SAFETRON ES22 tambi\u00e9n est\u00e1 equipado con contactos de pist\u00f3n dobles y sensores incorporados que indican cu\u00e1ndo los cierres giratorios est\u00e1n entrelazados.<\/p>\n<p class=\"\" data-start=\"1317\" data-end=\"1584\">La se\u00f1al solo se da cuando el contacto del pist\u00f3n y el pivote est\u00e1n entrelazados mec\u00e1nicamente, lo que lo convierte en una opci\u00f3n muy segura para soluciones de puertas cr\u00edticas.<\/p>\n<p class=\"\" data-start=\"1586\" data-end=\"1603\"><strong data-start=\"1586\" data-end=\"1600\">Caracter\u00edsticas<\/strong>:<\/p>\n<ul data-start=\"1604\" data-end=\"1960\">\n<li class=\"\" data-start=\"1604\" data-end=\"1630\">\n<p class=\"\" data-start=\"1606\" data-end=\"1630\">Para puertas batientes a la derecha<\/p>\n<\/li>\n<li class=\"\" data-start=\"1631\" data-end=\"1685\">\n<p class=\"\" data-start=\"1633\" data-end=\"1685\">Resistente al fuego hasta 120 minutos (seg\u00fan SS-EN 14846)<\/p>\n<\/li>\n<li class=\"\" data-start=\"1686\" data-end=\"1712\">\n<p class=\"\" data-start=\"1688\" data-end=\"1712\">Presi\u00f3n de lista: M\u00e1s de 100 kg<\/p>\n<\/li>\n<li class=\"\" data-start=\"1713\" data-end=\"1752\">\n<p class=\"\" data-start=\"1715\" data-end=\"1752\">Fuerza de sujeci\u00f3n: hasta 1500 kg \/ 15 kN<\/p>\n<\/li>\n<li class=\"\" data-start=\"1753\" data-end=\"1785\">\n<p class=\"\" data-start=\"1755\" data-end=\"1785\">Funci\u00f3n de avance y retroceso<\/p>\n<\/li>\n<li class=\"\" data-start=\"1786\" data-end=\"1816\">\n<p class=\"\" data-start=\"1788\" data-end=\"1816\">Contacto del pist\u00f3n (contacto de la armadura)<\/p>\n<\/li>\n<li class=\"\" data-start=\"1817\" data-end=\"1872\">\n<p class=\"\" data-start=\"1819\" data-end=\"1872\">Se adapta a ventanas de guillotina doble seg\u00fan los est\u00e1ndares escandinavos.<\/p>\n<\/li>\n<li class=\"\" data-start=\"1873\" data-end=\"1896\">\n<p class=\"\" data-start=\"1875\" data-end=\"1896\">Voltaje: 12-24 VCC<\/p>\n<\/li>\n<li class=\"\" data-start=\"1897\" data-end=\"1937\">\n<p class=\"\" data-start=\"1899\" data-end=\"1937\">Consumo de corriente: 35 mA por vuelta<\/p>\n<\/li>\n<li class=\"\" data-start=\"1938\" data-end=\"1960\">\n<p class=\"\" data-start=\"1940\" data-end=\"1960\">Diodo de protecci\u00f3n incorporado<\/p>\n<\/li>\n<\/ul>\n<p class=\"\" data-start=\"1962\" data-end=\"1993\"><strong data-start=\"1962\" data-end=\"1990\">Especificaciones t\u00e9cnicas<\/strong>:<\/p>\n<ul data-start=\"1994\" data-end=\"2566\">\n<li class=\"\" data-start=\"1994\" data-end=\"2030\">\n<p class=\"\" data-start=\"1996\" data-end=\"2030\"><strong data-start=\"1996\" data-end=\"2019\">Resistencia a la rotura m\u00e1xima.<\/strong>:1500 kilos<\/p>\n<\/li>\n<li class=\"\" data-start=\"2031\" data-end=\"2058\">\n<p class=\"\" data-start=\"2033\" data-end=\"2058\"><strong data-start=\"2033\" data-end=\"2049\">Puerta colgante<\/strong>: Bien<\/p>\n<\/li>\n<li class=\"\" data-start=\"2059\" data-end=\"2082\">\n<p class=\"\" data-start=\"2061\" data-end=\"2082\"><strong data-start=\"2061\" data-end=\"2076\">Cable incluido<\/strong>: S\u00ed<\/p>\n<\/li>\n<li class=\"\" data-start=\"2083\" data-end=\"2108\">\n<p class=\"\" data-start=\"2085\" data-end=\"2108\"><strong data-start=\"2085\" data-end=\"2098\">Impresi\u00f3n de listas<\/strong>:100 kilos<\/p>\n<\/li>\n<li class=\"\" data-start=\"2109\" data-end=\"2140\">\n<p class=\"\" data-start=\"2111\" data-end=\"2140\"><strong data-start=\"2111\" data-end=\"2121\">Tipo de bloqueo<\/strong>: Carcasa de cerradura de doble hoja<\/p>\n<\/li>\n<li class=\"\" data-start=\"2141\" data-end=\"2169\">\n<p class=\"\" data-start=\"2143\" data-end=\"2169\"><strong data-start=\"2143\" data-end=\"2160\">Ancho del producto<\/strong>:35 mm<\/p>\n<\/li>\n<li class=\"\" data-start=\"2170\" data-end=\"2196\">\n<p class=\"\" data-start=\"2172\" data-end=\"2196\"><strong data-start=\"2172\" data-end=\"2190\">Producto de construcci\u00f3n calificado<\/strong>: S\u00ed<\/p>\n<\/li>\n<li class=\"\" data-start=\"2197\" data-end=\"2224\">\n<p class=\"\" data-start=\"2199\" data-end=\"2224\"><strong data-start=\"2199\" data-end=\"2215\">Producto profundo<\/strong>:40 mm<\/p>\n<\/li>\n<li class=\"\" data-start=\"2225\" data-end=\"2259\">\n<p class=\"\" data-start=\"2227\" data-end=\"2259\"><strong data-start=\"2227\" data-end=\"2252\">Voltaje de funcionamiento 12 V\/24 V<\/strong>: 12 V<\/p>\n<\/li>\n<li class=\"\" data-start=\"2260\" data-end=\"2287\">\n<p class=\"\" data-start=\"2262\" data-end=\"2287\"><strong data-start=\"2262\" data-end=\"2281\">Ca\u00edda con doble giro<\/strong>: S\u00ed<\/p>\n<\/li>\n<li class=\"\" data-start=\"2288\" data-end=\"2315\">\n<p class=\"\" data-start=\"2290\" data-end=\"2315\"><strong data-start=\"2290\" data-end=\"2308\">EPD verificado<\/strong>: No<\/p>\n<\/li>\n<li class=\"\" data-start=\"2316\" data-end=\"2334\">\n<p class=\"\" data-start=\"2318\" data-end=\"2334\"><strong data-start=\"2318\" data-end=\"2327\">Informaci\u00f3n financiera<\/strong>: No<\/p>\n<\/li>\n<li class=\"\" data-start=\"2335\" data-end=\"2369\">\n<p class=\"\" data-start=\"2337\" data-end=\"2369\"><strong data-start=\"2337\" data-end=\"2358\">Tratamiento de color\/superficie<\/strong>:Acero inoxidable<\/p>\n<\/li>\n<li class=\"\" data-start=\"2370\" data-end=\"2398\">\n<p class=\"\" data-start=\"2372\" data-end=\"2398\"><strong data-start=\"2372\" data-end=\"2388\">Producto de altura<\/strong>:230 mm<\/p>\n<\/li>\n<li class=\"\" data-start=\"2399\" data-end=\"2422\">\n<p class=\"\" data-start=\"2401\" data-end=\"2422\"><strong data-start=\"2401\" data-end=\"2416\">Contacto del pist\u00f3n<\/strong>: S\u00ed<\/p>\n<\/li>\n<li class=\"\" data-start=\"2423\" data-end=\"2454\">\n<p class=\"\" data-start=\"2425\" data-end=\"2454\"><strong data-start=\"2425\" data-end=\"2444\">Derecha\/Reversa<\/strong>: Contrarrestar<\/p>\n<\/li>\n<li class=\"\" data-start=\"2455\" data-end=\"2481\">\n<p class=\"\" data-start=\"2457\" data-end=\"2481\"><strong data-start=\"2457\" data-end=\"2475\">Voltaje CA\/CC<\/strong>:DC<\/p>\n<\/li>\n<li class=\"\" data-start=\"2482\" data-end=\"2510\">\n<p class=\"\" data-start=\"2484\" data-end=\"2510\"><strong data-start=\"2484\" data-end=\"2500\">Voltaje m\u00e1x.<\/strong>:27,6 V<\/p>\n<\/li>\n<li class=\"\" data-start=\"2511\" data-end=\"2539\">\n<p class=\"\" data-start=\"2513\" data-end=\"2539\"><strong data-start=\"2513\" data-end=\"2529\">Voltaje m\u00ednimo<\/strong>:21,6 V<\/p>\n<\/li>\n<li class=\"\" data-start=\"2540\" data-end=\"2566\">\n<p class=\"\" data-start=\"2542\" data-end=\"2566\"><strong data-start=\"2542\" data-end=\"2560\">SundaHouse calificado<\/strong>: S\u00ed<\/p>\n<\/li>\n<\/ul>","protected":false},"excerpt":{"rendered":"<p>Cerradero el\u00e9ctrico S22 H para puertas batientes a la derecha, cerradero el\u00e9ctrico con doble pivote.<\/p>\n<p>Resistente al fuego hasta 120 minutos, dise\u00f1ado para entornos de puertas complejos con requisitos de contenci\u00f3n de incendios y automatizaci\u00f3n de puertas. Incluye tecnolog\u00eda de impresi\u00f3n de moldeo \u00fanica.<\/p>","protected":false},"featured_media":140834,"template":"","meta":{"_acf_changed":false},"product_brand":[],"product_cat":[3355],"product_tag":[4487,4488,4866,4489],"class_list":{"0":"post-140835","1":"product","2":"type-product","3":"status-publish","4":"has-post-thumbnail","6":"product_cat-elslutbleck","7":"product_tag-rel-sa","8":"product_tag-rel-safetron-elslutbleck","9":"product_tag-safetron-20","10":"product_tag-safetron-elslutbleck-es22","11":"product_shipping_class-tunga-paket","12":"pa_brands-7safetron","13":"tm-has-options","15":"first","16":"instock","17":"featured","18":"taxable","19":"shipping-taxable","20":"purchasable","21":"product-type-simple"},"acf":[],"_links":{"self":[{"href":"https:\/\/secureus.se\/es\/wp-json\/wp\/v2\/product\/140835","targetHints":{"allow":["GET"]}}],"collection":[{"href":"https:\/\/secureus.se\/es\/wp-json\/wp\/v2\/product"}],"about":[{"href":"https:\/\/secureus.se\/es\/wp-json\/wp\/v2\/types\/product"}],"wp:featuredmedia":[{"embeddable":true,"href":"https:\/\/secureus.se\/es\/wp-json\/wp\/v2\/media\/140834"}],"wp:attachment":[{"href":"https:\/\/secureus.se\/es\/wp-json\/wp\/v2\/media?parent=140835"}],"wp:term":[{"taxonomy":"product_brand","embeddable":true,"href":"https:\/\/secureus.se\/es\/wp-json\/wp\/v2\/product_brand?post=140835"},{"taxonomy":"product_cat","embeddable":true,"href":"https:\/\/secureus.se\/es\/wp-json\/wp\/v2\/product_cat?post=140835"},{"taxonomy":"product_tag","embeddable":true,"href":"https:\/\/secureus.se\/es\/wp-json\/wp\/v2\/product_tag?post=140835"}],"curies":[{"name":"wp","href":"https:\/\/api.w.org\/{rel}","templated":true}]}}