{"id":140999,"date":"2023-03-20T11:58:31","date_gmt":"2023-03-20T10:58:31","guid":{"rendered":"https:\/\/secureus.se\/monteringsstolpe-sa87b-15\/"},"modified":"2026-01-12T13:19:10","modified_gmt":"2026-01-12T12:19:10","slug":"monteringsstolpe-sa87b-15","status":"publish","type":"product","link":"https:\/\/secureus.se\/es\/monteringsstolpe-sa87b-15\/","title":{"rendered":"Poste de montaje Safetron SA87B-15"},"content":{"rendered":"<p>Poste de montaje en \u00e1ngulo de acero inoxidable para placas de cerradura el\u00e9ctricas SAFETRON de la serie est\u00e1ndar: ES17 \/ ES19. Adaptado para marcos de madera y metal, utilizado junto con cerraduras de doble o simple pestillo del tipo connect\/evolution o module. <\/p>\n<p>\u2022 Placa de cierre de seguridad correspondiente 1487-2<br \/>\n<br \/>\n\u2022 Correspondiente a ST 4005-15<br \/>\n<br \/>\n\u2022 Tama\u00f1o de la lengua: 15 mm<br \/>\n<br \/>\n\u2022 Dimensiones: (alto x ancho x fondo) 200x40x15 mm<\/p>","protected":false},"excerpt":{"rendered":"<h5><a href=\"https:\/\/www.safetron.com\/stolpguide\/\" target=\"_blank\" rel=\"noopener\">Gu\u00eda para postes de montaje de Safetrons<\/a><\/h5>","protected":false},"featured_media":140998,"template":"","meta":{"_acf_changed":false},"product_brand":[],"product_cat":[4735],"product_tag":[4440,4866],"class_list":{"0":"post-140999","1":"product","2":"type-product","3":"status-publish","4":"has-post-thumbnail","6":"product_cat-monteringsstolpe","7":"product_tag-safetron-montagestolpar-es17-es19-sa-modell","8":"product_tag-safetron-20","9":"product_shipping_class-tunga-paket","10":"pa_brands-7safetron","11":"tm-no-options","13":"first","14":"instock","15":"featured","16":"taxable","17":"shipping-taxable","18":"purchasable","19":"product-type-simple"},"acf":[],"_links":{"self":[{"href":"https:\/\/secureus.se\/es\/wp-json\/wp\/v2\/product\/140999","targetHints":{"allow":["GET"]}}],"collection":[{"href":"https:\/\/secureus.se\/es\/wp-json\/wp\/v2\/product"}],"about":[{"href":"https:\/\/secureus.se\/es\/wp-json\/wp\/v2\/types\/product"}],"wp:featuredmedia":[{"embeddable":true,"href":"https:\/\/secureus.se\/es\/wp-json\/wp\/v2\/media\/140998"}],"wp:attachment":[{"href":"https:\/\/secureus.se\/es\/wp-json\/wp\/v2\/media?parent=140999"}],"wp:term":[{"taxonomy":"product_brand","embeddable":true,"href":"https:\/\/secureus.se\/es\/wp-json\/wp\/v2\/product_brand?post=140999"},{"taxonomy":"product_cat","embeddable":true,"href":"https:\/\/secureus.se\/es\/wp-json\/wp\/v2\/product_cat?post=140999"},{"taxonomy":"product_tag","embeddable":true,"href":"https:\/\/secureus.se\/es\/wp-json\/wp\/v2\/product_tag?post=140999"}],"curies":[{"name":"wp","href":"https:\/\/api.w.org\/{rel}","templated":true}]}}