{"id":141296,"date":"2023-01-04T16:39:52","date_gmt":"2023-01-04T15:39:52","guid":{"rendered":"https:\/\/secureus.se\/kombinationsdetektor-ir-mv-tritech-15x15-m-for-utomhusbruk\/"},"modified":"2026-04-01T14:39:04","modified_gmt":"2026-04-01T12:39:04","slug":"bosch-kombinationsdetektor-ir-mv-tritech-15x15-m-for-utomhusbruk","status":"publish","type":"product","link":"https:\/\/secureus.se\/es\/bosch-kombinationsdetektor-ir-mv-tritech-15x15-m-for-utomhusbruk\/","title":{"rendered":"Detector combinado Bosch IR\/MV Tritech 15\u00d715 m para uso en exteriores"},"content":{"rendered":"<h1>Detector combinado Bosch IR\/MV Tritech 15\u00d715 m para uso en exteriores<\/h1>\n<p data-start=\"377\" data-end=\"1362\">El detector combinado Bosch IR\/MV Tritech OD850E es un detector robusto y confiable dise\u00f1ado para uso en exteriores y otros entornos exigentes.<\/p>\n<p data-start=\"377\" data-end=\"1362\">Combina tecnolog\u00eda infrarroja pasiva (PIR) y microondas para proporcionar una detecci\u00f3n precisa.<\/p>\n<p data-start=\"377\" data-end=\"1362\">El OD850E est\u00e1 equipado con procesamiento avanzado de se\u00f1al LTD (distancia de recorrido lineal), que le permite ignorar peque\u00f1os movimientos en el entorno, minimizando las falsas alarmas.<br data-start=\"792\" data-end=\"795\" \/>Con rel\u00e9s duales para microondas e IR, la salida de alarma se puede seleccionar para diferentes m\u00e9todos de detecci\u00f3n: tanto IR como microondas para alarma, o IR o microondas.<\/p>\n<p data-start=\"377\" data-end=\"1362\">El detector tiene una cobertura de 15 x 15 m y funciona en un amplio rango de temperatura de -35 a +60 grados Celsius.<br data-start=\"1066\" data-end=\"1069\" \/>El OD850E tambi\u00e9n tiene dos niveles de sensibilidad que se pueden ajustar seg\u00fan el entorno: sensibilidad est\u00e1ndar para minimizar las falsas alarmas y nivel intermedio para una detecci\u00f3n m\u00e1s r\u00e1pida de intrusos.<\/p>\n<p data-start=\"377\" data-end=\"1362\">Para garantizar una mayor personalizaci\u00f3n, ofrece una salida de rel\u00e9 de tiempo ajustable para una gesti\u00f3n flexible de la alarma.<\/p>\n<p data-start=\"1364\" data-end=\"1394\"><strong data-start=\"1364\" data-end=\"1392\">Caracter\u00edsticas y beneficios:<\/strong><\/p>\n<ul data-start=\"1395\" data-end=\"1804\">\n<li data-start=\"1395\" data-end=\"1454\">\n<p data-start=\"1397\" data-end=\"1454\">Combinaci\u00f3n de tecnolog\u00eda PIR y microondas para alta seguridad<\/p>\n<\/li>\n<li data-start=\"1455\" data-end=\"1503\">\n<p data-start=\"1457\" data-end=\"1503\">Cobertura: 15 x 15 m para grandes \u00e1reas exteriores<\/p>\n<\/li>\n<li data-start=\"1504\" data-end=\"1559\">\n<p data-start=\"1506\" data-end=\"1559\">Procesamiento de se\u00f1ales LTD para eliminar peque\u00f1os movimientos<\/p>\n<\/li>\n<li data-start=\"1560\" data-end=\"1618\">\n<p data-start=\"1562\" data-end=\"1618\">Niveles de sensibilidad ajustables (modo est\u00e1ndar e intermedio)<\/p>\n<\/li>\n<li data-start=\"1619\" data-end=\"1697\">\n<p data-start=\"1621\" data-end=\"1697\">Rel\u00e9s duales para salidas de alarma personalizadas: IR + MV o solo IR o MV<\/p>\n<\/li>\n<li data-start=\"1698\" data-end=\"1747\">\n<p data-start=\"1700\" data-end=\"1747\">Rango de temperatura: -35 a +60 grados Celsius<\/p>\n<\/li>\n<li data-start=\"1748\" data-end=\"1804\">\n<p data-start=\"1750\" data-end=\"1804\">Salida de rel\u00e9 de tiempo ajustable para un manejo de alarma personalizado<\/p>\n<\/li>\n<\/ul>\n<p data-start=\"1806\" data-end=\"1837\"><strong data-start=\"1806\" data-end=\"1835\">Especificaciones t\u00e9cnicas:<\/strong><\/p>\n<ul data-start=\"1838\" data-end=\"2231\">\n<li data-start=\"1838\" data-end=\"1876\">\n<p data-start=\"1840\" data-end=\"1876\">Tipo de detecci\u00f3n: PIR y Microondas<\/p>\n<\/li>\n<li data-start=\"1877\" data-end=\"1900\">\n<p data-start=\"1879\" data-end=\"1900\">Cobertura: 15 x 15 m<\/p>\n<\/li>\n<li data-start=\"1901\" data-end=\"1939\">\n<p data-start=\"1903\" data-end=\"1939\">Rel\u00e9s: Dual para microondas e IR<\/p>\n<\/li>\n<li data-start=\"1940\" data-end=\"1977\">\n<p data-start=\"1942\" data-end=\"1977\">Rango de temperatura: -35 a +60 \u00b0C<\/p>\n<\/li>\n<li data-start=\"1978\" data-end=\"2012\">\n<p data-start=\"1980\" data-end=\"2012\">Dimensiones (Al x An x Pr): 165 x 82 x 63 mm<\/p>\n<\/li>\n<li data-start=\"2013\" data-end=\"2046\">\n<p data-start=\"2015\" data-end=\"2046\">Alimentaci\u00f3n: 9 \u2013 15 V CC<\/p>\n<\/li>\n<li data-start=\"2047\" data-end=\"2125\">\n<p data-start=\"2049\" data-end=\"2125\">Caracter\u00edsticas: Procesamiento del analizador de movimiento II, procesamiento de se\u00f1ales de microondas LTD<\/p>\n<\/li>\n<li data-start=\"2126\" data-end=\"2183\">\n<p data-start=\"2128\" data-end=\"2183\">Niveles de sensibilidad ajustables: modo est\u00e1ndar e intermedio<\/p>\n<\/li>\n<li data-start=\"2184\" data-end=\"2231\">\n<p data-start=\"2186\" data-end=\"2231\">Salida de rel\u00e9 de tiempo ajustable para el manejo de alarmas<\/p>\n<\/li>\n<\/ul>","protected":false},"excerpt":{"rendered":"<p>Detector combinado de exterior con tecnolog\u00eda IR y microondas. Cobertura de 15 x 15 m, procesamiento de se\u00f1al LTD y niveles de sensibilidad ajustables para una detecci\u00f3n \u00f3ptima.<\/p>","protected":false},"featured_media":141295,"template":"","meta":{"_acf_changed":false},"product_brand":[],"product_cat":[1325,4756],"product_tag":[2418],"class_list":{"0":"post-141296","1":"product","2":"type-product","3":"status-publish","4":"has-post-thumbnail","6":"product_cat-larmgivare-skalskydd","7":"product_cat-utomhussakerhet-tradade-larmenheter","8":"product_tag-rel-larmgivare","9":"product_shipping_class-postnord-varubrev","10":"pa_brands-bosch","11":"tm-no-options","13":"first","14":"instock","15":"sale","16":"featured","17":"taxable","18":"shipping-taxable","19":"purchasable","20":"product-type-simple"},"acf":[],"_links":{"self":[{"href":"https:\/\/secureus.se\/es\/wp-json\/wp\/v2\/product\/141296","targetHints":{"allow":["GET"]}}],"collection":[{"href":"https:\/\/secureus.se\/es\/wp-json\/wp\/v2\/product"}],"about":[{"href":"https:\/\/secureus.se\/es\/wp-json\/wp\/v2\/types\/product"}],"wp:featuredmedia":[{"embeddable":true,"href":"https:\/\/secureus.se\/es\/wp-json\/wp\/v2\/media\/141295"}],"wp:attachment":[{"href":"https:\/\/secureus.se\/es\/wp-json\/wp\/v2\/media?parent=141296"}],"wp:term":[{"taxonomy":"product_brand","embeddable":true,"href":"https:\/\/secureus.se\/es\/wp-json\/wp\/v2\/product_brand?post=141296"},{"taxonomy":"product_cat","embeddable":true,"href":"https:\/\/secureus.se\/es\/wp-json\/wp\/v2\/product_cat?post=141296"},{"taxonomy":"product_tag","embeddable":true,"href":"https:\/\/secureus.se\/es\/wp-json\/wp\/v2\/product_tag?post=141296"}],"curies":[{"name":"wp","href":"https:\/\/api.w.org\/{rel}","templated":true}]}}