{"id":141537,"date":"2023-03-17T09:35:23","date_gmt":"2023-03-17T08:35:23","guid":{"rendered":"https:\/\/secureus.se\/elslutbleck-es22-vanster\/"},"modified":"2026-01-12T13:13:59","modified_gmt":"2026-01-12T12:13:59","slug":"elslutbleck-es22-vanster","status":"publish","type":"product","link":"https:\/\/secureus.se\/es\/elslutbleck-es22-vanster\/","title":{"rendered":"Cerradero el\u00e9ctrico ES22 izquierda"},"content":{"rendered":"<h1>Cerradero el\u00e9ctrico ES22 izquierda<\/h1>\n<p>Adecuado para puertas con requisitos de funcionamiento autom\u00e1tico de puertas, contenci\u00f3n de incendios y evacuaci\u00f3n de emergencia. Incluye contacto de pist\u00f3n y tecnolog\u00eda \u00fanica de impresi\u00f3n de tiras.<\/p>\n<p class=\"\" data-start=\"396\" data-end=\"991\">La cerradura el\u00e9ctrica ES22 V es una cerradura el\u00e9ctrica de alta calidad para puertas batientes a la izquierda, dise\u00f1ada para satisfacer los requisitos de entornos de puertas complejos donde los requisitos de seguridad y contra incendios son cruciales.<\/p>\n<p class=\"\" data-start=\"396\" data-end=\"991\">Los pestillos de doble giro permiten el bloqueo por separado del pestillo de empuje y del pestillo de cilindro en cajas de cerradura con pestillos dobles. Esta cerradura el\u00e9ctrica es especialmente \u00fatil cuando hay requisitos tanto de automatizaci\u00f3n de puertas, contenci\u00f3n de incendios y emergencias y reingreso.<\/p>\n<p class=\"\" data-start=\"396\" data-end=\"991\">Al combinar la funci\u00f3n de avance y retroceso en los pivotes dobles, la puerta puede gestionar de manera efectiva tanto la contenci\u00f3n del incendio como el reingreso a trav\u00e9s de la alarma contra incendios.<\/p>\n<p class=\"\" data-start=\"993\" data-end=\"1213\">ES22 tiene una tecnolog\u00eda patentada de presi\u00f3n de moldeo que permite que la puerta se abra incluso cuando se aplica presi\u00f3n a la puerta, lo que a menudo ocurre en entornos con exceso de presi\u00f3n, nieve o suciedad en el espacio de la puerta.<\/p>\n<p class=\"\" data-start=\"993\" data-end=\"1213\">Esto minimiza el riesgo de tiempo de inactividad.<\/p>\n<p class=\"\" data-start=\"1215\" data-end=\"1513\">La placa de cierre el\u00e9ctrica est\u00e1 certificada y marcada CE para su uso en l\u00edmites de celdas contra incendios y tiene una clasificaci\u00f3n de resistencia al fuego de hasta 120 minutos.<\/p>\n<p class=\"\" data-start=\"1215\" data-end=\"1513\">Est\u00e1 equipado con contactos de pist\u00f3n dobles y sensores incorporados que indican cuando las bisagras est\u00e1n bloqueadas, lo que lo convierte en una soluci\u00f3n confiable en entornos de puertas cr\u00edticos.<\/p>\n<p class=\"\" data-start=\"1515\" data-end=\"1532\"><strong data-start=\"1515\" data-end=\"1529\">Caracter\u00edsticas<\/strong>:<\/p>\n<ul data-start=\"1533\" data-end=\"1891\">\n<li class=\"\" data-start=\"1533\" data-end=\"1561\">\n<p class=\"\" data-start=\"1535\" data-end=\"1561\">Para puertas de hoja izquierda<\/p>\n<\/li>\n<li class=\"\" data-start=\"1562\" data-end=\"1616\">\n<p class=\"\" data-start=\"1564\" data-end=\"1616\">Resistente al fuego hasta 120 minutos (seg\u00fan SS-EN 14846)<\/p>\n<\/li>\n<li class=\"\" data-start=\"1617\" data-end=\"1643\">\n<p class=\"\" data-start=\"1619\" data-end=\"1643\">Presi\u00f3n de lista: M\u00e1s de 100 kg<\/p>\n<\/li>\n<li class=\"\" data-start=\"1644\" data-end=\"1683\">\n<p class=\"\" data-start=\"1646\" data-end=\"1683\">Fuerza de sujeci\u00f3n: hasta 1500 kg \/ 15 kN<\/p>\n<\/li>\n<li class=\"\" data-start=\"1684\" data-end=\"1716\">\n<p class=\"\" data-start=\"1686\" data-end=\"1716\">Funci\u00f3n de avance y retroceso<\/p>\n<\/li>\n<li class=\"\" data-start=\"1717\" data-end=\"1747\">\n<p class=\"\" data-start=\"1719\" data-end=\"1747\">Contacto del pist\u00f3n (contacto de la armadura)<\/p>\n<\/li>\n<li class=\"\" data-start=\"1748\" data-end=\"1803\">\n<p class=\"\" data-start=\"1750\" data-end=\"1803\">Se adapta a ventanas de guillotina doble seg\u00fan los est\u00e1ndares escandinavos.<\/p>\n<\/li>\n<li class=\"\" data-start=\"1804\" data-end=\"1827\">\n<p class=\"\" data-start=\"1806\" data-end=\"1827\">Voltaje: 12-24 VCC<\/p>\n<\/li>\n<li class=\"\" data-start=\"1828\" data-end=\"1868\">\n<p class=\"\" data-start=\"1830\" data-end=\"1868\">Consumo de corriente: 35 mA por vuelta<\/p>\n<\/li>\n<li class=\"\" data-start=\"1869\" data-end=\"1891\">\n<p class=\"\" data-start=\"1871\" data-end=\"1891\">Diodo de protecci\u00f3n incorporado<\/p>\n<\/li>\n<\/ul>\n<p class=\"\" data-start=\"1893\" data-end=\"1924\"><strong data-start=\"1893\" data-end=\"1921\">Especificaciones t\u00e9cnicas<\/strong>:<\/p>\n<ul data-start=\"1925\" data-end=\"2499\">\n<li class=\"\" data-start=\"1925\" data-end=\"1961\">\n<p class=\"\" data-start=\"1927\" data-end=\"1961\"><strong data-start=\"1927\" data-end=\"1950\">Resistencia a la rotura m\u00e1xima.<\/strong>:1500 kilos<\/p>\n<\/li>\n<li class=\"\" data-start=\"1962\" data-end=\"1991\">\n<p class=\"\" data-start=\"1964\" data-end=\"1991\"><strong data-start=\"1964\" data-end=\"1980\">Puerta colgante<\/strong>: Izquierda<\/p>\n<\/li>\n<li class=\"\" data-start=\"1992\" data-end=\"2015\">\n<p class=\"\" data-start=\"1994\" data-end=\"2015\"><strong data-start=\"1994\" data-end=\"2009\">Cable incluido<\/strong>: S\u00ed<\/p>\n<\/li>\n<li class=\"\" data-start=\"2016\" data-end=\"2041\">\n<p class=\"\" data-start=\"2018\" data-end=\"2041\"><strong data-start=\"2018\" data-end=\"2031\">Impresi\u00f3n de listas<\/strong>:100 kilos<\/p>\n<\/li>\n<li class=\"\" data-start=\"2042\" data-end=\"2073\">\n<p class=\"\" data-start=\"2044\" data-end=\"2073\"><strong data-start=\"2044\" data-end=\"2054\">Tipo de bloqueo<\/strong>: Carcasa de cerradura de doble hoja<\/p>\n<\/li>\n<li class=\"\" data-start=\"2074\" data-end=\"2102\">\n<p class=\"\" data-start=\"2076\" data-end=\"2102\"><strong data-start=\"2076\" data-end=\"2093\">Ancho del producto<\/strong>:35 mm<\/p>\n<\/li>\n<li class=\"\" data-start=\"2103\" data-end=\"2129\">\n<p class=\"\" data-start=\"2105\" data-end=\"2129\"><strong data-start=\"2105\" data-end=\"2123\">Producto de construcci\u00f3n calificado<\/strong>: S\u00ed<\/p>\n<\/li>\n<li class=\"\" data-start=\"2130\" data-end=\"2157\">\n<p class=\"\" data-start=\"2132\" data-end=\"2157\"><strong data-start=\"2132\" data-end=\"2148\">Producto profundo<\/strong>:40 mm<\/p>\n<\/li>\n<li class=\"\" data-start=\"2158\" data-end=\"2192\">\n<p class=\"\" data-start=\"2160\" data-end=\"2192\"><strong data-start=\"2160\" data-end=\"2185\">Voltaje de funcionamiento 12 V\/24 V<\/strong>: 12 V<\/p>\n<\/li>\n<li class=\"\" data-start=\"2193\" data-end=\"2220\">\n<p class=\"\" data-start=\"2195\" data-end=\"2220\"><strong data-start=\"2195\" data-end=\"2214\">Ca\u00edda con doble giro<\/strong>: S\u00ed<\/p>\n<\/li>\n<li class=\"\" data-start=\"2221\" data-end=\"2248\">\n<p class=\"\" data-start=\"2223\" data-end=\"2248\"><strong data-start=\"2223\" data-end=\"2241\">EPD verificado<\/strong>: No<\/p>\n<\/li>\n<li class=\"\" data-start=\"2249\" data-end=\"2267\">\n<p class=\"\" data-start=\"2251\" data-end=\"2267\"><strong data-start=\"2251\" data-end=\"2260\">Informaci\u00f3n financiera<\/strong>: No<\/p>\n<\/li>\n<li class=\"\" data-start=\"2268\" data-end=\"2302\">\n<p class=\"\" data-start=\"2270\" data-end=\"2302\"><strong data-start=\"2270\" data-end=\"2291\">Tratamiento de color\/superficie<\/strong>:Acero inoxidable<\/p>\n<\/li>\n<li class=\"\" data-start=\"2303\" data-end=\"2331\">\n<p class=\"\" data-start=\"2305\" data-end=\"2331\"><strong data-start=\"2305\" data-end=\"2321\">Producto de altura<\/strong>:230 mm<\/p>\n<\/li>\n<li class=\"\" data-start=\"2332\" data-end=\"2355\">\n<p class=\"\" data-start=\"2334\" data-end=\"2355\"><strong data-start=\"2334\" data-end=\"2349\">Contacto del pist\u00f3n<\/strong>: S\u00ed<\/p>\n<\/li>\n<li class=\"\" data-start=\"2356\" data-end=\"2387\">\n<p class=\"\" data-start=\"2358\" data-end=\"2387\"><strong data-start=\"2358\" data-end=\"2377\">Derecha\/Reversa<\/strong>: Contrarrestar<\/p>\n<\/li>\n<li class=\"\" data-start=\"2388\" data-end=\"2414\">\n<p class=\"\" data-start=\"2390\" data-end=\"2414\"><strong data-start=\"2390\" data-end=\"2408\">Voltaje CA\/CC<\/strong>:DC<\/p>\n<\/li>\n<li class=\"\" data-start=\"2415\" data-end=\"2443\">\n<p class=\"\" data-start=\"2417\" data-end=\"2443\"><strong data-start=\"2417\" data-end=\"2433\">Voltaje m\u00e1x.<\/strong>:27,6 V<\/p>\n<\/li>\n<li class=\"\" data-start=\"2444\" data-end=\"2472\">\n<p class=\"\" data-start=\"2446\" data-end=\"2472\"><strong data-start=\"2446\" data-end=\"2462\">Voltaje m\u00ednimo<\/strong>:21,6 V<\/p>\n<\/li>\n<li class=\"\" data-start=\"2473\" data-end=\"2499\">\n<p class=\"\" data-start=\"2475\" data-end=\"2499\"><strong data-start=\"2475\" data-end=\"2493\">SundaHouse calificado<\/strong>: S\u00ed<\/p>\n<\/li>\n<\/ul>","protected":false},"excerpt":{"rendered":"<p>El cerradero el\u00e9ctrico ES22 V para puertas batientes a la izquierda es un cerradero el\u00e9ctrico con doble pivote, resistente al fuego hasta 120 minutos.<\/p>","protected":false},"featured_media":141536,"template":"","meta":{"_acf_changed":false},"product_brand":[],"product_cat":[3355],"product_tag":[4487,4488,4866,4489],"class_list":{"0":"post-141537","1":"product","2":"type-product","3":"status-publish","4":"has-post-thumbnail","6":"product_cat-elslutbleck","7":"product_tag-rel-sa","8":"product_tag-rel-safetron-elslutbleck","9":"product_tag-safetron-20","10":"product_tag-safetron-elslutbleck-es22","11":"product_shipping_class-tunga-paket","12":"pa_brands-7safetron","13":"tm-has-options","15":"first","16":"instock","17":"featured","18":"taxable","19":"shipping-taxable","20":"purchasable","21":"product-type-simple"},"acf":[],"_links":{"self":[{"href":"https:\/\/secureus.se\/es\/wp-json\/wp\/v2\/product\/141537","targetHints":{"allow":["GET"]}}],"collection":[{"href":"https:\/\/secureus.se\/es\/wp-json\/wp\/v2\/product"}],"about":[{"href":"https:\/\/secureus.se\/es\/wp-json\/wp\/v2\/types\/product"}],"wp:featuredmedia":[{"embeddable":true,"href":"https:\/\/secureus.se\/es\/wp-json\/wp\/v2\/media\/141536"}],"wp:attachment":[{"href":"https:\/\/secureus.se\/es\/wp-json\/wp\/v2\/media?parent=141537"}],"wp:term":[{"taxonomy":"product_brand","embeddable":true,"href":"https:\/\/secureus.se\/es\/wp-json\/wp\/v2\/product_brand?post=141537"},{"taxonomy":"product_cat","embeddable":true,"href":"https:\/\/secureus.se\/es\/wp-json\/wp\/v2\/product_cat?post=141537"},{"taxonomy":"product_tag","embeddable":true,"href":"https:\/\/secureus.se\/es\/wp-json\/wp\/v2\/product_tag?post=141537"}],"curies":[{"name":"wp","href":"https:\/\/api.w.org\/{rel}","templated":true}]}}