{"id":141915,"date":"2022-07-04T11:25:34","date_gmt":"2022-07-04T09:25:34","guid":{"rendered":"https:\/\/secureus.se\/monteringsstolpe-sa50h-12\/"},"modified":"2026-01-12T13:16:13","modified_gmt":"2026-01-12T12:16:13","slug":"monteringsstolpe-sa50h-12","status":"publish","type":"product","link":"https:\/\/secureus.se\/es\/monteringsstolpe-sa50h-12\/","title":{"rendered":"Poste de montaje Safetron SA50H-12"},"content":{"rendered":"<p>Poste de montaje plano de acero inoxidable para placas de cerradura el\u00e9ctricas SAFETRON de la serie est\u00e1ndar: ES17 \/ ES19. Adaptado para marcos de madera y metal, utilizado junto con cerraduras de doble o simple pestillo del tipo connect\/evolution o module. <\/p>\n<p>\u2022 Para puertas batientes a la derecha<br \/>\n<br \/>\n\u2022 M\u00f3dulo de placa de impacto de seguridad correspondiente 1887-1<br \/>\n<br \/>\n\u2022 Equivalente a ST 4030H\/V-12<br \/>\n<br \/>\n\u2022 Tama\u00f1o de la lengua: 12 mm<br \/>\n<br \/>\n\u2022 Dimensiones: (alto x ancho) 200\u00d740 mm<\/p>","protected":false},"excerpt":{"rendered":"<p>Plan monteringsstolpe i rostfritt st\u00e5l f\u00f6r SAFETRON elslutbleck i standardserien: ES17 \/ ES19. Anpassad f\u00f6r tr\u00e4- och metallkarmar, anv\u00e4nds tillsammans med dubbel- eller enkelfall\u00e5s av typen connect\/evolution eller modul. \u2022<\/p>","protected":false},"featured_media":141914,"template":"","meta":{"_acf_changed":false},"product_brand":[],"product_cat":[4735],"product_tag":[4440,4866],"class_list":{"0":"post-141915","1":"product","2":"type-product","3":"status-publish","4":"has-post-thumbnail","6":"product_cat-monteringsstolpe","7":"product_tag-safetron-montagestolpar-es17-es19-sa-modell","8":"product_tag-safetron-20","9":"product_shipping_class-tunga-paket","10":"pa_brands-7safetron","11":"tm-has-options","13":"first","14":"instock","15":"featured","16":"taxable","17":"shipping-taxable","18":"purchasable","19":"product-type-simple"},"acf":[],"_links":{"self":[{"href":"https:\/\/secureus.se\/es\/wp-json\/wp\/v2\/product\/141915","targetHints":{"allow":["GET"]}}],"collection":[{"href":"https:\/\/secureus.se\/es\/wp-json\/wp\/v2\/product"}],"about":[{"href":"https:\/\/secureus.se\/es\/wp-json\/wp\/v2\/types\/product"}],"wp:featuredmedia":[{"embeddable":true,"href":"https:\/\/secureus.se\/es\/wp-json\/wp\/v2\/media\/141914"}],"wp:attachment":[{"href":"https:\/\/secureus.se\/es\/wp-json\/wp\/v2\/media?parent=141915"}],"wp:term":[{"taxonomy":"product_brand","embeddable":true,"href":"https:\/\/secureus.se\/es\/wp-json\/wp\/v2\/product_brand?post=141915"},{"taxonomy":"product_cat","embeddable":true,"href":"https:\/\/secureus.se\/es\/wp-json\/wp\/v2\/product_cat?post=141915"},{"taxonomy":"product_tag","embeddable":true,"href":"https:\/\/secureus.se\/es\/wp-json\/wp\/v2\/product_tag?post=141915"}],"curies":[{"name":"wp","href":"https:\/\/api.w.org\/{rel}","templated":true}]}}