{"id":141946,"date":"2022-07-04T11:08:47","date_gmt":"2022-07-04T09:08:47","guid":{"rendered":"https:\/\/secureus.se\/slutbleck-107-3\/"},"modified":"2026-01-12T13:15:34","modified_gmt":"2026-01-12T12:15:34","slug":"slutbleck-107-3","status":"publish","type":"product","link":"https:\/\/secureus.se\/es\/slutbleck-107-3\/","title":{"rendered":"Placa final 107-3"},"content":{"rendered":"<h1>Placa final 107-3<\/h1>\n<p class=\"\" data-start=\"244\" data-end=\"635\">La placa de impacto 107-3 est\u00e1 dise\u00f1ada para usarse con cerraduras motorizadas 6500 y 6600 y cerraduras el\u00e9ctricas con pulsador SL620 y SL630.<\/p>\n<p class=\"\" data-start=\"244\" data-end=\"635\">Se adapta tanto a marcos de madera como de acero y est\u00e1 hecho de acero inoxidable duradero para una larga vida \u00fatil y resistencia a la corrosi\u00f3n.<\/p>\n<p class=\"\" data-start=\"244\" data-end=\"635\">Im\u00e1n incluido para un bloqueo seguro y eficaz. Perfecto para soluciones de seguridad comerciales e industriales donde se requiere un alto rendimiento.<\/p>\n<p class=\"\" data-start=\"637\" data-end=\"654\"><strong data-start=\"637\" data-end=\"651\">Caracter\u00edsticas<\/strong>:<\/p>\n<ul data-start=\"655\" data-end=\"882\">\n<li class=\"\" data-start=\"655\" data-end=\"693\">\n<p class=\"\" data-start=\"657\" data-end=\"693\">Adecuado para marcos de madera o acero.<\/p>\n<\/li>\n<li class=\"\" data-start=\"694\" data-end=\"767\">\n<p class=\"\" data-start=\"696\" data-end=\"767\">Compatible con cerraduras motorizadas 6500, 6600 y cerraduras el\u00e9ctricas de empuje SL620 y SL630<\/p>\n<\/li>\n<li class=\"\" data-start=\"768\" data-end=\"805\">\n<p class=\"\" data-start=\"770\" data-end=\"805\">Im\u00e1n incluido para un bloqueo efectivo.<\/p>\n<\/li>\n<li class=\"\" data-start=\"806\" data-end=\"856\">\n<p class=\"\" data-start=\"808\" data-end=\"856\">Fabricado en acero inoxidable para una alta durabilidad.<\/p>\n<\/li>\n<li class=\"\" data-start=\"857\" data-end=\"882\">\n<p class=\"\" data-start=\"859\" data-end=\"882\"><strong data-start=\"859\" data-end=\"871\">Tama\u00f1o de la lengua<\/strong>:19,0 mil\u00edmetros<\/p>\n<\/li>\n<\/ul>\n<p class=\"\" data-start=\"884\" data-end=\"903\"><strong data-start=\"884\" data-end=\"900\">Datos t\u00e9cnicos<\/strong>:<\/p>\n<ul data-start=\"904\" data-end=\"987\">\n<li class=\"\" data-start=\"904\" data-end=\"929\">\n<p class=\"\" data-start=\"906\" data-end=\"929\"><strong data-start=\"906\" data-end=\"918\">Tama\u00f1o de la lengua<\/strong>:19,0 mil\u00edmetros<\/p>\n<\/li>\n<li class=\"\" data-start=\"930\" data-end=\"962\">\n<p class=\"\" data-start=\"932\" data-end=\"962\"><strong data-start=\"932\" data-end=\"944\">Material<\/strong>:Acero inoxidable<\/p>\n<\/li>\n<li class=\"\" data-start=\"963\" data-end=\"987\">\n<p class=\"\" data-start=\"965\" data-end=\"987\"><strong data-start=\"965\" data-end=\"981\">Im\u00e1n incluido<\/strong>: S\u00ed<\/p>\n<\/li>\n<\/ul>","protected":false},"excerpt":{"rendered":"<p>Placa de cierre 107-3 para utilizar con cerraduras motorizadas 6500, 6600 y cerraduras el\u00e9ctricas de pulsador SL620, SL630. Fabricado en acero inoxidable, im\u00e1n incluido.<\/p>","protected":false},"featured_media":141944,"template":"","meta":{"_acf_changed":false},"product_brand":[],"product_cat":[3355],"product_tag":[4504,4866,4505,4452],"class_list":{"0":"post-141946","1":"product","2":"type-product","3":"status-publish","4":"has-post-thumbnail","6":"product_cat-elslutbleck","7":"product_tag-ellas-tillbehor-slutbleck","8":"product_tag-safetron-20","9":"product_tag-safetron-tillbehor-600-serien","10":"product_tag-safetron-tillbehor-motorlas-6000-serien","11":"product_shipping_class-tunga-paket","12":"pa_brands-7safetron","13":"tm-has-options","15":"first","16":"instock","17":"featured","18":"taxable","19":"shipping-taxable","20":"purchasable","21":"product-type-simple"},"acf":[],"_links":{"self":[{"href":"https:\/\/secureus.se\/es\/wp-json\/wp\/v2\/product\/141946","targetHints":{"allow":["GET"]}}],"collection":[{"href":"https:\/\/secureus.se\/es\/wp-json\/wp\/v2\/product"}],"about":[{"href":"https:\/\/secureus.se\/es\/wp-json\/wp\/v2\/types\/product"}],"wp:featuredmedia":[{"embeddable":true,"href":"https:\/\/secureus.se\/es\/wp-json\/wp\/v2\/media\/141944"}],"wp:attachment":[{"href":"https:\/\/secureus.se\/es\/wp-json\/wp\/v2\/media?parent=141946"}],"wp:term":[{"taxonomy":"product_brand","embeddable":true,"href":"https:\/\/secureus.se\/es\/wp-json\/wp\/v2\/product_brand?post=141946"},{"taxonomy":"product_cat","embeddable":true,"href":"https:\/\/secureus.se\/es\/wp-json\/wp\/v2\/product_cat?post=141946"},{"taxonomy":"product_tag","embeddable":true,"href":"https:\/\/secureus.se\/es\/wp-json\/wp\/v2\/product_tag?post=141946"}],"curies":[{"name":"wp","href":"https:\/\/api.w.org\/{rel}","templated":true}]}}