{"id":142169,"date":"2022-07-04T10:19:27","date_gmt":"2022-07-04T08:19:27","guid":{"rendered":"https:\/\/secureus.se\/monteringsstolpe-sa30t-15\/"},"modified":"2026-01-12T13:11:08","modified_gmt":"2026-01-12T12:11:08","slug":"monteringsstolpe-sa30t-15","status":"publish","type":"product","link":"https:\/\/secureus.se\/es\/monteringsstolpe-sa30t-15\/","title":{"rendered":"Poste de montaje Safetron SA30T-15"},"content":{"rendered":"<p>Poste de montaje en \u00e1ngulo de acero inoxidable para placas de cerradura el\u00e9ctricas SAFETRON de la serie est\u00e1ndar: ES17 \/ ES19. Adaptado para marcos de madera y metal, utilizado junto con cerraduras de doble o simple pestillo del tipo connect\/evolution o module. <\/p>\n<p>\u2022 Correspondiente a ST 4003-15<br \/>\n<br \/>\n\u2022 Tama\u00f1o de la lengua: 15 mm<br \/>\n<br \/>\n\u2022 Dimensiones: (alto x ancho x fondo) 245x40x15 mm<\/p>","protected":false},"excerpt":{"rendered":"<p>Poste de montaje en \u00e1ngulo de acero inoxidable para placas de cerradura el\u00e9ctricas SAFETRON de la serie est\u00e1ndar: ES17 \/ ES19. Adaptado para marcos de madera y metal, utilizado junto con cerraduras de doble o simple pestillo del tipo connect\/evolution o module. \u2022<\/p>","protected":false},"featured_media":142168,"template":"","meta":{"_acf_changed":false},"product_brand":[],"product_cat":[4735],"product_tag":[4440,4866],"class_list":{"0":"post-142169","1":"product","2":"type-product","3":"status-publish","4":"has-post-thumbnail","6":"product_cat-monteringsstolpe","7":"product_tag-safetron-montagestolpar-es17-es19-sa-modell","8":"product_tag-safetron-20","9":"product_shipping_class-tunga-paket","10":"pa_brands-7safetron","11":"tm-has-options","13":"first","14":"instock","15":"featured","16":"taxable","17":"shipping-taxable","18":"purchasable","19":"product-type-simple"},"acf":[],"_links":{"self":[{"href":"https:\/\/secureus.se\/es\/wp-json\/wp\/v2\/product\/142169","targetHints":{"allow":["GET"]}}],"collection":[{"href":"https:\/\/secureus.se\/es\/wp-json\/wp\/v2\/product"}],"about":[{"href":"https:\/\/secureus.se\/es\/wp-json\/wp\/v2\/types\/product"}],"wp:featuredmedia":[{"embeddable":true,"href":"https:\/\/secureus.se\/es\/wp-json\/wp\/v2\/media\/142168"}],"wp:attachment":[{"href":"https:\/\/secureus.se\/es\/wp-json\/wp\/v2\/media?parent=142169"}],"wp:term":[{"taxonomy":"product_brand","embeddable":true,"href":"https:\/\/secureus.se\/es\/wp-json\/wp\/v2\/product_brand?post=142169"},{"taxonomy":"product_cat","embeddable":true,"href":"https:\/\/secureus.se\/es\/wp-json\/wp\/v2\/product_cat?post=142169"},{"taxonomy":"product_tag","embeddable":true,"href":"https:\/\/secureus.se\/es\/wp-json\/wp\/v2\/product_tag?post=142169"}],"curies":[{"name":"wp","href":"https:\/\/api.w.org\/{rel}","templated":true}]}}