{"id":142333,"date":"2022-06-29T12:46:56","date_gmt":"2022-06-29T10:46:56","guid":{"rendered":"https:\/\/secureus.se\/ir-detektor-60m-ve735\/"},"modified":"2026-04-23T11:08:11","modified_gmt":"2026-04-23T09:08:11","slug":"ir-detektor-60m-ve735","status":"publish","type":"product","link":"https:\/\/secureus.se\/es\/ir-detektor-60m-ve735\/","title":{"rendered":"Detector IR Ve735: \u00e1ngulo de 20 metros o haz de 60 metros de largo"},"content":{"rendered":"<h1>Detector IR Ve735: \u00e1ngulo de 20 metros o haz de 60 metros de largo<\/h1>\n<p data-start=\"339\" data-end=\"1577\">El detector IR VE735 es un detector PIR avanzado que ofrece 20 metros de \u00e1ngulo o 60 metros de cobertura de largo alcance.<\/p>\n<p data-start=\"339\" data-end=\"1577\">Equipado con un piroelemento patentado y algoritmos DSP, el VE735 proporciona una imagen de se\u00f1al multidimensional que no solo identifica la presencia de una fuente de calor, sino que tambi\u00e9n determina su direcci\u00f3n.<\/p>\n<p data-start=\"339\" data-end=\"1577\">Este dise\u00f1o \u00fanico proporciona una mejora significativa en la tecnolog\u00eda de detecci\u00f3n PIR.<br data-start=\"761\" data-end=\"764\" \/>La detecci\u00f3n del VE735 se basa en una se\u00f1al multidimensional del piroelemento, que le permite distinguir entre diferentes tipos de fuentes de calor, incluidas fuentes est\u00e1ticas que no generan alarmas.<\/p>\n<p data-start=\"339\" data-end=\"1577\">Gracias a los algoritmos DSP, el VE735 puede filtrar se\u00f1ales de fuentes t\u00e9rmicas est\u00e1ticas y solo alertar sobre patrones de movimiento que indiquen un posible intruso.<\/p>\n<p data-start=\"339\" data-end=\"1577\">Esto significa alta seguridad y detecci\u00f3n precisa sin falsas alarmas.<br data-start=\"1191\" data-end=\"1194\" \/>Para mejorar a\u00fan m\u00e1s la detecci\u00f3n, el VE735 utiliza tecnolog\u00eda de espejo de \u00d3ptica de Alta Densidad (HDO). La HDO proporciona cortinas m\u00e1s grandes y anchas sin necesidad de aumentar el tama\u00f1o del espejo.<\/p>\n<p data-start=\"339\" data-end=\"1577\">Con un espejo de 90 grados y 11 cortinas, puede crear una protecci\u00f3n eficaz e integral.<\/p>\n<p data-start=\"339\" data-end=\"1577\">Esto hace que el VE735 sea una soluci\u00f3n \u00f3ptima para garantizar un alto nivel de seguridad tanto en aplicaciones de \u00e1ngulo como de haz largo.<\/p>\n<p data-start=\"1579\" data-end=\"1609\"><strong data-start=\"1579\" data-end=\"1607\">Caracter\u00edsticas y beneficios:<\/strong><\/p>\n<ul data-start=\"1610\" data-end=\"2079\">\n<li data-start=\"1610\" data-end=\"1693\">\n<p data-start=\"1612\" data-end=\"1693\">Cobertura de haz de 20 metros de \u00e1ngulo o 60 metros de largo para una instalaci\u00f3n flexible<\/p>\n<\/li>\n<li data-start=\"1694\" data-end=\"1770\">\n<p data-start=\"1696\" data-end=\"1770\">Piroelemento patentado para detecci\u00f3n multidimensional y punter\u00eda precisa<\/p>\n<\/li>\n<li data-start=\"1771\" data-end=\"1852\">\n<p data-start=\"1773\" data-end=\"1852\">Algoritmos DSP para filtrar interferencias de fuentes t\u00e9rmicas est\u00e1ticas<\/p>\n<\/li>\n<li data-start=\"1853\" data-end=\"1937\">\n<p data-start=\"1855\" data-end=\"1937\">Alta seguridad con filtrado \u00fanicamente de patrones de movimiento de posibles intrusos<\/p>\n<\/li>\n<li data-start=\"1938\" data-end=\"2009\">\n<p data-start=\"1940\" data-end=\"2009\">\u00d3ptica de espejo HDO para cortinas m\u00e1s grandes y anchas sin aumentar el tama\u00f1o del espejo<\/p>\n<\/li>\n<li data-start=\"2010\" data-end=\"2079\">\n<p data-start=\"2012\" data-end=\"2079\">Espejo de 90 grados y 11 cortinas para una detecci\u00f3n eficiente y precisa<\/p>\n<\/li>\n<\/ul>\n<p data-start=\"2081\" data-end=\"2112\"><strong data-start=\"2081\" data-end=\"2110\">Especificaciones t\u00e9cnicas:<\/strong><\/p>\n<ul data-start=\"2113\" data-end=\"2416\">\n<li data-start=\"2113\" data-end=\"2171\">\n<p data-start=\"2115\" data-end=\"2171\">Cobertura: \u00e1ngulo de 20 metros o haz de 60 metros de largo<\/p>\n<\/li>\n<li data-start=\"2172\" data-end=\"2214\">\n<p data-start=\"2174\" data-end=\"2214\">Cobertura: 90 grados con 11 cortinas<\/p>\n<\/li>\n<li data-start=\"2215\" data-end=\"2272\">\n<p data-start=\"2217\" data-end=\"2272\">Tecnolog\u00eda: Detecci\u00f3n de piroelementos y DSP patentada<\/p>\n<\/li>\n<li data-start=\"2273\" data-end=\"2313\">\n<p data-start=\"2275\" data-end=\"2313\">\u00d3ptica de espejo HDO para una cobertura m\u00e1xima<\/p>\n<\/li>\n<li data-start=\"2314\" data-end=\"2346\">\n<p data-start=\"2316\" data-end=\"2346\">Fuente de alimentaci\u00f3n: 9 \u2013 15 VCC<\/p>\n<\/li>\n<li data-start=\"2347\" data-end=\"2374\">\n<p data-start=\"2349\" data-end=\"2374\">Consumo de corriente: 10 mA<\/p>\n<\/li>\n<li data-start=\"2375\" data-end=\"2416\">\n<p data-start=\"2377\" data-end=\"2416\">Dimensiones: Dimensiones est\u00e1ndar para detectores PIR<\/p>\n<\/li>\n<\/ul>","protected":false},"excerpt":{"rendered":"<p>Detector PIR con \u00e1ngulo de cobertura de 20 metros o largo alcance de 60 metros.<\/p>\n<p>Algoritmos piroelementos y DSP patentados para detecci\u00f3n multidimensional y alta seguridad.<\/p>","protected":false},"featured_media":142331,"template":"","meta":{"_acf_changed":false},"product_brand":[],"product_cat":[1325],"product_tag":[2145,2465],"class_list":{"0":"post-142333","1":"product","2":"type-product","3":"status-publish","4":"has-post-thumbnail","6":"product_cat-larmgivare-skalskydd","7":"product_tag-rorelsedetektor-ir-detektorer","8":"product_tag-sbsc-larmklass2","9":"product_shipping_class-tunga-paket","10":"pa_brands-aritech","11":"tm-no-options","13":"first","14":"instock","15":"sale","16":"taxable","17":"shipping-taxable","18":"purchasable","19":"product-type-simple"},"acf":[],"_links":{"self":[{"href":"https:\/\/secureus.se\/es\/wp-json\/wp\/v2\/product\/142333","targetHints":{"allow":["GET"]}}],"collection":[{"href":"https:\/\/secureus.se\/es\/wp-json\/wp\/v2\/product"}],"about":[{"href":"https:\/\/secureus.se\/es\/wp-json\/wp\/v2\/types\/product"}],"wp:featuredmedia":[{"embeddable":true,"href":"https:\/\/secureus.se\/es\/wp-json\/wp\/v2\/media\/142331"}],"wp:attachment":[{"href":"https:\/\/secureus.se\/es\/wp-json\/wp\/v2\/media?parent=142333"}],"wp:term":[{"taxonomy":"product_brand","embeddable":true,"href":"https:\/\/secureus.se\/es\/wp-json\/wp\/v2\/product_brand?post=142333"},{"taxonomy":"product_cat","embeddable":true,"href":"https:\/\/secureus.se\/es\/wp-json\/wp\/v2\/product_cat?post=142333"},{"taxonomy":"product_tag","embeddable":true,"href":"https:\/\/secureus.se\/es\/wp-json\/wp\/v2\/product_tag?post=142333"}],"curies":[{"name":"wp","href":"https:\/\/api.w.org\/{rel}","templated":true}]}}